{"id":855,"date":"2020-08-14T18:52:11","date_gmt":"2020-08-14T21:52:11","guid":{"rendered":"http:\/\/www2.unifap.br\/educacaodocampo\/?page_id=855"},"modified":"2020-08-15T18:52:58","modified_gmt":"2020-08-15T21:52:58","slug":"informes-decorrentes-da-ultima-reuniao-de-colegiado","status":"publish","type":"page","link":"https:\/\/www2.unifap.br\/educacaodocampo\/informes-decorrentes-da-ultima-reuniao-de-colegiado\/","title":{"rendered":"Informes decorrentes da \u00faltima reuni\u00e3o de colegiado"},"content":{"rendered":"<p>1 \u2013 Foi decidido em colegiado que a finaliza\u00e7\u00e3o do semestre 2019.1 ser\u00e1 flexibilizada pela entrega das atividades encaminhadas antes da pandemia. As atividades devem ser entregues via SIGAA, ou via e-mail diretamente para cada professor titular das disciplinas do semestre em quest\u00e3o com c\u00f3pia para a pedagoga Suzane (su91ap@gmail.com ) ou para o t\u00e9cnico Joab (joabcs@hotmail.com ) que registrar\u00e3o a entrega na coordena\u00e7\u00e3o de curso e comunicar\u00e3o ao professor sobre o recebimento.<br \/>\nRessalto que ficou estabelecido o prazo de entrega de 30 dias a contar do dia 10\/08\/2020 para que as atividades sejam entregues e posteriormente os di\u00e1rios sejam fechados.<br \/>\n2 \u2013 Foi criado uma comiss\u00e3o que partir do dia 19\/08\/2020 vai lan\u00e7ar um novo question\u00e1rio para os alunos consultando novamente a viabilidade de retomada das atividades por meio de formato remoto. Neste contexto, solicito que todos os alunos respondam os question\u00e1rios que ser\u00e3o encaminhados e ir\u00e3o servir de base para o parecer do colegiado sobre a ades\u00e3o ou n\u00e3o do retorno das atividades por meio de formado remoto.<br \/>\n3 \u2013 J\u00e1 foi encaminhado pela coordena\u00e7\u00e3o de curso as notas do EST\u00c1GIO SUPERVISIONADO EM DOC\u00caNCIA II- AGRONOMIA para o professor Dem\u00f3stenhes que j\u00e1 tomou conhecimento e estar\u00e1 realizando o lan\u00e7amento das notas no prazo supracitado.<\/p>\n<p><strong>Aviso dos professores que j\u00e1 entraram em contato com a coordena\u00e7\u00e3o.<\/strong><\/p>\n<p>Comunicado do professor Fl\u00e1vio<\/p>\n<p>Prezadxs discentes, as atividades necess\u00e1rias para finalizar a disciplina Economia e administra\u00e7\u00e3o no Campo s\u00e3o o Planejamento Financeiro da Atividade Agroextrativista\/pecu\u00e1ria, em planilha do Excel, e o Relat\u00f3rio desse Planejamento, em Word ou PDF. Cada atividade corresponder\u00e1 a 50% da nota final. Os arquivos poder\u00e3o ser enviados a partir do dia 17\/08\/2020, pelo SIGAA, na sua respectiva Turma, ou para o e-mail: flaviocostapb@yahoo.com.br<\/p>\n<p>Obs.: N\u00e3o haver\u00e1 orienta\u00e7\u00f5es online ou \u00e0 dist\u00e2ncia para elabora\u00e7\u00e3o das atividades supracitadas, pois foi disponibilizada carga hor\u00e1ria de orienta\u00e7\u00e3o significativa\/suficiente, para esse fim, antes do cancelamento do Calend\u00e1rio 2020.1. D\u00favidas relacionadas ao envio das atividades podem ser encaminhadas para o meu e-mail, citado anteriormente.<br \/>\nAtenciosamente,<br \/>\nProf. Fl\u00e1vio Costa.<\/p>\n<p>Comunicado do professor Galdino<\/p>\n<p>Prezados Maxilene Fraz\u00e3o e Joaz Vaz,<br \/>\nRepresentantes de turmas,<br \/>\nEm rela\u00e7\u00e3o ao conte\u00fado para finalizar as disciplinas Olericultura e Plantas Medicinais, e Sociologia e Extensionismo Rural, o mesmo j\u00e1 est\u00e1 dispon\u00edvel no SIGAA, e tamb\u00e9m estou enviando em anexo a este e-mail para que possam repassar aos demais colegas.<br \/>\nNas duas disciplinas, estou pedindo os mesmos trabalhos que as turmas j\u00e1 vinham realizando, finalizem e me enviem.<br \/>\nEu fico a disposi\u00e7\u00e3o para conversar e orientar no que precisarem. Podem fazer contato comigo por todas as vias poss\u00edveis de comunica\u00e7\u00e3o (telefone, whatsapp e e-mail).<br \/>\nAtenciosamente,<br \/>\nGaldino Xavier<\/p>\n","protected":false},"excerpt":{"rendered":"<p>1 \u2013 Foi decidido em colegiado que a finaliza\u00e7\u00e3o do semestre 2019.1 ser\u00e1 flexibilizada pela entrega das atividades encaminhadas antes da pandemia. As atividades devem ser entregues via SIGAA, ou via e-mail diretamente para cada professor titular das disciplinas do&hellip; <\/p>\n<p><a href=\"https:\/\/www2.unifap.br\/educacaodocampo\/informes-decorrentes-da-ultima-reuniao-de-colegiado\/\" class=\"readmore-button\">Continue Reading<\/a><\/p>\n","protected":false},"author":3829,"featured_media":0,"parent":0,"menu_order":0,"comment_status":"closed","ping_status":"closed","template":"","meta":{"inline_featured_image":false,"ngg_post_thumbnail":0,"footnotes":""},"class_list":["post-855","page","type-page","status-publish","hentry"],"_links":{"self":[{"href":"https:\/\/www2.unifap.br\/educacaodocampo\/wp-json\/wp\/v2\/pages\/855","targetHints":{"allow":["GET"]}}],"collection":[{"href":"https:\/\/www2.unifap.br\/educacaodocampo\/wp-json\/wp\/v2\/pages"}],"about":[{"href":"https:\/\/www2.unifap.br\/educacaodocampo\/wp-json\/wp\/v2\/types\/page"}],"author":[{"embeddable":true,"href":"https:\/\/www2.unifap.br\/educacaodocampo\/wp-json\/wp\/v2\/users\/3829"}],"replies":[{"embeddable":true,"href":"https:\/\/www2.unifap.br\/educacaodocampo\/wp-json\/wp\/v2\/comments?post=855"}],"version-history":[{"count":2,"href":"https:\/\/www2.unifap.br\/educacaodocampo\/wp-json\/wp\/v2\/pages\/855\/revisions"}],"predecessor-version":[{"id":857,"href":"https:\/\/www2.unifap.br\/educacaodocampo\/wp-json\/wp\/v2\/pages\/855\/revisions\/857"}],"wp:attachment":[{"href":"https:\/\/www2.unifap.br\/educacaodocampo\/wp-json\/wp\/v2\/media?parent=855"}],"curies":[{"name":"wp","href":"https:\/\/api.w.org\/{rel}","templated":true}]}}