{"id":864,"date":"2020-08-21T15:19:34","date_gmt":"2020-08-21T18:19:34","guid":{"rendered":"http:\/\/www2.unifap.br\/educacaodocampo\/?page_id=864"},"modified":"2020-08-21T15:39:55","modified_gmt":"2020-08-21T18:39:55","slug":"consulta-socioeconomica-e-avaliativa-aos-estudantes-da-instituicao","status":"publish","type":"page","link":"https:\/\/www2.unifap.br\/educacaodocampo\/consulta-socioeconomica-e-avaliativa-aos-estudantes-da-instituicao\/","title":{"rendered":"Consulta socioecon\u00f4mica e avaliativa aos estudantes da Institui\u00e7\u00e3o"},"content":{"rendered":"<p style=\"text-align: left\">A Universidade Federal do Amap\u00e1, por meio da Comiss\u00e3o Especial de Planejamento do Retorno Gradual das Atividades Acad\u00eamicas, realiza consulta socioecon\u00f4mica e avaliativa aos estudantes da Institui\u00e7\u00e3o.<\/p>\n<p style=\"text-align: left\">O formul\u00e1rio deve ser preenchido\u00a0<strong>at\u00e9 o dia 28 de agosto<\/strong>, e est\u00e1 dispon\u00edvel\u00a0<a href=\"https:\/\/docs.google.com\/forms\/d\/e\/1FAIpQLSdAQMnu0yUWtEn1qj-xja5oQ5URsaV6ng0f9S9fON07UqC-HA\/viewform\"><strong>neste link<\/strong><\/a>\u00a0e no\u00a0<a href=\"http:\/\/www.unifap.br\/comissao-especial-questionario-aos-discentes\/\"><strong>site da UNIFAP<\/strong><\/a>.<\/p>\n<p><a href=\"http:\/\/www2.unifap.br\/educacaodocampo\/files\/2020\/08\/DISCENTE-A-UNIFAP-PRECISA-OUVIR-VOC\u00ca..png\"><img fetchpriority=\"high\" decoding=\"async\" class=\"size-medium wp-image-865 aligncenter\" src=\"http:\/\/www2.unifap.br\/educacaodocampo\/files\/2020\/08\/DISCENTE-A-UNIFAP-PRECISA-OUVIR-VOC\u00ca.-300x251.png\" alt=\"\" width=\"300\" height=\"251\" srcset=\"https:\/\/www2.unifap.br\/educacaodocampo\/files\/2020\/08\/DISCENTE-A-UNIFAP-PRECISA-OUVIR-VOC\u00ca.-300x251.png 300w, https:\/\/www2.unifap.br\/educacaodocampo\/files\/2020\/08\/DISCENTE-A-UNIFAP-PRECISA-OUVIR-VOC\u00ca.-768x644.png 768w, https:\/\/www2.unifap.br\/educacaodocampo\/files\/2020\/08\/DISCENTE-A-UNIFAP-PRECISA-OUVIR-VOC\u00ca..png 940w\" sizes=\"(max-width: 300px) 100vw, 300px\" \/><\/a><\/p>\n","protected":false},"excerpt":{"rendered":"<p>A Universidade Federal do Amap\u00e1, por meio da Comiss\u00e3o Especial de Planejamento do Retorno Gradual das Atividades Acad\u00eamicas, realiza consulta socioecon\u00f4mica e avaliativa aos estudantes da Institui\u00e7\u00e3o. O formul\u00e1rio deve ser preenchido\u00a0at\u00e9 o dia 28 de agosto, e est\u00e1 dispon\u00edvel\u00a0neste&hellip; <\/p>\n<p><a href=\"https:\/\/www2.unifap.br\/educacaodocampo\/consulta-socioeconomica-e-avaliativa-aos-estudantes-da-instituicao\/\" class=\"readmore-button\">Continue Reading<\/a><\/p>\n","protected":false},"author":3829,"featured_media":0,"parent":0,"menu_order":0,"comment_status":"closed","ping_status":"closed","template":"","meta":{"inline_featured_image":false,"ngg_post_thumbnail":0,"footnotes":""},"class_list":["post-864","page","type-page","status-publish","hentry"],"_links":{"self":[{"href":"https:\/\/www2.unifap.br\/educacaodocampo\/wp-json\/wp\/v2\/pages\/864","targetHints":{"allow":["GET"]}}],"collection":[{"href":"https:\/\/www2.unifap.br\/educacaodocampo\/wp-json\/wp\/v2\/pages"}],"about":[{"href":"https:\/\/www2.unifap.br\/educacaodocampo\/wp-json\/wp\/v2\/types\/page"}],"author":[{"embeddable":true,"href":"https:\/\/www2.unifap.br\/educacaodocampo\/wp-json\/wp\/v2\/users\/3829"}],"replies":[{"embeddable":true,"href":"https:\/\/www2.unifap.br\/educacaodocampo\/wp-json\/wp\/v2\/comments?post=864"}],"version-history":[{"count":3,"href":"https:\/\/www2.unifap.br\/educacaodocampo\/wp-json\/wp\/v2\/pages\/864\/revisions"}],"predecessor-version":[{"id":868,"href":"https:\/\/www2.unifap.br\/educacaodocampo\/wp-json\/wp\/v2\/pages\/864\/revisions\/868"}],"wp:attachment":[{"href":"https:\/\/www2.unifap.br\/educacaodocampo\/wp-json\/wp\/v2\/media?parent=864"}],"curies":[{"name":"wp","href":"https:\/\/api.w.org\/{rel}","templated":true}]}}