{"id":117,"date":"2019-09-15T21:17:49","date_gmt":"2019-09-16T00:17:49","guid":{"rendered":"http:\/\/www2.unifap.br\/eetc\/?page_id=117"},"modified":"2024-05-05T18:28:44","modified_gmt":"2024-05-05T21:28:44","slug":"planos-de-ensino","status":"publish","type":"page","link":"https:\/\/www2.unifap.br\/eetc\/planos-de-ensino\/","title":{"rendered":"Planos de Ensino"},"content":{"rendered":"\t\t<div data-elementor-type=\"wp-page\" data-elementor-id=\"117\" class=\"elementor elementor-117\">\n\t\t\t\t\t\t<section class=\"elementor-section elementor-top-section elementor-element elementor-element-6141459d elementor-section-boxed elementor-section-height-default elementor-section-height-default\" data-id=\"6141459d\" data-element_type=\"section\" data-e-type=\"section\">\n\t\t\t\t\t\t<div class=\"elementor-container elementor-column-gap-default\">\n\t\t\t\t\t<div class=\"elementor-column elementor-col-100 elementor-top-column elementor-element elementor-element-783e2556\" data-id=\"783e2556\" data-element_type=\"column\" data-e-type=\"column\">\n\t\t\t<div class=\"elementor-widget-wrap elementor-element-populated\">\n\t\t\t\t\t\t<div class=\"elementor-element elementor-element-155ce222 elementor-widget elementor-widget-text-editor\" data-id=\"155ce222\" data-element_type=\"widget\" data-e-type=\"widget\" data-widget_type=\"text-editor.default\">\n\t\t\t\t<div class=\"elementor-widget-container\">\n\t\t\t\t\t\t\t\t\t<p>M\u00f3dulo III &#8211; 2023.1<br><br><a href=\"http:\/\/www2.unifap.br\/eetc\/files\/2024\/05\/Plano-de-Ensino-Metodologia-da-Pesquisa-Poe\u0301tica-e-Performativa-II.pdf\">Plano de Ensino &#8211; Metodologia da Pesquisa Poe\u0301tica e Performativa II<\/a><br><br><a href=\"http:\/\/www2.unifap.br\/eetc\/files\/2023\/03\/TEATRO-LATINO-AMERICANO.pdf\" style=\"font-family: var( --e-global-typography-text-font-family ), Sans-serif;font-weight: var( --e-global-typography-text-font-weight );font-size: 1em\">Teatro Latino &#8211; Americano<\/a><br><\/p>\n<p><a href=\"http:\/\/www2.unifap.br\/eetc\/files\/2023\/03\/Teatro-Negro-Brasileiro.pdf\">Teatro Negro Brasileiro<\/a><\/p>\n<p><a href=\"http:\/\/www2.unifap.br\/eetc\/files\/2023\/03\/Cultura-Amazonica-e-as-Artes-da-Cena.pdf\">Cultura Amaz\u00f4nica e as Artes da Cena<\/a><\/p>\n<p><a href=\"http:\/\/www2.unifap.br\/eetc\/files\/2023\/12\/Estudos-sobre-a-comicidade.pdf\">Estudos sobre a comicidade<\/a><br><br><span style=\"color: var( --e-global-color-text );font-family: var( --e-global-typography-text-font-family ), Sans-serif;font-weight: var( --e-global-typography-text-font-weight );font-size: 1em\">M\u00f3dulo II &#8211; 2022.2<\/span><br><\/p>\n<p><a href=\"http:\/\/www2.unifap.br\/eetc\/files\/2022\/09\/Teatro-e-Educacao-Penitenciaria.pdf\">Teatro e Educa\u00e7\u00e3o Penitenci\u00e1ria<\/a><\/p>\n<p><a href=\"http:\/\/www2.unifap.br\/eetc\/files\/2022\/08\/Teatro-com-e-a-partir-da-comunidade-1.pdf\">Teatro com e a partir da comunidade<\/a><\/p>\n<p><a href=\"http:\/\/www2.unifap.br\/eetc\/files\/2022\/08\/Teatro-e-Acessibilidade-Cultural.pdf\">Teatro e Acessibilidade Cultural<\/a><\/p>\n<p><a href=\"http:\/\/www2.unifap.br\/eetc\/files\/2022\/08\/Pedagogia-do-Teatro-e-Mediacao-Teatral-1.pdf\">Pedagogia do Teatro e Media\u00e7\u00e3o Teatral<\/a><\/p>\n<p>M\u00f3dulo I &#8211; 2022.1<\/p>\n<p><a href=\"http:\/\/www2.unifap.br\/eetc\/files\/2022\/03\/Artista-Pesquisador-Docente.pdf\">Artista Pesquisador Docente<\/a><\/p>\n<p><a href=\"http:\/\/www2.unifap.br\/eetc\/files\/2022\/03\/Processos-de-criacao-e-dispositivos-de-montagem-na-cena-contemporanea.pdf\">Processos de cria\u00e7\u00e3o e dispositivos de montagem na cena contempor\u00e2nea<\/a><\/p>\n<p><a href=\"http:\/\/www2.unifap.br\/eetc\/files\/2022\/04\/Teatro-Tecnologia-e-Contemporaneidade-1.pdf\">Teatro, Tecnologia e Contemporaneidade<\/a><\/p>\t\t\t\t\t\t\t\t<\/div>\n\t\t\t\t<\/div>\n\t\t\t\t\t<\/div>\n\t\t<\/div>\n\t\t\t\t\t<\/div>\n\t\t<\/section>\n\t\t\t\t<section class=\"elementor-section elementor-top-section elementor-element elementor-element-0d7c531 elementor-section-boxed elementor-section-height-default elementor-section-height-default\" data-id=\"0d7c531\" data-element_type=\"section\" data-e-type=\"section\">\n\t\t\t\t\t\t<div class=\"elementor-container elementor-column-gap-default\">\n\t\t\t\t\t<div class=\"elementor-column elementor-col-100 elementor-top-column elementor-element elementor-element-33f044c\" data-id=\"33f044c\" data-element_type=\"column\" data-e-type=\"column\">\n\t\t\t<div class=\"elementor-widget-wrap elementor-element-populated\">\n\t\t\t\t\t\t<div class=\"elementor-element elementor-element-1688346 elementor-widget elementor-widget-text-editor\" data-id=\"1688346\" data-element_type=\"widget\" data-e-type=\"widget\" data-widget_type=\"text-editor.default\">\n\t\t\t\t<div class=\"elementor-widget-container\">\n\t\t\t\t\t\t\t\t\t<p>Lorem ipsum dolor sit amet, consectetur adipiscing elit. Ut elit tellus, luctus nec ullamcorper mattis, pulvinar dapibus leo.<\/p>\t\t\t\t\t\t\t\t<\/div>\n\t\t\t\t<\/div>\n\t\t\t\t\t<\/div>\n\t\t<\/div>\n\t\t\t\t\t<\/div>\n\t\t<\/section>\n\t\t\t\t<\/div>\n\t\t","protected":false},"excerpt":{"rendered":"<p>M\u00f3dulo III &#8211; 2023.1 Plano de Ensino &#8211; Metodologia da Pesquisa Poe\u0301tica e Performativa II Teatro Latino &#8211; Americano Teatro Negro Brasileiro Cultura Amaz\u00f4nica e as Artes da Cena Estudos sobre a comicidade M\u00f3dulo II &#8211; 2022.2 Teatro e Educa\u00e7\u00e3o&hellip; <\/p>\n<p><a href=\"https:\/\/www2.unifap.br\/eetc\/planos-de-ensino\/\" class=\"readmore-button\">Continue Reading<\/a><\/p>\n","protected":false},"author":3838,"featured_media":0,"parent":0,"menu_order":5,"comment_status":"closed","ping_status":"closed","template":"","meta":{"inline_featured_image":false,"ngg_post_thumbnail":0,"footnotes":""},"class_list":["post-117","page","type-page","status-publish","hentry"],"_links":{"self":[{"href":"https:\/\/www2.unifap.br\/eetc\/wp-json\/wp\/v2\/pages\/117","targetHints":{"allow":["GET"]}}],"collection":[{"href":"https:\/\/www2.unifap.br\/eetc\/wp-json\/wp\/v2\/pages"}],"about":[{"href":"https:\/\/www2.unifap.br\/eetc\/wp-json\/wp\/v2\/types\/page"}],"author":[{"embeddable":true,"href":"https:\/\/www2.unifap.br\/eetc\/wp-json\/wp\/v2\/users\/3838"}],"replies":[{"embeddable":true,"href":"https:\/\/www2.unifap.br\/eetc\/wp-json\/wp\/v2\/comments?post=117"}],"version-history":[{"count":32,"href":"https:\/\/www2.unifap.br\/eetc\/wp-json\/wp\/v2\/pages\/117\/revisions"}],"predecessor-version":[{"id":434,"href":"https:\/\/www2.unifap.br\/eetc\/wp-json\/wp\/v2\/pages\/117\/revisions\/434"}],"wp:attachment":[{"href":"https:\/\/www2.unifap.br\/eetc\/wp-json\/wp\/v2\/media?parent=117"}],"curies":[{"name":"wp","href":"https:\/\/api.w.org\/{rel}","templated":true}]}}