{"id":14,"date":"2019-06-07T22:20:40","date_gmt":"2019-06-08T01:20:40","guid":{"rendered":"http:\/\/www2.unifap.br\/eetc\/?page_id=14"},"modified":"2019-06-13T12:27:48","modified_gmt":"2019-06-13T15:27:48","slug":"linhas-de-pesquisa","status":"publish","type":"page","link":"https:\/\/www2.unifap.br\/eetc\/linhas-de-pesquisa\/","title":{"rendered":"Linhas de Pesquisa"},"content":{"rendered":"<p>As linhas de pesquisa do curso s\u00e3o:<\/p>\n<ol>\n<li>PROCESSOS CONTEMPOR\u00c2NEOS NO ENSINO DE TEATRO &#8211; Objetivo: interliga\u00e7\u00e3o entre Pr\u00e1ticas Pedag\u00f3gicas e Teatro e Educa\u00e7\u00e3o relacionados \u00e0 forma\u00e7\u00e3o do profissional do ensino de Teatro como tamb\u00e9m do educando em meio aos regimes da Arte Contempor\u00e2nea;<\/li>\n<li>PROCESSOS DE CRIA\u00c7\u00c3O E EXPRESS\u00c3O C\u00caNICA CONTEMPOR\u00c2NEOS &#8211; Objetivo: estudar a cria\u00e7\u00e3o das possibilidades corporais e vocais bem como suas t\u00e9cnicas de uso do corpo e voz nos processos c\u00eanicos contempor\u00e2neos; montagens de espet\u00e1culos teatrais e cong\u00eaneres em n\u00edvel local, regional, nacional e mundial; estudar os elementos t\u00e9cnicos da composi\u00e7\u00e3o do espet\u00e1culo enquanto dispositivos po\u00e9ticos na cena contempor\u00e2nea.<\/li>\n<li>HIST\u00d3RIA DAS ARTES DO ESPET\u00c1CULO, DRAMATURGIA E CONTEMPORANEIDADE &#8211; Objetivo: estudar g\u00eaneros e processos de cria\u00e7\u00e3o da dramaturgia ocidental e do Teatro contempor\u00e2neo, bem como concep\u00e7\u00f5es historiogr\u00e1ficas no contexto da p\u00f3s-modernidade e da contemporaneidade do Teatro universal, brasileiro e do Teatro no Amap\u00e1 e na Regi\u00e3o Norte.<\/li>\n<\/ol>\n<p>&nbsp;<\/p>\n","protected":false},"excerpt":{"rendered":"<p>As linhas de pesquisa do curso s\u00e3o: PROCESSOS CONTEMPOR\u00c2NEOS NO ENSINO DE TEATRO &#8211; Objetivo: interliga\u00e7\u00e3o entre Pr\u00e1ticas Pedag\u00f3gicas e Teatro e Educa\u00e7\u00e3o relacionados \u00e0 forma\u00e7\u00e3o do profissional do ensino de Teatro como tamb\u00e9m do educando em meio aos regimes&hellip; <\/p>\n<p><a href=\"https:\/\/www2.unifap.br\/eetc\/linhas-de-pesquisa\/\" class=\"readmore-button\">Continue Reading<\/a><\/p>\n","protected":false},"author":3838,"featured_media":0,"parent":0,"menu_order":4,"comment_status":"closed","ping_status":"closed","template":"","meta":{"inline_featured_image":false,"ngg_post_thumbnail":0,"footnotes":""},"class_list":["post-14","page","type-page","status-publish","hentry"],"_links":{"self":[{"href":"https:\/\/www2.unifap.br\/eetc\/wp-json\/wp\/v2\/pages\/14","targetHints":{"allow":["GET"]}}],"collection":[{"href":"https:\/\/www2.unifap.br\/eetc\/wp-json\/wp\/v2\/pages"}],"about":[{"href":"https:\/\/www2.unifap.br\/eetc\/wp-json\/wp\/v2\/types\/page"}],"author":[{"embeddable":true,"href":"https:\/\/www2.unifap.br\/eetc\/wp-json\/wp\/v2\/users\/3838"}],"replies":[{"embeddable":true,"href":"https:\/\/www2.unifap.br\/eetc\/wp-json\/wp\/v2\/comments?post=14"}],"version-history":[{"count":3,"href":"https:\/\/www2.unifap.br\/eetc\/wp-json\/wp\/v2\/pages\/14\/revisions"}],"predecessor-version":[{"id":46,"href":"https:\/\/www2.unifap.br\/eetc\/wp-json\/wp\/v2\/pages\/14\/revisions\/46"}],"wp:attachment":[{"href":"https:\/\/www2.unifap.br\/eetc\/wp-json\/wp\/v2\/media?parent=14"}],"curies":[{"name":"wp","href":"https:\/\/api.w.org\/{rel}","templated":true}]}}