{"id":20,"date":"2019-06-07T22:21:35","date_gmt":"2019-06-08T01:21:35","guid":{"rendered":"http:\/\/www2.unifap.br\/eetc\/?page_id=20"},"modified":"2022-07-09T20:44:58","modified_gmt":"2022-07-09T23:44:58","slug":"eventos","status":"publish","type":"page","link":"https:\/\/www2.unifap.br\/eetc\/eventos\/","title":{"rendered":"Eventos"},"content":{"rendered":"<h2><img fetchpriority=\"high\" decoding=\"async\" class=\"alignnone size-full wp-image-376\" src=\"http:\/\/www2.unifap.br\/eetc\/files\/2022\/07\/png_20220709_184527_0000.png\" alt=\"\" width=\"1414\" height=\"2000\"><\/h2>\n<h2><img decoding=\"async\" class=\"alignnone size-full wp-image-368\" src=\"http:\/\/www2.unifap.br\/eetc\/files\/2022\/06\/cartaz-de-divulgacao-defesa-Dilma.jpg\" alt=\"\" width=\"1024\" height=\"1024\"><\/h2>\n<p>&nbsp;<\/p>\n<p><img decoding=\"async\" class=\"alignnone wp-image-325 aligncenter\" src=\"http:\/\/www2.unifap.br\/eetc\/files\/2022\/02\/e-e-t-c-300x300.png\" alt=\"\" width=\"383\" height=\"383\" srcset=\"https:\/\/www2.unifap.br\/eetc\/files\/2022\/02\/e-e-t-c-300x300.png 300w, https:\/\/www2.unifap.br\/eetc\/files\/2022\/02\/e-e-t-c-1024x1024.png 1024w, https:\/\/www2.unifap.br\/eetc\/files\/2022\/02\/e-e-t-c-150x150.png 150w, https:\/\/www2.unifap.br\/eetc\/files\/2022\/02\/e-e-t-c-768x768.png 768w, https:\/\/www2.unifap.br\/eetc\/files\/2022\/02\/e-e-t-c-70x70.png 70w, https:\/\/www2.unifap.br\/eetc\/files\/2022\/02\/e-e-t-c.png 1080w\" sizes=\"(max-width: 383px) 100vw, 383px\" \/> <img loading=\"lazy\" decoding=\"async\" class=\"alignnone wp-image-330 aligncenter\" src=\"http:\/\/www2.unifap.br\/eetc\/files\/2022\/02\/Arte-defesa-outro4-300x212.jpg\" alt=\"\" width=\"374\" height=\"264\" srcset=\"https:\/\/www2.unifap.br\/eetc\/files\/2022\/02\/Arte-defesa-outro4-300x212.jpg 300w, https:\/\/www2.unifap.br\/eetc\/files\/2022\/02\/Arte-defesa-outro4-1024x724.jpg 1024w, https:\/\/www2.unifap.br\/eetc\/files\/2022\/02\/Arte-defesa-outro4-768x543.jpg 768w, https:\/\/www2.unifap.br\/eetc\/files\/2022\/02\/Arte-defesa-outro4-1536x1086.jpg 1536w, https:\/\/www2.unifap.br\/eetc\/files\/2022\/02\/Arte-defesa-outro4-2048x1449.jpg 2048w, https:\/\/www2.unifap.br\/eetc\/files\/2022\/02\/Arte-defesa-outro4-250x175.jpg 250w\" sizes=\"(max-width: 374px) 100vw, 374px\" \/> &nbsp;<img loading=\"lazy\" decoding=\"async\" class=\"alignnone wp-image-339 aligncenter\" src=\"http:\/\/www2.unifap.br\/eetc\/files\/2022\/02\/Cartaz-defesa-Lana-1-300x300.jpg\" alt=\"\" width=\"356\" height=\"356\" srcset=\"https:\/\/www2.unifap.br\/eetc\/files\/2022\/02\/Cartaz-defesa-Lana-1-300x300.jpg 300w, https:\/\/www2.unifap.br\/eetc\/files\/2022\/02\/Cartaz-defesa-Lana-1-1024x1024.jpg 1024w, https:\/\/www2.unifap.br\/eetc\/files\/2022\/02\/Cartaz-defesa-Lana-1-150x150.jpg 150w, https:\/\/www2.unifap.br\/eetc\/files\/2022\/02\/Cartaz-defesa-Lana-1-768x768.jpg 768w, https:\/\/www2.unifap.br\/eetc\/files\/2022\/02\/Cartaz-defesa-Lana-1-70x70.jpg 70w, https:\/\/www2.unifap.br\/eetc\/files\/2022\/02\/Cartaz-defesa-Lana-1.jpg 1280w\" sizes=\"(max-width: 356px) 100vw, 356px\" \/> &nbsp;<img loading=\"lazy\" decoding=\"async\" class=\"alignnone wp-image-341 aligncenter\" src=\"http:\/\/www2.unifap.br\/eetc\/files\/2022\/02\/Layout-defesa-de-Ivan-De-Paula-1-189x300.jpg\" alt=\"\" width=\"299\" height=\"475\" srcset=\"https:\/\/www2.unifap.br\/eetc\/files\/2022\/02\/Layout-defesa-de-Ivan-De-Paula-1-189x300.jpg 189w, https:\/\/www2.unifap.br\/eetc\/files\/2022\/02\/Layout-defesa-de-Ivan-De-Paula-1-646x1024.jpg 646w, https:\/\/www2.unifap.br\/eetc\/files\/2022\/02\/Layout-defesa-de-Ivan-De-Paula-1-768x1218.jpg 768w, https:\/\/www2.unifap.br\/eetc\/files\/2022\/02\/Layout-defesa-de-Ivan-De-Paula-1-969x1536.jpg 969w, https:\/\/www2.unifap.br\/eetc\/files\/2022\/02\/Layout-defesa-de-Ivan-De-Paula-1.jpg 1055w\" sizes=\"(max-width: 299px) 100vw, 299px\" \/> <img loading=\"lazy\" decoding=\"async\" class=\"alignnone wp-image-342 aligncenter\" src=\"http:\/\/www2.unifap.br\/eetc\/files\/2022\/02\/TCC-divulga\u00e7\u00e3o-1-300x169.jpeg\" alt=\"\" width=\"414\" height=\"233\" srcset=\"https:\/\/www2.unifap.br\/eetc\/files\/2022\/02\/TCC-divulga\u00e7\u00e3o-1-300x169.jpeg 300w, https:\/\/www2.unifap.br\/eetc\/files\/2022\/02\/TCC-divulga\u00e7\u00e3o-1-1024x576.jpeg 1024w, https:\/\/www2.unifap.br\/eetc\/files\/2022\/02\/TCC-divulga\u00e7\u00e3o-1-768x432.jpeg 768w, https:\/\/www2.unifap.br\/eetc\/files\/2022\/02\/TCC-divulga\u00e7\u00e3o-1.jpeg 1280w\" sizes=\"(max-width: 414px) 100vw, 414px\" \/><\/p>\n<h2><img loading=\"lazy\" decoding=\"async\" class=\" wp-image-285 aligncenter\" src=\"http:\/\/www2.unifap.br\/eetc\/files\/2021\/11\/EventoPesquisa-300x300.jpg\" alt=\"\" width=\"447\" height=\"447\" srcset=\"https:\/\/www2.unifap.br\/eetc\/files\/2021\/11\/EventoPesquisa-300x300.jpg 300w, https:\/\/www2.unifap.br\/eetc\/files\/2021\/11\/EventoPesquisa-1024x1024.jpg 1024w, https:\/\/www2.unifap.br\/eetc\/files\/2021\/11\/EventoPesquisa-150x150.jpg 150w, https:\/\/www2.unifap.br\/eetc\/files\/2021\/11\/EventoPesquisa-768x768.jpg 768w, https:\/\/www2.unifap.br\/eetc\/files\/2021\/11\/EventoPesquisa-70x70.jpg 70w, https:\/\/www2.unifap.br\/eetc\/files\/2021\/11\/EventoPesquisa.jpg 1080w\" sizes=\"(max-width: 447px) 100vw, 447px\" \/><\/h2>\n<h2>&nbsp;<\/h2>\n<h2>&nbsp;<\/h2>\n<h2><img loading=\"lazy\" decoding=\"async\" class=\"size-medium wp-image-274 aligncenter\" src=\"http:\/\/www2.unifap.br\/eetc\/files\/2021\/09\/Live-300x300.jpg\" alt=\"\" width=\"300\" height=\"300\" srcset=\"https:\/\/www2.unifap.br\/eetc\/files\/2021\/09\/Live-300x300.jpg 300w, https:\/\/www2.unifap.br\/eetc\/files\/2021\/09\/Live-1024x1024.jpg 1024w, https:\/\/www2.unifap.br\/eetc\/files\/2021\/09\/Live-150x150.jpg 150w, https:\/\/www2.unifap.br\/eetc\/files\/2021\/09\/Live-768x768.jpg 768w, https:\/\/www2.unifap.br\/eetc\/files\/2021\/09\/Live-70x70.jpg 70w, https:\/\/www2.unifap.br\/eetc\/files\/2021\/09\/Live.jpg 1080w\" sizes=\"(max-width: 300px) 100vw, 300px\" \/><\/h2>\n<h2><img loading=\"lazy\" decoding=\"async\" class=\"alignnone wp-image-249\" src=\"http:\/\/www2.unifap.br\/eetc\/files\/2021\/04\/TEN-300x300.jpeg\" alt=\"\" width=\"382\" height=\"382\" srcset=\"https:\/\/www2.unifap.br\/eetc\/files\/2021\/04\/TEN-300x300.jpeg 300w, https:\/\/www2.unifap.br\/eetc\/files\/2021\/04\/TEN-1024x1024.jpeg 1024w, https:\/\/www2.unifap.br\/eetc\/files\/2021\/04\/TEN-150x150.jpeg 150w, https:\/\/www2.unifap.br\/eetc\/files\/2021\/04\/TEN-768x768.jpeg 768w, https:\/\/www2.unifap.br\/eetc\/files\/2021\/04\/TEN-70x70.jpeg 70w, https:\/\/www2.unifap.br\/eetc\/files\/2021\/04\/TEN.jpeg 1080w\" sizes=\"(max-width: 382px) 100vw, 382px\" \/><\/h2>\n<h2><img loading=\"lazy\" decoding=\"async\" class=\"wp-image-222 aligncenter\" src=\"http:\/\/www2.unifap.br\/eetc\/files\/2021\/01\/EventoDisciplinaFl\u00e1vio-300x300.jpeg\" alt=\"\" width=\"430\" height=\"430\" srcset=\"https:\/\/www2.unifap.br\/eetc\/files\/2021\/01\/EventoDisciplinaFl\u00e1vio-300x300.jpeg 300w, https:\/\/www2.unifap.br\/eetc\/files\/2021\/01\/EventoDisciplinaFl\u00e1vio-1024x1024.jpeg 1024w, https:\/\/www2.unifap.br\/eetc\/files\/2021\/01\/EventoDisciplinaFl\u00e1vio-150x150.jpeg 150w, https:\/\/www2.unifap.br\/eetc\/files\/2021\/01\/EventoDisciplinaFl\u00e1vio-768x768.jpeg 768w, https:\/\/www2.unifap.br\/eetc\/files\/2021\/01\/EventoDisciplinaFl\u00e1vio-70x70.jpeg 70w, https:\/\/www2.unifap.br\/eetc\/files\/2021\/01\/EventoDisciplinaFl\u00e1vio.jpeg 1080w\" sizes=\"(max-width: 430px) 100vw, 430px\" \/><\/h2>\n<p style=\"text-align: center\">O Curso de Especializa\u00e7\u00e3o em Estudos Teatrais Contempor\u00e2neos da Universidade Federal do Amap\u00e1 convida a todos\/todas para um encontro com o artista, pesquisador e professor Wellignton Dias, que compartilhar\u00e1 a experi\u00eancia do projeto Tecno Barca: uma resid\u00eancia art\u00edstica no arquip\u00e9lago do Bailique (AP).<\/p>\n<p style=\"text-align: center\">A a\u00e7\u00e3o integra a disciplina Teatro para e com a comunidade, ministrada pelo prof. Dr. Fl\u00e1vio Gon\u00e7alves.<br \/>\nDia 29\/01\/2021, \u00e0s 19h atrav\u00e9s do canal do Curso de Especializa\u00e7\u00e3o em Estudos Teatrais Contempor\u00e2neos no Youtube, no seguinte link: https:\/\/www.youtube.com\/channel\/UCnhsdsJHDbxChqmfoFyj6_g<\/p>\n<p>&nbsp;<\/p>\n<div>&nbsp;<\/div>\n<div style=\"text-align: center\"><strong>AULA INAUGURAL:<\/strong><\/div>\n<div>Convidamos para a Aula Inaugural da EETC &#8211; Especializa\u00e7\u00e3o em Estudos Teatrais Contempor\u00e2neos da UNIFAP a se realizar no dia 21\/10\/19 \u00e0s 19:30 h no Audit\u00f3rio do Departamento de Ci\u00eancias Exatas e Tecnol\u00f3gicas &#8211; DCET.<\/div>\n<div>A aula inaugural ter\u00e1 como tema &#8220;Tessituras entre intermedialidade e dramaturgia documental na pesquisa cria\u00e7\u00e3o&#8221; e ser\u00e1 proferida pela Profa. Dra. Fernanda Areias de Oliveira do Programa de P\u00f3s-Gradua\u00e7\u00e3o em Artes C\u00eanicas da UFMA.<\/div>\n<div>Contamos com sua presen\u00e7a!<\/div>\n<div>&nbsp;<\/div>\n<h2>&nbsp;<\/h2>\n<h2><img loading=\"lazy\" decoding=\"async\" class=\"alignnone wp-image-130\" src=\"http:\/\/www2.unifap.br\/eetc\/files\/2019\/09\/EventoFl\u00e1vio-300x169.jpg\" alt=\"\" width=\"373\" height=\"210\" srcset=\"https:\/\/www2.unifap.br\/eetc\/files\/2019\/09\/EventoFl\u00e1vio-300x169.jpg 300w, https:\/\/www2.unifap.br\/eetc\/files\/2019\/09\/EventoFl\u00e1vio-768x432.jpg 768w, https:\/\/www2.unifap.br\/eetc\/files\/2019\/09\/EventoFl\u00e1vio-1024x576.jpg 1024w, https:\/\/www2.unifap.br\/eetc\/files\/2019\/09\/EventoFl\u00e1vio.jpg 1280w\" sizes=\"(max-width: 373px) 100vw, 373px\" \/><\/h2>\n<p style=\"margin: 0px 0px 10px;font-family: 'Roboto Slab';font-size: 16px;color: #333333;font-style: normal;font-weight: 400;letter-spacing: normal;text-indent: 0px;text-align: justify\">O seguinte evento tem como proposta o di\u00e1logo entre a pesquisa e a extens\u00e3o na forma\u00e7\u00e3o do docente em Teatro em meio aos aspectos relacionados as recentes discuss\u00f5es sobre a cena intermedial e expandida.&nbsp;A organiza\u00e7\u00e3o do evento est\u00e1 a cargo do Curso de Teatro e do Curso de Especializa\u00e7\u00e3o em Estudos Teatrais Contempor\u00e2neos da Universidade Federal do Amap\u00e1-UNIFAP, por meio do&nbsp; (LABORA)t\u00f3rio (NO)made: grupo de pesquisa sobre cena expandida e intermedial que tem por base a compreens\u00e3o de como a tecnologia, principalmente no campo da tecnologia da imagem, pode influenciar positivamente as cria\u00e7\u00f5es no campo da Cena Teatral Contempor\u00e2nea, em espec\u00edfico no campo da pesquisa cria\u00e7\u00e3o. Desse modo, busca-se levar ao p\u00fablico, em especial aos acad\u00eamicos em Teatro no \u00e2mbito da gradua\u00e7\u00e3o e da p\u00f3s-gradua\u00e7\u00e3o e artistas da cena teatral amapaense, quest\u00f5es pertinentes a este campo de conhecimento, por meio de a\u00e7\u00f5es formativas em Teatro e Tecnologia.<\/p>\n<p>Inscri\u00e7\u00f5es: www.even3.com.br\/cenainter<\/p>\n<h2>&nbsp;<\/h2>\n<h2><img loading=\"lazy\" decoding=\"async\" class=\"alignnone size-medium wp-image-64\" src=\"http:\/\/www2.unifap.br\/eetc\/files\/2019\/06\/Semin\u00e1rio-300x300.jpg\" alt=\"\" width=\"300\" height=\"300\" srcset=\"https:\/\/www2.unifap.br\/eetc\/files\/2019\/06\/Semin\u00e1rio-300x300.jpg 300w, https:\/\/www2.unifap.br\/eetc\/files\/2019\/06\/Semin\u00e1rio-150x150.jpg 150w, https:\/\/www2.unifap.br\/eetc\/files\/2019\/06\/Semin\u00e1rio-70x70.jpg 70w, https:\/\/www2.unifap.br\/eetc\/files\/2019\/06\/Semin\u00e1rio.jpg 720w\" sizes=\"(max-width: 300px) 100vw, 300px\" \/><\/h2>\n<h2>Semin\u00e1rio Di\u00e1logos entre Literatura e Teatro<\/h2>\n<p style=\"font-weight: 400\">O Semin\u00e1rio &#8220;Di\u00e1logos entre Literatura e Teatro&#8221; \u00e9 um evento realizado pelo Doutorado Interinstitucional em Estudos Liter\u00e1rios UNESP &#8211; Faculdade de Ci\u00eancias e Letras de Araraquara\/UNIFAP\/UEAP\/IFAP e pela EETC &#8211; Especializa\u00e7\u00e3o em Estudos Teatrais Contempor\u00e2neos da UNIFAP em parceria com o PPGLET &#8211; Programa de P\u00f3s Gradua\u00e7\u00e3o em Letras da UNIFAP.<\/p>\n<p style=\"font-weight: 400\">Este Semin\u00e1rio vem dialogar com a linha de pesquisa Teorias e Cr\u00edticas do Drama do DINTER UNESP\/UNIFAP\/UEAP\/IFAP enfocando pesquisas e tem\u00e1ticas que abordam o di\u00e1logo dos Estudos Teatrais com os Estudos Liter\u00e1rios em diferentes \u00e9pocas e contextos.<\/p>\n<p style=\"font-weight: 400\">Para mais informa\u00e7\u00f5es, acesse:&nbsp;https:\/\/www.even3.com.br\/litea\/<\/p>\n","protected":false},"excerpt":{"rendered":"<p>&nbsp; &nbsp; &nbsp; &nbsp; &nbsp; O Curso de Especializa\u00e7\u00e3o em Estudos Teatrais Contempor\u00e2neos da Universidade Federal do Amap\u00e1 convida a todos\/todas para um encontro com o artista, pesquisador e professor Wellignton Dias, que compartilhar\u00e1 a experi\u00eancia do projeto Tecno Barca:&hellip; <\/p>\n<p><a href=\"https:\/\/www2.unifap.br\/eetc\/eventos\/\" class=\"readmore-button\">Continue Reading<\/a><\/p>\n","protected":false},"author":3838,"featured_media":0,"parent":0,"menu_order":7,"comment_status":"closed","ping_status":"closed","template":"","meta":{"inline_featured_image":false,"ngg_post_thumbnail":0,"footnotes":""},"class_list":["post-20","page","type-page","status-publish","hentry"],"_links":{"self":[{"href":"https:\/\/www2.unifap.br\/eetc\/wp-json\/wp\/v2\/pages\/20","targetHints":{"allow":["GET"]}}],"collection":[{"href":"https:\/\/www2.unifap.br\/eetc\/wp-json\/wp\/v2\/pages"}],"about":[{"href":"https:\/\/www2.unifap.br\/eetc\/wp-json\/wp\/v2\/types\/page"}],"author":[{"embeddable":true,"href":"https:\/\/www2.unifap.br\/eetc\/wp-json\/wp\/v2\/users\/3838"}],"replies":[{"embeddable":true,"href":"https:\/\/www2.unifap.br\/eetc\/wp-json\/wp\/v2\/comments?post=20"}],"version-history":[{"count":16,"href":"https:\/\/www2.unifap.br\/eetc\/wp-json\/wp\/v2\/pages\/20\/revisions"}],"predecessor-version":[{"id":378,"href":"https:\/\/www2.unifap.br\/eetc\/wp-json\/wp\/v2\/pages\/20\/revisions\/378"}],"wp:attachment":[{"href":"https:\/\/www2.unifap.br\/eetc\/wp-json\/wp\/v2\/media?parent=20"}],"curies":[{"name":"wp","href":"https:\/\/api.w.org\/{rel}","templated":true}]}}