{"id":22,"date":"2019-06-07T22:21:50","date_gmt":"2019-06-08T01:21:50","guid":{"rendered":"http:\/\/www2.unifap.br\/eetc\/?page_id=22"},"modified":"2022-08-03T08:00:51","modified_gmt":"2022-08-03T11:00:51","slug":"coordenacao","status":"publish","type":"page","link":"https:\/\/www2.unifap.br\/eetc\/coordenacao\/","title":{"rendered":"Coordena\u00e7\u00e3o"},"content":{"rendered":"<p><strong>Coordenadora:<br \/>\nJuliana Souto Lemos &#8211; <\/strong>Doutora em Estudos Liter\u00e1rios pela Universidade Estadual Paulista J\u00falio Mesquita Filho (DINTER UNESP\/UNIFAP). Mestra em Artes da Cena no Programa de P\u00f3s-Gradua\u00e7\u00e3o em Artes da Escola de Belas Artes-UFMG. Licenciada em Teatro pela Universidade Federal de Minas Gerais- UFMG (2013). Atriz profissional DRT:7676 SATED-MG. Tem experi\u00eancia em Interpreta\u00e7\u00e3o, Dire\u00e7\u00e3o, Improvisa\u00e7\u00e3o Teatral e Ensino do Teatro com foco em processos de constru\u00e7\u00e3o dramat\u00fargicos partindo de jogos, brinquedos e brincadeiras populares.<\/p>\n<p>Lattes:&nbsp;<a href=\"http:\/\/lattes.cnpq.br\/0665449948229639\">http:\/\/lattes.cnpq.br\/0665449948229639<\/a><\/p>\n<p>&nbsp;<\/p>\n","protected":false},"excerpt":{"rendered":"<p>Coordenadora: Juliana Souto Lemos &#8211; Doutora em Estudos Liter\u00e1rios pela Universidade Estadual Paulista J\u00falio Mesquita Filho (DINTER UNESP\/UNIFAP). Mestra em Artes da Cena no Programa de P\u00f3s-Gradua\u00e7\u00e3o em Artes da Escola de Belas Artes-UFMG. Licenciada em Teatro pela Universidade Federal&hellip; <\/p>\n<p><a href=\"https:\/\/www2.unifap.br\/eetc\/coordenacao\/\" class=\"readmore-button\">Continue Reading<\/a><\/p>\n","protected":false},"author":3838,"featured_media":0,"parent":0,"menu_order":2,"comment_status":"closed","ping_status":"closed","template":"","meta":{"inline_featured_image":false,"ngg_post_thumbnail":0,"footnotes":""},"class_list":["post-22","page","type-page","status-publish","hentry"],"_links":{"self":[{"href":"https:\/\/www2.unifap.br\/eetc\/wp-json\/wp\/v2\/pages\/22","targetHints":{"allow":["GET"]}}],"collection":[{"href":"https:\/\/www2.unifap.br\/eetc\/wp-json\/wp\/v2\/pages"}],"about":[{"href":"https:\/\/www2.unifap.br\/eetc\/wp-json\/wp\/v2\/types\/page"}],"author":[{"embeddable":true,"href":"https:\/\/www2.unifap.br\/eetc\/wp-json\/wp\/v2\/users\/3838"}],"replies":[{"embeddable":true,"href":"https:\/\/www2.unifap.br\/eetc\/wp-json\/wp\/v2\/comments?post=22"}],"version-history":[{"count":10,"href":"https:\/\/www2.unifap.br\/eetc\/wp-json\/wp\/v2\/pages\/22\/revisions"}],"predecessor-version":[{"id":387,"href":"https:\/\/www2.unifap.br\/eetc\/wp-json\/wp\/v2\/pages\/22\/revisions\/387"}],"wp:attachment":[{"href":"https:\/\/www2.unifap.br\/eetc\/wp-json\/wp\/v2\/media?parent=22"}],"curies":[{"name":"wp","href":"https:\/\/api.w.org\/{rel}","templated":true}]}}