{"id":33,"date":"2019-06-13T11:12:15","date_gmt":"2019-06-13T14:12:15","guid":{"rendered":"http:\/\/www2.unifap.br\/eetc\/?page_id=33"},"modified":"2022-09-27T10:23:16","modified_gmt":"2022-09-27T13:23:16","slug":"publicacoes","status":"publish","type":"page","link":"https:\/\/www2.unifap.br\/eetc\/publicacoes\/","title":{"rendered":"Publica\u00e7\u00f5es"},"content":{"rendered":"<h2><strong>Chamada de trabalhos para o dossi\u00ea \u2013 TEATRO NA MARGEM &#8211; At\u00e9 26 de novembro de 2022<\/strong><\/h2>\n<p>O dossi\u00ea de n\u00famero 8 da Revista IA\u00c7\u00c1: Artes da Cena ser\u00e1 lan\u00e7ado no segundo semestre de 2022 e tem como objetivo apresentar trabalhos in\u00e9ditos que dialoguem com a tem\u00e1tica TEATRO NA MARGEM.&nbsp;<\/p>\n<p><img fetchpriority=\"high\" decoding=\"async\" class=\"alignnone size-full wp-image-407\" src=\"http:\/\/www2.unifap.br\/eetc\/files\/2022\/09\/Chamada-teatro-na-margem_page-0001.jpg\" alt=\"\" width=\"1240\" height=\"1755\"><\/p>\n<p>Al\u00e9m do exposto, a Revista IA\u00c7\u00c1: Artes da Cena, receber\u00e1 artigos originais n\u00e3o vinculados \u00e0s tem\u00e1ticas desse dossi\u00ea, bem como entrevistas para comporem a categoria fluxo cont\u00ednuo. Submeta seu artigo no per\u00edodo de 26 de setembro a 26 de novembro de 2022, acessando a aba Informa\u00e7\u00f5es para autores em : <a href=\"https:\/\/periodicos.unifap.br\/index.php\/iaca\/announcement\/view\/129\">https:\/\/periodicos.unifap.br\/index.php\/iaca\/announcement\/view\/129&nbsp;<\/a><\/p>\n<div>\n<h3>&nbsp;<\/h3>\n<h3>\u2013&nbsp;<strong>Publica\u00e7\u00e3o IA\u00c7\u00c1: Artes da Cena<\/strong> \u2013 Volume 4 \u2013 N\u00famero 2 \u2013 2021 \u2013<strong>Esteticopol\u00edticas sexo-g\u00eanero dissidentes em cena<\/strong> organizado por Cleber Braga (UNIFAP) e Xan Mar\u00e7all (UFBA)<\/h3>\n<h3>Dispon\u00edvel em:&nbsp;<a href=\"https:\/\/periodicos.unifap.br\/index.php\/iaca\/issue\/view\/245\">https:\/\/periodicos.unifap.br\/index.php\/iaca\/issue\/view\/245<\/a><\/h3>\n<h3>&nbsp; &nbsp; &nbsp; &nbsp; &nbsp; &nbsp;<img decoding=\"async\" class=\"alignnone size-full wp-image-403\" src=\"http:\/\/www2.unifap.br\/eetc\/files\/2022\/09\/Capa-Final.jpeg\" alt=\"\" width=\"707\" height=\"1000\"><\/h3>\n<p>Descolonizar o est\u00e9tico implica em desarmonizar algo, numa quebra do jogo contemplativo, restituindo-lhe a sensorialidade e a reflex\u00e3o. Aqui, neste dossi\u00ea, artistas e pesquisadores partilham sobre suas produ\u00e7\u00f5es, atravessadas pelo interesse profundo por reconectar, redescobrir e reinventar novos Imagin\u00e1rios sobre esse territ\u00f3rio em disputa, o Corpo, em suas diferentes categorias de an\u00e1lise, em decad\u00eancia, ascens\u00e3o, retomada ou desaparecimento, do norte ao sul do pa\u00eds.<\/p>\n<p>O dossi\u00ea Esteticopol\u00edticas sexo-g\u00eanero dissidentes em cena foi organizado por Cleber Braga (UNIFAP) e Xan Mar\u00e7all (UFBA), em mais uma edi\u00e7\u00e3o da Revista Ia\u00e7\u00e1 Artes da Cena, um peri\u00f3dico semestral na \u00e1rea de artes, com foco nas artes c\u00eanicas e \u00e1reas afins. \u00c9 editado sob a responsabilidade do Curso de Licenciatura em Teatro, da Universidade Federal do Amap\u00e1. Tem como objetivo contribuir para a divulga\u00e7\u00e3o do conhecimento, e compartilhar experi\u00eancias entre a universidade e a comunidade cient\u00edfica.<\/p>\n<\/div>\n<p>&nbsp;<\/p>\n<p>&nbsp;<\/p>\n<div>\n<p><strong>LAN\u00c7AMENTO DE LIVRO:<\/strong><\/p>\n<p><img decoding=\"async\" class=\"alignnone size-full wp-image-380\" src=\"http:\/\/www2.unifap.br\/eetc\/files\/2022\/07\/capa-do-livro.jpg\" alt=\"\" width=\"957\" height=\"1353\"><\/p>\n<p>Publica\u00e7\u00e3o do livro Po\u00e9ticas n\u00f4mades: Pesquisa cria\u00e7\u00e3o na cena expandida e intermedial de autoria do prof. Dr. Fl\u00e1vio Gon\u00e7alves do Curso de Teatro da UNIFAP. O download \u00e9 gratuito e pode ser feito diretamente no site da editora universit\u00e1ria da UNIFAP no link abaixo:<\/p>\n<p><a href=\"https:\/\/www2.unifap.br\/editora\/files\/2022\/04\/poeticas-nomades.pdf\">https:\/\/www2.unifap.br\/editora\/files\/2022\/04\/poeticas-nomades.pdf<\/a><\/p>\n<\/div>\n<div><strong>CHAMADA PARA PUBLICA\u00c7\u00c3O:<\/strong><\/div>\n<div>&nbsp;<\/div>\n<div>Os Programas de P\u00f3s-gradua\u00e7\u00e3o em Artes C\u00eanicas das Universidades Federais do Maranh\u00e3o e do Rio Grande do Sul em parceria com a Especializa\u00e7\u00e3o em Estudos Teatrais Contempor\u00e2neos da Universidade Federal do Amap\u00e1, propuseram em novembro de 2021 o SEMIN\u00c1RIO FRANCO BRASILEIRO DE PESQUISA CRIA\u00c7\u00c3O. O nosso objetivo era reunir investigadores do Brasil, Canad\u00e1 e Fran\u00e7a para discutir o estado atual da pesquisa cria\u00e7\u00e3o, em seu contexto acad\u00eamico e poss\u00edveis dire\u00e7\u00f5es para protocolos e divulga\u00e7\u00e3o j\u00e1 realizados ou em curso. No final destes encontros, planejamos a publica\u00e7\u00e3o de um e-book, que ser\u00e1 editado pela editora da Universidade Federal do Maranh\u00e3o e apoiado pelo Consulado da Fran\u00e7a no Nordeste.&nbsp;&nbsp;<\/div>\n<div>&nbsp;<\/div>\n<div>Para envio de textos ao ebook, acesse o edital abaixo:<\/div>\n<div>&nbsp;<\/div>\n<div><a href=\"http:\/\/www2.unifap.br\/eetc\/files\/2022\/02\/Chamada_appel-E-book.pdf\">Chamada_appel E-book<\/a><\/div>\n<h3><strong>Lan\u00e7amento de Livro:&nbsp;<\/strong><\/h3>\n<p>Os Profs. Drs. Emerson de Paula e Jos\u00e9 Fl\u00e1vio Gon\u00e7alves da Fonseca anunciam o lan\u00e7amento do livro &#8220;Acessibilidade Cultural no Amap\u00e1&#8221; organizado pelos mesmos. Para download gratuito do e-book acesse o link:<\/p>\n<p><a href=\"https:\/\/emanuscrito.com.br\/livro53.html\">e-Manuscrito (emanuscrito.com.br)<\/a>&nbsp;<\/p>\n<p><img loading=\"lazy\" decoding=\"async\" class=\"alignnone wp-image-314\" src=\"http:\/\/www2.unifap.br\/eetc\/files\/2021\/12\/CAPA-Foto-Acessibilidade--300x147.jpg\" alt=\"\" width=\"564\" height=\"276\" srcset=\"https:\/\/www2.unifap.br\/eetc\/files\/2021\/12\/CAPA-Foto-Acessibilidade--300x147.jpg 300w, https:\/\/www2.unifap.br\/eetc\/files\/2021\/12\/CAPA-Foto-Acessibilidade--1024x500.jpg 1024w, https:\/\/www2.unifap.br\/eetc\/files\/2021\/12\/CAPA-Foto-Acessibilidade--768x375.jpg 768w, https:\/\/www2.unifap.br\/eetc\/files\/2021\/12\/CAPA-Foto-Acessibilidade--1536x750.jpg 1536w, https:\/\/www2.unifap.br\/eetc\/files\/2021\/12\/CAPA-Foto-Acessibilidade--2048x1001.jpg 2048w\" sizes=\"(max-width: 564px) 100vw, 564px\" \/><\/p>\n<p>&nbsp;<\/p>\n<h3>Lan\u00e7amento de Livro:&nbsp;<\/h3>\n<p>O Prof. Dr. Emerson de Paula lan\u00e7ou o livro fruto de sua Tese de Doutorado intitulado: O Corpo como Texto: Clara Nunes e a Performance da F\u00e9&#8221; . Para aquisi\u00e7\u00e3o do livro, acesse: <a href=\"https:\/\/www.editoracrv.com.br\/produtos\/detalhes\/36430-o-corpo-como-textobrclara-nunes-e-a-performance-da-fe\">EDITORA CRV<\/a><\/p>\n<p><img loading=\"lazy\" decoding=\"async\" class=\"alignnone wp-image-315\" src=\"http:\/\/www2.unifap.br\/eetc\/files\/2021\/12\/ClaraNunes-300x300.png\" alt=\"\" width=\"381\" height=\"381\" srcset=\"https:\/\/www2.unifap.br\/eetc\/files\/2021\/12\/ClaraNunes-300x300.png 300w, https:\/\/www2.unifap.br\/eetc\/files\/2021\/12\/ClaraNunes-1024x1024.png 1024w, https:\/\/www2.unifap.br\/eetc\/files\/2021\/12\/ClaraNunes-150x150.png 150w, https:\/\/www2.unifap.br\/eetc\/files\/2021\/12\/ClaraNunes-768x768.png 768w, https:\/\/www2.unifap.br\/eetc\/files\/2021\/12\/ClaraNunes-70x70.png 70w, https:\/\/www2.unifap.br\/eetc\/files\/2021\/12\/ClaraNunes.png 1150w\" sizes=\"(max-width: 381px) 100vw, 381px\" \/><\/p>\n<p>&nbsp;<\/p>\n<h3>Lan\u00e7amento de Livro:&nbsp;<\/h3>\n<p>O Prof. Dr. Emerson de Paula, integrante do Corpo Docente deste Curso, lan\u00e7a a publica\u00e7\u00e3o do seu livro em formato<br \/>\ne-Book &#8220;O TEXTO DO NEGRO OU O NEGRO NO TEXTO&#8221; que pode ser acessado\/baixado gratuitamente no site da editora pelo link:&nbsp;<a href=\"https:\/\/sseditora.com.br\/ebooks\/o-texto-do-negro-ou-o-negro-no-texto\/\" target=\"_blank\" rel=\"noopener noreferrer\" data-saferedirecturl=\"https:\/\/www.google.com\/url?q=https:\/\/sseditora.com.br\/ebooks\/o-texto-do-negro-ou-o-negro-no-texto\/&amp;source=gmail&amp;ust=1619659143264000&amp;usg=AFQjCNHUrYqWYfoGUA70SrgJAyK-3Dy4vQ\">https:\/\/sseditora.com.br\/ebooks\/o-texto-do-negro-ou-o-negro-no-texto\/<\/a><\/p>\n<h3><img loading=\"lazy\" decoding=\"async\" class=\"alignnone wp-image-253\" src=\"http:\/\/www2.unifap.br\/eetc\/files\/2021\/04\/Capadolivro-212x300.jpeg\" alt=\"\" width=\"283\" height=\"400\" srcset=\"https:\/\/www2.unifap.br\/eetc\/files\/2021\/04\/Capadolivro-212x300.jpeg 212w, https:\/\/www2.unifap.br\/eetc\/files\/2021\/04\/Capadolivro-724x1024.jpeg 724w, https:\/\/www2.unifap.br\/eetc\/files\/2021\/04\/Capadolivro-768x1086.jpeg 768w, https:\/\/www2.unifap.br\/eetc\/files\/2021\/04\/Capadolivro.jpeg 905w\" sizes=\"(max-width: 283px) 100vw, 283px\" \/><\/h3>\n<h3>&#8211; <strong>Publica\u00e7\u00e3o IA\u00c7\u00c1: Artes da Cena<\/strong> &#8211; Volume 4 &#8211; N\u00famero 1 &#8211; 2021 &#8211; Dossi\u00ea Cena Contempor\u00e2nea e Performance Arte &#8211;&nbsp; Organizado pelo Prof. Me. Wellington Dias.<\/h3>\n<h3>Dispon\u00edvel em: https:\/\/periodicos.unifap.br\/index.php\/iaca\/issue\/view\/233<\/h3>\n<h3>&#8211; <strong>Publica\u00e7\u00e3o IA\u00c7\u00c1: Artes da Cena<\/strong> &#8211; Volume 3 &#8211; N\u00famero 2 &#8211; 2020 &#8211; Dossi\u00ea Po\u00e9ticas do Corpo &#8211;&nbsp; Organizado pelo Prof. Me. Raphael Brito.<\/h3>\n<h3>Dispon\u00edvel em: https:\/\/periodicos.unifap.br\/index.php\/iaca\/issue\/view\/218<\/h3>\n<p>&nbsp;<\/p>\n<h3><strong>&#8211; Nova publica\u00e7\u00e3o IA\u00c7\u00c1: Artes da Cena<\/strong> &#8211; Dossi\u00ea Artes C\u00eanicas: Como Ainda (Re) Existir? Organizado pelo Prof. Dr. Jos\u00e9 Fl\u00e1vio Gon\u00e7alves, Profa. Dra. M\u00e1rcia Strazzacappa, Prof. Dr. Wellington Menegaz&nbsp;<\/h3>\n<h3>Dispon\u00edvel em:&nbsp;https:\/\/periodicos.unifap.br\/index.php\/iaca\/issue\/view\/197\/showToc<\/h3>\n<p>&nbsp;<\/p>\n<h3><strong>IA\u00c7\u00c1: Artes da Cena<span style=\"font-size: 16px\"><strong>(ISSN 2595-2781)<\/strong><\/span><\/strong><span style=\"font-size: 16px\">\u00e9 um peri\u00f3dico semestral na \u00e1rea de artes, com foco nas artes c\u00eanicas e \u00e1reas afins. \u00c9 editado&nbsp;sob a&nbsp;responsabilidade do Curso de Licenciatura em Teatro, da Universidade Federal do Amap\u00e1. Tem como objetivo contribuir para a divulga\u00e7\u00e3o do conhecimento, e compartilhar experi\u00eancias entre a universidade e a comunidade cient\u00edfica. A submiss\u00e3o pode ser feita por pesquisadores, docentes e discentes com pesquisa na \u00e1rea de artes, com pretens\u00e3o de publicar nas seguintes se\u00e7\u00f5es: artigos cient\u00edficos, relatos de experi\u00eancia e relatos de pr\u00e1tica pedag\u00f3gica. S\u00e3o aceitas produ\u00e7\u00f5es advindas de pesquisas te\u00f3ricas e pr\u00e1ticas, sobre os m\u00faltiplos olhares da arte, seja ela c\u00eanica, visual ou h\u00edbrida.&nbsp;Est\u00e1 aberta a colabora\u00e7\u00f5es do Brasil e do exterior. Os procedimentos de an\u00e1lise e aprecia\u00e7\u00e3o dos artigos pelos pareceristas s\u00e3o realizados com o anonimato dos autores dos respectivos trabalhos e pareceristas, ou seja, por meio de avalia\u00e7\u00e3o cega. O prazo de recebimento das contribui\u00e7\u00f5es de artigos \u00e9 com fluxo cont\u00ednuo.<\/span><\/h3>\n<p>Acesse:&nbsp;https:\/\/periodicos.unifap.br\/index.php\/iaca&nbsp;<\/p>\n","protected":false},"excerpt":{"rendered":"<p>Chamada de trabalhos para o dossi\u00ea \u2013 TEATRO NA MARGEM &#8211; At\u00e9 26 de novembro de 2022 O dossi\u00ea de n\u00famero 8 da Revista IA\u00c7\u00c1: Artes da Cena ser\u00e1 lan\u00e7ado no segundo semestre de 2022 e tem como objetivo apresentar&hellip; <\/p>\n<p><a href=\"https:\/\/www2.unifap.br\/eetc\/publicacoes\/\" class=\"readmore-button\">Continue Reading<\/a><\/p>\n","protected":false},"author":3838,"featured_media":0,"parent":0,"menu_order":8,"comment_status":"closed","ping_status":"closed","template":"","meta":{"inline_featured_image":false,"ngg_post_thumbnail":0,"footnotes":""},"class_list":["post-33","page","type-page","status-publish","hentry"],"_links":{"self":[{"href":"https:\/\/www2.unifap.br\/eetc\/wp-json\/wp\/v2\/pages\/33","targetHints":{"allow":["GET"]}}],"collection":[{"href":"https:\/\/www2.unifap.br\/eetc\/wp-json\/wp\/v2\/pages"}],"about":[{"href":"https:\/\/www2.unifap.br\/eetc\/wp-json\/wp\/v2\/types\/page"}],"author":[{"embeddable":true,"href":"https:\/\/www2.unifap.br\/eetc\/wp-json\/wp\/v2\/users\/3838"}],"replies":[{"embeddable":true,"href":"https:\/\/www2.unifap.br\/eetc\/wp-json\/wp\/v2\/comments?post=33"}],"version-history":[{"count":17,"href":"https:\/\/www2.unifap.br\/eetc\/wp-json\/wp\/v2\/pages\/33\/revisions"}],"predecessor-version":[{"id":408,"href":"https:\/\/www2.unifap.br\/eetc\/wp-json\/wp\/v2\/pages\/33\/revisions\/408"}],"wp:attachment":[{"href":"https:\/\/www2.unifap.br\/eetc\/wp-json\/wp\/v2\/media?parent=33"}],"curies":[{"name":"wp","href":"https:\/\/api.w.org\/{rel}","templated":true}]}}