{"id":39,"date":"2019-06-13T11:36:53","date_gmt":"2019-06-13T14:36:53","guid":{"rendered":"http:\/\/www2.unifap.br\/eetc\/?page_id=39"},"modified":"2021-09-20T21:07:30","modified_gmt":"2021-09-21T00:07:30","slug":"sobre-o-curso","status":"publish","type":"page","link":"https:\/\/www2.unifap.br\/eetc\/sobre-o-curso\/","title":{"rendered":"Curso"},"content":{"rendered":"<p>O Curso de Especializa\u00e7\u00e3o <em>Lato Sensu <\/em>em Estudos Teatrais Contempor\u00e2neos &#8211; EETC &#8211; \u00e9 destinado aos (as) graduados\/as em qualquer \u00e1rea do conhecimento, desde que apresentem e desenvolvam projetos de pesquisa ligados aos Estudos Teatrais. O Curso organiza-se, basicamente, em apenas uma \u00e1rea de concentra\u00e7\u00e3o \u2013 Artes &#8211; e na sub\u00e1rea de Teatro, conforme indica\u00e7\u00e3o da Capes e CNPq. O curso vincula-se ao Grupo de Pesquisa NECID &#8211; N\u00facleo de Estudos em Espa\u00e7os Culturais, Deliberativos e Inclusivos (UNIFAP\/CNPq), ao (LABORA)t\u00f3rio (NO)made: Grupo de Pesquisa sobre a Cena Expandida e Intermedial (UNIFAP\/CNPq) e ao Grupo de Pesquisa em Artes C\u00eanicas(UNIFAP\/CNPq), todos pertencentes ao Colegiado de Licenciatura em Teatro da UNIFAP e que contam com linhas de pesquisa relacionadas ao presente Curso de Especializa\u00e7\u00e3o.<\/p>\n<h1>OBJETIVOS DO CURSO:<\/h1>\n<ul>\n<li>\n<h2>Objetivo Geral:<\/h2>\n<\/li>\n<li>Formar profissionais para atuarem na \u00e1rea da pesquisa das pr\u00e1ticas teatrais com \u00eanfase na investiga\u00e7\u00e3o da linguagem e das po\u00e9ticas contempor\u00e2neas e sua reverbera\u00e7\u00e3o no cen\u00e1rio art\u00edstico local, regional e nacional.<\/li>\n<\/ul>\n<h2>&nbsp; &nbsp;\u2022&nbsp; Objetivos Espec\u00edficos:<\/h2>\n<ul>\n<li>Promover a forma\u00e7\u00e3o continuada de profissionais da \u00e1rea de Teatro e demais linguagens art\u00edsticas a partir de disciplinas organizadas em m\u00f3dulos de Forma\u00e7\u00e3o Geral, de Forma\u00e7\u00e3o Espec\u00edfica e Pesquisa;<\/li>\n<li>Instrumentalizar os profissionais da \u00e1rea de Teatro e demais linguagens art\u00edsticas com rela\u00e7\u00e3o ao planejamento de projetos, metodologias de ensino e produ\u00e7\u00e3o de material did\u00e1tico para a educa\u00e7\u00e3o b\u00e1sica e superior no que tange o ensino de Teatro;<\/li>\n<li>Desenvolver habilidades e compet\u00eancias, considerando a realidade local da comunidade art\u00edstica para execu\u00e7\u00e3o de projetos como atividades diversificadas ou complementares em Teatro.<\/li>\n<\/ul>\n<p><strong>In\u00edcio da Segunda Turma: 1\u00ba Semestre de 2022<\/strong><\/p>\n<p><strong>As aulas acontecer\u00e3o \u00e0s sextas-feiras no per\u00edodo noturno e aos s\u00e1bados no per\u00edodo matutino e vespertino.<\/strong><\/p>\n<p>&nbsp;<\/p>\n","protected":false},"excerpt":{"rendered":"<p>O Curso de Especializa\u00e7\u00e3o Lato Sensu em Estudos Teatrais Contempor\u00e2neos &#8211; EETC &#8211; \u00e9 destinado aos (as) graduados\/as em qualquer \u00e1rea do conhecimento, desde que apresentem e desenvolvam projetos de pesquisa ligados aos Estudos Teatrais. O Curso organiza-se, basicamente, em&hellip; <\/p>\n<p><a href=\"https:\/\/www2.unifap.br\/eetc\/sobre-o-curso\/\" class=\"readmore-button\">Continue Reading<\/a><\/p>\n","protected":false},"author":3838,"featured_media":0,"parent":0,"menu_order":1,"comment_status":"closed","ping_status":"closed","template":"","meta":{"inline_featured_image":false,"ngg_post_thumbnail":0,"footnotes":""},"class_list":["post-39","page","type-page","status-publish","hentry"],"_links":{"self":[{"href":"https:\/\/www2.unifap.br\/eetc\/wp-json\/wp\/v2\/pages\/39","targetHints":{"allow":["GET"]}}],"collection":[{"href":"https:\/\/www2.unifap.br\/eetc\/wp-json\/wp\/v2\/pages"}],"about":[{"href":"https:\/\/www2.unifap.br\/eetc\/wp-json\/wp\/v2\/types\/page"}],"author":[{"embeddable":true,"href":"https:\/\/www2.unifap.br\/eetc\/wp-json\/wp\/v2\/users\/3838"}],"replies":[{"embeddable":true,"href":"https:\/\/www2.unifap.br\/eetc\/wp-json\/wp\/v2\/comments?post=39"}],"version-history":[{"count":11,"href":"https:\/\/www2.unifap.br\/eetc\/wp-json\/wp\/v2\/pages\/39\/revisions"}],"predecessor-version":[{"id":272,"href":"https:\/\/www2.unifap.br\/eetc\/wp-json\/wp\/v2\/pages\/39\/revisions\/272"}],"wp:attachment":[{"href":"https:\/\/www2.unifap.br\/eetc\/wp-json\/wp\/v2\/media?parent=39"}],"curies":[{"name":"wp","href":"https:\/\/api.w.org\/{rel}","templated":true}]}}