{"id":1059,"date":"2011-10-05T09:24:18","date_gmt":"2011-10-05T12:24:18","guid":{"rendered":"http:\/\/pororoca.unifap.br\/eletrica\/?page_id=1059"},"modified":"2020-02-19T09:34:47","modified_gmt":"2020-02-19T12:34:47","slug":"acervo-bibliografico","status":"publish","type":"page","link":"https:\/\/www2.unifap.br\/eletrica\/acervo-bibliografico\/","title":{"rendered":"Acervo Bibliogr\u00e1fico"},"content":{"rendered":"<p style=\"text-align: justify\">Informamos que recentemente foram adquiridos novos livros de suporte as componentes curriculares do curso de Engenharia El\u00e9trica e j\u00e1 encontram-se dispon\u00edveis na Biblioteca da UNIFAP.<\/p>\n<p style=\"text-align: justify\">Segue abaixo rela\u00e7\u00e3o dos novos livros dispon\u00edveis no acervo bibliogr\u00e1fico da biblioteca da UNIFAP.<\/p>\n<table border=\"1\" cellspacing=\"0\" cellpadding=\"0\" width=\"100%\">\n<tbody>\n<tr>\n<td width=\"5%\" valign=\"top\"><strong>Item<\/strong><\/td>\n<td width=\"20%\" valign=\"top\"><strong>Autor<\/strong><\/td>\n<td width=\"33%\" valign=\"top\"><strong>T\u00edtulo<\/strong><\/td>\n<td width=\"6%\" valign=\"top\"><strong>Edi\u00e7\u00e3o<\/strong><\/td>\n<td width=\"8%\" valign=\"top\"><strong>Local<\/strong><\/td>\n<td width=\"9%\" valign=\"top\"><strong>Editora<\/strong><\/td>\n<td width=\"8%\" valign=\"top\"><strong>Ano<\/strong><\/td>\n<td width=\"6%\" valign=\"top\"><strong>Quant.<\/strong><\/td>\n<\/tr>\n<tr>\n<td width=\"5%\">1<\/td>\n<td width=\"20%\">Ara\u00fajo,   Everton Coimbra<\/td>\n<td width=\"33%\">Algoritmos:   Fundamentos e Pr\u00e1tica<\/td>\n<td width=\"6%\">3\u00aa ed.<\/td>\n<td width=\"8%\">S\u00e3o   Paulo<\/td>\n<td width=\"9%\">Visual   Books<\/td>\n<td width=\"8%\">2007<\/td>\n<td width=\"6%\">8<\/td>\n<\/tr>\n<tr>\n<td width=\"5%\">2<\/td>\n<td width=\"20%\">Vilarim,   Gilvan<\/td>\n<td width=\"33%\">Algoritmos:   programa\u00e7\u00e3o para iniciantes<\/td>\n<td width=\"6%\">2\u00aa ed.<\/td>\n<td width=\"8%\">Rio de   Janeiro<\/td>\n<td width=\"9%\">Ci\u00eancia   Moderna<\/td>\n<td width=\"8%\">2004<\/td>\n<td width=\"6%\">10<\/td>\n<\/tr>\n<tr>\n<td width=\"5%\">3<\/td>\n<td width=\"20%\">Savitch,   Walter<\/td>\n<td width=\"33%\">C++   Absoluto<\/td>\n<td width=\"6%\">1\u00aa ed.<\/td>\n<td width=\"8%\">S\u00e3o   Paulo<\/td>\n<td width=\"9%\">Addison   Wesley<\/td>\n<td width=\"8%\">2004<\/td>\n<td width=\"6%\">8<\/td>\n<\/tr>\n<tr>\n<td width=\"5%\">4<\/td>\n<td width=\"20%\">Boylestad, Robert L.; Nashelsky, Louis<\/td>\n<td width=\"33%\">Dispositivos   Eletr\u00f4nicos e Teoria de Circuitos<\/td>\n<td width=\"6%\">8\u00aa ed.<\/td>\n<td width=\"8%\">S\u00e3o   Paulo<\/td>\n<td width=\"9%\">Prentice   Hall Brasil<\/td>\n<td width=\"8%\">2004<\/td>\n<td width=\"6%\">8<\/td>\n<\/tr>\n<tr>\n<td width=\"5%\">5<\/td>\n<td width=\"20%\">Buck, John; Hayt Jr, William<\/td>\n<td width=\"33%\">Eletromagnetismo<\/td>\n<td width=\"6%\">7\u00aa ed.<\/td>\n<td width=\"8%\">S\u00e3o   Paulo<\/td>\n<td width=\"9%\">McGraw-Hill<\/td>\n<td width=\"8%\">2008<\/td>\n<td width=\"6%\">10<\/td>\n<\/tr>\n<tr>\n<td width=\"5%\">6<\/td>\n<td width=\"20%\">Paul,   Clayton R.<\/td>\n<td width=\"33%\">Eletromagnetismo   para Engenheiros<\/td>\n<td width=\"6%\">1\u00aa ed.<\/td>\n<td width=\"8%\">Rio de   Janeiro<\/td>\n<td width=\"9%\">LTC<\/td>\n<td width=\"8%\">2006<\/td>\n<td width=\"6%\">8<\/td>\n<\/tr>\n<tr>\n<td width=\"5%\">7<\/td>\n<td width=\"20%\">Ulaby,   Fawwaz T.<\/td>\n<td width=\"33%\">Eletromagnetismo   para Engenheiros<\/td>\n<td width=\"6%\">1\u00aa ed.<\/td>\n<td width=\"8%\">S\u00e3o   Paulo<\/td>\n<td width=\"9%\">Artmed   &#8211; Bookman<\/td>\n<td width=\"8%\">2007<\/td>\n<td width=\"6%\">8<\/td>\n<\/tr>\n<tr>\n<td width=\"5%\">8<\/td>\n<td width=\"20%\">Ahmed,   Ashfaq<\/td>\n<td width=\"33%\">Eletr\u00f4nica   de Pot\u00eancia<\/td>\n<td width=\"6%\">1\u00aa ed.<\/td>\n<td width=\"8%\">S\u00e3o   Paulo<\/td>\n<td width=\"9%\">Prentice   Hall Brasil<\/td>\n<td width=\"8%\">2000<\/td>\n<td width=\"6%\">8<\/td>\n<\/tr>\n<tr>\n<td width=\"5%\">9<\/td>\n<td width=\"20%\">Ogata,   Katsuhiko<\/td>\n<td width=\"33%\">Engenharia   de Controle Moderno<\/td>\n<td width=\"6%\">4\u00aa ed.<\/td>\n<td width=\"8%\">S\u00e3o   Paulo<\/td>\n<td width=\"9%\">Prentice-Hall<\/td>\n<td width=\"8%\">2003<\/td>\n<td width=\"6%\">8<\/td>\n<\/tr>\n<tr>\n<td width=\"5%\">10<\/td>\n<td width=\"20%\">Tipler,   Paul; Mosca, Gene<\/td>\n<td width=\"33%\">F\u00edsica   para Cientistas e Engenheiros &#8211; vol.1<\/td>\n<td width=\"6%\">6\u00aa ed.<\/td>\n<td width=\"8%\">Rio de   Janeiro<\/td>\n<td width=\"9%\">LTC<\/td>\n<td width=\"8%\">2009<\/td>\n<td width=\"6%\">10<\/td>\n<\/tr>\n<tr>\n<td width=\"5%\">11<\/td>\n<td width=\"20%\">Tipler,   Paul; Mosca, Gene<\/td>\n<td width=\"33%\">F\u00edsica para   Cientistas e Engenheiros &#8211; vol.2<\/td>\n<td width=\"6%\">6\u00aa ed.<\/td>\n<td width=\"8%\">Rio de   Janeiro<\/td>\n<td width=\"9%\">LTC<\/td>\n<td width=\"8%\">2009<\/td>\n<td width=\"6%\">10<\/td>\n<\/tr>\n<tr>\n<td width=\"5%\">12<\/td>\n<td width=\"20%\">Tipler,   Paul; Mosca, Gene<\/td>\n<td width=\"33%\">F\u00edsica   para Cientistas e Engenheiros &#8211; vol.3<\/td>\n<td width=\"6%\">6\u00aa ed.<\/td>\n<td width=\"8%\">Rio de   Janeiro<\/td>\n<td width=\"9%\">LTC<\/td>\n<td width=\"8%\">2009<\/td>\n<td width=\"6%\">10<\/td>\n<\/tr>\n<tr>\n<td width=\"5%\">13<\/td>\n<td width=\"20%\">Young,   H. D.<\/td>\n<td width=\"33%\">F\u00edsica,   vol. 1<\/td>\n<td width=\"6%\">12\u00aa ed.<\/td>\n<td width=\"8%\">S\u00e3o   Paulo<\/td>\n<td width=\"9%\">Addison   Wesley<\/td>\n<td width=\"8%\">2008<\/td>\n<td width=\"6%\">10<\/td>\n<\/tr>\n<tr>\n<td width=\"5%\">14<\/td>\n<td width=\"20%\">Young,   H. D.<\/td>\n<td width=\"33%\">F\u00edsica,   vol. 2<\/td>\n<td width=\"6%\">12\u00aa ed.<\/td>\n<td width=\"8%\">S\u00e3o   Paulo<\/td>\n<td width=\"9%\">Addison   Wesley<\/td>\n<td width=\"8%\">2008<\/td>\n<td width=\"6%\">10<\/td>\n<\/tr>\n<tr>\n<td width=\"5%\">15<\/td>\n<td width=\"20%\">Young,   H. D.<\/td>\n<td width=\"33%\">F\u00edsica,   vol. 4<\/td>\n<td width=\"6%\">12\u00aa ed.<\/td>\n<td width=\"8%\">S\u00e3o   Paulo<\/td>\n<td width=\"9%\">Addison   Wesley<\/td>\n<td width=\"8%\">2008<\/td>\n<td width=\"6%\">10<\/td>\n<\/tr>\n<tr>\n<td width=\"5%\">16<\/td>\n<td width=\"20%\">Halliday,   D.<\/td>\n<td width=\"33%\">Fundamentos   de F\u00edsica &#8211; vol.1<\/td>\n<td width=\"6%\">8\u00aa ed.<\/td>\n<td width=\"8%\">Rio de   Janeiro<\/td>\n<td width=\"9%\">LTC<\/td>\n<td width=\"8%\">2009<\/td>\n<td width=\"6%\">10<\/td>\n<\/tr>\n<tr>\n<td width=\"5%\">17<\/td>\n<td width=\"20%\">Halliday,   D.<\/td>\n<td width=\"33%\">Fundamentos   de F\u00edsica &#8211; vol.2<\/td>\n<td width=\"6%\">8\u00aa ed.<\/td>\n<td width=\"8%\">Rio de   Janeiro<\/td>\n<td width=\"9%\">LTC<\/td>\n<td width=\"8%\">2009<\/td>\n<td width=\"6%\">10<\/td>\n<\/tr>\n<tr>\n<td width=\"5%\">18<\/td>\n<td width=\"20%\">Halliday,   D.<\/td>\n<td width=\"33%\">Fundamentos   de F\u00edsica &#8211; vol.3<\/td>\n<td width=\"6%\">8\u00aa ed.<\/td>\n<td width=\"8%\">Rio de   Janeiro<\/td>\n<td width=\"9%\">LTC<\/td>\n<td width=\"8%\">2009<\/td>\n<td width=\"6%\">10<\/td>\n<\/tr>\n<tr>\n<td width=\"5%\">19<\/td>\n<td width=\"20%\">Halliday,   D.<\/td>\n<td width=\"33%\">Fundamentos   de F\u00edsica &#8211; vol.4<\/td>\n<td width=\"6%\">8\u00aa ed.<\/td>\n<td width=\"8%\">Rio de   Janeiro<\/td>\n<td width=\"9%\">LTC<\/td>\n<td width=\"8%\">2009<\/td>\n<td width=\"6%\">10<\/td>\n<\/tr>\n<tr>\n<td width=\"5%\">20<\/td>\n<td width=\"20%\">Creder,   Helio<\/td>\n<td width=\"33%\">Instala\u00e7\u00f5es   El\u00e9tricas<\/td>\n<td width=\"6%\">15\u00aa ed.<\/td>\n<td width=\"8%\">Rio de   Janeiro<\/td>\n<td width=\"9%\">LTC<\/td>\n<td width=\"8%\">2007<\/td>\n<td width=\"6%\">8<\/td>\n<\/tr>\n<tr>\n<td width=\"5%\">21<\/td>\n<td width=\"20%\">Lopes,   Anita;<\/td>\n<td width=\"33%\">Introdu\u00e7\u00e3o   \u00e0 programa\u00e7\u00e3o<\/td>\n<td width=\"6%\">1\u00aa ed.<\/td>\n<td width=\"8%\">Rio de   Janeiro<\/td>\n<td width=\"9%\">Elsevier<\/td>\n<td width=\"8%\">2002<\/td>\n<td width=\"6%\">8<\/td>\n<\/tr>\n<tr>\n<td width=\"5%\">22<\/td>\n<td width=\"20%\">Monticelli,   Alcir<\/td>\n<td width=\"33%\">Introdu\u00e7\u00e3o   a Sistemas de Energia El\u00e9trica<\/td>\n<td width=\"6%\">1\u00aa ed.<\/td>\n<td width=\"8%\">Campinas<\/td>\n<td width=\"9%\">Unicamp<\/td>\n<td width=\"8%\">2004<\/td>\n<td width=\"6%\">8<\/td>\n<\/tr>\n<tr>\n<td width=\"5%\">23<\/td>\n<td width=\"20%\">Oliveira,   Carlos Cesar B.<\/td>\n<td width=\"33%\">Introdu\u00e7\u00e3o   a Sistemas El\u00e9tricos de Potencia: Componentes Sim\u00e9tricas<\/td>\n<td width=\"6%\">2\u00aa ed.<\/td>\n<td width=\"8%\">S\u00e3o   Paulo<\/td>\n<td width=\"9%\">Edgard   Blucher<\/td>\n<td width=\"8%\">1996<\/td>\n<td width=\"6%\">8<\/td>\n<\/tr>\n<tr>\n<td width=\"5%\">24<\/td>\n<td width=\"20%\">Fitzgerald,   A. E.<\/td>\n<td width=\"33%\">M\u00e1quinas   El\u00e9tricas<\/td>\n<td width=\"6%\">6\u00aa ed.<\/td>\n<td width=\"8%\">S\u00e3o   Paulo<\/td>\n<td width=\"9%\">Bookman<\/td>\n<td width=\"8%\">2006<\/td>\n<td width=\"6%\">8<\/td>\n<\/tr>\n<tr>\n<td width=\"5%\">25<\/td>\n<td width=\"20%\">Sedra,   Adel S.<\/td>\n<td width=\"33%\">Microeletr\u00f4nica<\/td>\n<td width=\"6%\">5\u00aa ed.<\/td>\n<td width=\"8%\">S\u00e3o   Paulo<\/td>\n<td width=\"9%\">Makron   Books<\/td>\n<td width=\"8%\">2007<\/td>\n<td width=\"6%\">10<\/td>\n<\/tr>\n<tr>\n<td width=\"5%\">26<\/td>\n<td width=\"20%\">Garcia,   Claudio<\/td>\n<td width=\"33%\">Modelagem   e simula\u00e7\u00e3o de processos industriais<\/td>\n<td width=\"6%\">2\u00aa ed.<\/td>\n<td width=\"8%\">S\u00e3o   Paulo<\/td>\n<td width=\"9%\">Edusp<\/td>\n<td width=\"8%\">2005<\/td>\n<td width=\"6%\">8<\/td>\n<\/tr>\n<tr>\n<td width=\"5%\">27<\/td>\n<td width=\"20%\">Anderson,   Paul M.<\/td>\n<td width=\"33%\">Power System Control and Stability<\/td>\n<td width=\"6%\">2\u00aa ed.<\/td>\n<td width=\"8%\">New   York<\/td>\n<td width=\"9%\">Wiley-IEEE   Press<\/td>\n<td width=\"8%\">2002<\/td>\n<td width=\"6%\">3<\/td>\n<\/tr>\n<tr>\n<td width=\"5%\">28<\/td>\n<td width=\"20%\">Kundur,   P.<\/td>\n<td width=\"33%\">Power system stability and control<\/td>\n<td width=\"6%\">1\u00aa ed.<\/td>\n<td width=\"8%\">New   York<\/td>\n<td width=\"9%\">McGraw-Hill<\/td>\n<td width=\"8%\">1994<\/td>\n<td width=\"6%\">5<\/td>\n<\/tr>\n<tr>\n<td width=\"5%\">29<\/td>\n<td width=\"20%\">Serway,   Raymond A<\/td>\n<td width=\"33%\">Princ\u00edpios   de f\u00edsica volume 1 &#8211; mec\u00e2nica cl\u00e1ssica<\/td>\n<td width=\"6%\">1\u00aa ed.<\/td>\n<td width=\"8%\">S\u00e3o   Paulo<\/td>\n<td width=\"9%\">Thomson   Pioneira<\/td>\n<td width=\"8%\">2003<\/td>\n<td width=\"6%\">8<\/td>\n<\/tr>\n<tr>\n<td width=\"5%\">30<\/td>\n<td width=\"20%\">Serway,   Raymond A<\/td>\n<td width=\"33%\">Princ\u00edpios   de f\u00edsica volume 2 &#8211; movimentosd ondulat\u00f3rios e termodin\u00e2mica<\/td>\n<td width=\"6%\">1\u00aa ed.<\/td>\n<td width=\"8%\">S\u00e3o   Paulo<\/td>\n<td width=\"9%\">Thomson   Pioneira<\/td>\n<td width=\"8%\">2004<\/td>\n<td width=\"6%\">8<\/td>\n<\/tr>\n<tr>\n<td width=\"5%\">31<\/td>\n<td width=\"20%\">Serway,   Raymond A<\/td>\n<td width=\"33%\">Princ\u00edpios   de f\u00edsica volume 3 &#8211; eletromagnetismo<\/td>\n<td width=\"6%\">1\u00aa ed.<\/td>\n<td width=\"8%\">S\u00e3o   Paulo<\/td>\n<td width=\"9%\">Thomson   Pioneira<\/td>\n<td width=\"8%\">2004<\/td>\n<td width=\"6%\">8<\/td>\n<\/tr>\n<tr>\n<td width=\"5%\">32<\/td>\n<td width=\"20%\">Saade,   Joel<\/td>\n<td width=\"33%\">Programando   em C++<\/td>\n<td width=\"6%\">1\u00aa ed.<\/td>\n<td width=\"8%\">S\u00e3o   Paulo<\/td>\n<td width=\"9%\">Novatec<\/td>\n<td width=\"8%\">2003<\/td>\n<td width=\"6%\">8<\/td>\n<\/tr>\n<tr>\n<td width=\"5%\">33<\/td>\n<td width=\"20%\">Benvenutti,   Edilson<\/td>\n<td width=\"33%\">Qu\u00edmica   Inorg\u00e2nica<\/td>\n<td width=\"6%\">2\u00aa ed.<\/td>\n<td width=\"8%\">Porto   Alegre<\/td>\n<td width=\"9%\">UFRGS<\/td>\n<td width=\"8%\">2006<\/td>\n<td width=\"6%\">8<\/td>\n<\/tr>\n<tr>\n<td width=\"5%\">34<\/td>\n<td width=\"20%\">Duffie,   John A.<\/td>\n<td width=\"33%\">Solar Engineering of Thermal Processes<\/td>\n<td width=\"6%\">3\u00aa ed.<\/td>\n<td width=\"8%\">New   York<\/td>\n<td width=\"9%\">John Wiley   and Sons<\/td>\n<td width=\"8%\">2006<\/td>\n<td width=\"6%\">5<\/td>\n<\/tr>\n<tr>\n<td width=\"5%\">35<\/td>\n<td width=\"20%\">Mcmahon,   David<\/td>\n<td width=\"33%\">Vari\u00e1veis   complexas desmistificadas<\/td>\n<td width=\"6%\">1\u00aa ed.<\/td>\n<td width=\"8%\">Rio de   Janeiro<\/td>\n<td width=\"9%\">Ci\u00eancia   Moderna<\/td>\n<td width=\"8%\">2009<\/td>\n<td width=\"6%\">10<\/td>\n<\/tr>\n<\/tbody>\n<\/table>\n<p>&nbsp;<\/p>\n","protected":false},"excerpt":{"rendered":"<p>Informamos que recentemente foram adquiridos novos livros de suporte as componentes curriculares do curso de Engenharia El\u00e9trica e j\u00e1 encontram-se dispon\u00edveis na Biblioteca da UNIFAP. Segue abaixo rela\u00e7\u00e3o dos novos livros dispon\u00edveis no acervo bibliogr\u00e1fico da biblioteca da UNIFAP. Item Autor T\u00edtulo Edi\u00e7\u00e3o Local Editora Ano Quant. 1 Ara\u00fajo, Everton Coimbra Algoritmos: Fundamentos e Pr\u00e1tica&hellip;<\/p>\n","protected":false},"author":66,"featured_media":0,"parent":0,"menu_order":6,"comment_status":"closed","ping_status":"closed","template":"fullwidth.php","meta":{"inline_featured_image":false,"ngg_post_thumbnail":0,"footnotes":""},"class_list":["post-1059","page","type-page","status-publish","hentry"],"_links":{"self":[{"href":"https:\/\/www2.unifap.br\/eletrica\/wp-json\/wp\/v2\/pages\/1059","targetHints":{"allow":["GET"]}}],"collection":[{"href":"https:\/\/www2.unifap.br\/eletrica\/wp-json\/wp\/v2\/pages"}],"about":[{"href":"https:\/\/www2.unifap.br\/eletrica\/wp-json\/wp\/v2\/types\/page"}],"author":[{"embeddable":true,"href":"https:\/\/www2.unifap.br\/eletrica\/wp-json\/wp\/v2\/users\/66"}],"replies":[{"embeddable":true,"href":"https:\/\/www2.unifap.br\/eletrica\/wp-json\/wp\/v2\/comments?post=1059"}],"version-history":[{"count":1,"href":"https:\/\/www2.unifap.br\/eletrica\/wp-json\/wp\/v2\/pages\/1059\/revisions"}],"predecessor-version":[{"id":1623,"href":"https:\/\/www2.unifap.br\/eletrica\/wp-json\/wp\/v2\/pages\/1059\/revisions\/1623"}],"wp:attachment":[{"href":"https:\/\/www2.unifap.br\/eletrica\/wp-json\/wp\/v2\/media?parent=1059"}],"curies":[{"name":"wp","href":"https:\/\/api.w.org\/{rel}","templated":true}]}}