{"id":11908,"date":"2023-11-02T15:47:45","date_gmt":"2023-11-02T18:47:45","guid":{"rendered":"https:\/\/www2.unifap.br\/eletrica\/?page_id=11908"},"modified":"2024-12-02T22:24:50","modified_gmt":"2024-12-03T01:24:50","slug":"capacitacao-ia-softex","status":"publish","type":"page","link":"https:\/\/www2.unifap.br\/eletrica\/capacitacao-ia-softex\/","title":{"rendered":"Capacita\u00e7\u00e3o IA &#8211; SOFTEX"},"content":{"rendered":"\t\t<div data-elementor-type=\"wp-page\" data-elementor-id=\"11908\" class=\"elementor elementor-11908\">\n\t\t\t\t\t\t<section class=\"elementor-section elementor-top-section elementor-element elementor-element-a4abad0 elementor-section-content-space-between elementor-section-boxed elementor-section-height-default elementor-section-height-default\" data-id=\"a4abad0\" data-element_type=\"section\" data-e-type=\"section\" data-settings=\"{&quot;background_background&quot;:&quot;classic&quot;}\">\n\t\t\t\t\t\t<div class=\"elementor-container elementor-column-gap-default\">\n\t\t\t\t\t<div class=\"elementor-column elementor-col-100 elementor-top-column elementor-element elementor-element-e29d3ad\" data-id=\"e29d3ad\" data-element_type=\"column\" data-e-type=\"column\" data-settings=\"{&quot;background_background&quot;:&quot;classic&quot;}\">\n\t\t\t<div class=\"elementor-widget-wrap elementor-element-populated\">\n\t\t\t\t\t\t<section class=\"elementor-section elementor-inner-section elementor-element elementor-element-87a7068 elementor-section-boxed elementor-section-height-default elementor-section-height-default\" data-id=\"87a7068\" data-element_type=\"section\" data-e-type=\"section\" data-settings=\"{&quot;background_background&quot;:&quot;classic&quot;}\">\n\t\t\t\t\t\t<div class=\"elementor-container elementor-column-gap-default\">\n\t\t\t\t\t<div class=\"elementor-column elementor-col-100 elementor-inner-column elementor-element elementor-element-68dbb0f elementor-invisible\" data-id=\"68dbb0f\" data-element_type=\"column\" data-e-type=\"column\" data-settings=\"{&quot;animation&quot;:&quot;slideInUp&quot;,&quot;background_background&quot;:&quot;classic&quot;}\">\n\t\t\t<div class=\"elementor-widget-wrap elementor-element-populated\">\n\t\t\t\t\t\t<div class=\"elementor-element elementor-element-63e3b76 elementor-invisible elementor-widget elementor-widget-heading\" data-id=\"63e3b76\" data-element_type=\"widget\" data-e-type=\"widget\" data-settings=\"{&quot;_animation&quot;:&quot;slideInRight&quot;}\" data-widget_type=\"heading.default\">\n\t\t\t\t<div class=\"elementor-widget-container\">\n\t\t\t\t\t<h1 class=\"elementor-heading-title elementor-size-default\">CAPACITA\u00c7\u00c3O<\/h1>\t\t\t\t<\/div>\n\t\t\t\t<\/div>\n\t\t\t\t<div class=\"elementor-element elementor-element-221c1f6 elementor-invisible elementor-widget elementor-widget-heading\" data-id=\"221c1f6\" data-element_type=\"widget\" data-e-type=\"widget\" data-settings=\"{&quot;_animation&quot;:&quot;slideInRight&quot;}\" data-widget_type=\"heading.default\">\n\t\t\t\t<div class=\"elementor-widget-container\">\n\t\t\t\t\t<h5 class=\"elementor-heading-title elementor-size-default\">RECURSOS HUMANOS<\/h5>\t\t\t\t<\/div>\n\t\t\t\t<\/div>\n\t\t\t\t<div class=\"elementor-element elementor-element-2e5484d elementor-invisible elementor-widget elementor-widget-heading\" data-id=\"2e5484d\" data-element_type=\"widget\" data-e-type=\"widget\" data-settings=\"{&quot;_animation&quot;:&quot;slideInRight&quot;}\" data-widget_type=\"heading.default\">\n\t\t\t\t<div class=\"elementor-widget-container\">\n\t\t\t\t\t<h5 class=\"elementor-heading-title elementor-size-default\">EM INTELIG\u00caNCIA ARTIFICIAL<\/h5>\t\t\t\t<\/div>\n\t\t\t\t<\/div>\n\t\t\t\t<div class=\"elementor-element elementor-element-5cd2f20 elementor-invisible elementor-widget elementor-widget-heading\" data-id=\"5cd2f20\" data-element_type=\"widget\" data-e-type=\"widget\" data-settings=\"{&quot;_animation&quot;:&quot;slideInRight&quot;}\" data-widget_type=\"heading.default\">\n\t\t\t\t<div class=\"elementor-widget-container\">\n\t\t\t\t\t<h5 class=\"elementor-heading-title elementor-size-default\">COM FOCO NO DESENVOLVIMENTO SUSTENT\u00c1VEL<\/h5>\t\t\t\t<\/div>\n\t\t\t\t<\/div>\n\t\t\t\t<div class=\"elementor-element elementor-element-2b31626 elementor-invisible elementor-widget elementor-widget-heading\" data-id=\"2b31626\" data-element_type=\"widget\" data-e-type=\"widget\" data-settings=\"{&quot;_animation&quot;:&quot;slideInRight&quot;}\" data-widget_type=\"heading.default\">\n\t\t\t\t<div class=\"elementor-widget-container\">\n\t\t\t\t\t<h5 class=\"elementor-heading-title elementor-size-default\">NA AMAZ\u00d4NICA<\/h5>\t\t\t\t<\/div>\n\t\t\t\t<\/div>\n\t\t\t\t\t<\/div>\n\t\t<\/div>\n\t\t\t\t\t<\/div>\n\t\t<\/section>\n\t\t\t\t<section class=\"elementor-section elementor-inner-section elementor-element elementor-element-d4599f9 elementor-section-boxed elementor-section-height-default elementor-section-height-default\" data-id=\"d4599f9\" data-element_type=\"section\" data-e-type=\"section\">\n\t\t\t\t\t\t<div class=\"elementor-container elementor-column-gap-default\">\n\t\t\t\t\t<div class=\"elementor-column elementor-col-50 elementor-inner-column elementor-element elementor-element-d1fbeb0 elementor-invisible\" data-id=\"d1fbeb0\" data-element_type=\"column\" data-e-type=\"column\" data-settings=\"{&quot;animation&quot;:&quot;slideInLeft&quot;,&quot;background_background&quot;:&quot;classic&quot;}\">\n\t\t\t<div class=\"elementor-widget-wrap elementor-element-populated\">\n\t\t\t\t\t\t<div class=\"elementor-element elementor-element-338465e elementor-widget elementor-widget-eael-fancy-text\" data-id=\"338465e\" data-element_type=\"widget\" data-e-type=\"widget\" data-widget_type=\"eael-fancy-text.default\">\n\t\t\t\t<div class=\"elementor-widget-container\">\n\t\t\t\t\t\n\t<div  class=\"eael-fancy-text-container style-1\" data-fancy-text-id=\"338465e\" data-fancy-text=\"|\u00daLTIMA TURMA!\" data-fancy-text-transition-type=\"typing\" data-fancy-text-speed=\"50\" data-fancy-text-delay=\"2500\" data-fancy-text-cursor=\"yes\" data-fancy-text-loop=\"yes\" data-fancy-text-action=\"page_load\" >\n\t\t\n\t\t\n\t\t\t\t\t<span id=\"eael-fancy-text-338465e\" class=\"eael-fancy-text-strings solid-color\">\n\t\t\t\t<noscript>\n\t\t\t\t\t\u00daLTIMA TURMA!\t\t\t\t<\/noscript>\n\t\t\t<\/span>\n\t\t\n\t\t\t<\/div><!-- close .eael-fancy-text-container -->\n\n\t<div class=\"clearfix\"><\/div>\n\n\t\t\t\t\t<\/div>\n\t\t\t\t<\/div>\n\t\t\t\t<div class=\"elementor-element elementor-element-25055f3 elementor-widget elementor-widget-eael-fancy-text\" data-id=\"25055f3\" data-element_type=\"widget\" data-e-type=\"widget\" data-widget_type=\"eael-fancy-text.default\">\n\t\t\t\t<div class=\"elementor-widget-container\">\n\t\t\t\t\t\n\t<div  class=\"eael-fancy-text-container style-1\" data-fancy-text-id=\"25055f3\" data-fancy-text=\"|23\/08\/24\" data-fancy-text-transition-type=\"typing\" data-fancy-text-speed=\"50\" data-fancy-text-delay=\"2500\" data-fancy-text-cursor=\"yes\" data-fancy-text-loop=\"yes\" data-fancy-text-action=\"page_load\" >\n\t\t\t\t\t<span class=\"eael-fancy-text-prefix\">In\u00edcio do curso: <\/span>\n\t\t\n\t\t\n\t\t\t\t\t<span id=\"eael-fancy-text-25055f3\" class=\"eael-fancy-text-strings solid-color\">\n\t\t\t\t<noscript>\n\t\t\t\t\t23\/08\/24\t\t\t\t<\/noscript>\n\t\t\t<\/span>\n\t\t\n\t\t\t<\/div><!-- close .eael-fancy-text-container -->\n\n\t<div class=\"clearfix\"><\/div>\n\n\t\t\t\t\t<\/div>\n\t\t\t\t<\/div>\n\t\t\t\t<div class=\"elementor-element elementor-element-55c4dcc elementor-align-justify elementor-button-info elementor-widget elementor-widget-button\" data-id=\"55c4dcc\" data-element_type=\"widget\" data-e-type=\"widget\" data-widget_type=\"button.default\">\n\t\t\t\t<div class=\"elementor-widget-container\">\n\t\t\t\t\t\t\t\t\t<div class=\"elementor-button-wrapper\">\n\t\t\t\t\t<a class=\"elementor-button elementor-button-link elementor-size-sm\" href=\"http:\/\/www2.unifap.br\/eletrica\/files\/2024\/12\/Capacitacao-IA-SOFTEX-4.png\" target=\"_blank\">\n\t\t\t\t\t\t<span class=\"elementor-button-content-wrapper\">\n\t\t\t\t\t\t\t\t\t<span class=\"elementor-button-text\">CRONOGRAMA DE AULAS<\/span>\n\t\t\t\t\t<\/span>\n\t\t\t\t\t<\/a>\n\t\t\t\t<\/div>\n\t\t\t\t\t\t\t\t<\/div>\n\t\t\t\t<\/div>\n\t\t\t\t<div class=\"elementor-element elementor-element-11162c0 elementor-align-justify elementor-button-info elementor-widget elementor-widget-button\" data-id=\"11162c0\" data-element_type=\"widget\" data-e-type=\"widget\" data-widget_type=\"button.default\">\n\t\t\t\t<div class=\"elementor-widget-container\">\n\t\t\t\t\t\t\t\t\t<div class=\"elementor-button-wrapper\">\n\t\t\t\t\t<a class=\"elementor-button elementor-button-link elementor-size-sm\" href=\"https:\/\/forms.gle\/cvdNeZ7JoE4AFrzQA\" target=\"_blank\">\n\t\t\t\t\t\t<span class=\"elementor-button-content-wrapper\">\n\t\t\t\t\t\t<span class=\"elementor-button-icon\">\n\t\t\t\t<i aria-hidden=\"true\" class=\"fas fa-pencil-alt\"><\/i>\t\t\t<\/span>\n\t\t\t\t\t\t\t\t\t<span class=\"elementor-button-text\">INSCREVA-SE<\/span>\n\t\t\t\t\t<\/span>\n\t\t\t\t\t<\/a>\n\t\t\t\t<\/div>\n\t\t\t\t\t\t\t\t<\/div>\n\t\t\t\t<\/div>\n\t\t\t\t<div class=\"elementor-element elementor-element-200e724 elementor-widget-divider--view-line elementor-widget elementor-widget-divider\" data-id=\"200e724\" data-element_type=\"widget\" data-e-type=\"widget\" data-widget_type=\"divider.default\">\n\t\t\t\t<div class=\"elementor-widget-container\">\n\t\t\t\t\t\t\t<div class=\"elementor-divider\">\n\t\t\t<span class=\"elementor-divider-separator\">\n\t\t\t\t\t\t<\/span>\n\t\t<\/div>\n\t\t\t\t\t\t<\/div>\n\t\t\t\t<\/div>\n\t\t\t\t<div class=\"elementor-element elementor-element-c4caac6 elementor-widget elementor-widget-heading\" data-id=\"c4caac6\" data-element_type=\"widget\" data-e-type=\"widget\" data-widget_type=\"heading.default\">\n\t\t\t\t<div class=\"elementor-widget-container\">\n\t\t\t\t\t<h4 class=\"elementor-heading-title elementor-size-default\">Parcerias<\/h4>\t\t\t\t<\/div>\n\t\t\t\t<\/div>\n\t\t\t\t<div class=\"elementor-element elementor-element-40aa30a elementor-widget__width-auto elementor-widget elementor-widget-image-carousel\" data-id=\"40aa30a\" data-element_type=\"widget\" data-e-type=\"widget\" data-settings=\"{&quot;slides_to_show&quot;:&quot;1&quot;,&quot;navigation&quot;:&quot;none&quot;,&quot;autoplay_speed&quot;:&quot;2000&quot;,&quot;slides_to_show_tablet&quot;:&quot;1&quot;,&quot;autoplay&quot;:&quot;yes&quot;,&quot;pause_on_hover&quot;:&quot;yes&quot;,&quot;pause_on_interaction&quot;:&quot;yes&quot;,&quot;infinite&quot;:&quot;yes&quot;,&quot;effect&quot;:&quot;slide&quot;,&quot;speed&quot;:500}\" data-widget_type=\"image-carousel.default\">\n\t\t\t\t<div class=\"elementor-widget-container\">\n\t\t\t\t\t\t\t<div class=\"elementor-image-carousel-wrapper swiper\" role=\"region\" aria-roledescription=\"carousel\" aria-label=\"Carrossel de imagens\" dir=\"ltr\">\n\t\t\t<div class=\"elementor-image-carousel swiper-wrapper\" aria-live=\"off\">\n\t\t\t\t\t\t\t\t<div class=\"swiper-slide\" role=\"group\" aria-roledescription=\"slide\" aria-label=\"1 de 9\"><a data-elementor-open-lightbox=\"yes\" data-elementor-lightbox-slideshow=\"40aa30a\" data-elementor-lightbox-title=\"softex_amazonia-removebg-preview\" data-e-action-hash=\"#elementor-action%3Aaction%3Dlightbox%26settings%3DeyJpZCI6IjExOTMwIiwidXJsIjoiaHR0cHM6XC9cL3d3dzIudW5pZmFwLmJyXC9lbGV0cmljYVwvZmlsZXNcLzIwMjNcLzExXC9zb2Z0ZXhfYW1hem9uaWEtcmVtb3ZlYmctcHJldmlldy5wbmciLCJzbGlkZXNob3ciOiI0MGFhMzBhIn0%3D\" href=\"https:\/\/www2.unifap.br\/eletrica\/files\/2023\/11\/softex_amazonia-removebg-preview.png\"><figure class=\"swiper-slide-inner\"><img decoding=\"async\" class=\"swiper-slide-image\" src=\"https:\/\/www2.unifap.br\/eletrica\/files\/2023\/11\/softex_amazonia-removebg-preview.png\" alt=\"softex_amazonia-removebg-preview\" \/><\/figure><\/a><\/div><div class=\"swiper-slide\" role=\"group\" aria-roledescription=\"slide\" aria-label=\"2 de 9\"><a data-elementor-open-lightbox=\"yes\" data-elementor-lightbox-slideshow=\"40aa30a\" data-elementor-lightbox-title=\"logo-home\" data-e-action-hash=\"#elementor-action%3Aaction%3Dlightbox%26settings%3DeyJpZCI6IjExNDE2IiwidXJsIjoiaHR0cHM6XC9cL3d3dzIudW5pZmFwLmJyXC9lbGV0cmljYVwvZmlsZXNcLzIwMjNcLzEwXC9sb2dvLWhvbWUucG5nIiwic2xpZGVzaG93IjoiNDBhYTMwYSJ9\" href=\"https:\/\/www2.unifap.br\/eletrica\/files\/2023\/10\/logo-home.png\"><figure class=\"swiper-slide-inner\"><img decoding=\"async\" class=\"swiper-slide-image\" src=\"https:\/\/www2.unifap.br\/eletrica\/files\/2023\/10\/logo-home-300x100.png\" alt=\"logo-home\" \/><\/figure><\/a><\/div><div class=\"swiper-slide\" role=\"group\" aria-roledescription=\"slide\" aria-label=\"3 de 9\"><a data-elementor-open-lightbox=\"yes\" data-elementor-lightbox-slideshow=\"40aa30a\" data-elementor-lightbox-title=\"capacita-removebg-preview\" data-e-action-hash=\"#elementor-action%3Aaction%3Dlightbox%26settings%3DeyJpZCI6IjExNTE4IiwidXJsIjoiaHR0cHM6XC9cL3d3dzIudW5pZmFwLmJyXC9lbGV0cmljYVwvZmlsZXNcLzIwMjNcLzEwXC9jYXBhY2l0YS1yZW1vdmViZy1wcmV2aWV3LnBuZyIsInNsaWRlc2hvdyI6IjQwYWEzMGEifQ%3D%3D\" href=\"https:\/\/www2.unifap.br\/eletrica\/files\/2023\/10\/capacita-removebg-preview.png\"><figure class=\"swiper-slide-inner\"><img decoding=\"async\" class=\"swiper-slide-image\" src=\"https:\/\/www2.unifap.br\/eletrica\/files\/2023\/10\/capacita-removebg-preview.png\" alt=\"capacita-removebg-preview\" \/><\/figure><\/a><\/div><div class=\"swiper-slide\" role=\"group\" aria-roledescription=\"slide\" aria-label=\"4 de 9\"><a data-elementor-open-lightbox=\"yes\" data-elementor-lightbox-slideshow=\"40aa30a\" data-elementor-lightbox-title=\"ppei-removebg-preview\" data-e-action-hash=\"#elementor-action%3Aaction%3Dlightbox%26settings%3DeyJpZCI6IjExODExIiwidXJsIjoiaHR0cHM6XC9cL3d3dzIudW5pZmFwLmJyXC9lbGV0cmljYVwvZmlsZXNcLzIwMjNcLzEwXC9wcGVpLXJlbW92ZWJnLXByZXZpZXcucG5nIiwic2xpZGVzaG93IjoiNDBhYTMwYSJ9\" href=\"https:\/\/www2.unifap.br\/eletrica\/files\/2023\/10\/ppei-removebg-preview.png\"><figure class=\"swiper-slide-inner\"><img decoding=\"async\" class=\"swiper-slide-image\" src=\"https:\/\/www2.unifap.br\/eletrica\/files\/2023\/10\/ppei-removebg-preview.png\" alt=\"ppei-removebg-preview\" \/><\/figure><\/a><\/div><div class=\"swiper-slide\" role=\"group\" aria-roledescription=\"slide\" aria-label=\"5 de 9\"><a data-elementor-open-lightbox=\"yes\" data-elementor-lightbox-slideshow=\"40aa30a\" data-elementor-lightbox-title=\"alternativa-2-removebg-preview\" data-e-action-hash=\"#elementor-action%3Aaction%3Dlightbox%26settings%3DeyJpZCI6IjExODEwIiwidXJsIjoiaHR0cHM6XC9cL3d3dzIudW5pZmFwLmJyXC9lbGV0cmljYVwvZmlsZXNcLzIwMjNcLzEwXC9hbHRlcm5hdGl2YS0yLXJlbW92ZWJnLXByZXZpZXcucG5nIiwic2xpZGVzaG93IjoiNDBhYTMwYSJ9\" href=\"https:\/\/www2.unifap.br\/eletrica\/files\/2023\/10\/alternativa-2-removebg-preview.png\"><figure class=\"swiper-slide-inner\"><img decoding=\"async\" class=\"swiper-slide-image\" src=\"https:\/\/www2.unifap.br\/eletrica\/files\/2023\/10\/alternativa-2-removebg-preview-300x99.png\" alt=\"alternativa-2-removebg-preview\" \/><\/figure><\/a><\/div><div class=\"swiper-slide\" role=\"group\" aria-roledescription=\"slide\" aria-label=\"6 de 9\"><a data-elementor-open-lightbox=\"yes\" data-elementor-lightbox-slideshow=\"40aa30a\" data-elementor-lightbox-title=\"18104_logo_eletrica-e1698716514390\" data-e-action-hash=\"#elementor-action%3Aaction%3Dlightbox%26settings%3DeyJpZCI6IjExNTM4IiwidXJsIjoiaHR0cHM6XC9cL3d3dzIudW5pZmFwLmJyXC9lbGV0cmljYVwvZmlsZXNcLzIwMjNcLzEwXC8xODEwNF9sb2dvX2VsZXRyaWNhLWUxNjk4NzE2NTE0MzkwLnBuZyIsInNsaWRlc2hvdyI6IjQwYWEzMGEifQ%3D%3D\" href=\"https:\/\/www2.unifap.br\/eletrica\/files\/2023\/10\/18104_logo_eletrica-e1698716514390.png\"><figure class=\"swiper-slide-inner\"><img decoding=\"async\" class=\"swiper-slide-image\" src=\"https:\/\/www2.unifap.br\/eletrica\/files\/2023\/10\/18104_logo_eletrica-e1698716514390-295x300.png\" alt=\"18104_logo_eletrica-e1698716514390\" \/><\/figure><\/a><\/div><div class=\"swiper-slide\" role=\"group\" aria-roledescription=\"slide\" aria-label=\"7 de 9\"><a data-elementor-open-lightbox=\"yes\" data-elementor-lightbox-slideshow=\"40aa30a\" data-elementor-lightbox-title=\"LOGO-2-removebg-preview\" data-e-action-hash=\"#elementor-action%3Aaction%3Dlightbox%26settings%3DeyJpZCI6IjExOTMyIiwidXJsIjoiaHR0cHM6XC9cL3d3dzIudW5pZmFwLmJyXC9lbGV0cmljYVwvZmlsZXNcLzIwMjNcLzExXC9MT0dPLTItcmVtb3ZlYmctcHJldmlldy5wbmciLCJzbGlkZXNob3ciOiI0MGFhMzBhIn0%3D\" href=\"https:\/\/www2.unifap.br\/eletrica\/files\/2023\/11\/LOGO-2-removebg-preview.png\"><figure class=\"swiper-slide-inner\"><img decoding=\"async\" class=\"swiper-slide-image\" src=\"https:\/\/www2.unifap.br\/eletrica\/files\/2023\/11\/LOGO-2-removebg-preview-300x113.png\" alt=\"LOGO-2-removebg-preview\" \/><\/figure><\/a><\/div><div class=\"swiper-slide\" role=\"group\" aria-roledescription=\"slide\" aria-label=\"8 de 9\"><a data-elementor-open-lightbox=\"yes\" data-elementor-lightbox-slideshow=\"40aa30a\" data-elementor-lightbox-title=\"brasao-unifap-logo-30D52A56E3-seeklogo.com-removebg-preview\" data-e-action-hash=\"#elementor-action%3Aaction%3Dlightbox%26settings%3DeyJpZCI6IjExOTMxIiwidXJsIjoiaHR0cHM6XC9cL3d3dzIudW5pZmFwLmJyXC9lbGV0cmljYVwvZmlsZXNcLzIwMjNcLzExXC9icmFzYW8tdW5pZmFwLWxvZ28tMzBENTJBNTZFMy1zZWVrbG9nby5jb20tcmVtb3ZlYmctcHJldmlldy5wbmciLCJzbGlkZXNob3ciOiI0MGFhMzBhIn0%3D\" href=\"https:\/\/www2.unifap.br\/eletrica\/files\/2023\/11\/brasao-unifap-logo-30D52A56E3-seeklogo.com-removebg-preview.png\"><figure class=\"swiper-slide-inner\"><img decoding=\"async\" class=\"swiper-slide-image\" src=\"https:\/\/www2.unifap.br\/eletrica\/files\/2023\/11\/brasao-unifap-logo-30D52A56E3-seeklogo.com-removebg-preview.png\" alt=\"brasao-unifap-logo-30D52A56E3-seeklogo.com-removebg-preview\" \/><\/figure><\/a><\/div><div class=\"swiper-slide\" role=\"group\" aria-roledescription=\"slide\" aria-label=\"9 de 9\"><a data-elementor-open-lightbox=\"yes\" data-elementor-lightbox-slideshow=\"40aa30a\" data-elementor-lightbox-title=\"image\" data-e-action-hash=\"#elementor-action%3Aaction%3Dlightbox%26settings%3DeyJpZCI6IjExODE1IiwidXJsIjoiaHR0cHM6XC9cL3d3dzIudW5pZmFwLmJyXC9lbGV0cmljYVwvZmlsZXNcLzIwMjNcLzEwXC9pbWFnZS5wbmciLCJzbGlkZXNob3ciOiI0MGFhMzBhIn0%3D\" href=\"https:\/\/www2.unifap.br\/eletrica\/files\/2023\/10\/image.png\"><figure class=\"swiper-slide-inner\"><img decoding=\"async\" class=\"swiper-slide-image\" src=\"https:\/\/www2.unifap.br\/eletrica\/files\/2023\/10\/image-300x169.png\" alt=\"image\" \/><\/figure><\/a><\/div>\t\t\t<\/div>\n\t\t\t\t\t\t\t\n\t\t\t\t\t\t\t\t\t<\/div>\n\t\t\t\t\t\t<\/div>\n\t\t\t\t<\/div>\n\t\t\t\t\t<\/div>\n\t\t<\/div>\n\t\t\t\t<div class=\"elementor-column elementor-col-50 elementor-inner-column elementor-element elementor-element-ce5516f elementor-invisible\" data-id=\"ce5516f\" data-element_type=\"column\" data-e-type=\"column\" data-settings=\"{&quot;animation&quot;:&quot;slideInRight&quot;}\">\n\t\t\t<div class=\"elementor-widget-wrap elementor-element-populated\">\n\t\t\t\t\t\t<div class=\"elementor-element elementor-element-148f55d elementor-widget-divider--view-line elementor-widget elementor-widget-divider\" data-id=\"148f55d\" data-element_type=\"widget\" data-e-type=\"widget\" data-widget_type=\"divider.default\">\n\t\t\t\t<div class=\"elementor-widget-container\">\n\t\t\t\t\t\t\t<div class=\"elementor-divider\">\n\t\t\t<span class=\"elementor-divider-separator\">\n\t\t\t\t\t\t<\/span>\n\t\t<\/div>\n\t\t\t\t\t\t<\/div>\n\t\t\t\t<\/div>\n\t\t\t\t<div class=\"elementor-element elementor-element-054d859 elementor-widget elementor-widget-heading\" data-id=\"054d859\" data-element_type=\"widget\" data-e-type=\"widget\" data-widget_type=\"heading.default\">\n\t\t\t\t<div class=\"elementor-widget-container\">\n\t\t\t\t\t<h4 class=\"elementor-heading-title elementor-size-default\">\u00daltimas Not\u00edcias<\/h4>\t\t\t\t<\/div>\n\t\t\t\t<\/div>\n\t\t\t\t<div class=\"elementor-element elementor-element-a1fa2c8 elementor-grid-1 elementor-grid-tablet-1 elementor-grid-mobile-1 elementor-widget elementor-widget-elementor-blog-posts\" data-id=\"a1fa2c8\" data-element_type=\"widget\" data-e-type=\"widget\" data-settings=\"{&quot;columns&quot;:&quot;1&quot;,&quot;columns_tablet&quot;:&quot;1&quot;,&quot;columns_mobile&quot;:&quot;1&quot;}\" data-widget_type=\"elementor-blog-posts.default\">\n\t\t\t\t<div class=\"elementor-widget-container\">\n\t\t\t\t\t\t\t<div class=\"wpcap-grid\">\n\t\t\t\t\t\t<div class=\"wpcap-grid-container elementor-grid wpcap-grid-desktop-1 wpcap-grid-tablet-1 wpcap-grid-mobile-1 grid-meta-bottom\">\n\n\t\t\t\t\n        <article id=\"post-13738\" class=\"wpcap-post post-13738 post type-post status-publish format-standard has-post-thumbnail hentry category-softex\">\n         \n            <div class=\"post-grid-inner\">\n            \t\n            \t\t\t\t<div class=\"post-grid-thumbnail\">\n\t\t\t\t<a href=\"https:\/\/www2.unifap.br\/eletrica\/2024\/10\/08\/inscricoes-abertas\/\">\n\t\t\t\t\t<img fetchpriority=\"high\" decoding=\"async\" width=\"1131\" height=\"1600\" src=\"https:\/\/www2.unifap.br\/eletrica\/files\/2024\/10\/Inscricoes-abertas-out24.jpg\" class=\"attachment-full size-full wp-post-image\" alt=\"\" srcset=\"https:\/\/www2.unifap.br\/eletrica\/files\/2024\/10\/Inscricoes-abertas-out24.jpg 1131w, https:\/\/www2.unifap.br\/eletrica\/files\/2024\/10\/Inscricoes-abertas-out24-212x300.jpg 212w, https:\/\/www2.unifap.br\/eletrica\/files\/2024\/10\/Inscricoes-abertas-out24-724x1024.jpg 724w, https:\/\/www2.unifap.br\/eletrica\/files\/2024\/10\/Inscricoes-abertas-out24-768x1086.jpg 768w, https:\/\/www2.unifap.br\/eletrica\/files\/2024\/10\/Inscricoes-abertas-out24-1086x1536.jpg 1086w\" sizes=\"(max-width: 1131px) 100vw, 1131px\" \/>\t\t\t\t<\/a>\n\t\t\t<\/div>\n        \n                <div class=\"post-grid-text-wrap\">\n               \t\t\t\t<h5 class=\"title\">\n\t\t\t<a href=\"https:\/\/www2.unifap.br\/eletrica\/2024\/10\/08\/inscricoes-abertas\/\">Inscri\u00e7\u00f5es Abertas &#8211; \u00daltima Turma<\/a>\n\t\t<\/h5>\n\t\t\t                \t                \t\t<a class=\"read-more-btn\" href=\"https:\/\/www2.unifap.br\/eletrica\/2024\/10\/08\/inscricoes-abertas\/\">Saiba Mais \u00bb<\/a>\n\t\t                <\/div>\n\n                \t\t<div class=\"post-grid-meta\">\n\t\t\t\n\t\t\t\t<span class=\"post-date\"><time datetime=\"2024-10-08T17:47:56-03:00\">08\/10\/2024<\/time><\/span>\n\n\t\t\t\t\t\t<\/div>\n\t\t\n            <\/div><!-- .blog-inner -->\n           \n        <\/article>\n\n        \n\t\t\t<\/div>\n\t\t<\/div>\n\t\t\t\t\t\t<\/div>\n\t\t\t\t<\/div>\n\t\t\t\t<div class=\"elementor-element elementor-element-145feee elementor-align-center elementor-widget elementor-widget-button\" data-id=\"145feee\" data-element_type=\"widget\" data-e-type=\"widget\" data-widget_type=\"button.default\">\n\t\t\t\t<div class=\"elementor-widget-container\">\n\t\t\t\t\t\t\t\t\t<div class=\"elementor-button-wrapper\">\n\t\t\t\t\t<a class=\"elementor-button elementor-button-link elementor-size-sm\" href=\"https:\/\/www2.unifap.br\/eletrica\/category\/softex\">\n\t\t\t\t\t\t<span class=\"elementor-button-content-wrapper\">\n\t\t\t\t\t\t\t\t\t<span class=\"elementor-button-text\">Mais not\u00edcias<\/span>\n\t\t\t\t\t<\/span>\n\t\t\t\t\t<\/a>\n\t\t\t\t<\/div>\n\t\t\t\t\t\t\t\t<\/div>\n\t\t\t\t<\/div>\n\t\t\t\t<div class=\"elementor-element elementor-element-263067c elementor-shape-rounded elementor-grid-0 e-grid-align-center elementor-widget elementor-widget-social-icons\" data-id=\"263067c\" data-element_type=\"widget\" data-e-type=\"widget\" data-widget_type=\"social-icons.default\">\n\t\t\t\t<div class=\"elementor-widget-container\">\n\t\t\t\t\t\t\t<div class=\"elementor-social-icons-wrapper elementor-grid\" role=\"list\">\n\t\t\t\t\t\t\t<span class=\"elementor-grid-item\" role=\"listitem\">\n\t\t\t\t\t<a class=\"elementor-icon elementor-social-icon elementor-social-icon-instagram elementor-repeater-item-756578c\" href=\"https:\/\/www.instagram.com\/engenhariaeletricaunifap\/\" target=\"_blank\">\n\t\t\t\t\t\t<span class=\"elementor-screen-only\">Instagram<\/span>\n\t\t\t\t\t\t<i aria-hidden=\"true\" class=\"fab fa-instagram\"><\/i>\t\t\t\t\t<\/a>\n\t\t\t\t<\/span>\n\t\t\t\t\t\t\t<span class=\"elementor-grid-item\" role=\"listitem\">\n\t\t\t\t\t<a class=\"elementor-icon elementor-social-icon elementor-social-icon-envelope elementor-repeater-item-801593f\" href=\"http:\/\/cap.iasoftex@gmail.com\" target=\"_blank\">\n\t\t\t\t\t\t<span class=\"elementor-screen-only\">Envelope<\/span>\n\t\t\t\t\t\t<i aria-hidden=\"true\" class=\"fas fa-envelope\"><\/i>\t\t\t\t\t<\/a>\n\t\t\t\t<\/span>\n\t\t\t\t\t<\/div>\n\t\t\t\t\t\t<\/div>\n\t\t\t\t<\/div>\n\t\t\t\t\t<\/div>\n\t\t<\/div>\n\t\t\t\t\t<\/div>\n\t\t<\/section>\n\t\t\t\t<div class=\"elementor-element elementor-element-a5d69d5 elementor-widget elementor-widget-heading\" data-id=\"a5d69d5\" data-element_type=\"widget\" data-e-type=\"widget\" data-widget_type=\"heading.default\">\n\t\t\t\t<div class=\"elementor-widget-container\">\n\t\t\t\t\t<h5 class=\"elementor-heading-title elementor-size-default\">\u00a9 Copyright 2023. All Rights Reserved<\/h5>\t\t\t\t<\/div>\n\t\t\t\t<\/div>\n\t\t\t\t\t<\/div>\n\t\t<\/div>\n\t\t\t\t\t<\/div>\n\t\t<\/section>\n\t\t\t\t<\/div>\n\t\t","protected":false},"excerpt":{"rendered":"<p>CAPACITA\u00c7\u00c3O RECURSOS HUMANOS EM INTELIG\u00caNCIA ARTIFICIAL COM FOCO NO DESENVOLVIMENTO SUSTENT\u00c1VEL NA AMAZ\u00d4NICA \u00daLTIMA TURMA! In\u00edcio do curso: 23\/08\/24 CRONOGRAMA DE AULAS INSCREVA-SE Parcerias \u00daltimas Not\u00edcias Inscri\u00e7\u00f5es Abertas &#8211; \u00daltima Turma Saiba Mais \u00bb 08\/10\/2024 Mais not\u00edcias Instagram Envelope \u00a9 Copyright 2023. All Rights Reserved<\/p>\n","protected":false},"author":3882,"featured_media":0,"parent":0,"menu_order":0,"comment_status":"closed","ping_status":"closed","template":"elementor_canvas","meta":{"inline_featured_image":false,"ngg_post_thumbnail":0,"footnotes":""},"class_list":["post-11908","page","type-page","status-publish","hentry"],"_links":{"self":[{"href":"https:\/\/www2.unifap.br\/eletrica\/wp-json\/wp\/v2\/pages\/11908","targetHints":{"allow":["GET"]}}],"collection":[{"href":"https:\/\/www2.unifap.br\/eletrica\/wp-json\/wp\/v2\/pages"}],"about":[{"href":"https:\/\/www2.unifap.br\/eletrica\/wp-json\/wp\/v2\/types\/page"}],"author":[{"embeddable":true,"href":"https:\/\/www2.unifap.br\/eletrica\/wp-json\/wp\/v2\/users\/3882"}],"replies":[{"embeddable":true,"href":"https:\/\/www2.unifap.br\/eletrica\/wp-json\/wp\/v2\/comments?post=11908"}],"version-history":[{"count":306,"href":"https:\/\/www2.unifap.br\/eletrica\/wp-json\/wp\/v2\/pages\/11908\/revisions"}],"predecessor-version":[{"id":13847,"href":"https:\/\/www2.unifap.br\/eletrica\/wp-json\/wp\/v2\/pages\/11908\/revisions\/13847"}],"wp:attachment":[{"href":"https:\/\/www2.unifap.br\/eletrica\/wp-json\/wp\/v2\/media?parent=11908"}],"curies":[{"name":"wp","href":"https:\/\/api.w.org\/{rel}","templated":true}]}}