{"id":2797,"date":"2020-05-26T15:31:29","date_gmt":"2020-05-26T18:31:29","guid":{"rendered":"http:\/\/www2.unifap.br\/eletrica\/?page_id=2797"},"modified":"2020-05-30T01:58:42","modified_gmt":"2020-05-30T04:58:42","slug":"laboratorio-de-energias-renovaveis","status":"publish","type":"page","link":"https:\/\/www2.unifap.br\/eletrica\/academico\/laboratorios\/laboratorio-de-energias-renovaveis\/","title":{"rendered":"Laborat\u00f3rio de Energias Renov\u00e1veis"},"content":{"rendered":"\t\t<div data-elementor-type=\"wp-post\" data-elementor-id=\"2797\" class=\"elementor elementor-2797 elementor-bc-flex-widget\">\n\t\t\t\t\t\t<section class=\"elementor-section elementor-top-section elementor-element elementor-element-0a58308 elementor-section-boxed elementor-section-height-default elementor-section-height-default\" data-id=\"0a58308\" data-element_type=\"section\" data-e-type=\"section\">\n\t\t\t\t\t\t<div class=\"elementor-container elementor-column-gap-default\">\n\t\t\t\t\t<div class=\"elementor-column elementor-col-100 elementor-top-column elementor-element elementor-element-b5b2fdf\" data-id=\"b5b2fdf\" data-element_type=\"column\" data-e-type=\"column\">\n\t\t\t<div class=\"elementor-widget-wrap elementor-element-populated\">\n\t\t\t\t\t\t<div class=\"elementor-element elementor-element-02c61d7 elementor-widget elementor-widget-heading\" data-id=\"02c61d7\" data-element_type=\"widget\" data-e-type=\"widget\" data-widget_type=\"heading.default\">\n\t\t\t\t<div class=\"elementor-widget-container\">\n\t\t\t\t\t<h2 class=\"elementor-heading-title elementor-size-default\">Laborat\u00f3rio de Energias Renov\u00e1veis<\/h2>\t\t\t\t<\/div>\n\t\t\t\t<\/div>\n\t\t\t\t\t<\/div>\n\t\t<\/div>\n\t\t\t\t\t<\/div>\n\t\t<\/section>\n\t\t\t\t<section class=\"elementor-section elementor-top-section elementor-element elementor-element-82d916f elementor-section-boxed elementor-section-height-default elementor-section-height-default\" data-id=\"82d916f\" data-element_type=\"section\" data-e-type=\"section\">\n\t\t\t\t\t\t<div class=\"elementor-container elementor-column-gap-default\">\n\t\t\t\t\t<div class=\"elementor-column elementor-col-100 elementor-top-column elementor-element elementor-element-a1ef319\" data-id=\"a1ef319\" data-element_type=\"column\" data-e-type=\"column\">\n\t\t\t<div class=\"elementor-widget-wrap elementor-element-populated\">\n\t\t\t\t\t\t<div class=\"elementor-element elementor-element-0c6c8e5 elementor-widget elementor-widget-text-editor\" data-id=\"0c6c8e5\" data-element_type=\"widget\" data-e-type=\"widget\" data-widget_type=\"text-editor.default\">\n\t\t\t\t<div class=\"elementor-widget-container\">\n\t\t\t\t\t\t\t\t\t<p>Laborat\u00f3rio did\u00e1tico e de pesquisa em que s\u00e3o executadas atividades de testes, ensaios, medi\u00e7\u00e3o e reparos de equipamentos do sistema el\u00e9trica de baixa pot\u00eancia, atrav\u00e9s de gera\u00e7\u00e3o de energia fotovoltaica e e\u00f3lica.<\/p><p>Dentre os equipamentos dispon\u00edveis no laborat\u00f3rio est\u00e3o:<\/p><ul><li>Gerador fotovoltaico de conex\u00e3o direta \u00e0 rede el\u00e9trica, o qual fornece em m\u00e9dia 380 &#8211; 420 Vdc. Sa\u00edda \u00a0(ap\u00f3s \u00a0o inversor de frequ\u00eancia): 220 V c.a.<\/li><li>Simulador de m\u00f3dulo fotovoltaico: fonte de 1200W, 260Vdc e inversor conectado \u00e0 rede el\u00e9trica para teste.<\/li><li>Kits did\u00e1ticos de equipamentos el\u00e9tricos com m\u00f3dulos fotovoltaicos, controladores de carga, baterias (45 A\/h) e inversores.<\/li><\/ul><p>As atividades do laborat\u00f3rio tamb\u00e9m s\u00e3o estendidas a ambientes externos, como \u00a0a instala\u00e7\u00e3o de um Sistema H\u00edbrido de energia (fotovoltaica de 1kw + e\u00f3lica de 500V) no munic\u00edpio de Itaubal.<\/p>\t\t\t\t\t\t\t\t<\/div>\n\t\t\t\t<\/div>\n\t\t\t\t\t<\/div>\n\t\t<\/div>\n\t\t\t\t\t<\/div>\n\t\t<\/section>\n\t\t\t\t<section class=\"elementor-section elementor-top-section elementor-element elementor-element-bd4240c elementor-section-boxed elementor-section-height-default elementor-section-height-default\" data-id=\"bd4240c\" data-element_type=\"section\" data-e-type=\"section\">\n\t\t\t\t\t\t<div class=\"elementor-container elementor-column-gap-default\">\n\t\t\t\t\t<div class=\"elementor-column elementor-col-50 elementor-top-column elementor-element elementor-element-78fa665\" data-id=\"78fa665\" data-element_type=\"column\" data-e-type=\"column\">\n\t\t\t<div class=\"elementor-widget-wrap elementor-element-populated\">\n\t\t\t\t\t\t<div class=\"elementor-element elementor-element-4378f9c elementor-widget elementor-widget-image\" data-id=\"4378f9c\" data-element_type=\"widget\" data-e-type=\"widget\" data-widget_type=\"image.default\">\n\t\t\t\t<div class=\"elementor-widget-container\">\n\t\t\t\t\t\t\t\t\t\t\t\t<figure class=\"wp-caption\">\n\t\t\t\t\t\t\t\t\t\t<img decoding=\"async\" width=\"40\" height=\"30\" src=\"https:\/\/www2.unifap.br\/eletrica\/files\/2020\/05\/periculosidade1.png\" class=\"attachment-full size-full wp-image-6044\" alt=\"\" \/>\t\t\t\t\t\t\t\t\t\t\t<figcaption class=\"widget-image-caption wp-caption-text\">Laudo de Periculosidade<\/figcaption>\n\t\t\t\t\t\t\t\t\t\t<\/figure>\n\t\t\t\t\t\t\t\t\t<\/div>\n\t\t\t\t<\/div>\n\t\t\t\t\t<\/div>\n\t\t<\/div>\n\t\t\t\t<div class=\"elementor-column elementor-col-50 elementor-top-column elementor-element elementor-element-c7ea0b3\" data-id=\"c7ea0b3\" data-element_type=\"column\" data-e-type=\"column\">\n\t\t\t<div class=\"elementor-widget-wrap elementor-element-populated\">\n\t\t\t\t\t\t<div class=\"elementor-element elementor-element-3e10fe9 elementor-widget elementor-widget-text-editor\" data-id=\"3e10fe9\" data-element_type=\"widget\" data-e-type=\"widget\" data-widget_type=\"text-editor.default\">\n\t\t\t\t<div class=\"elementor-widget-container\">\n\t\t\t\t\t\t\t\t\t<p>Esse laborat\u00f3rio \u00e9 avaliado pela Divis\u00e3o de Sa\u00fade e Medicina do Trabalho da UNIFAP, <strong>como \u00e1rea de risco a vida<\/strong>, conforme <a href=\"http:\/\/www2.unifap.br\/eletrica\/files\/2020\/05\/Laudo-Lab-EnergiasRenovaveis.pdf\">laudo t\u00e9cnico ambiental 08\/2019<\/a>.<\/p>\t\t\t\t\t\t\t\t<\/div>\n\t\t\t\t<\/div>\n\t\t\t\t\t<\/div>\n\t\t<\/div>\n\t\t\t\t\t<\/div>\n\t\t<\/section>\n\t\t\t\t<section class=\"elementor-section elementor-top-section elementor-element elementor-element-3f119047 elementor-section-boxed elementor-section-height-default elementor-section-height-default\" data-id=\"3f119047\" data-element_type=\"section\" data-e-type=\"section\">\n\t\t\t\t\t\t<div class=\"elementor-container elementor-column-gap-default\">\n\t\t\t\t\t<div class=\"elementor-column elementor-col-100 elementor-top-column elementor-element elementor-element-44b0c45b\" data-id=\"44b0c45b\" data-element_type=\"column\" data-e-type=\"column\">\n\t\t\t<div class=\"elementor-widget-wrap elementor-element-populated\">\n\t\t\t\t\t\t<div class=\"elementor-element elementor-element-3a539c6 elementor-widget elementor-widget-text-editor\" data-id=\"3a539c6\" data-element_type=\"widget\" data-e-type=\"widget\" data-widget_type=\"text-editor.default\">\n\t\t\t\t<div class=\"elementor-widget-container\">\n\t\t\t\t\t\t\t\t\t<p><strong>Chefe de Laborat\u00f3rio:<\/strong> Prof. Dr. Alaan Ubaiara Brito<\/p><p>E-mail:\u00a0<a href=\"mailto:aubrito@unifap.br\">aubrito@unifap.br<\/a><\/p><p><strong>T\u00e9cnico:<\/strong>\u00a0M\u00e1rcio Clei Silva de Oliveira<\/p><p>E-mail: <a href=\"mailto:marcioclei@unifap.br\">marcioclei@unifap.br<\/a><\/p><p>\u00a0<\/p>\t\t\t\t\t\t\t\t<\/div>\n\t\t\t\t<\/div>\n\t\t\t\t\t<\/div>\n\t\t<\/div>\n\t\t\t\t\t<\/div>\n\t\t<\/section>\n\t\t\t\t<section class=\"elementor-section elementor-top-section elementor-element elementor-element-b4f30c5 elementor-section-boxed elementor-section-height-default elementor-section-height-default\" data-id=\"b4f30c5\" data-element_type=\"section\" data-e-type=\"section\">\n\t\t\t\t\t\t<div class=\"elementor-container elementor-column-gap-default\">\n\t\t\t\t\t<div class=\"elementor-column elementor-col-100 elementor-top-column elementor-element elementor-element-d4fc6b5\" data-id=\"d4fc6b5\" data-element_type=\"column\" data-e-type=\"column\">\n\t\t\t<div class=\"elementor-widget-wrap elementor-element-populated\">\n\t\t\t\t\t\t<div class=\"elementor-element elementor-element-d55e436 elementor-invisible elementor-widget elementor-widget-image-gallery\" data-id=\"d55e436\" data-element_type=\"widget\" data-e-type=\"widget\" data-settings=\"{&quot;_animation&quot;:&quot;fadeIn&quot;}\" data-widget_type=\"image-gallery.default\">\n\t\t\t\t<div class=\"elementor-widget-container\">\n\t\t\t\t\t\t\t<div class=\"elementor-image-gallery\">\n\t\t\t<div id='gallery-1' class='gallery galleryid-2797 gallery-columns-4 gallery-size-thumbnail'><figure class='gallery-item'>\n\t\t\t<div class='gallery-icon landscape'>\n\t\t\t\t<a data-elementor-open-lightbox=\"yes\" data-elementor-lightbox-slideshow=\"d55e436\" data-elementor-lightbox-title=\"24\" data-e-action-hash=\"#elementor-action%3Aaction%3Dlightbox%26settings%3DeyJpZCI6NTg3MCwidXJsIjoiaHR0cHM6XC9cL3d3dzIudW5pZmFwLmJyXC9lbGV0cmljYVwvZmlsZXNcLzIwMjBcLzA1XC8yNC5qcGciLCJzbGlkZXNob3ciOiJkNTVlNDM2In0%3D\" href='https:\/\/www2.unifap.br\/eletrica\/files\/2020\/05\/24.jpg'><img decoding=\"async\" width=\"150\" height=\"150\" src=\"https:\/\/www2.unifap.br\/eletrica\/files\/2020\/05\/24-150x150.jpg\" class=\"attachment-thumbnail size-thumbnail\" alt=\"\" \/><\/a>\n\t\t\t<\/div><\/figure><figure class='gallery-item'>\n\t\t\t<div class='gallery-icon landscape'>\n\t\t\t\t<a data-elementor-open-lightbox=\"yes\" data-elementor-lightbox-slideshow=\"d55e436\" data-elementor-lightbox-title=\"25\" data-e-action-hash=\"#elementor-action%3Aaction%3Dlightbox%26settings%3DeyJpZCI6NTg3MSwidXJsIjoiaHR0cHM6XC9cL3d3dzIudW5pZmFwLmJyXC9lbGV0cmljYVwvZmlsZXNcLzIwMjBcLzA1XC8yNS5qcGciLCJzbGlkZXNob3ciOiJkNTVlNDM2In0%3D\" href='https:\/\/www2.unifap.br\/eletrica\/files\/2020\/05\/25.jpg'><img decoding=\"async\" width=\"150\" height=\"150\" src=\"https:\/\/www2.unifap.br\/eletrica\/files\/2020\/05\/25-150x150.jpg\" class=\"attachment-thumbnail size-thumbnail\" alt=\"\" \/><\/a>\n\t\t\t<\/div><\/figure><figure class='gallery-item'>\n\t\t\t<div class='gallery-icon landscape'>\n\t\t\t\t<a data-elementor-open-lightbox=\"yes\" data-elementor-lightbox-slideshow=\"d55e436\" data-elementor-lightbox-title=\"26\" data-e-action-hash=\"#elementor-action%3Aaction%3Dlightbox%26settings%3DeyJpZCI6NTg3MiwidXJsIjoiaHR0cHM6XC9cL3d3dzIudW5pZmFwLmJyXC9lbGV0cmljYVwvZmlsZXNcLzIwMjBcLzA1XC8yNi5qcGciLCJzbGlkZXNob3ciOiJkNTVlNDM2In0%3D\" href='https:\/\/www2.unifap.br\/eletrica\/files\/2020\/05\/26.jpg'><img loading=\"lazy\" decoding=\"async\" width=\"150\" height=\"150\" src=\"https:\/\/www2.unifap.br\/eletrica\/files\/2020\/05\/26-150x150.jpg\" class=\"attachment-thumbnail size-thumbnail\" alt=\"\" \/><\/a>\n\t\t\t<\/div><\/figure><figure class='gallery-item'>\n\t\t\t<div class='gallery-icon landscape'>\n\t\t\t\t<a data-elementor-open-lightbox=\"yes\" data-elementor-lightbox-slideshow=\"d55e436\" data-elementor-lightbox-title=\"28\" data-e-action-hash=\"#elementor-action%3Aaction%3Dlightbox%26settings%3DeyJpZCI6NTg3NCwidXJsIjoiaHR0cHM6XC9cL3d3dzIudW5pZmFwLmJyXC9lbGV0cmljYVwvZmlsZXNcLzIwMjBcLzA1XC8yOC5qcGciLCJzbGlkZXNob3ciOiJkNTVlNDM2In0%3D\" href='https:\/\/www2.unifap.br\/eletrica\/files\/2020\/05\/28.jpg'><img loading=\"lazy\" decoding=\"async\" width=\"150\" height=\"150\" src=\"https:\/\/www2.unifap.br\/eletrica\/files\/2020\/05\/28-150x150.jpg\" class=\"attachment-thumbnail size-thumbnail\" alt=\"\" \/><\/a>\n\t\t\t<\/div><\/figure><figure class='gallery-item'>\n\t\t\t<div class='gallery-icon landscape'>\n\t\t\t\t<a data-elementor-open-lightbox=\"yes\" data-elementor-lightbox-slideshow=\"d55e436\" data-elementor-lightbox-title=\"Renovaveis\" data-e-action-hash=\"#elementor-action%3Aaction%3Dlightbox%26settings%3DeyJpZCI6NTg4NywidXJsIjoiaHR0cHM6XC9cL3d3dzIudW5pZmFwLmJyXC9lbGV0cmljYVwvZmlsZXNcLzIwMjBcLzA1XC9SZW5vdmF2ZWlzLmpwZyIsInNsaWRlc2hvdyI6ImQ1NWU0MzYifQ%3D%3D\" href='https:\/\/www2.unifap.br\/eletrica\/files\/2020\/05\/Renovaveis.jpg'><img loading=\"lazy\" decoding=\"async\" width=\"150\" height=\"150\" src=\"https:\/\/www2.unifap.br\/eletrica\/files\/2020\/05\/Renovaveis-150x150.jpg\" class=\"attachment-thumbnail size-thumbnail\" alt=\"\" \/><\/a>\n\t\t\t<\/div><\/figure><figure class='gallery-item'>\n\t\t\t<div class='gallery-icon landscape'>\n\t\t\t\t<a data-elementor-open-lightbox=\"yes\" data-elementor-lightbox-slideshow=\"d55e436\" data-elementor-lightbox-title=\"Imagem2\" data-e-action-hash=\"#elementor-action%3Aaction%3Dlightbox%26settings%3DeyJpZCI6NTg4NCwidXJsIjoiaHR0cHM6XC9cL3d3dzIudW5pZmFwLmJyXC9lbGV0cmljYVwvZmlsZXNcLzIwMjBcLzA1XC9JbWFnZW0yLmpwZyIsInNsaWRlc2hvdyI6ImQ1NWU0MzYifQ%3D%3D\" href='https:\/\/www2.unifap.br\/eletrica\/files\/2020\/05\/Imagem2.jpg'><img loading=\"lazy\" decoding=\"async\" width=\"150\" height=\"150\" src=\"https:\/\/www2.unifap.br\/eletrica\/files\/2020\/05\/Imagem2-150x150.jpg\" class=\"attachment-thumbnail size-thumbnail\" alt=\"\" \/><\/a>\n\t\t\t<\/div><\/figure><figure class='gallery-item'>\n\t\t\t<div class='gallery-icon landscape'>\n\t\t\t\t<a data-elementor-open-lightbox=\"yes\" data-elementor-lightbox-slideshow=\"d55e436\" data-elementor-lightbox-title=\"27\" data-e-action-hash=\"#elementor-action%3Aaction%3Dlightbox%26settings%3DeyJpZCI6NTg3MywidXJsIjoiaHR0cHM6XC9cL3d3dzIudW5pZmFwLmJyXC9lbGV0cmljYVwvZmlsZXNcLzIwMjBcLzA1XC8yNy5qcGciLCJzbGlkZXNob3ciOiJkNTVlNDM2In0%3D\" href='https:\/\/www2.unifap.br\/eletrica\/files\/2020\/05\/27.jpg'><img loading=\"lazy\" decoding=\"async\" width=\"150\" height=\"150\" src=\"https:\/\/www2.unifap.br\/eletrica\/files\/2020\/05\/27-150x150.jpg\" class=\"attachment-thumbnail size-thumbnail\" alt=\"\" \/><\/a>\n\t\t\t<\/div><\/figure><figure class='gallery-item'>\n\t\t\t<div class='gallery-icon landscape'>\n\t\t\t\t<a data-elementor-open-lightbox=\"yes\" data-elementor-lightbox-slideshow=\"d55e436\" data-elementor-lightbox-title=\"29\" data-e-action-hash=\"#elementor-action%3Aaction%3Dlightbox%26settings%3DeyJpZCI6NTg3NSwidXJsIjoiaHR0cHM6XC9cL3d3dzIudW5pZmFwLmJyXC9lbGV0cmljYVwvZmlsZXNcLzIwMjBcLzA1XC8yOS5qcGciLCJzbGlkZXNob3ciOiJkNTVlNDM2In0%3D\" href='https:\/\/www2.unifap.br\/eletrica\/files\/2020\/05\/29.jpg'><img loading=\"lazy\" decoding=\"async\" width=\"150\" height=\"150\" src=\"https:\/\/www2.unifap.br\/eletrica\/files\/2020\/05\/29-150x150.jpg\" class=\"attachment-thumbnail size-thumbnail\" alt=\"\" \/><\/a>\n\t\t\t<\/div><\/figure><figure class='gallery-item'>\n\t\t\t<div class='gallery-icon landscape'>\n\t\t\t\t<a data-elementor-open-lightbox=\"yes\" data-elementor-lightbox-slideshow=\"d55e436\" data-elementor-lightbox-title=\"Imagem4\" data-e-action-hash=\"#elementor-action%3Aaction%3Dlightbox%26settings%3DeyJpZCI6NTg4NiwidXJsIjoiaHR0cHM6XC9cL3d3dzIudW5pZmFwLmJyXC9lbGV0cmljYVwvZmlsZXNcLzIwMjBcLzA1XC9JbWFnZW00LmpwZyIsInNsaWRlc2hvdyI6ImQ1NWU0MzYifQ%3D%3D\" href='https:\/\/www2.unifap.br\/eletrica\/files\/2020\/05\/Imagem4.jpg'><img loading=\"lazy\" decoding=\"async\" width=\"150\" height=\"150\" src=\"https:\/\/www2.unifap.br\/eletrica\/files\/2020\/05\/Imagem4-150x150.jpg\" class=\"attachment-thumbnail size-thumbnail\" alt=\"\" \/><\/a>\n\t\t\t<\/div><\/figure><figure class='gallery-item'>\n\t\t\t<div class='gallery-icon landscape'>\n\t\t\t\t<a data-elementor-open-lightbox=\"yes\" data-elementor-lightbox-slideshow=\"d55e436\" data-elementor-lightbox-title=\"Imagem3\" data-e-action-hash=\"#elementor-action%3Aaction%3Dlightbox%26settings%3DeyJpZCI6NTg4NSwidXJsIjoiaHR0cHM6XC9cL3d3dzIudW5pZmFwLmJyXC9lbGV0cmljYVwvZmlsZXNcLzIwMjBcLzA1XC9JbWFnZW0zLmpwZyIsInNsaWRlc2hvdyI6ImQ1NWU0MzYifQ%3D%3D\" href='https:\/\/www2.unifap.br\/eletrica\/files\/2020\/05\/Imagem3.jpg'><img loading=\"lazy\" decoding=\"async\" width=\"150\" height=\"150\" src=\"https:\/\/www2.unifap.br\/eletrica\/files\/2020\/05\/Imagem3-150x150.jpg\" class=\"attachment-thumbnail size-thumbnail\" alt=\"\" \/><\/a>\n\t\t\t<\/div><\/figure><figure class='gallery-item'>\n\t\t\t<div class='gallery-icon landscape'>\n\t\t\t\t<a data-elementor-open-lightbox=\"yes\" data-elementor-lightbox-slideshow=\"d55e436\" data-elementor-lightbox-title=\"20191101_163454\" data-e-action-hash=\"#elementor-action%3Aaction%3Dlightbox%26settings%3DeyJpZCI6NTg4MCwidXJsIjoiaHR0cHM6XC9cL3d3dzIudW5pZmFwLmJyXC9lbGV0cmljYVwvZmlsZXNcLzIwMjBcLzA1XC8yMDE5MTEwMV8xNjM0NTQuanBnIiwic2xpZGVzaG93IjoiZDU1ZTQzNiJ9\" href='https:\/\/www2.unifap.br\/eletrica\/files\/2020\/05\/20191101_163454.jpg'><img loading=\"lazy\" decoding=\"async\" width=\"150\" height=\"150\" src=\"https:\/\/www2.unifap.br\/eletrica\/files\/2020\/05\/20191101_163454-150x150.jpg\" class=\"attachment-thumbnail size-thumbnail\" alt=\"\" \/><\/a>\n\t\t\t<\/div><\/figure><figure class='gallery-item'>\n\t\t\t<div class='gallery-icon landscape'>\n\t\t\t\t<a data-elementor-open-lightbox=\"yes\" data-elementor-lightbox-slideshow=\"d55e436\" data-elementor-lightbox-title=\"IMG_20171201_172510967\" data-e-action-hash=\"#elementor-action%3Aaction%3Dlightbox%26settings%3DeyJpZCI6NTg4MSwidXJsIjoiaHR0cHM6XC9cL3d3dzIudW5pZmFwLmJyXC9lbGV0cmljYVwvZmlsZXNcLzIwMjBcLzA1XC9JTUdfMjAxNzEyMDFfMTcyNTEwOTY3LmpwZyIsInNsaWRlc2hvdyI6ImQ1NWU0MzYifQ%3D%3D\" href='https:\/\/www2.unifap.br\/eletrica\/files\/2020\/05\/IMG_20171201_172510967.jpg'><img loading=\"lazy\" decoding=\"async\" width=\"150\" height=\"150\" src=\"https:\/\/www2.unifap.br\/eletrica\/files\/2020\/05\/IMG_20171201_172510967-150x150.jpg\" class=\"attachment-thumbnail size-thumbnail\" alt=\"\" \/><\/a>\n\t\t\t<\/div><\/figure><figure class='gallery-item'>\n\t\t\t<div class='gallery-icon landscape'>\n\t\t\t\t<a data-elementor-open-lightbox=\"yes\" data-elementor-lightbox-slideshow=\"d55e436\" data-elementor-lightbox-title=\"Imagem1\" data-e-action-hash=\"#elementor-action%3Aaction%3Dlightbox%26settings%3DeyJpZCI6NTg4MywidXJsIjoiaHR0cHM6XC9cL3d3dzIudW5pZmFwLmJyXC9lbGV0cmljYVwvZmlsZXNcLzIwMjBcLzA1XC9JbWFnZW0xLmpwZyIsInNsaWRlc2hvdyI6ImQ1NWU0MzYifQ%3D%3D\" href='https:\/\/www2.unifap.br\/eletrica\/files\/2020\/05\/Imagem1.jpg'><img loading=\"lazy\" decoding=\"async\" width=\"150\" height=\"150\" src=\"https:\/\/www2.unifap.br\/eletrica\/files\/2020\/05\/Imagem1-150x150.jpg\" class=\"attachment-thumbnail size-thumbnail\" alt=\"\" \/><\/a>\n\t\t\t<\/div><\/figure>\n\t\t<\/div>\n\t\t<\/div>\n\t\t\t\t\t\t<\/div>\n\t\t\t\t<\/div>\n\t\t\t\t\t<\/div>\n\t\t<\/div>\n\t\t\t\t\t<\/div>\n\t\t<\/section>\n\t\t\t\t<section class=\"elementor-section elementor-top-section elementor-element elementor-element-8141217 elementor-section-boxed elementor-section-height-default elementor-section-height-default\" data-id=\"8141217\" data-element_type=\"section\" data-e-type=\"section\">\n\t\t\t\t\t\t<div class=\"elementor-container elementor-column-gap-default\">\n\t\t\t\t\t<div class=\"elementor-column elementor-col-100 elementor-top-column elementor-element elementor-element-97d13f9\" data-id=\"97d13f9\" data-element_type=\"column\" data-e-type=\"column\">\n\t\t\t<div class=\"elementor-widget-wrap elementor-element-populated\">\n\t\t\t\t\t\t<div class=\"elementor-element elementor-element-d099af8 elementor-widget elementor-widget-video\" data-id=\"d099af8\" data-element_type=\"widget\" data-e-type=\"widget\" data-settings=\"{&quot;youtube_url&quot;:&quot;https:\\\/\\\/youtu.be\\\/xg69ya1PiXM&quot;,&quot;video_type&quot;:&quot;youtube&quot;,&quot;controls&quot;:&quot;yes&quot;}\" data-widget_type=\"video.default\">\n\t\t\t\t<div class=\"elementor-widget-container\">\n\t\t\t\t\t\t\t<div class=\"elementor-wrapper elementor-open-inline\">\n\t\t\t<div class=\"elementor-video\"><\/div>\t\t<\/div>\n\t\t\t\t\t\t<\/div>\n\t\t\t\t<\/div>\n\t\t\t\t\t<\/div>\n\t\t<\/div>\n\t\t\t\t\t<\/div>\n\t\t<\/section>\n\t\t\t\t<\/div>\n\t\t","protected":false},"excerpt":{"rendered":"<p>Laborat\u00f3rio de Energias Renov\u00e1veis Laborat\u00f3rio did\u00e1tico e de pesquisa em que s\u00e3o executadas atividades de testes, ensaios, medi\u00e7\u00e3o e reparos de equipamentos do sistema el\u00e9trica de baixa pot\u00eancia, atrav\u00e9s de gera\u00e7\u00e3o de energia fotovoltaica e e\u00f3lica. Dentre os equipamentos dispon\u00edveis no laborat\u00f3rio est\u00e3o: Gerador fotovoltaico de conex\u00e3o direta \u00e0 rede el\u00e9trica, o qual fornece em&hellip;<\/p>\n","protected":false},"author":66,"featured_media":0,"parent":4189,"menu_order":0,"comment_status":"closed","ping_status":"closed","template":"fullwidth.php","meta":{"inline_featured_image":false,"ngg_post_thumbnail":0,"footnotes":""},"class_list":["post-2797","page","type-page","status-publish","hentry"],"_links":{"self":[{"href":"https:\/\/www2.unifap.br\/eletrica\/wp-json\/wp\/v2\/pages\/2797","targetHints":{"allow":["GET"]}}],"collection":[{"href":"https:\/\/www2.unifap.br\/eletrica\/wp-json\/wp\/v2\/pages"}],"about":[{"href":"https:\/\/www2.unifap.br\/eletrica\/wp-json\/wp\/v2\/types\/page"}],"author":[{"embeddable":true,"href":"https:\/\/www2.unifap.br\/eletrica\/wp-json\/wp\/v2\/users\/66"}],"replies":[{"embeddable":true,"href":"https:\/\/www2.unifap.br\/eletrica\/wp-json\/wp\/v2\/comments?post=2797"}],"version-history":[{"count":12,"href":"https:\/\/www2.unifap.br\/eletrica\/wp-json\/wp\/v2\/pages\/2797\/revisions"}],"predecessor-version":[{"id":6073,"href":"https:\/\/www2.unifap.br\/eletrica\/wp-json\/wp\/v2\/pages\/2797\/revisions\/6073"}],"up":[{"embeddable":true,"href":"https:\/\/www2.unifap.br\/eletrica\/wp-json\/wp\/v2\/pages\/4189"}],"wp:attachment":[{"href":"https:\/\/www2.unifap.br\/eletrica\/wp-json\/wp\/v2\/media?parent=2797"}],"curies":[{"name":"wp","href":"https:\/\/api.w.org\/{rel}","templated":true}]}}