{"id":2809,"date":"2020-06-03T22:08:44","date_gmt":"2020-06-04T01:08:44","guid":{"rendered":"http:\/\/www2.unifap.br\/eletrica\/?page_id=2809"},"modified":"2020-06-09T16:21:25","modified_gmt":"2020-06-09T19:21:25","slug":"laboratorio-de-automacao-e-controle","status":"publish","type":"page","link":"https:\/\/www2.unifap.br\/eletrica\/academico\/laboratorios\/laboratorio-de-automacao-e-controle\/","title":{"rendered":"Laborat\u00f3rio de Automa\u00e7\u00e3o e Controle"},"content":{"rendered":"\t\t<div data-elementor-type=\"wp-post\" data-elementor-id=\"2809\" class=\"elementor elementor-2809 elementor-bc-flex-widget\">\n\t\t\t\t\t\t<section class=\"elementor-section elementor-top-section elementor-element elementor-element-4de8ecc0 elementor-section-boxed elementor-section-height-default elementor-section-height-default\" data-id=\"4de8ecc0\" data-element_type=\"section\" data-e-type=\"section\">\n\t\t\t\t\t\t<div class=\"elementor-container elementor-column-gap-default\">\n\t\t\t\t\t<div class=\"elementor-column elementor-col-100 elementor-top-column elementor-element elementor-element-2203f39\" data-id=\"2203f39\" data-element_type=\"column\" data-e-type=\"column\">\n\t\t\t<div class=\"elementor-widget-wrap elementor-element-populated\">\n\t\t\t\t\t\t<div class=\"elementor-element elementor-element-231ace2 elementor-widget elementor-widget-heading\" data-id=\"231ace2\" data-element_type=\"widget\" data-e-type=\"widget\" data-widget_type=\"heading.default\">\n\t\t\t\t<div class=\"elementor-widget-container\">\n\t\t\t\t\t<h2 class=\"elementor-heading-title elementor-size-default\">Laborat\u00f3rio de Automa\u00e7\u00e3o e Controle<\/h2>\t\t\t\t<\/div>\n\t\t\t\t<\/div>\n\t\t\t\t\t<\/div>\n\t\t<\/div>\n\t\t\t\t\t<\/div>\n\t\t<\/section>\n\t\t\t\t<section class=\"elementor-section elementor-top-section elementor-element elementor-element-1376e4b elementor-section-boxed elementor-section-height-default elementor-section-height-default\" data-id=\"1376e4b\" data-element_type=\"section\" data-e-type=\"section\">\n\t\t\t\t\t\t<div class=\"elementor-container elementor-column-gap-default\">\n\t\t\t\t\t<div class=\"elementor-column elementor-col-100 elementor-top-column elementor-element elementor-element-f615571\" data-id=\"f615571\" data-element_type=\"column\" data-e-type=\"column\">\n\t\t\t<div class=\"elementor-widget-wrap elementor-element-populated\">\n\t\t\t\t\t\t<div class=\"elementor-element elementor-element-41fbe34 elementor-widget elementor-widget-text-editor\" data-id=\"41fbe34\" data-element_type=\"widget\" data-e-type=\"widget\" data-widget_type=\"text-editor.default\">\n\t\t\t\t<div class=\"elementor-widget-container\">\n\t\t\t\t\t\t\t\t\t<p>Laborat\u00f3rio did\u00e1tico e de pesquisa em que s\u00e3o realizados experimentos em sistemas de controle e automa\u00e7\u00e3o em diversos tipos de processos.<\/p><p>Dentre os equipamentos dispon\u00edveis no laborat\u00f3rio est\u00e3o:<\/p><ul><li>Bancada de testes de controle em motobombas com alimenta\u00e7\u00e3o atrav\u00e9s de gerador\u00a0fotovolt\u00e1ico e tamb\u00e9m pela rede el\u00e9trica convencional. Equipada com diversos tipos de transdutores, conversor de frequ\u00eancia, motobombas de teste e tanque de \u00e1gua.<\/li><li>Sistema fotovoltaico de gera\u00e7\u00e3o de energia el\u00e9trica interligado a rede el\u00e9trica.<\/li><li>Sistemas motrizes e circuitos eletr\u00f4nicos.<\/li><\/ul>\t\t\t\t\t\t\t\t<\/div>\n\t\t\t\t<\/div>\n\t\t\t\t\t<\/div>\n\t\t<\/div>\n\t\t\t\t\t<\/div>\n\t\t<\/section>\n\t\t\t\t<section class=\"elementor-section elementor-top-section elementor-element elementor-element-80f4678 elementor-section-boxed elementor-section-height-default elementor-section-height-default\" data-id=\"80f4678\" data-element_type=\"section\" data-e-type=\"section\">\n\t\t\t\t\t\t<div class=\"elementor-container elementor-column-gap-default\">\n\t\t\t\t\t<div class=\"elementor-column elementor-col-50 elementor-top-column elementor-element elementor-element-2610253\" data-id=\"2610253\" data-element_type=\"column\" data-e-type=\"column\">\n\t\t\t<div class=\"elementor-widget-wrap elementor-element-populated\">\n\t\t\t\t\t\t<div class=\"elementor-element elementor-element-d63b86e elementor-widget elementor-widget-image\" data-id=\"d63b86e\" data-element_type=\"widget\" data-e-type=\"widget\" data-widget_type=\"image.default\">\n\t\t\t\t<div class=\"elementor-widget-container\">\n\t\t\t\t\t\t\t\t\t\t\t\t<figure class=\"wp-caption\">\n\t\t\t\t\t\t\t\t\t\t<img decoding=\"async\" width=\"40\" height=\"30\" src=\"https:\/\/www2.unifap.br\/eletrica\/files\/2020\/05\/periculosidade1.png\" class=\"attachment-full size-full wp-image-6044\" alt=\"\" \/>\t\t\t\t\t\t\t\t\t\t\t<figcaption class=\"widget-image-caption wp-caption-text\">Laudo de Periculosidade<\/figcaption>\n\t\t\t\t\t\t\t\t\t\t<\/figure>\n\t\t\t\t\t\t\t\t\t<\/div>\n\t\t\t\t<\/div>\n\t\t\t\t\t<\/div>\n\t\t<\/div>\n\t\t\t\t<div class=\"elementor-column elementor-col-50 elementor-top-column elementor-element elementor-element-2f1545b\" data-id=\"2f1545b\" data-element_type=\"column\" data-e-type=\"column\">\n\t\t\t<div class=\"elementor-widget-wrap elementor-element-populated\">\n\t\t\t\t\t\t<div class=\"elementor-element elementor-element-9cef6ec elementor-widget elementor-widget-text-editor\" data-id=\"9cef6ec\" data-element_type=\"widget\" data-e-type=\"widget\" data-widget_type=\"text-editor.default\">\n\t\t\t\t<div class=\"elementor-widget-container\">\n\t\t\t\t\t\t\t\t\t<p>Esse laborat\u00f3rio \u00e9 avaliado pela Divis\u00e3o de Sa\u00fade e Medicina do Trabalho da UNIFAP, <strong>como \u00e1rea de risco a vida<\/strong>, conforme <a href=\"http:\/\/www2.unifap.br\/eletrica\/files\/2020\/06\/Laudo-Lab-Autecontrol.pdf\">laudo t\u00e9cnico ambiental 10\/2019<\/a>.<\/p>\t\t\t\t\t\t\t\t<\/div>\n\t\t\t\t<\/div>\n\t\t\t\t\t<\/div>\n\t\t<\/div>\n\t\t\t\t\t<\/div>\n\t\t<\/section>\n\t\t\t\t<section class=\"elementor-section elementor-top-section elementor-element elementor-element-5113133 elementor-section-boxed elementor-section-height-default elementor-section-height-default\" data-id=\"5113133\" data-element_type=\"section\" data-e-type=\"section\">\n\t\t\t\t\t\t<div class=\"elementor-container elementor-column-gap-default\">\n\t\t\t\t\t<div class=\"elementor-column elementor-col-100 elementor-top-column elementor-element elementor-element-fbce67f\" data-id=\"fbce67f\" data-element_type=\"column\" data-e-type=\"column\">\n\t\t\t<div class=\"elementor-widget-wrap elementor-element-populated\">\n\t\t\t\t\t\t<div class=\"elementor-element elementor-element-3e7aa52 elementor-widget elementor-widget-text-editor\" data-id=\"3e7aa52\" data-element_type=\"widget\" data-e-type=\"widget\" data-widget_type=\"text-editor.default\">\n\t\t\t\t<div class=\"elementor-widget-container\">\n\t\t\t\t\t\t\t\t\t<p><b>Chefe de Laborat\u00f3rio:<\/b> Prof. Dr. Geraldo Neves de Albuquerque Maranh\u00e3o<\/p><p>E-mail: <a href=\"mailto:maranhao@unifap.br\" target=\"_blank\" rel=\"noopener\">maranhao@unifap.br<\/a><\/p><p><b>T\u00e9cnico:<\/b> Messias Dias da Silva<\/p><p>E-mail:\u00a0<u><a href=\"mailto:mdsilva@unifap.br\" target=\"_blank\" rel=\"noopener\">mdsilva@unifap.br<\/a><\/u><u><\/u><\/p>\t\t\t\t\t\t\t\t<\/div>\n\t\t\t\t<\/div>\n\t\t\t\t\t<\/div>\n\t\t<\/div>\n\t\t\t\t\t<\/div>\n\t\t<\/section>\n\t\t\t\t<section class=\"elementor-section elementor-top-section elementor-element elementor-element-92a6904 elementor-section-boxed elementor-section-height-default elementor-section-height-default\" data-id=\"92a6904\" data-element_type=\"section\" data-e-type=\"section\">\n\t\t\t\t\t\t<div class=\"elementor-container elementor-column-gap-default\">\n\t\t\t\t\t<div class=\"elementor-column elementor-col-100 elementor-top-column elementor-element elementor-element-6986f77\" data-id=\"6986f77\" data-element_type=\"column\" data-e-type=\"column\">\n\t\t\t<div class=\"elementor-widget-wrap elementor-element-populated\">\n\t\t\t\t\t\t<div class=\"elementor-element elementor-element-7c21fb0 elementor-invisible elementor-widget elementor-widget-image-gallery\" data-id=\"7c21fb0\" data-element_type=\"widget\" data-e-type=\"widget\" data-settings=\"{&quot;_animation&quot;:&quot;fadeIn&quot;}\" data-widget_type=\"image-gallery.default\">\n\t\t\t\t<div class=\"elementor-widget-container\">\n\t\t\t\t\t\t\t<div class=\"elementor-image-gallery\">\n\t\t\t<div id='gallery-1' class='gallery galleryid-2809 gallery-columns-4 gallery-size-thumbnail'><figure class='gallery-item'>\n\t\t\t<div class='gallery-icon landscape'>\n\t\t\t\t<a data-elementor-open-lightbox=\"yes\" data-elementor-lightbox-slideshow=\"7c21fb0\" data-elementor-lightbox-title=\"21\" data-e-action-hash=\"#elementor-action%3Aaction%3Dlightbox%26settings%3DeyJpZCI6NjEyOSwidXJsIjoiaHR0cHM6XC9cL3d3dzIudW5pZmFwLmJyXC9lbGV0cmljYVwvZmlsZXNcLzIwMjBcLzA2XC8yMS5qcGciLCJzbGlkZXNob3ciOiI3YzIxZmIwIn0%3D\" href='https:\/\/www2.unifap.br\/eletrica\/files\/2020\/06\/21.jpg'><img decoding=\"async\" width=\"150\" height=\"150\" src=\"https:\/\/www2.unifap.br\/eletrica\/files\/2020\/06\/21-150x150.jpg\" class=\"attachment-thumbnail size-thumbnail\" alt=\"\" \/><\/a>\n\t\t\t<\/div><\/figure><figure class='gallery-item'>\n\t\t\t<div class='gallery-icon landscape'>\n\t\t\t\t<a data-elementor-open-lightbox=\"yes\" data-elementor-lightbox-slideshow=\"7c21fb0\" data-elementor-lightbox-title=\"23\" data-e-action-hash=\"#elementor-action%3Aaction%3Dlightbox%26settings%3DeyJpZCI6NjEzMSwidXJsIjoiaHR0cHM6XC9cL3d3dzIudW5pZmFwLmJyXC9lbGV0cmljYVwvZmlsZXNcLzIwMjBcLzA2XC8yMy5qcGciLCJzbGlkZXNob3ciOiI3YzIxZmIwIn0%3D\" href='https:\/\/www2.unifap.br\/eletrica\/files\/2020\/06\/23.jpg'><img decoding=\"async\" width=\"150\" height=\"150\" src=\"https:\/\/www2.unifap.br\/eletrica\/files\/2020\/06\/23-150x150.jpg\" class=\"attachment-thumbnail size-thumbnail\" alt=\"\" \/><\/a>\n\t\t\t<\/div><\/figure><figure class='gallery-item'>\n\t\t\t<div class='gallery-icon landscape'>\n\t\t\t\t<a data-elementor-open-lightbox=\"yes\" data-elementor-lightbox-slideshow=\"7c21fb0\" data-elementor-lightbox-title=\"22\" data-e-action-hash=\"#elementor-action%3Aaction%3Dlightbox%26settings%3DeyJpZCI6NjEzMCwidXJsIjoiaHR0cHM6XC9cL3d3dzIudW5pZmFwLmJyXC9lbGV0cmljYVwvZmlsZXNcLzIwMjBcLzA2XC8yMi5qcGciLCJzbGlkZXNob3ciOiI3YzIxZmIwIn0%3D\" href='https:\/\/www2.unifap.br\/eletrica\/files\/2020\/06\/22.jpg'><img loading=\"lazy\" decoding=\"async\" width=\"150\" height=\"150\" src=\"https:\/\/www2.unifap.br\/eletrica\/files\/2020\/06\/22-150x150.jpg\" class=\"attachment-thumbnail size-thumbnail\" alt=\"\" \/><\/a>\n\t\t\t<\/div><\/figure><figure class='gallery-item'>\n\t\t\t<div class='gallery-icon landscape'>\n\t\t\t\t<a data-elementor-open-lightbox=\"yes\" data-elementor-lightbox-slideshow=\"7c21fb0\" data-elementor-lightbox-title=\"1\" data-e-action-hash=\"#elementor-action%3Aaction%3Dlightbox%26settings%3DeyJpZCI6NjEyNiwidXJsIjoiaHR0cHM6XC9cL3d3dzIudW5pZmFwLmJyXC9lbGV0cmljYVwvZmlsZXNcLzIwMjBcLzA2XC8xLmpwZyIsInNsaWRlc2hvdyI6IjdjMjFmYjAifQ%3D%3D\" href='https:\/\/www2.unifap.br\/eletrica\/files\/2020\/06\/1.jpg'><img loading=\"lazy\" decoding=\"async\" width=\"150\" height=\"150\" src=\"https:\/\/www2.unifap.br\/eletrica\/files\/2020\/06\/1-150x150.jpg\" class=\"attachment-thumbnail size-thumbnail\" alt=\"\" \/><\/a>\n\t\t\t<\/div><\/figure><figure class='gallery-item'>\n\t\t\t<div class='gallery-icon landscape'>\n\t\t\t\t<a data-elementor-open-lightbox=\"yes\" data-elementor-lightbox-slideshow=\"7c21fb0\" data-elementor-lightbox-title=\"3\" data-e-action-hash=\"#elementor-action%3Aaction%3Dlightbox%26settings%3DeyJpZCI6NjEyOCwidXJsIjoiaHR0cHM6XC9cL3d3dzIudW5pZmFwLmJyXC9lbGV0cmljYVwvZmlsZXNcLzIwMjBcLzA2XC8zLmpwZyIsInNsaWRlc2hvdyI6IjdjMjFmYjAifQ%3D%3D\" href='https:\/\/www2.unifap.br\/eletrica\/files\/2020\/06\/3.jpg'><img loading=\"lazy\" decoding=\"async\" width=\"150\" height=\"150\" src=\"https:\/\/www2.unifap.br\/eletrica\/files\/2020\/06\/3-150x150.jpg\" class=\"attachment-thumbnail size-thumbnail\" alt=\"\" \/><\/a>\n\t\t\t<\/div><\/figure><figure class='gallery-item'>\n\t\t\t<div class='gallery-icon landscape'>\n\t\t\t\t<a data-elementor-open-lightbox=\"yes\" data-elementor-lightbox-slideshow=\"7c21fb0\" data-elementor-lightbox-title=\"2\" data-e-action-hash=\"#elementor-action%3Aaction%3Dlightbox%26settings%3DeyJpZCI6NjEyNywidXJsIjoiaHR0cHM6XC9cL3d3dzIudW5pZmFwLmJyXC9lbGV0cmljYVwvZmlsZXNcLzIwMjBcLzA2XC8yLmpwZyIsInNsaWRlc2hvdyI6IjdjMjFmYjAifQ%3D%3D\" href='https:\/\/www2.unifap.br\/eletrica\/files\/2020\/06\/2.jpg'><img loading=\"lazy\" decoding=\"async\" width=\"150\" height=\"150\" src=\"https:\/\/www2.unifap.br\/eletrica\/files\/2020\/06\/2-150x150.jpg\" class=\"attachment-thumbnail size-thumbnail\" alt=\"\" \/><\/a>\n\t\t\t<\/div><\/figure>\n\t\t<\/div>\n\t\t<\/div>\n\t\t\t\t\t\t<\/div>\n\t\t\t\t<\/div>\n\t\t\t\t\t<\/div>\n\t\t<\/div>\n\t\t\t\t\t<\/div>\n\t\t<\/section>\n\t\t\t\t<\/div>\n\t\t","protected":false},"excerpt":{"rendered":"<p>Laborat\u00f3rio de Automa\u00e7\u00e3o e Controle Laborat\u00f3rio did\u00e1tico e de pesquisa em que s\u00e3o realizados experimentos em sistemas de controle e automa\u00e7\u00e3o em diversos tipos de processos. Dentre os equipamentos dispon\u00edveis no laborat\u00f3rio est\u00e3o: Bancada de testes de controle em motobombas com alimenta\u00e7\u00e3o atrav\u00e9s de gerador\u00a0fotovolt\u00e1ico e tamb\u00e9m pela rede el\u00e9trica convencional. Equipada com diversos tipos&hellip;<\/p>\n","protected":false},"author":66,"featured_media":0,"parent":4189,"menu_order":0,"comment_status":"closed","ping_status":"closed","template":"fullwidth.php","meta":{"inline_featured_image":false,"ngg_post_thumbnail":0,"footnotes":""},"class_list":["post-2809","page","type-page","status-publish","hentry"],"_links":{"self":[{"href":"https:\/\/www2.unifap.br\/eletrica\/wp-json\/wp\/v2\/pages\/2809","targetHints":{"allow":["GET"]}}],"collection":[{"href":"https:\/\/www2.unifap.br\/eletrica\/wp-json\/wp\/v2\/pages"}],"about":[{"href":"https:\/\/www2.unifap.br\/eletrica\/wp-json\/wp\/v2\/types\/page"}],"author":[{"embeddable":true,"href":"https:\/\/www2.unifap.br\/eletrica\/wp-json\/wp\/v2\/users\/66"}],"replies":[{"embeddable":true,"href":"https:\/\/www2.unifap.br\/eletrica\/wp-json\/wp\/v2\/comments?post=2809"}],"version-history":[{"count":3,"href":"https:\/\/www2.unifap.br\/eletrica\/wp-json\/wp\/v2\/pages\/2809\/revisions"}],"predecessor-version":[{"id":6353,"href":"https:\/\/www2.unifap.br\/eletrica\/wp-json\/wp\/v2\/pages\/2809\/revisions\/6353"}],"up":[{"embeddable":true,"href":"https:\/\/www2.unifap.br\/eletrica\/wp-json\/wp\/v2\/pages\/4189"}],"wp:attachment":[{"href":"https:\/\/www2.unifap.br\/eletrica\/wp-json\/wp\/v2\/media?parent=2809"}],"curies":[{"name":"wp","href":"https:\/\/api.w.org\/{rel}","templated":true}]}}