{"id":2819,"date":"2020-06-09T18:48:59","date_gmt":"2020-06-09T21:48:59","guid":{"rendered":"http:\/\/www2.unifap.br\/eletrica\/?page_id=2819"},"modified":"2021-03-11T18:06:25","modified_gmt":"2021-03-11T21:06:25","slug":"laboratorio-eletronica-e-circuitos-eletricos","status":"publish","type":"page","link":"https:\/\/www2.unifap.br\/eletrica\/academico\/laboratorios\/laboratorio-eletronica-e-circuitos-eletricos\/","title":{"rendered":"Laborat\u00f3rio Eletr\u00f4nica e Circuitos El\u00e9tricos"},"content":{"rendered":"\t\t<div data-elementor-type=\"wp-post\" data-elementor-id=\"2819\" class=\"elementor elementor-2819\">\n\t\t\t\t\t\t<section class=\"elementor-section elementor-top-section elementor-element elementor-element-0f7d3c5 elementor-section-boxed elementor-section-height-default elementor-section-height-default\" data-id=\"0f7d3c5\" data-element_type=\"section\" data-e-type=\"section\">\n\t\t\t\t\t\t<div class=\"elementor-container elementor-column-gap-default\">\n\t\t\t\t\t<div class=\"elementor-column elementor-col-100 elementor-top-column elementor-element elementor-element-b7ee712\" data-id=\"b7ee712\" data-element_type=\"column\" data-e-type=\"column\">\n\t\t\t<div class=\"elementor-widget-wrap elementor-element-populated\">\n\t\t\t\t\t\t<div class=\"elementor-element elementor-element-ccebf2e elementor-widget elementor-widget-heading\" data-id=\"ccebf2e\" data-element_type=\"widget\" data-e-type=\"widget\" data-widget_type=\"heading.default\">\n\t\t\t\t<div class=\"elementor-widget-container\">\n\t\t\t\t\t<h2 class=\"elementor-heading-title elementor-size-default\">Laborat\u00f3rio de Circuitos El\u00e9tricos e Eletr\u00f4nica<\/h2>\t\t\t\t<\/div>\n\t\t\t\t<\/div>\n\t\t\t\t\t<\/div>\n\t\t<\/div>\n\t\t\t\t\t<\/div>\n\t\t<\/section>\n\t\t\t\t<section class=\"elementor-section elementor-top-section elementor-element elementor-element-c5600b3 elementor-section-boxed elementor-section-height-default elementor-section-height-default\" data-id=\"c5600b3\" data-element_type=\"section\" data-e-type=\"section\">\n\t\t\t\t\t\t<div class=\"elementor-container elementor-column-gap-default\">\n\t\t\t\t\t<div class=\"elementor-column elementor-col-100 elementor-top-column elementor-element elementor-element-7fb7c75\" data-id=\"7fb7c75\" data-element_type=\"column\" data-e-type=\"column\">\n\t\t\t<div class=\"elementor-widget-wrap\">\n\t\t\t\t\t\t\t<\/div>\n\t\t<\/div>\n\t\t\t\t\t<\/div>\n\t\t<\/section>\n\t\t\t\t<section class=\"elementor-section elementor-top-section elementor-element elementor-element-eea181c elementor-section-boxed elementor-section-height-default elementor-section-height-default\" data-id=\"eea181c\" data-element_type=\"section\" data-e-type=\"section\">\n\t\t\t\t\t\t<div class=\"elementor-container elementor-column-gap-default\">\n\t\t\t\t\t<div class=\"elementor-column elementor-col-100 elementor-top-column elementor-element elementor-element-cf0bc7c\" data-id=\"cf0bc7c\" data-element_type=\"column\" data-e-type=\"column\">\n\t\t\t<div class=\"elementor-widget-wrap elementor-element-populated\">\n\t\t\t\t\t\t<div class=\"elementor-element elementor-element-0a16b25 elementor-widget elementor-widget-text-editor\" data-id=\"0a16b25\" data-element_type=\"widget\" data-e-type=\"widget\" data-widget_type=\"text-editor.default\">\n\t\t\t\t<div class=\"elementor-widget-container\">\n\t\t\t\t\t\t\t\t\t<p>Laborat\u00f3rio did\u00e1tico em que s\u00e3o realizadas montagens e an\u00e1lises de circuitos el\u00e9tricos, de eletr\u00f4nica anal\u00f3gica e digital.<\/p><p>Dentre os equipamentos dispon\u00edveis no laborat\u00f3rio est\u00e3o:<\/p><ul><li>Plataforma de instrumenta\u00e7\u00e3o virtual<\/li><li>Componentes eletr\u00f4nicos\u00a0<\/li><li>Hardwares e softwares did\u00e1ticos e de simula\u00e7\u00e3o<\/li><\/ul>\t\t\t\t\t\t\t\t<\/div>\n\t\t\t\t<\/div>\n\t\t\t\t\t<\/div>\n\t\t<\/div>\n\t\t\t\t\t<\/div>\n\t\t<\/section>\n\t\t\t\t<section class=\"elementor-section elementor-top-section elementor-element elementor-element-5ce156c elementor-section-boxed elementor-section-height-default elementor-section-height-default\" data-id=\"5ce156c\" data-element_type=\"section\" data-e-type=\"section\">\n\t\t\t\t\t\t<div class=\"elementor-container elementor-column-gap-default\">\n\t\t\t\t\t<div class=\"elementor-column elementor-col-100 elementor-top-column elementor-element elementor-element-d4b2464\" data-id=\"d4b2464\" data-element_type=\"column\" data-e-type=\"column\">\n\t\t\t<div class=\"elementor-widget-wrap elementor-element-populated\">\n\t\t\t\t\t\t<div class=\"elementor-element elementor-element-f9e2d31 elementor-widget elementor-widget-text-editor\" data-id=\"f9e2d31\" data-element_type=\"widget\" data-e-type=\"widget\" data-widget_type=\"text-editor.default\">\n\t\t\t\t<div class=\"elementor-widget-container\">\n\t\t\t\t\t\t\t\t\t<p>Esse laborat\u00f3rio \u00e9 avaliado pela Divis\u00e3o de Sa\u00fade e Medicina do Trabalho da UNIFAP, <strong>como \u00e1rea de baixa risco<\/strong>, conforme <a style=\"background-color: #ffffff\" href=\"http:\/\/www2.unifap.br\/eletrica\/files\/2020\/06\/Laudo-Lab-CEE.pdf\">laudo t\u00e9cnico ambiental 14\/2019<\/a>.<\/p>\t\t\t\t\t\t\t\t<\/div>\n\t\t\t\t<\/div>\n\t\t\t\t\t<\/div>\n\t\t<\/div>\n\t\t\t\t\t<\/div>\n\t\t<\/section>\n\t\t\t\t<section class=\"elementor-section elementor-top-section elementor-element elementor-element-e17dddf elementor-section-boxed elementor-section-height-default elementor-section-height-default\" data-id=\"e17dddf\" data-element_type=\"section\" data-e-type=\"section\">\n\t\t\t\t\t\t<div class=\"elementor-container elementor-column-gap-default\">\n\t\t\t\t\t<div class=\"elementor-column elementor-col-100 elementor-top-column elementor-element elementor-element-1ff36c3\" data-id=\"1ff36c3\" data-element_type=\"column\" data-e-type=\"column\">\n\t\t\t<div class=\"elementor-widget-wrap elementor-element-populated\">\n\t\t\t\t\t\t<div class=\"elementor-element elementor-element-5959734 elementor-widget elementor-widget-text-editor\" data-id=\"5959734\" data-element_type=\"widget\" data-e-type=\"widget\" data-widget_type=\"text-editor.default\">\n\t\t\t\t<div class=\"elementor-widget-container\">\n\t\t\t\t\t\t\t\t\t<p><strong>Chefe de Laborat\u00f3rio:<\/strong> Prof\u00aa. Ma. Kellen Diane de Carvalho Gomes<\/p><p>E-mail: <a href=\"mailto:kellen@unifap.br\">kellen@unifap.br<\/a><\/p><p><strong>T\u00e9cnico:<\/strong>\u00a0M\u00e1rcio Clei Silva de Oliveira<\/p><p>E-mail: <a href=\"mailto:marcioclei@unifap.br\">marcioclei@unifap.br<\/a><\/p>\t\t\t\t\t\t\t\t<\/div>\n\t\t\t\t<\/div>\n\t\t\t\t\t<\/div>\n\t\t<\/div>\n\t\t\t\t\t<\/div>\n\t\t<\/section>\n\t\t\t\t<section class=\"elementor-section elementor-top-section elementor-element elementor-element-e74390c elementor-section-boxed elementor-section-height-default elementor-section-height-default\" data-id=\"e74390c\" data-element_type=\"section\" data-e-type=\"section\">\n\t\t\t\t\t\t<div class=\"elementor-container elementor-column-gap-default\">\n\t\t\t\t\t<div class=\"elementor-column elementor-col-100 elementor-top-column elementor-element elementor-element-f027c79\" data-id=\"f027c79\" data-element_type=\"column\" data-e-type=\"column\">\n\t\t\t<div class=\"elementor-widget-wrap elementor-element-populated\">\n\t\t\t\t\t\t<div class=\"elementor-element elementor-element-762cf8c elementor-invisible elementor-widget elementor-widget-image-gallery\" data-id=\"762cf8c\" data-element_type=\"widget\" data-e-type=\"widget\" data-settings=\"{&quot;_animation&quot;:&quot;fadeIn&quot;}\" data-widget_type=\"image-gallery.default\">\n\t\t\t\t<div class=\"elementor-widget-container\">\n\t\t\t\t\t\t\t<div class=\"elementor-image-gallery\">\n\t\t\t<div id='gallery-1' class='gallery galleryid-2819 gallery-columns-4 gallery-size-thumbnail'><figure class='gallery-item'>\n\t\t\t<div class='gallery-icon landscape'>\n\t\t\t\t<a data-elementor-open-lightbox=\"yes\" data-elementor-lightbox-slideshow=\"762cf8c\" data-elementor-lightbox-title=\"1\" data-e-action-hash=\"#elementor-action%3Aaction%3Dlightbox%26settings%3DeyJpZCI6NjM1OCwidXJsIjoiaHR0cHM6XC9cL3d3dzIudW5pZmFwLmJyXC9lbGV0cmljYVwvZmlsZXNcLzIwMjBcLzA2XC8xLTIuanBnIiwic2xpZGVzaG93IjoiNzYyY2Y4YyJ9\" href='https:\/\/www2.unifap.br\/eletrica\/files\/2020\/06\/1-2.jpg'><img decoding=\"async\" width=\"150\" height=\"150\" src=\"https:\/\/www2.unifap.br\/eletrica\/files\/2020\/06\/1-2-150x150.jpg\" class=\"attachment-thumbnail size-thumbnail\" alt=\"\" \/><\/a>\n\t\t\t<\/div><\/figure><figure class='gallery-item'>\n\t\t\t<div class='gallery-icon landscape'>\n\t\t\t\t<a data-elementor-open-lightbox=\"yes\" data-elementor-lightbox-slideshow=\"762cf8c\" data-elementor-lightbox-title=\"3\" data-e-action-hash=\"#elementor-action%3Aaction%3Dlightbox%26settings%3DeyJpZCI6NjM2MCwidXJsIjoiaHR0cHM6XC9cL3d3dzIudW5pZmFwLmJyXC9lbGV0cmljYVwvZmlsZXNcLzIwMjBcLzA2XC8zLTIuanBnIiwic2xpZGVzaG93IjoiNzYyY2Y4YyJ9\" href='https:\/\/www2.unifap.br\/eletrica\/files\/2020\/06\/3-2.jpg'><img decoding=\"async\" width=\"150\" height=\"150\" src=\"https:\/\/www2.unifap.br\/eletrica\/files\/2020\/06\/3-2-150x150.jpg\" class=\"attachment-thumbnail size-thumbnail\" alt=\"\" \/><\/a>\n\t\t\t<\/div><\/figure><figure class='gallery-item'>\n\t\t\t<div class='gallery-icon landscape'>\n\t\t\t\t<a data-elementor-open-lightbox=\"yes\" data-elementor-lightbox-slideshow=\"762cf8c\" data-elementor-lightbox-title=\"2\" data-e-action-hash=\"#elementor-action%3Aaction%3Dlightbox%26settings%3DeyJpZCI6NjM1OSwidXJsIjoiaHR0cHM6XC9cL3d3dzIudW5pZmFwLmJyXC9lbGV0cmljYVwvZmlsZXNcLzIwMjBcLzA2XC8yLTIuanBnIiwic2xpZGVzaG93IjoiNzYyY2Y4YyJ9\" href='https:\/\/www2.unifap.br\/eletrica\/files\/2020\/06\/2-2.jpg'><img decoding=\"async\" width=\"150\" height=\"150\" src=\"https:\/\/www2.unifap.br\/eletrica\/files\/2020\/06\/2-2-150x150.jpg\" class=\"attachment-thumbnail size-thumbnail\" alt=\"\" \/><\/a>\n\t\t\t<\/div><\/figure><figure class='gallery-item'>\n\t\t\t<div class='gallery-icon landscape'>\n\t\t\t\t<a data-elementor-open-lightbox=\"yes\" data-elementor-lightbox-slideshow=\"762cf8c\" data-elementor-lightbox-title=\"4\" data-e-action-hash=\"#elementor-action%3Aaction%3Dlightbox%26settings%3DeyJpZCI6NjM4MSwidXJsIjoiaHR0cHM6XC9cL3d3dzIudW5pZmFwLmJyXC9lbGV0cmljYVwvZmlsZXNcLzIwMjBcLzA2XC80LTIuanBnIiwic2xpZGVzaG93IjoiNzYyY2Y4YyJ9\" href='https:\/\/www2.unifap.br\/eletrica\/files\/2020\/06\/4-2.jpg'><img loading=\"lazy\" decoding=\"async\" width=\"150\" height=\"150\" src=\"https:\/\/www2.unifap.br\/eletrica\/files\/2020\/06\/4-2-150x150.jpg\" class=\"attachment-thumbnail size-thumbnail\" alt=\"\" \/><\/a>\n\t\t\t<\/div><\/figure><figure class='gallery-item'>\n\t\t\t<div class='gallery-icon landscape'>\n\t\t\t\t<a data-elementor-open-lightbox=\"yes\" data-elementor-lightbox-slideshow=\"762cf8c\" data-elementor-lightbox-title=\"5\" data-e-action-hash=\"#elementor-action%3Aaction%3Dlightbox%26settings%3DeyJpZCI6NjM4MiwidXJsIjoiaHR0cHM6XC9cL3d3dzIudW5pZmFwLmJyXC9lbGV0cmljYVwvZmlsZXNcLzIwMjBcLzA2XC81LTEuanBnIiwic2xpZGVzaG93IjoiNzYyY2Y4YyJ9\" href='https:\/\/www2.unifap.br\/eletrica\/files\/2020\/06\/5-1.jpg'><img loading=\"lazy\" decoding=\"async\" width=\"150\" height=\"150\" src=\"https:\/\/www2.unifap.br\/eletrica\/files\/2020\/06\/5-1-150x150.jpg\" class=\"attachment-thumbnail size-thumbnail\" alt=\"\" \/><\/a>\n\t\t\t<\/div><\/figure>\n\t\t<\/div>\n\t\t<\/div>\n\t\t\t\t\t\t<\/div>\n\t\t\t\t<\/div>\n\t\t\t\t\t<\/div>\n\t\t<\/div>\n\t\t\t\t\t<\/div>\n\t\t<\/section>\n\t\t\t\t<\/div>\n\t\t","protected":false},"excerpt":{"rendered":"<p>Laborat\u00f3rio de Circuitos El\u00e9tricos e Eletr\u00f4nica Laborat\u00f3rio did\u00e1tico em que s\u00e3o realizadas montagens e an\u00e1lises de circuitos el\u00e9tricos, de eletr\u00f4nica anal\u00f3gica e digital. Dentre os equipamentos dispon\u00edveis no laborat\u00f3rio est\u00e3o: Plataforma de instrumenta\u00e7\u00e3o virtual Componentes eletr\u00f4nicos\u00a0 Hardwares e softwares did\u00e1ticos e de simula\u00e7\u00e3o Esse laborat\u00f3rio \u00e9 avaliado pela Divis\u00e3o de Sa\u00fade e Medicina do Trabalho&hellip;<\/p>\n","protected":false},"author":66,"featured_media":0,"parent":4189,"menu_order":0,"comment_status":"closed","ping_status":"closed","template":"fullwidth.php","meta":{"inline_featured_image":false,"ngg_post_thumbnail":0,"footnotes":""},"class_list":["post-2819","page","type-page","status-publish","hentry"],"_links":{"self":[{"href":"https:\/\/www2.unifap.br\/eletrica\/wp-json\/wp\/v2\/pages\/2819","targetHints":{"allow":["GET"]}}],"collection":[{"href":"https:\/\/www2.unifap.br\/eletrica\/wp-json\/wp\/v2\/pages"}],"about":[{"href":"https:\/\/www2.unifap.br\/eletrica\/wp-json\/wp\/v2\/types\/page"}],"author":[{"embeddable":true,"href":"https:\/\/www2.unifap.br\/eletrica\/wp-json\/wp\/v2\/users\/66"}],"replies":[{"embeddable":true,"href":"https:\/\/www2.unifap.br\/eletrica\/wp-json\/wp\/v2\/comments?post=2819"}],"version-history":[{"count":5,"href":"https:\/\/www2.unifap.br\/eletrica\/wp-json\/wp\/v2\/pages\/2819\/revisions"}],"predecessor-version":[{"id":7949,"href":"https:\/\/www2.unifap.br\/eletrica\/wp-json\/wp\/v2\/pages\/2819\/revisions\/7949"}],"up":[{"embeddable":true,"href":"https:\/\/www2.unifap.br\/eletrica\/wp-json\/wp\/v2\/pages\/4189"}],"wp:attachment":[{"href":"https:\/\/www2.unifap.br\/eletrica\/wp-json\/wp\/v2\/media?parent=2819"}],"curies":[{"name":"wp","href":"https:\/\/api.w.org\/{rel}","templated":true}]}}