{"id":2977,"date":"2018-06-30T13:25:53","date_gmt":"2018-06-30T16:25:53","guid":{"rendered":"http:\/\/www2.unifap.br\/eletrica\/?page_id=2977"},"modified":"2021-01-20T19:03:58","modified_gmt":"2021-01-20T22:03:58","slug":"repositorio-sigaa","status":"publish","type":"page","link":"https:\/\/www2.unifap.br\/eletrica\/academico\/repositorio-sigaa\/","title":{"rendered":"Reposit\u00f3rio SIGAA"},"content":{"rendered":"\t\t<div data-elementor-type=\"wp-post\" data-elementor-id=\"2977\" class=\"elementor elementor-2977\">\n\t\t\t\t\t\t<section class=\"elementor-section elementor-top-section elementor-element elementor-element-0c13d72 elementor-section-boxed elementor-section-height-default elementor-section-height-default\" data-id=\"0c13d72\" data-element_type=\"section\" data-e-type=\"section\">\n\t\t\t\t\t\t<div class=\"elementor-container elementor-column-gap-default\">\n\t\t\t\t\t<div class=\"elementor-column elementor-col-100 elementor-top-column elementor-element elementor-element-876153b\" data-id=\"876153b\" data-element_type=\"column\" data-e-type=\"column\">\n\t\t\t<div class=\"elementor-widget-wrap elementor-element-populated\">\n\t\t\t\t\t\t<div class=\"elementor-element elementor-element-db2e8cb elementor-widget-divider--view-line elementor-widget elementor-widget-divider\" data-id=\"db2e8cb\" data-element_type=\"widget\" data-e-type=\"widget\" data-widget_type=\"divider.default\">\n\t\t\t\t<div class=\"elementor-widget-container\">\n\t\t\t\t\t\t\t<div class=\"elementor-divider\">\n\t\t\t<span class=\"elementor-divider-separator\">\n\t\t\t\t\t\t<\/span>\n\t\t<\/div>\n\t\t\t\t\t\t<\/div>\n\t\t\t\t<\/div>\n\t\t\t\t<div class=\"elementor-element elementor-element-82c9e21 elementor-widget elementor-widget-heading\" data-id=\"82c9e21\" data-element_type=\"widget\" data-e-type=\"widget\" data-widget_type=\"heading.default\">\n\t\t\t\t<div class=\"elementor-widget-container\">\n\t\t\t\t\t<h2 class=\"elementor-heading-title elementor-size-default\">Reposit\u00f3rio SIGAA<\/h2>\t\t\t\t<\/div>\n\t\t\t\t<\/div>\n\t\t\t\t<div class=\"elementor-element elementor-element-c2e23b5 elementor-widget-divider--view-line elementor-widget elementor-widget-divider\" data-id=\"c2e23b5\" data-element_type=\"widget\" data-e-type=\"widget\" data-widget_type=\"divider.default\">\n\t\t\t\t<div class=\"elementor-widget-container\">\n\t\t\t\t\t\t\t<div class=\"elementor-divider\">\n\t\t\t<span class=\"elementor-divider-separator\">\n\t\t\t\t\t\t<\/span>\n\t\t<\/div>\n\t\t\t\t\t\t<\/div>\n\t\t\t\t<\/div>\n\t\t\t\t\t<\/div>\n\t\t<\/div>\n\t\t\t\t\t<\/div>\n\t\t<\/section>\n\t\t\t\t<section class=\"elementor-section elementor-top-section elementor-element elementor-element-c45b568 elementor-section-boxed elementor-section-height-default elementor-section-height-default\" data-id=\"c45b568\" data-element_type=\"section\" data-e-type=\"section\">\n\t\t\t\t\t\t<div class=\"elementor-container elementor-column-gap-default\">\n\t\t\t\t\t<div class=\"elementor-column elementor-col-100 elementor-top-column elementor-element elementor-element-a1f16ba\" data-id=\"a1f16ba\" data-element_type=\"column\" data-e-type=\"column\">\n\t\t\t<div class=\"elementor-widget-wrap elementor-element-populated\">\n\t\t\t\t\t\t<div class=\"elementor-element elementor-element-cf0a1f5 elementor-widget elementor-widget-text-editor\" data-id=\"cf0a1f5\" data-element_type=\"widget\" data-e-type=\"widget\" data-widget_type=\"text-editor.default\">\n\t\t\t\t<div class=\"elementor-widget-container\">\n\t\t\t\t\t\t\t\t\t<p align=\"justify\">O presente reposit\u00f3rio possibilita realizar download dos Trabalhos de Conclus\u00e3o de Curso (TCC) defendidos apenas no Curso de Engenharia El\u00e9trica, podendo ser realizado uma busca por aluno, t\u00edtulo ou ano. Caso tenha interesse em verificar todos os TCCs dispon\u00edveis no reposit\u00f3rio, clique apenas no bot\u00e3o <strong>Buscar <\/strong>na p\u00e1gina do reposit\u00f3rio.<\/p><p style=\"text-align: center\" align=\"justify\"><strong><a href=\"https:\/\/sigaa.unifap.br\/sigaa\/public\/curso\/monografias.jsf?lc=pt_BR&amp;id=15747682\">Reposit\u00f3rio SIGAA &#8211; Engenharia El\u00e9trica<\/a><\/strong><\/p><p align=\"justify\"><a href=\"https:\/\/sigaa.unifap.br\/sigaa\/public\/curso\/monografias.jsf?lc=pt_BR&amp;id=15747682\"><img fetchpriority=\"high\" decoding=\"async\" class=\"size-full wp-image-7709 aligncenter\" src=\"http:\/\/www2.unifap.br\/eletrica\/files\/2021\/01\/Reposit\u00f3rio-SIGAA.png\" alt=\"\" width=\"1024\" height=\"760\" srcset=\"https:\/\/www2.unifap.br\/eletrica\/files\/2021\/01\/Reposit\u00f3rio-SIGAA.png 1024w, https:\/\/www2.unifap.br\/eletrica\/files\/2021\/01\/Reposit\u00f3rio-SIGAA-300x223.png 300w, https:\/\/www2.unifap.br\/eletrica\/files\/2021\/01\/Reposit\u00f3rio-SIGAA-768x570.png 768w\" sizes=\"(max-width: 1024px) 100vw, 1024px\" \/><\/a><\/p>\t\t\t\t\t\t\t\t<\/div>\n\t\t\t\t<\/div>\n\t\t\t\t\t<\/div>\n\t\t<\/div>\n\t\t\t\t\t<\/div>\n\t\t<\/section>\n\t\t\t\t<section class=\"elementor-section elementor-top-section elementor-element elementor-element-7ea41a1d elementor-section-boxed elementor-section-height-default elementor-section-height-default\" data-id=\"7ea41a1d\" data-element_type=\"section\" data-e-type=\"section\">\n\t\t\t\t\t\t<div class=\"elementor-container elementor-column-gap-default\">\n\t\t\t\t\t<div class=\"elementor-column elementor-col-100 elementor-top-column elementor-element elementor-element-54eb1d69\" data-id=\"54eb1d69\" data-element_type=\"column\" data-e-type=\"column\">\n\t\t\t<div class=\"elementor-widget-wrap elementor-element-populated\">\n\t\t\t\t\t\t<div class=\"elementor-element elementor-element-30818c3a elementor-widget elementor-widget-text-editor\" data-id=\"30818c3a\" data-element_type=\"widget\" data-e-type=\"widget\" data-widget_type=\"text-editor.default\">\n\t\t\t\t<div class=\"elementor-widget-container\">\n\t\t\t\t\t\t\t\t\t<p>Caso esteja em um dispositivo m\u00f3vel, acesse o link <span style=\"color: #3366ff\"><a style=\"color: #3366ff\" href=\"https:\/\/sigaa.unifap.br\/sigaa\/public\/curso\/monografias.jsf?lc=pt_BR&amp;id=15747682\">MONOGRAFIAS-SIGAA<\/a>\u00a0<\/span><span style=\"text-align: justify\">para uma melhor visualiza\u00e7\u00e3o.\u00a0<\/span><\/p><p><span style=\"text-align: justify\">Devido a implanta\u00e7\u00e3o do SIGAA em 2016, nem todos os TCCs se encontram dispon\u00edveis na plataforma Reposit\u00f3rio SIGAA, entretanto, podem ser encontrados no link abaixo:<\/span><\/p><p style=\"text-align: justify;padding-left: 30px\"><a href=\"http:\/\/www2.unifap.br\/eletrica\/academico\/repositorio-sigaa\/tcc-2019-2014\/\" target=\"_blank\" rel=\"noopener\">TCC 2020-2014<\/a><\/p><p style=\"text-align: justify\">Para conhecer outras publica\u00e7\u00f5es da institui\u00e7\u00e3o, acesse o\u00a0<a href=\"http:\/\/repositorio.unifap.br\/\" target=\"_blank\" rel=\"noopener\">REPOSIT\u00d3RIO UNIFAP<\/a>\u00a0vinculado a Biblioteca Central.<\/p>\t\t\t\t\t\t\t\t<\/div>\n\t\t\t\t<\/div>\n\t\t\t\t\t<\/div>\n\t\t<\/div>\n\t\t\t\t\t<\/div>\n\t\t<\/section>\n\t\t\t\t<\/div>\n\t\t","protected":false},"excerpt":{"rendered":"<p>Reposit\u00f3rio SIGAA O presente reposit\u00f3rio possibilita realizar download dos Trabalhos de Conclus\u00e3o de Curso (TCC) defendidos apenas no Curso de Engenharia El\u00e9trica, podendo ser realizado uma busca por aluno, t\u00edtulo ou ano. Caso tenha interesse em verificar todos os TCCs dispon\u00edveis no reposit\u00f3rio, clique apenas no bot\u00e3o Buscar na p\u00e1gina do reposit\u00f3rio. Reposit\u00f3rio SIGAA &#8211;&hellip;<\/p>\n","protected":false},"author":65,"featured_media":0,"parent":4597,"menu_order":14,"comment_status":"closed","ping_status":"closed","template":"fullwidth.php","meta":{"inline_featured_image":false,"ngg_post_thumbnail":0,"footnotes":""},"class_list":["post-2977","page","type-page","status-publish","hentry"],"_links":{"self":[{"href":"https:\/\/www2.unifap.br\/eletrica\/wp-json\/wp\/v2\/pages\/2977","targetHints":{"allow":["GET"]}}],"collection":[{"href":"https:\/\/www2.unifap.br\/eletrica\/wp-json\/wp\/v2\/pages"}],"about":[{"href":"https:\/\/www2.unifap.br\/eletrica\/wp-json\/wp\/v2\/types\/page"}],"author":[{"embeddable":true,"href":"https:\/\/www2.unifap.br\/eletrica\/wp-json\/wp\/v2\/users\/65"}],"replies":[{"embeddable":true,"href":"https:\/\/www2.unifap.br\/eletrica\/wp-json\/wp\/v2\/comments?post=2977"}],"version-history":[{"count":140,"href":"https:\/\/www2.unifap.br\/eletrica\/wp-json\/wp\/v2\/pages\/2977\/revisions"}],"predecessor-version":[{"id":7713,"href":"https:\/\/www2.unifap.br\/eletrica\/wp-json\/wp\/v2\/pages\/2977\/revisions\/7713"}],"up":[{"embeddable":true,"href":"https:\/\/www2.unifap.br\/eletrica\/wp-json\/wp\/v2\/pages\/4597"}],"wp:attachment":[{"href":"https:\/\/www2.unifap.br\/eletrica\/wp-json\/wp\/v2\/media?parent=2977"}],"curies":[{"name":"wp","href":"https:\/\/api.w.org\/{rel}","templated":true}]}}