{"id":4237,"date":"2020-03-06T17:48:12","date_gmt":"2020-03-06T20:48:12","guid":{"rendered":"http:\/\/www2.unifap.br\/eletrica\/?page_id=4237"},"modified":"2023-04-25T08:16:59","modified_gmt":"2023-04-25T11:16:59","slug":"sala-de-reuniao","status":"publish","type":"page","link":"https:\/\/www2.unifap.br\/eletrica\/portal-administrativo\/agenda-dos-espacos-fisicos\/sala-de-reuniao\/","title":{"rendered":"Sala de Reuni\u00e3o"},"content":{"rendered":"\t\t<div data-elementor-type=\"wp-post\" data-elementor-id=\"4237\" class=\"elementor elementor-4237\">\n\t\t\t\t\t\t<section class=\"elementor-section elementor-top-section elementor-element elementor-element-125394f elementor-section-boxed elementor-section-height-default elementor-section-height-default\" data-id=\"125394f\" data-element_type=\"section\" data-e-type=\"section\">\n\t\t\t\t\t\t<div class=\"elementor-container elementor-column-gap-default\">\n\t\t\t\t\t<div class=\"elementor-column elementor-col-100 elementor-top-column elementor-element elementor-element-2e89d8b\" data-id=\"2e89d8b\" data-element_type=\"column\" data-e-type=\"column\">\n\t\t\t<div class=\"elementor-widget-wrap elementor-element-populated\">\n\t\t\t\t\t\t<div class=\"elementor-element elementor-element-763b769 elementor-widget elementor-widget-heading\" data-id=\"763b769\" data-element_type=\"widget\" data-e-type=\"widget\" data-widget_type=\"heading.default\">\n\t\t\t\t<div class=\"elementor-widget-container\">\n\t\t\t\t\t<h2 class=\"elementor-heading-title elementor-size-default\">AGENDA DA SALA DE REUNI\u00d5ES<\/h2>\t\t\t\t<\/div>\n\t\t\t\t<\/div>\n\t\t\t\t\t<\/div>\n\t\t<\/div>\n\t\t\t\t\t<\/div>\n\t\t<\/section>\n\t\t\t\t<section class=\"elementor-section elementor-top-section elementor-element elementor-element-952f5fb elementor-section-boxed elementor-section-height-default elementor-section-height-default\" data-id=\"952f5fb\" data-element_type=\"section\" data-e-type=\"section\">\n\t\t\t\t\t\t<div class=\"elementor-container elementor-column-gap-default\">\n\t\t\t\t\t<div class=\"elementor-column elementor-col-100 elementor-top-column elementor-element elementor-element-e434cb4\" data-id=\"e434cb4\" data-element_type=\"column\" data-e-type=\"column\">\n\t\t\t<div class=\"elementor-widget-wrap elementor-element-populated\">\n\t\t\t\t\t\t<div class=\"elementor-element elementor-element-563c264 elementor-widget elementor-widget-spacer\" data-id=\"563c264\" data-element_type=\"widget\" data-e-type=\"widget\" data-widget_type=\"spacer.default\">\n\t\t\t\t<div class=\"elementor-widget-container\">\n\t\t\t\t\t\t\t<div class=\"elementor-spacer\">\n\t\t\t<div class=\"elementor-spacer-inner\"><\/div>\n\t\t<\/div>\n\t\t\t\t\t\t<\/div>\n\t\t\t\t<\/div>\n\t\t\t\t\t<\/div>\n\t\t<\/div>\n\t\t\t\t\t<\/div>\n\t\t<\/section>\n\t\t\t\t<section class=\"elementor-section elementor-top-section elementor-element elementor-element-36f459b elementor-section-boxed elementor-section-height-default elementor-section-height-default\" data-id=\"36f459b\" data-element_type=\"section\" data-e-type=\"section\">\n\t\t\t\t\t\t<div class=\"elementor-container elementor-column-gap-default\">\n\t\t\t\t\t<div class=\"elementor-column elementor-col-100 elementor-top-column elementor-element elementor-element-61cb349\" data-id=\"61cb349\" data-element_type=\"column\" data-e-type=\"column\">\n\t\t\t<div class=\"elementor-widget-wrap elementor-element-populated\">\n\t\t\t\t\t\t<div class=\"elementor-element elementor-element-8b7e15b elementor-widget elementor-widget-text-editor\" data-id=\"8b7e15b\" data-element_type=\"widget\" data-e-type=\"widget\" data-widget_type=\"text-editor.default\">\n\t\t\t\t<div class=\"elementor-widget-container\">\n\t\t\t\t\t\t\t\t\t<p style=\"margin: 0cm 0cm 6pt;text-align: justify;line-height: 20.25pt;background-image: initial;background-position: initial;background-size: initial;background-attachment: initial\"><span style=\"font-family: 'Open Sans', serif\">A Sala de Reuni\u00e3o \u00e9 um espa\u00e7o de utiliza\u00e7\u00e3o compartilhada entre os cursos de Engenharia El\u00e9trica e Ci\u00eancia da Computa\u00e7\u00e3o.\u00a0<\/span><\/p><p style=\"margin: 0cm 0cm 6pt;line-height: 20.25pt;background-image: initial;background-position: initial;background-size: initial;background-attachment: initial\"><span style=\"font-family: 'Open Sans', serif\">Tem a fun\u00e7\u00e3o de atender as demandas das reuni\u00f5es colegiadas, entre docentes e discentes, defesa de trabalhos, entre outras atividades administrativas.<\/span><\/p><p style=\"margin: 0cm 0cm 6pt;line-height: 20.25pt;background-image: initial;background-position: initial;background-size: initial;background-attachment: initial\"><span style=\"font-family: 'Open Sans', serif\">A consulta da agenda de utiliza\u00e7\u00e3o \u00e9 feita de forma transparente e p\u00fablica, permitindo maior agilidade na reserva e alcance na divulga\u00e7\u00e3o das atividades\/programa\u00e7\u00f5es realizadas.<\/span><\/p><p style=\"margin: 0cm 0cm 6pt;line-height: 20.25pt;background-image: initial;background-position: initial;background-size: initial;background-attachment: initial\"><span style=\"font-family: 'Open Sans', serif\">Ao abrir a agenda, clique sobre o evento para ver maiores detalhes sobre o hor\u00e1rio de in\u00edcio e fim de cada atividade.<\/span><\/p>\t\t\t\t\t\t\t\t<\/div>\n\t\t\t\t<\/div>\n\t\t\t\t\t<\/div>\n\t\t<\/div>\n\t\t\t\t\t<\/div>\n\t\t<\/section>\n\t\t\t\t<section class=\"elementor-section elementor-top-section elementor-element elementor-element-1b483e8 elementor-section-boxed elementor-section-height-default elementor-section-height-default\" data-id=\"1b483e8\" data-element_type=\"section\" data-e-type=\"section\">\n\t\t\t\t\t\t<div class=\"elementor-container elementor-column-gap-default\">\n\t\t\t\t\t<div class=\"elementor-column elementor-col-100 elementor-top-column elementor-element elementor-element-670fe34\" data-id=\"670fe34\" data-element_type=\"column\" data-e-type=\"column\">\n\t\t\t<div class=\"elementor-widget-wrap elementor-element-populated\">\n\t\t\t\t\t\t<div class=\"elementor-element elementor-element-70e6001 elementor-widget-divider--view-line elementor-widget elementor-widget-divider\" data-id=\"70e6001\" data-element_type=\"widget\" data-e-type=\"widget\" data-widget_type=\"divider.default\">\n\t\t\t\t<div class=\"elementor-widget-container\">\n\t\t\t\t\t\t\t<div class=\"elementor-divider\">\n\t\t\t<span class=\"elementor-divider-separator\">\n\t\t\t\t\t\t<\/span>\n\t\t<\/div>\n\t\t\t\t\t\t<\/div>\n\t\t\t\t<\/div>\n\t\t\t\t\t<\/div>\n\t\t<\/div>\n\t\t\t\t\t<\/div>\n\t\t<\/section>\n\t\t\t\t<section class=\"elementor-section elementor-top-section elementor-element elementor-element-c61e435 elementor-section-boxed elementor-section-height-default elementor-section-height-default\" data-id=\"c61e435\" data-element_type=\"section\" data-e-type=\"section\">\n\t\t\t\t\t\t<div class=\"elementor-container elementor-column-gap-default\">\n\t\t\t\t\t<div class=\"elementor-column elementor-col-100 elementor-top-column elementor-element elementor-element-69a3487\" data-id=\"69a3487\" data-element_type=\"column\" data-e-type=\"column\">\n\t\t\t<div class=\"elementor-widget-wrap elementor-element-populated\">\n\t\t\t\t\t\t<div class=\"elementor-element elementor-element-7ed7faf elementor-widget elementor-widget-eael-event-calendar\" data-id=\"7ed7faf\" data-element_type=\"widget\" data-e-type=\"widget\" data-widget_type=\"eael-event-calendar.default\">\n\t\t\t\t<div class=\"elementor-widget-container\">\n\t\t\t\t\t<div class=\"eael-event-calendar-wrapper layout-calendar\"><div id=\"eael-event-calendar-7ed7faf\" class=\"eael-event-calendar-cls\"\n            data-cal_id = \"7ed7faf\"\n            data-locale = \"pt\"\n            data-translate = \"{&quot;today&quot;:&quot;Hoje&quot;,&quot;tomorrow&quot;:&quot;Amanh\\u00e3&quot;}\"\n            data-defaultview = \"dayGridMonth\"\n            data-defaultdate = \"2026-04-09\"\n            data-time_format = \"\"\n            data-event_limit = \"3\"\n            data-popup_date_format = \"MMM Do\"\n            data-multidays_event_day_count= \"0\"\n            data-monthColumnHeaderFormat = \"\"\n            data-weekColumnHeaderFormat = \"\"\n            data-hideDetailsLink= \"yes\"\n            data-detailsButtonText = \"\"\n            data-events=\"[]\"\n            data-first_day=\"0\"><\/div><div id=\"eaelecModal\" class=\"eaelec-modal eael-zoom-in\">\n            <div class=\"eael-ec-modal-bg\"><\/div>\n            <div class=\"eaelec-modal-content\">\n                <div class=\"eaelec-modal-header\">\n                    <div class=\"eaelec-modal-close\"><span><i class=\"fas fa-times\"><\/i><\/span><\/div>\n                    <h2 class=\"eael-ec-modal-title\"><\/h2>\n                    <span class=\"eaelec-event-date-start eaelec-event-popup-date\"><\/span>\n                    <span class=\"eaelec-event-date-end eaelec-event-popup-date\"><\/span>\n                <\/div>\n                <div class=\"eaelec-modal-body\">\n                    <p><\/p>\n                <\/div>\n                <div class=\"eaelec-modal-footer\">\n                    <a class=\"eaelec-event-details-link\">Detalhes do Evento<\/a>\n                <\/div>\n            <\/div>\n        <\/div><\/div>\t\t\t\t<\/div>\n\t\t\t\t<\/div>\n\t\t\t\t<div class=\"elementor-element elementor-element-3e59d72 elementor-widget-divider--view-line elementor-widget elementor-widget-divider\" data-id=\"3e59d72\" data-element_type=\"widget\" data-e-type=\"widget\" data-widget_type=\"divider.default\">\n\t\t\t\t<div class=\"elementor-widget-container\">\n\t\t\t\t\t\t\t<div class=\"elementor-divider\">\n\t\t\t<span class=\"elementor-divider-separator\">\n\t\t\t\t\t\t<\/span>\n\t\t<\/div>\n\t\t\t\t\t\t<\/div>\n\t\t\t\t<\/div>\n\t\t\t\t\t<\/div>\n\t\t<\/div>\n\t\t\t\t\t<\/div>\n\t\t<\/section>\n\t\t\t\t<section class=\"elementor-section elementor-top-section elementor-element elementor-element-8b53eac elementor-section-boxed elementor-section-height-default elementor-section-height-default\" data-id=\"8b53eac\" data-element_type=\"section\" data-e-type=\"section\">\n\t\t\t\t\t\t<div class=\"elementor-container elementor-column-gap-default\">\n\t\t\t\t\t<div class=\"elementor-column elementor-col-100 elementor-top-column elementor-element elementor-element-a63ecea\" data-id=\"a63ecea\" data-element_type=\"column\" data-e-type=\"column\">\n\t\t\t<div class=\"elementor-widget-wrap elementor-element-populated\">\n\t\t\t\t\t\t<div class=\"elementor-element elementor-element-a8e81ae elementor-widget elementor-widget-text-editor\" data-id=\"a8e81ae\" data-element_type=\"widget\" data-e-type=\"widget\" data-widget_type=\"text-editor.default\">\n\t\t\t\t<div class=\"elementor-widget-container\">\n\t\t\t\t\t\t\t\t\t<p style=\"margin: 0cm 0cm 6pt;text-align: justify;background-image: initial;background-position: initial;background-size: initial;background-attachment: initial\"><strong><u><span style=\"font-family: 'Open Sans', serif\">Como proceder para agendar a sala de reuni\u00f5es?<\/span><\/u><\/strong><\/p>\n<p style=\"margin: 0cm 0cm 6pt;text-align: justify;background-image: initial;background-position: initial;background-size: initial;background-attachment: initial\"><span style=\"font-family: 'Open Sans', serif\">&nbsp;<\/span><\/p>\n<p style=\"margin: 0cm 0cm 6pt;background-image: initial;background-position: initial;background-size: initial;background-attachment: initial\"><span style=\"font-family: 'Open Sans', serif\">Havendo disponibilidade de hor\u00e1rio \u00e9 poss\u00edvel realizar a reserva das seguintes formas:<\/span><\/p>\n<p style=\"margin: 0cm 0cm 6pt;text-align: justify;background-image: initial;background-position: initial;background-size: initial;background-attachment: initial\"><span style=\"font-family: 'Open Sans', serif\">&nbsp;<\/span><\/p>\n<p style=\"margin: 0cm 0cm 6pt;background-image: initial;background-position: initial;background-size: initial;background-attachment: initial\"><span style=\"font-family: 'Open Sans', serif\"><b>1 &#8211;<\/b> Encaminhando a solicita\u00e7\u00e3o via memorando SIPAC para CCEELET. O memorando dever\u00e1 conter as seguintes informa\u00e7\u00f5es: nome do servidor que utilizar\u00e1 a sala, dados sobre o evento, dias e hor\u00e1rios de in\u00edcio e fim do evento.<\/span><\/p>\n<p style=\"margin: 0cm 0cm 6pt;background-image: initial;background-position: initial;background-size: initial;background-attachment: initial\"><span style=\"font-family: 'Open Sans', serif\"><b>2 &#8211;<\/b>&nbsp;Atrav\u00e9s do email: eletrica@unifap.br<\/span><\/p>\n<p style=\"margin: 0cm 0cm 6pt;background-image: initial;background-position: initial;background-size: initial;background-attachment: initial\"><span style=\"font-family: 'Open Sans', serif;text-align: justify\">&nbsp;<\/span><\/p>\n<p style=\"margin: 0cm 0cm 6pt;background-image: initial;background-position: initial;background-size: initial;background-attachment: initial\"><span style=\"font-family: 'Open Sans', serif;text-align: justify\">Os agendamentos seguir\u00e3o a ordem de prioridade de reservas definidas pela coordena\u00e7\u00e3o.<\/span><\/p>\t\t\t\t\t\t\t\t<\/div>\n\t\t\t\t<\/div>\n\t\t\t\t\t<\/div>\n\t\t<\/div>\n\t\t\t\t\t<\/div>\n\t\t<\/section>\n\t\t\t\t<\/div>\n\t\t","protected":false},"excerpt":{"rendered":"<p>AGENDA DA SALA DE REUNI\u00d5ES A Sala de Reuni\u00e3o \u00e9 um espa\u00e7o de utiliza\u00e7\u00e3o compartilhada entre os cursos de Engenharia El\u00e9trica e Ci\u00eancia da Computa\u00e7\u00e3o.\u00a0 Tem a fun\u00e7\u00e3o de atender as demandas das reuni\u00f5es colegiadas, entre docentes e discentes, defesa de trabalhos, entre outras atividades administrativas. A consulta da agenda de utiliza\u00e7\u00e3o \u00e9 feita de&hellip;<\/p>\n","protected":false},"author":66,"featured_media":0,"parent":5406,"menu_order":7,"comment_status":"closed","ping_status":"closed","template":"fullwidth.php","meta":{"inline_featured_image":false,"ngg_post_thumbnail":0,"footnotes":""},"class_list":["post-4237","page","type-page","status-publish","hentry"],"_links":{"self":[{"href":"https:\/\/www2.unifap.br\/eletrica\/wp-json\/wp\/v2\/pages\/4237","targetHints":{"allow":["GET"]}}],"collection":[{"href":"https:\/\/www2.unifap.br\/eletrica\/wp-json\/wp\/v2\/pages"}],"about":[{"href":"https:\/\/www2.unifap.br\/eletrica\/wp-json\/wp\/v2\/types\/page"}],"author":[{"embeddable":true,"href":"https:\/\/www2.unifap.br\/eletrica\/wp-json\/wp\/v2\/users\/66"}],"replies":[{"embeddable":true,"href":"https:\/\/www2.unifap.br\/eletrica\/wp-json\/wp\/v2\/comments?post=4237"}],"version-history":[{"count":90,"href":"https:\/\/www2.unifap.br\/eletrica\/wp-json\/wp\/v2\/pages\/4237\/revisions"}],"predecessor-version":[{"id":14328,"href":"https:\/\/www2.unifap.br\/eletrica\/wp-json\/wp\/v2\/pages\/4237\/revisions\/14328"}],"up":[{"embeddable":true,"href":"https:\/\/www2.unifap.br\/eletrica\/wp-json\/wp\/v2\/pages\/5406"}],"wp:attachment":[{"href":"https:\/\/www2.unifap.br\/eletrica\/wp-json\/wp\/v2\/media?parent=4237"}],"curies":[{"name":"wp","href":"https:\/\/api.w.org\/{rel}","templated":true}]}}