{"id":4731,"date":"2020-03-22T03:06:00","date_gmt":"2020-03-22T06:06:00","guid":{"rendered":"http:\/\/www2.unifap.br\/eletrica\/?page_id=4731"},"modified":"2020-06-16T13:18:44","modified_gmt":"2020-06-16T16:18:44","slug":"dados-meteorologicos","status":"publish","type":"page","link":"https:\/\/www2.unifap.br\/eletrica\/portal-de-aquisicao-de-dados\/dados-meteorologicos\/","title":{"rendered":"Dados Meteorol\u00f3gicos"},"content":{"rendered":"\t\t<div data-elementor-type=\"wp-post\" data-elementor-id=\"4731\" class=\"elementor elementor-4731 elementor-bc-flex-widget\">\n\t\t\t\t\t\t<section class=\"elementor-section elementor-top-section elementor-element elementor-element-e4bd35b elementor-section-boxed elementor-section-height-default elementor-section-height-default\" data-id=\"e4bd35b\" data-element_type=\"section\" data-e-type=\"section\">\n\t\t\t\t\t\t<div class=\"elementor-container elementor-column-gap-default\">\n\t\t\t\t\t<div class=\"elementor-column elementor-col-100 elementor-top-column elementor-element elementor-element-6fcc428\" data-id=\"6fcc428\" data-element_type=\"column\" data-e-type=\"column\">\n\t\t\t<div class=\"elementor-widget-wrap elementor-element-populated\">\n\t\t\t\t\t\t<div class=\"elementor-element elementor-element-b321afd elementor-widget-divider--view-line elementor-widget elementor-widget-divider\" data-id=\"b321afd\" data-element_type=\"widget\" data-e-type=\"widget\" data-widget_type=\"divider.default\">\n\t\t\t\t<div class=\"elementor-widget-container\">\n\t\t\t\t\t\t\t<div class=\"elementor-divider\">\n\t\t\t<span class=\"elementor-divider-separator\">\n\t\t\t\t\t\t<\/span>\n\t\t<\/div>\n\t\t\t\t\t\t<\/div>\n\t\t\t\t<\/div>\n\t\t\t\t<div class=\"elementor-element elementor-element-101bcf3 elementor-widget elementor-widget-heading\" data-id=\"101bcf3\" data-element_type=\"widget\" data-e-type=\"widget\" data-widget_type=\"heading.default\">\n\t\t\t\t<div class=\"elementor-widget-container\">\n\t\t\t\t\t<h1 class=\"elementor-heading-title elementor-size-default\">ESTA\u00c7\u00c3O METEOROL\u00d3GICA<\/h1>\t\t\t\t<\/div>\n\t\t\t\t<\/div>\n\t\t\t\t\t<\/div>\n\t\t<\/div>\n\t\t\t\t\t<\/div>\n\t\t<\/section>\n\t\t\t\t<section class=\"elementor-section elementor-top-section elementor-element elementor-element-94c0a0a elementor-section-boxed elementor-section-height-default elementor-section-height-default\" data-id=\"94c0a0a\" data-element_type=\"section\" data-e-type=\"section\">\n\t\t\t\t\t\t<div class=\"elementor-container elementor-column-gap-default\">\n\t\t\t\t\t<div class=\"elementor-column elementor-col-100 elementor-top-column elementor-element elementor-element-cfa96f9\" data-id=\"cfa96f9\" data-element_type=\"column\" data-e-type=\"column\">\n\t\t\t<div class=\"elementor-widget-wrap elementor-element-populated\">\n\t\t\t\t\t\t<div class=\"elementor-element elementor-element-526dc89 elementor-widget-divider--view-line elementor-widget elementor-widget-divider\" data-id=\"526dc89\" data-element_type=\"widget\" data-e-type=\"widget\" data-widget_type=\"divider.default\">\n\t\t\t\t<div class=\"elementor-widget-container\">\n\t\t\t\t\t\t\t<div class=\"elementor-divider\">\n\t\t\t<span class=\"elementor-divider-separator\">\n\t\t\t\t\t\t<\/span>\n\t\t<\/div>\n\t\t\t\t\t\t<\/div>\n\t\t\t\t<\/div>\n\t\t\t\t\t<\/div>\n\t\t<\/div>\n\t\t\t\t\t<\/div>\n\t\t<\/section>\n\t\t\t\t<section class=\"elementor-section elementor-top-section elementor-element elementor-element-b5a1148 elementor-section-boxed elementor-section-height-default elementor-section-height-default\" data-id=\"b5a1148\" data-element_type=\"section\" data-e-type=\"section\">\n\t\t\t\t\t\t<div class=\"elementor-container elementor-column-gap-default\">\n\t\t\t\t\t<div class=\"elementor-column elementor-col-100 elementor-top-column elementor-element elementor-element-76d8b5b\" data-id=\"76d8b5b\" data-element_type=\"column\" data-e-type=\"column\">\n\t\t\t<div class=\"elementor-widget-wrap elementor-element-populated\">\n\t\t\t\t\t\t<div class=\"elementor-element elementor-element-bd7598f elementor-widget elementor-widget-text-editor\" data-id=\"bd7598f\" data-element_type=\"widget\" data-e-type=\"widget\" data-widget_type=\"text-editor.default\">\n\t\t\t\t<div class=\"elementor-widget-container\">\n\t\t\t\t\t\t\t\t\t<hr style=\"padding-left: 30px;\" \/><p align=\"justify\">As vari\u00e1veis clim\u00e1ticas t\u00eam sua import\u00e2ncia na Engenharia El\u00e9trica colaborando no dimensionamento e opera\u00e7\u00e3o de fontes de energia el\u00e9trica, como\u00a0<strong>e\u00f3lica, solar, h\u00eddrica<\/strong> e outras que indiretamente venham a depender. O curso disp\u00f5e de uma esta\u00e7\u00e3o meteorol\u00f3gica <strong>Davis Vantage Vue<\/strong> para fins acad\u00eamicos, que auxilia os alunos e professores em suas disciplinas e pesquisas, fazendo a aquisi\u00e7\u00e3o do perfil clim\u00e1tico com as seguintes vari\u00e1veis em seus intervalos de tempo:<\/p><ul><li><p align=\"justify\">Temperatura (10 segundos);<\/p><\/li><li><p align=\"justify\">Umidade\u00a0(50 segundos);<\/p><\/li><li><p align=\"justify\">\u00cdndice de Calor\u00a0(10 segundos);<\/p><\/li><li><p align=\"justify\">Ponto de Orvalho\u00a0(10 segundos);<\/p><\/li><li><p align=\"justify\">Press\u00e3o Barom\u00e9trica (1 minuto);<\/p><\/li><li><p align=\"justify\">Velocidade e Dire\u00e7\u00e3o do vento\u00a0(2,5 segundos);<\/p><\/li><li><p align=\"justify\">Precipita\u00e7\u00e3o (20 segundos).<\/p><\/li><\/ul><p align=\"justify\">A esta\u00e7\u00e3o estar vinculada ao\u00a0<a href=\"https:\/\/www2.unifap.br\/eletrica\/academico\/laboratorios\/laboratorio-de-energias-renovaveis\/\" target=\"_blank\" rel=\"noopener\">Laborat\u00f3rio de Energias Renov\u00e1veis<\/a>\u00a0e disponibiliza a toda comunidade a s\u00e9rie hist\u00f3rica a partir do dia 08\/06\/2020, podendo ser solicitado aos respons\u00e1veis pela unidade ou realizado o download pelo site abaixo:<\/p><p style=\"padding-left: 150px;\" align=\"justify\">Site:\u00a0<a href=\"https:\/\/www.weatherlink.com\/\" target=\"_blank\" rel=\"noopener\">https:\/\/www.weatherlink.com\/<\/a><\/p><p style=\"padding-left: 210px;\" align=\"justify\">Usu\u00e1rio: <strong>eletrica_unifap<\/strong><\/p><p style=\"padding-left: 210px;\" align=\"justify\">Senha: <strong>unifap123<\/strong><\/p>\t\t\t\t\t\t\t\t<\/div>\n\t\t\t\t<\/div>\n\t\t\t\t\t<\/div>\n\t\t<\/div>\n\t\t\t\t\t<\/div>\n\t\t<\/section>\n\t\t\t\t<section class=\"elementor-section elementor-top-section elementor-element elementor-element-8077bd5 elementor-section-boxed elementor-section-height-default elementor-section-height-default\" data-id=\"8077bd5\" data-element_type=\"section\" data-e-type=\"section\">\n\t\t\t\t\t\t<div class=\"elementor-container elementor-column-gap-default\">\n\t\t\t\t\t<div class=\"elementor-column elementor-col-100 elementor-top-column elementor-element elementor-element-e0e6dd4\" data-id=\"e0e6dd4\" data-element_type=\"column\" data-e-type=\"column\">\n\t\t\t<div class=\"elementor-widget-wrap elementor-element-populated\">\n\t\t\t\t\t\t<section class=\"elementor-section elementor-inner-section elementor-element elementor-element-1ffb64f elementor-section-boxed elementor-section-height-default elementor-section-height-default\" data-id=\"1ffb64f\" data-element_type=\"section\" data-e-type=\"section\">\n\t\t\t\t\t\t<div class=\"elementor-container elementor-column-gap-default\">\n\t\t\t\t\t<div class=\"elementor-column elementor-col-50 elementor-inner-column elementor-element elementor-element-1e69c0a\" data-id=\"1e69c0a\" data-element_type=\"column\" data-e-type=\"column\">\n\t\t\t<div class=\"elementor-widget-wrap elementor-element-populated\">\n\t\t\t\t\t\t<div class=\"elementor-element elementor-element-42be211 elementor-widget elementor-widget-image\" data-id=\"42be211\" data-element_type=\"widget\" data-e-type=\"widget\" data-widget_type=\"image.default\">\n\t\t\t\t<div class=\"elementor-widget-container\">\n\t\t\t\t\t\t\t\t\t\t\t\t\t\t\t<img decoding=\"async\" width=\"180\" height=\"180\" src=\"https:\/\/www2.unifap.br\/eletrica\/files\/2020\/03\/Davis.jpg\" class=\"attachment-large size-large wp-image-4838\" alt=\"\" srcset=\"https:\/\/www2.unifap.br\/eletrica\/files\/2020\/03\/Davis.jpg 180w, https:\/\/www2.unifap.br\/eletrica\/files\/2020\/03\/Davis-150x150.jpg 150w\" sizes=\"(max-width: 180px) 100vw, 180px\" \/>\t\t\t\t\t\t\t\t\t\t\t\t\t\t\t<\/div>\n\t\t\t\t<\/div>\n\t\t\t\t\t<\/div>\n\t\t<\/div>\n\t\t\t\t<div class=\"elementor-column elementor-col-50 elementor-inner-column elementor-element elementor-element-9a23a1a\" data-id=\"9a23a1a\" data-element_type=\"column\" data-e-type=\"column\">\n\t\t\t<div class=\"elementor-widget-wrap elementor-element-populated\">\n\t\t\t\t\t\t<div class=\"elementor-element elementor-element-237ec82 elementor-widget elementor-widget-text-editor\" data-id=\"237ec82\" data-element_type=\"widget\" data-e-type=\"widget\" data-widget_type=\"text-editor.default\">\n\t\t\t\t<div class=\"elementor-widget-container\">\n\t\t\t\t\t\t\t\t\t<h2 class=\"elementor-heading-title elementor-size-default elementor-inline-editing pen\" style=\"color: #1569ae; font-family: Roboto, sans-serif; font-weight: 500; line-height: 1; margin: 0px; padding: 0px;\" data-elementor-setting-key=\"title\" data-pen-placeholder=\"Digite aqui...\"><span style=\"font-size: 12pt; line-height: 17.12px; font-family: 'Open Sans', serif; color: #8c8c8c;\">Abaixo se encontra um resumo di\u00e1rio e as informa\u00e7\u00f5es podem ser acompanhadas em tempo real pelo app <span style=\"font-weight: bold;\">WeatherLink<\/span> na vers\u00e3o para <a href=\"https:\/\/play.google.com\/store\/apps\/details?id=com.davisinstruments.weatherlink&amp;hl=pt_BR\">Android<\/a> e <a href=\"https:\/\/apps.apple.com\/us\/app\/weatherlink\/id1304504954\">iOS<\/a>. Baixe o App e pesquise pela esta\u00e7\u00e3o <strong>LAb. Renov.\/UNIFAP<\/strong>.<\/span><\/h2>\t\t\t\t\t\t\t\t<\/div>\n\t\t\t\t<\/div>\n\t\t\t\t\t<\/div>\n\t\t<\/div>\n\t\t\t\t\t<\/div>\n\t\t<\/section>\n\t\t\t\t\t<\/div>\n\t\t<\/div>\n\t\t\t\t\t<\/div>\n\t\t<\/section>\n\t\t\t\t<section class=\"elementor-section elementor-top-section elementor-element elementor-element-d32862b elementor-section-boxed elementor-section-height-default elementor-section-height-default\" data-id=\"d32862b\" data-element_type=\"section\" data-e-type=\"section\">\n\t\t\t\t\t\t<div class=\"elementor-container elementor-column-gap-default\">\n\t\t\t\t\t<div class=\"elementor-column elementor-col-100 elementor-top-column elementor-element elementor-element-0c2d6ab\" data-id=\"0c2d6ab\" data-element_type=\"column\" data-e-type=\"column\">\n\t\t\t<div class=\"elementor-widget-wrap elementor-element-populated\">\n\t\t\t\t\t\t<div class=\"elementor-element elementor-element-adb1dce elementor-widget-divider--view-line elementor-widget elementor-widget-divider\" data-id=\"adb1dce\" data-element_type=\"widget\" data-e-type=\"widget\" data-widget_type=\"divider.default\">\n\t\t\t\t<div class=\"elementor-widget-container\">\n\t\t\t\t\t\t\t<div class=\"elementor-divider\">\n\t\t\t<span class=\"elementor-divider-separator\">\n\t\t\t\t\t\t<\/span>\n\t\t<\/div>\n\t\t\t\t\t\t<\/div>\n\t\t\t\t<\/div>\n\t\t\t\t\t<\/div>\n\t\t<\/div>\n\t\t\t\t\t<\/div>\n\t\t<\/section>\n\t\t\t\t<section class=\"elementor-section elementor-top-section elementor-element elementor-element-ed4ef7b elementor-section-content-middle elementor-section-boxed elementor-section-height-default elementor-section-height-default elementor-invisible\" data-id=\"ed4ef7b\" data-element_type=\"section\" data-e-type=\"section\" data-settings=\"{&quot;background_background&quot;:&quot;gradient&quot;,&quot;animation&quot;:&quot;fadeIn&quot;}\">\n\t\t\t\t\t\t<div class=\"elementor-container elementor-column-gap-default\">\n\t\t\t\t\t<div class=\"elementor-column elementor-col-100 elementor-top-column elementor-element elementor-element-d115135\" data-id=\"d115135\" data-element_type=\"column\" data-e-type=\"column\">\n\t\t\t<div class=\"elementor-widget-wrap elementor-element-populated\">\n\t\t\t\t\t\t<div class=\"elementor-element elementor-element-97d5155 elementor-widget elementor-widget-html\" data-id=\"97d5155\" data-element_type=\"widget\" data-e-type=\"widget\" data-widget_type=\"html.default\">\n\t\t\t\t<div class=\"elementor-widget-container\">\n\t\t\t\t\t<iframe src=\"https:\/\/www.weatherlink.com\/embeddablePage\/show\/8d903706cc714a7d9b5a462172bec97e\/summary\" width='300' height='992' frameborder='0'>\n<\/iframe>\n    \t\t\t\t<\/div>\n\t\t\t\t<\/div>\n\t\t\t\t\t<\/div>\n\t\t<\/div>\n\t\t\t\t\t<\/div>\n\t\t<\/section>\n\t\t\t\t<section class=\"elementor-section elementor-top-section elementor-element elementor-element-2dcf276 elementor-section-boxed elementor-section-height-default elementor-section-height-default\" data-id=\"2dcf276\" data-element_type=\"section\" data-e-type=\"section\">\n\t\t\t\t\t\t<div class=\"elementor-container elementor-column-gap-default\">\n\t\t\t\t\t<div class=\"elementor-column elementor-col-100 elementor-top-column elementor-element elementor-element-992b9d0\" data-id=\"992b9d0\" data-element_type=\"column\" data-e-type=\"column\">\n\t\t\t<div class=\"elementor-widget-wrap elementor-element-populated\">\n\t\t\t\t\t\t<div class=\"elementor-element elementor-element-376c1d0 elementor-widget-divider--view-line elementor-widget elementor-widget-divider\" data-id=\"376c1d0\" data-element_type=\"widget\" data-e-type=\"widget\" data-widget_type=\"divider.default\">\n\t\t\t\t<div class=\"elementor-widget-container\">\n\t\t\t\t\t\t\t<div class=\"elementor-divider\">\n\t\t\t<span class=\"elementor-divider-separator\">\n\t\t\t\t\t\t<\/span>\n\t\t<\/div>\n\t\t\t\t\t\t<\/div>\n\t\t\t\t<\/div>\n\t\t\t\t\t<\/div>\n\t\t<\/div>\n\t\t\t\t\t<\/div>\n\t\t<\/section>\n\t\t\t\t<section class=\"elementor-section elementor-top-section elementor-element elementor-element-0291b2d elementor-section-boxed elementor-section-height-default elementor-section-height-default\" data-id=\"0291b2d\" data-element_type=\"section\" data-e-type=\"section\">\n\t\t\t\t\t\t<div class=\"elementor-container elementor-column-gap-default\">\n\t\t\t\t\t<div class=\"elementor-column elementor-col-100 elementor-top-column elementor-element elementor-element-d439f4b\" data-id=\"d439f4b\" data-element_type=\"column\" data-e-type=\"column\">\n\t\t\t<div class=\"elementor-widget-wrap elementor-element-populated\">\n\t\t\t\t\t\t<div class=\"elementor-element elementor-element-bd098ad elementor-widget elementor-widget-heading\" data-id=\"bd098ad\" data-element_type=\"widget\" data-e-type=\"widget\" data-widget_type=\"heading.default\">\n\t\t\t\t<div class=\"elementor-widget-container\">\n\t\t\t\t\t<h2 class=\"elementor-heading-title elementor-size-default\">Informa\u00e7\u00f5es Adicionais<\/h2>\t\t\t\t<\/div>\n\t\t\t\t<\/div>\n\t\t\t\t\t<\/div>\n\t\t<\/div>\n\t\t\t\t\t<\/div>\n\t\t<\/section>\n\t\t\t\t<section class=\"elementor-section elementor-top-section elementor-element elementor-element-0d91829 elementor-section-boxed elementor-section-height-default elementor-section-height-default\" data-id=\"0d91829\" data-element_type=\"section\" data-e-type=\"section\">\n\t\t\t\t\t\t<div class=\"elementor-container elementor-column-gap-default\">\n\t\t\t\t\t<div class=\"elementor-column elementor-col-50 elementor-top-column elementor-element elementor-element-eb22641\" data-id=\"eb22641\" data-element_type=\"column\" data-e-type=\"column\">\n\t\t\t<div class=\"elementor-widget-wrap elementor-element-populated\">\n\t\t\t\t\t\t<div class=\"elementor-element elementor-element-8b11ef6 elementor-widget elementor-widget-heading\" data-id=\"8b11ef6\" data-element_type=\"widget\" data-e-type=\"widget\" data-widget_type=\"heading.default\">\n\t\t\t\t<div class=\"elementor-widget-container\">\n\t\t\t\t\t<h3 class=\"elementor-heading-title elementor-size-default\"><p style=\"margin-bottom: 0.0001pt;line-height: normal;background-image: initial;background-position: initial;background-size: initial;background-repeat: initial;background-attachment: initial\"><b><span style=\"font-size:12.0pt;,serif;color:#8C8C8C\">INFORMA\u00c7\u00d5ES<\/span><\/b><\/p><br><p style=\"margin-bottom: 0.0001pt;line-height: normal;background-image: initial;background-position: initial;background-size: initial;background-repeat: initial;background-attachment: initial\"><span style=\"font-size:12.0pt;,serif;color:#8C8C8C\">A esta\u00e7\u00e3o meteorol\u00f3gica Davis Vantage Vue se encontra instalada no Pr\u00e9dio de Engenharia El\u00e9trica e Ci\u00eancia da Computa\u00e7\u00e3o a uma altura aproximada de 8 metros.<\/span><\/p><p style=\"margin-bottom: 0.0001pt;line-height: normal;background-image: initial;background-position: initial;background-size: initial;background-repeat: initial;background-attachment: initial\"><span style=\", sans-serif;font-size: 24px\"><\/span><br><\/p><\/h3>\t\t\t\t<\/div>\n\t\t\t\t<\/div>\n\t\t\t\t\t<\/div>\n\t\t<\/div>\n\t\t\t\t<div class=\"elementor-column elementor-col-50 elementor-top-column elementor-element elementor-element-a811ede\" data-id=\"a811ede\" data-element_type=\"column\" data-e-type=\"column\">\n\t\t\t<div class=\"elementor-widget-wrap elementor-element-populated\">\n\t\t\t\t\t\t<div class=\"elementor-element elementor-element-3f72c45 elementor-widget elementor-widget-image\" data-id=\"3f72c45\" data-element_type=\"widget\" data-e-type=\"widget\" data-widget_type=\"image.default\">\n\t\t\t\t<div class=\"elementor-widget-container\">\n\t\t\t\t\t\t\t\t\t\t\t\t\t\t\t<img fetchpriority=\"high\" decoding=\"async\" width=\"550\" height=\"550\" src=\"https:\/\/www2.unifap.br\/eletrica\/files\/2020\/03\/71016e9661.jpg\" class=\"attachment-large size-large wp-image-4834\" alt=\"\" srcset=\"https:\/\/www2.unifap.br\/eletrica\/files\/2020\/03\/71016e9661.jpg 600w, https:\/\/www2.unifap.br\/eletrica\/files\/2020\/03\/71016e9661-150x150.jpg 150w, https:\/\/www2.unifap.br\/eletrica\/files\/2020\/03\/71016e9661-300x300.jpg 300w\" sizes=\"(max-width: 550px) 100vw, 550px\" \/>\t\t\t\t\t\t\t\t\t\t\t\t\t\t\t<\/div>\n\t\t\t\t<\/div>\n\t\t\t\t\t<\/div>\n\t\t<\/div>\n\t\t\t\t\t<\/div>\n\t\t<\/section>\n\t\t\t\t<section class=\"elementor-section elementor-top-section elementor-element elementor-element-981254a elementor-section-boxed elementor-section-height-default elementor-section-height-default\" data-id=\"981254a\" data-element_type=\"section\" data-e-type=\"section\">\n\t\t\t\t\t\t<div class=\"elementor-container elementor-column-gap-default\">\n\t\t\t\t\t<div class=\"elementor-column elementor-col-50 elementor-top-column elementor-element elementor-element-bea0518\" data-id=\"bea0518\" data-element_type=\"column\" data-e-type=\"column\">\n\t\t\t<div class=\"elementor-widget-wrap elementor-element-populated\">\n\t\t\t\t\t\t<div class=\"elementor-element elementor-element-140e5bf elementor-widget elementor-widget-image\" data-id=\"140e5bf\" data-element_type=\"widget\" data-e-type=\"widget\" data-widget_type=\"image.default\">\n\t\t\t\t<div class=\"elementor-widget-container\">\n\t\t\t\t\t\t\t\t\t\t\t\t\t\t\t<img decoding=\"async\" width=\"550\" height=\"575\" src=\"https:\/\/www2.unifap.br\/eletrica\/files\/2020\/03\/Davis-Vantage.jpg\" class=\"attachment-large size-large wp-image-4843\" alt=\"\" srcset=\"https:\/\/www2.unifap.br\/eletrica\/files\/2020\/03\/Davis-Vantage.jpg 682w, https:\/\/www2.unifap.br\/eletrica\/files\/2020\/03\/Davis-Vantage-287x300.jpg 287w\" sizes=\"(max-width: 550px) 100vw, 550px\" \/>\t\t\t\t\t\t\t\t\t\t\t\t\t\t\t<\/div>\n\t\t\t\t<\/div>\n\t\t\t\t\t<\/div>\n\t\t<\/div>\n\t\t\t\t<div class=\"elementor-column elementor-col-50 elementor-top-column elementor-element elementor-element-7726cb6\" data-id=\"7726cb6\" data-element_type=\"column\" data-e-type=\"column\">\n\t\t\t<div class=\"elementor-widget-wrap elementor-element-populated\">\n\t\t\t\t\t\t<div class=\"elementor-element elementor-element-b179457 elementor-widget elementor-widget-heading\" data-id=\"b179457\" data-element_type=\"widget\" data-e-type=\"widget\" data-widget_type=\"heading.default\">\n\t\t\t\t<div class=\"elementor-widget-container\">\n\t\t\t\t\t<h1 class=\"elementor-heading-title elementor-size-default\"><p style=\"margin-bottom: 0.0001pt;text-align: justify;line-height: normal;background-image: initial;background-position: initial;background-size: initial;background-repeat: initial;background-attachment: initial\"><span lang=\"EN-US\" style=\"font-size:12.0pt;,serif;color:#8C8C8C\"><a href=\"http:\/\/www2.unifap.br\/eletrica\/files\/2020\/06\/Manual-Console-Vantage-Vue.pdf\">Davis Manual do Console - Vantage Vue<\/a> (Portugu\u00eas)- Rev. B, 20\/08\/2009<\/span><span style=\"font-family: Roboto, sans-serif;font-size: 30px;text-align: center\"><\/span><\/p><h2 class=\"elementor-heading-title elementor-size-default elementor-inline-editing pen\" data-elementor-setting-key=\"title\" data-pen-placeholder=\"Digite aqui...\"><p style=\"line-height: normal;margin-bottom: 0.0001pt;text-align: justify;background-image: initial;background-position: initial;background-size: initial;background-repeat: initial;background-attachment: initial\"><span lang=\"EN-US\" style=\"font-size: 12pt;, serif\"><a href=\"http:\/\/www2.unifap.br\/eletrica\/files\/2020\/03\/Manual_Davis_Vantage_Vue_07395-261_IM_06351.pdf\">Manual Davis Vantage Vue<\/a> (Ingl\u00eas) - Rev. J, 23\/05\/2018<\/span><\/h1>\t\t\t\t<\/div>\n\t\t\t\t<\/div>\n\t\t\t\t\t<\/div>\n\t\t<\/div>\n\t\t\t\t\t<\/div>\n\t\t<\/section>\n\t\t\t\t<\/div>\n\t\t","protected":false},"excerpt":{"rendered":"<p>ESTA\u00c7\u00c3O METEOROL\u00d3GICA As vari\u00e1veis clim\u00e1ticas t\u00eam sua import\u00e2ncia na Engenharia El\u00e9trica colaborando no dimensionamento e opera\u00e7\u00e3o de fontes de energia el\u00e9trica, como\u00a0e\u00f3lica, solar, h\u00eddrica e outras que indiretamente venham a depender. O curso disp\u00f5e de uma esta\u00e7\u00e3o meteorol\u00f3gica Davis Vantage Vue para fins acad\u00eamicos, que auxilia os alunos e professores em suas disciplinas e pesquisas,&hellip;<\/p>\n","protected":false},"author":2820,"featured_media":0,"parent":6323,"menu_order":1,"comment_status":"closed","ping_status":"closed","template":"fullwidth.php","meta":{"inline_featured_image":false,"ngg_post_thumbnail":0,"footnotes":""},"class_list":["post-4731","page","type-page","status-publish","hentry"],"_links":{"self":[{"href":"https:\/\/www2.unifap.br\/eletrica\/wp-json\/wp\/v2\/pages\/4731","targetHints":{"allow":["GET"]}}],"collection":[{"href":"https:\/\/www2.unifap.br\/eletrica\/wp-json\/wp\/v2\/pages"}],"about":[{"href":"https:\/\/www2.unifap.br\/eletrica\/wp-json\/wp\/v2\/types\/page"}],"author":[{"embeddable":true,"href":"https:\/\/www2.unifap.br\/eletrica\/wp-json\/wp\/v2\/users\/2820"}],"replies":[{"embeddable":true,"href":"https:\/\/www2.unifap.br\/eletrica\/wp-json\/wp\/v2\/comments?post=4731"}],"version-history":[{"count":34,"href":"https:\/\/www2.unifap.br\/eletrica\/wp-json\/wp\/v2\/pages\/4731\/revisions"}],"predecessor-version":[{"id":6465,"href":"https:\/\/www2.unifap.br\/eletrica\/wp-json\/wp\/v2\/pages\/4731\/revisions\/6465"}],"up":[{"embeddable":true,"href":"https:\/\/www2.unifap.br\/eletrica\/wp-json\/wp\/v2\/pages\/6323"}],"wp:attachment":[{"href":"https:\/\/www2.unifap.br\/eletrica\/wp-json\/wp\/v2\/media?parent=4731"}],"curies":[{"name":"wp","href":"https:\/\/api.w.org\/{rel}","templated":true}]}}