{"id":4849,"date":"2020-03-22T17:50:50","date_gmt":"2020-03-22T20:50:50","guid":{"rendered":"http:\/\/www2.unifap.br\/eletrica\/?page_id=4849"},"modified":"2024-02-19T15:59:01","modified_gmt":"2024-02-19T18:59:01","slug":"geracao-de-energia-fotovoltaica","status":"publish","type":"page","link":"https:\/\/www2.unifap.br\/eletrica\/portal-de-aquisicao-de-dados\/geracao-de-energia-fotovoltaica\/","title":{"rendered":"Gera\u00e7\u00e3o de Energia Fotovoltaica"},"content":{"rendered":"\t\t<div data-elementor-type=\"wp-post\" data-elementor-id=\"4849\" class=\"elementor elementor-4849\">\n\t\t\t\t\t\t<section class=\"elementor-section elementor-top-section elementor-element elementor-element-8504bd9 elementor-section-boxed elementor-section-height-default elementor-section-height-default\" data-id=\"8504bd9\" data-element_type=\"section\" data-e-type=\"section\">\n\t\t\t\t\t\t<div class=\"elementor-container elementor-column-gap-default\">\n\t\t\t\t\t<div class=\"elementor-column elementor-col-100 elementor-top-column elementor-element elementor-element-3559d63\" data-id=\"3559d63\" data-element_type=\"column\" data-e-type=\"column\">\n\t\t\t<div class=\"elementor-widget-wrap elementor-element-populated\">\n\t\t\t\t\t\t<div class=\"elementor-element elementor-element-2c927f3 elementor-widget-divider--view-line elementor-widget elementor-widget-divider\" data-id=\"2c927f3\" data-element_type=\"widget\" data-e-type=\"widget\" data-widget_type=\"divider.default\">\n\t\t\t\t<div class=\"elementor-widget-container\">\n\t\t\t\t\t\t\t<div class=\"elementor-divider\">\n\t\t\t<span class=\"elementor-divider-separator\">\n\t\t\t\t\t\t<\/span>\n\t\t<\/div>\n\t\t\t\t\t\t<\/div>\n\t\t\t\t<\/div>\n\t\t\t\t\t<\/div>\n\t\t<\/div>\n\t\t\t\t\t<\/div>\n\t\t<\/section>\n\t\t\t\t<section class=\"elementor-section elementor-top-section elementor-element elementor-element-533a150 elementor-section-boxed elementor-section-height-default elementor-section-height-default\" data-id=\"533a150\" data-element_type=\"section\" data-e-type=\"section\">\n\t\t\t\t\t\t<div class=\"elementor-container elementor-column-gap-default\">\n\t\t\t\t\t<div class=\"elementor-column elementor-col-100 elementor-top-column elementor-element elementor-element-0397e49\" data-id=\"0397e49\" data-element_type=\"column\" data-e-type=\"column\">\n\t\t\t<div class=\"elementor-widget-wrap elementor-element-populated\">\n\t\t\t\t\t\t<div class=\"elementor-element elementor-element-044acaa elementor-widget elementor-widget-heading\" data-id=\"044acaa\" data-element_type=\"widget\" data-e-type=\"widget\" data-widget_type=\"heading.default\">\n\t\t\t\t<div class=\"elementor-widget-container\">\n\t\t\t\t\t<h1 class=\"elementor-heading-title elementor-size-default\">GERA\u00c7\u00c3O DE ENERGIA FOTOVOLTAICA<\/h1>\t\t\t\t<\/div>\n\t\t\t\t<\/div>\n\t\t\t\t\t<\/div>\n\t\t<\/div>\n\t\t\t\t\t<\/div>\n\t\t<\/section>\n\t\t\t\t<section class=\"elementor-section elementor-top-section elementor-element elementor-element-cd64b6a elementor-section-boxed elementor-section-height-default elementor-section-height-default\" data-id=\"cd64b6a\" data-element_type=\"section\" data-e-type=\"section\">\n\t\t\t\t\t\t<div class=\"elementor-container elementor-column-gap-default\">\n\t\t\t\t\t<div class=\"elementor-column elementor-col-100 elementor-top-column elementor-element elementor-element-62569d1\" data-id=\"62569d1\" data-element_type=\"column\" data-e-type=\"column\">\n\t\t\t<div class=\"elementor-widget-wrap elementor-element-populated\">\n\t\t\t\t\t\t<div class=\"elementor-element elementor-element-e15f229 elementor-widget-divider--view-line elementor-widget elementor-widget-divider\" data-id=\"e15f229\" data-element_type=\"widget\" data-e-type=\"widget\" data-widget_type=\"divider.default\">\n\t\t\t\t<div class=\"elementor-widget-container\">\n\t\t\t\t\t\t\t<div class=\"elementor-divider\">\n\t\t\t<span class=\"elementor-divider-separator\">\n\t\t\t\t\t\t<\/span>\n\t\t<\/div>\n\t\t\t\t\t\t<\/div>\n\t\t\t\t<\/div>\n\t\t\t\t\t<\/div>\n\t\t<\/div>\n\t\t\t\t\t<\/div>\n\t\t<\/section>\n\t\t\t\t<section class=\"elementor-section elementor-top-section elementor-element elementor-element-70dd0fd elementor-section-boxed elementor-section-height-default elementor-section-height-default\" data-id=\"70dd0fd\" data-element_type=\"section\" data-e-type=\"section\">\n\t\t\t\t\t\t<div class=\"elementor-container elementor-column-gap-default\">\n\t\t\t\t\t<div class=\"elementor-column elementor-col-100 elementor-top-column elementor-element elementor-element-c83fb78\" data-id=\"c83fb78\" data-element_type=\"column\" data-e-type=\"column\">\n\t\t\t<div class=\"elementor-widget-wrap\">\n\t\t\t\t\t\t\t<\/div>\n\t\t<\/div>\n\t\t\t\t\t<\/div>\n\t\t<\/section>\n\t\t\t\t<section class=\"elementor-section elementor-top-section elementor-element elementor-element-4110b5d elementor-section-boxed elementor-section-height-default elementor-section-height-default\" data-id=\"4110b5d\" data-element_type=\"section\" data-e-type=\"section\">\n\t\t\t\t\t\t<div class=\"elementor-container elementor-column-gap-default\">\n\t\t\t\t\t<div class=\"elementor-column elementor-col-100 elementor-top-column elementor-element elementor-element-db75bc4\" data-id=\"db75bc4\" data-element_type=\"column\" data-e-type=\"column\">\n\t\t\t<div class=\"elementor-widget-wrap elementor-element-populated\">\n\t\t\t\t\t\t<div class=\"elementor-element elementor-element-b61f8eb elementor-widget elementor-widget-heading\" data-id=\"b61f8eb\" data-element_type=\"widget\" data-e-type=\"widget\" data-widget_type=\"heading.default\">\n\t\t\t\t<div class=\"elementor-widget-container\">\n\t\t\t\t\t<h3 class=\"elementor-heading-title elementor-size-default\"><h3 style=\"margin: 0cm 0cm 0.0001pt;text-align: justify;background-image: initial;background-position: initial;background-size: initial;background-attachment: initial\"><span style=\"font-size:12.0pt;,sans-serif;color:#8C8C8C;font-weight:normal\">O sistema de gera\u00e7\u00e3o de energia solar fotovoltaico possui uma pot\u00eancia instalada de 1,34 kWp, atualmente vinculado ao projeto de pesquisa do <a href=\"https:\/\/www2.unifap.br\/eletrica\/academico\/docentes\/prof-geraldo-maranhao\/\" style=\"background-position: 0px 0px\">Prof. Dr. Geraldo Maranh\u00e3o<\/a>.<\/span><span style=\"font-size: 18pt;font-family: Arial, sans-serif\">&nbsp;<\/span><\/h3><h3 style=\"margin: 0cm 0cm 0.0001pt;background-image: initial;background-position: initial;background-size: initial;background-attachment: initial\"><br><\/h3><h3 style=\"margin: 0cm 0cm 0.0001pt;text-align: justify;background-image: initial;background-position: initial;background-size: initial;background-attachment: initial\"><span style=\"font-size:12.0pt;,sans-serif;color:#8C8C8C;font-weight:normal\">Para ter acesso aos dados de gera\u00e7\u00e3o \u00e9 necess\u00e1rio entrar com o seguinte login e senha:<\/span><\/h3><br><h3 style=\"margin: 0cm 0cm 0.0001pt;text-align: justify;background-image: initial;background-position: initial;background-size: initial;background-attachment: initial\"><span lang=\"EN-US\" style=\"font-size:12.0pt;,sans-serif;color:#8C8C8C\">Login: <\/span><span lang=\"EN-US\" style=\"font-size:12.0pt;,sans-serif;color:#8C8C8C;font-weight:normal\">eletrica@unifap.br<\/span><\/h3><h3 style=\"margin: 0cm 0cm 0.0001pt;text-align: justify;background-image: initial;background-position: initial;background-size: initial;background-attachment: initial\"><span lang=\"EN-US\" style=\"font-size:12.0pt;,sans-serif;color:#8C8C8C\">Senha: <\/span><span lang=\"EN-US\" style=\"font-size:12.0pt;,sans-serif;color:#8C8C8C;font-weight:normal\">unifap<\/span><\/h3>\n<span lang=\"EN-US\" style=\"font-size:12.0pt;,sans-serif;color:#8C8C8C\">Site: <a href=\"https:\/\/webmonitoring-gl.csisolar.com\/home\/login\" style=\"background-position: 0px 0px\">https:\/\/webmonitoring-gl.csisolar.com\/home\/login<\/h3>\t\t\t\t<\/div>\n\t\t\t\t<\/div>\n\t\t\t\t<div class=\"elementor-element elementor-element-58b1da1 elementor-widget-divider--view-line elementor-widget elementor-widget-divider\" data-id=\"58b1da1\" data-element_type=\"widget\" data-e-type=\"widget\" data-widget_type=\"divider.default\">\n\t\t\t\t<div class=\"elementor-widget-container\">\n\t\t\t\t\t\t\t<div class=\"elementor-divider\">\n\t\t\t<span class=\"elementor-divider-separator\">\n\t\t\t\t\t\t<\/span>\n\t\t<\/div>\n\t\t\t\t\t\t<\/div>\n\t\t\t\t<\/div>\n\t\t\t\t\t<\/div>\n\t\t<\/div>\n\t\t\t\t\t<\/div>\n\t\t<\/section>\n\t\t\t\t<section class=\"elementor-section elementor-top-section elementor-element elementor-element-2ce82f6 elementor-section-boxed elementor-section-height-default elementor-section-height-default\" data-id=\"2ce82f6\" data-element_type=\"section\" data-e-type=\"section\">\n\t\t\t\t\t\t<div class=\"elementor-container elementor-column-gap-default\">\n\t\t\t\t\t<div class=\"elementor-column elementor-col-100 elementor-top-column elementor-element elementor-element-c5fbed6\" data-id=\"c5fbed6\" data-element_type=\"column\" data-e-type=\"column\">\n\t\t\t<div class=\"elementor-widget-wrap\">\n\t\t\t\t\t\t\t<\/div>\n\t\t<\/div>\n\t\t\t\t\t<\/div>\n\t\t<\/section>\n\t\t\t\t<section class=\"elementor-section elementor-top-section elementor-element elementor-element-e8cc67d elementor-section-boxed elementor-section-height-default elementor-section-height-default\" data-id=\"e8cc67d\" data-element_type=\"section\" data-e-type=\"section\">\n\t\t\t\t\t\t<div class=\"elementor-container elementor-column-gap-default\">\n\t\t\t\t\t<div class=\"elementor-column elementor-col-50 elementor-top-column elementor-element elementor-element-b262d7b\" data-id=\"b262d7b\" data-element_type=\"column\" data-e-type=\"column\">\n\t\t\t<div class=\"elementor-widget-wrap elementor-element-populated\">\n\t\t\t\t\t\t<div class=\"elementor-element elementor-element-17d94fc elementor-widget elementor-widget-image\" data-id=\"17d94fc\" data-element_type=\"widget\" data-e-type=\"widget\" data-widget_type=\"image.default\">\n\t\t\t\t<div class=\"elementor-widget-container\">\n\t\t\t\t\t\t\t\t\t\t\t\t\t\t\t\t<a href=\"https:\/\/monitoring.csisolar.com\/home\/login\">\n\t\t\t\t\t\t\t<img decoding=\"async\" width=\"180\" height=\"180\" src=\"https:\/\/www2.unifap.br\/eletrica\/files\/2020\/03\/CSI-Cloud.jpg\" class=\"attachment-large size-large wp-image-4861\" alt=\"\" srcset=\"https:\/\/www2.unifap.br\/eletrica\/files\/2020\/03\/CSI-Cloud.jpg 180w, https:\/\/www2.unifap.br\/eletrica\/files\/2020\/03\/CSI-Cloud-150x150.jpg 150w\" sizes=\"(max-width: 180px) 100vw, 180px\" \/>\t\t\t\t\t\t\t\t<\/a>\n\t\t\t\t\t\t\t\t\t\t\t\t\t\t\t<\/div>\n\t\t\t\t<\/div>\n\t\t\t\t\t<\/div>\n\t\t<\/div>\n\t\t\t\t<div class=\"elementor-column elementor-col-50 elementor-top-column elementor-element elementor-element-b7dd898\" data-id=\"b7dd898\" data-element_type=\"column\" data-e-type=\"column\">\n\t\t\t<div class=\"elementor-widget-wrap elementor-element-populated\">\n\t\t\t\t\t\t<div class=\"elementor-element elementor-element-7ad5a7b elementor-widget elementor-widget-heading\" data-id=\"7ad5a7b\" data-element_type=\"widget\" data-e-type=\"widget\" data-widget_type=\"heading.default\">\n\t\t\t\t<div class=\"elementor-widget-container\">\n\t\t\t\t\t<h3 class=\"elementor-heading-title elementor-size-default\"><h3 style=\"margin: 0cm 0cm 0.0001pt;background-image: initial;background-position: initial;background-size: initial;background-attachment: initial;text-align: justify\"><h3 style=\"margin: 0cm 0cm 0.0001pt;background-image: initial;background-position: initial;background-size: initial;background-attachment: initial\"><span style=\"font-size:12.0pt;,sans-serif;color:#8C8C8C;font-weight:normal\">As informa\u00e7\u00f5es podem ser acompanhadas em tempo real pelo app <\/span><span style=\"font-size:12.0pt;,sans-serif;color:#8C8C8C\">CSI Cloud<\/span><span style=\"font-size:12.0pt;,sans-serif;color:#8C8C8C;font-weight:normal\"> na vers\u00e3o para <a href=\"https:\/\/play.google.com\/store\/apps\/details?id=com.igen.canadiansolar&amp;hl=pt_BR\">Android<\/a> e <a href=\"https:\/\/apps.apple.com\/br\/app\/csi-cloud\/id1452785451?l=en\">iOS<\/a>.<\/span><\/h3><\/h3>\t\t\t\t<\/div>\n\t\t\t\t<\/div>\n\t\t\t\t\t<\/div>\n\t\t<\/div>\n\t\t\t\t\t<\/div>\n\t\t<\/section>\n\t\t\t\t<section class=\"elementor-section elementor-top-section elementor-element elementor-element-033a868 elementor-section-boxed elementor-section-height-default elementor-section-height-default\" data-id=\"033a868\" data-element_type=\"section\" data-e-type=\"section\">\n\t\t\t\t\t\t<div class=\"elementor-container elementor-column-gap-default\">\n\t\t\t\t\t<div class=\"elementor-column elementor-col-100 elementor-top-column elementor-element elementor-element-02db4b1\" data-id=\"02db4b1\" data-element_type=\"column\" data-e-type=\"column\">\n\t\t\t<div class=\"elementor-widget-wrap elementor-element-populated\">\n\t\t\t\t\t\t<div class=\"elementor-element elementor-element-0da1a81 elementor-widget elementor-widget-text-editor\" data-id=\"0da1a81\" data-element_type=\"widget\" data-e-type=\"widget\" data-widget_type=\"text-editor.default\">\n\t\t\t\t<div class=\"elementor-widget-container\">\n\t\t\t\t\t\t\t\t\t<p>A s\u00e9rie hist\u00f3rica de gera\u00e7\u00e3o inicia dia 23\/03\/2020 e pode ser acessada na \u00e1rea abaixo, podendo ser realizado o download no formato XLS.<\/p>\t\t\t\t\t\t\t\t<\/div>\n\t\t\t\t<\/div>\n\t\t\t\t<div class=\"elementor-element elementor-element-cfbcc2d elementor-widget-divider--view-line elementor-widget elementor-widget-divider\" data-id=\"cfbcc2d\" data-element_type=\"widget\" data-e-type=\"widget\" data-widget_type=\"divider.default\">\n\t\t\t\t<div class=\"elementor-widget-container\">\n\t\t\t\t\t\t\t<div class=\"elementor-divider\">\n\t\t\t<span class=\"elementor-divider-separator\">\n\t\t\t\t\t\t<\/span>\n\t\t<\/div>\n\t\t\t\t\t\t<\/div>\n\t\t\t\t<\/div>\n\t\t\t\t\t<\/div>\n\t\t<\/div>\n\t\t\t\t\t<\/div>\n\t\t<\/section>\n\t\t\t\t<\/div>\n\t\t","protected":false},"excerpt":{"rendered":"<p>GERA\u00c7\u00c3O DE ENERGIA FOTOVOLTAICA O sistema de gera\u00e7\u00e3o de energia solar fotovoltaico possui uma pot\u00eancia instalada de 1,34 kWp, atualmente vinculado ao projeto de pesquisa do Prof. Dr. Geraldo Maranh\u00e3o.&nbsp; Para ter acesso aos dados de gera\u00e7\u00e3o \u00e9 necess\u00e1rio entrar com o seguinte login e senha: Login: eletrica@unifap.br Senha: unifap Site: https:\/\/webmonitoring-gl.csisolar.com\/home\/login As informa\u00e7\u00f5es podem&hellip;<\/p>\n","protected":false},"author":2820,"featured_media":0,"parent":6323,"menu_order":2,"comment_status":"closed","ping_status":"closed","template":"fullwidth.php","meta":{"inline_featured_image":false,"ngg_post_thumbnail":0,"footnotes":""},"class_list":["post-4849","page","type-page","status-publish","hentry"],"_links":{"self":[{"href":"https:\/\/www2.unifap.br\/eletrica\/wp-json\/wp\/v2\/pages\/4849","targetHints":{"allow":["GET"]}}],"collection":[{"href":"https:\/\/www2.unifap.br\/eletrica\/wp-json\/wp\/v2\/pages"}],"about":[{"href":"https:\/\/www2.unifap.br\/eletrica\/wp-json\/wp\/v2\/types\/page"}],"author":[{"embeddable":true,"href":"https:\/\/www2.unifap.br\/eletrica\/wp-json\/wp\/v2\/users\/2820"}],"replies":[{"embeddable":true,"href":"https:\/\/www2.unifap.br\/eletrica\/wp-json\/wp\/v2\/comments?post=4849"}],"version-history":[{"count":27,"href":"https:\/\/www2.unifap.br\/eletrica\/wp-json\/wp\/v2\/pages\/4849\/revisions"}],"predecessor-version":[{"id":13278,"href":"https:\/\/www2.unifap.br\/eletrica\/wp-json\/wp\/v2\/pages\/4849\/revisions\/13278"}],"up":[{"embeddable":true,"href":"https:\/\/www2.unifap.br\/eletrica\/wp-json\/wp\/v2\/pages\/6323"}],"wp:attachment":[{"href":"https:\/\/www2.unifap.br\/eletrica\/wp-json\/wp\/v2\/media?parent=4849"}],"curies":[{"name":"wp","href":"https:\/\/api.w.org\/{rel}","templated":true}]}}