{"id":4972,"date":"2020-03-23T22:57:32","date_gmt":"2020-03-24T01:57:32","guid":{"rendered":"http:\/\/www2.unifap.br\/eletrica\/?page_id=4972"},"modified":"2025-05-27T15:14:59","modified_gmt":"2025-05-27T18:14:59","slug":"tecnicos-de-laboratorio","status":"publish","type":"page","link":"https:\/\/www2.unifap.br\/eletrica\/portal-administrativo\/tecnicos-de-laboratorio\/","title":{"rendered":"T\u00e9cnicos de Laborat\u00f3rio"},"content":{"rendered":"\t\t<div data-elementor-type=\"wp-post\" data-elementor-id=\"4972\" class=\"elementor elementor-4972\">\n\t\t\t\t\t\t<section class=\"elementor-section elementor-top-section elementor-element elementor-element-69a172e elementor-section-boxed elementor-section-height-default elementor-section-height-default\" data-id=\"69a172e\" data-element_type=\"section\" data-e-type=\"section\">\n\t\t\t\t\t\t<div class=\"elementor-container elementor-column-gap-default\">\n\t\t\t\t\t<div class=\"elementor-column elementor-col-100 elementor-top-column elementor-element elementor-element-e23efa4\" data-id=\"e23efa4\" data-element_type=\"column\" data-e-type=\"column\">\n\t\t\t<div class=\"elementor-widget-wrap elementor-element-populated\">\n\t\t\t\t\t\t<div class=\"elementor-element elementor-element-cd5af27 elementor-widget-divider--view-line elementor-widget elementor-widget-divider\" data-id=\"cd5af27\" data-element_type=\"widget\" data-e-type=\"widget\" data-widget_type=\"divider.default\">\n\t\t\t\t<div class=\"elementor-widget-container\">\n\t\t\t\t\t\t\t<div class=\"elementor-divider\">\n\t\t\t<span class=\"elementor-divider-separator\">\n\t\t\t\t\t\t<\/span>\n\t\t<\/div>\n\t\t\t\t\t\t<\/div>\n\t\t\t\t<\/div>\n\t\t\t\t\t<\/div>\n\t\t<\/div>\n\t\t\t\t\t<\/div>\n\t\t<\/section>\n\t\t\t\t<section class=\"elementor-section elementor-top-section elementor-element elementor-element-8f8c81d elementor-section-boxed elementor-section-height-default elementor-section-height-default\" data-id=\"8f8c81d\" data-element_type=\"section\" data-e-type=\"section\">\n\t\t\t\t\t\t<div class=\"elementor-container elementor-column-gap-default\">\n\t\t\t\t\t<div class=\"elementor-column elementor-col-100 elementor-top-column elementor-element elementor-element-acf301b\" data-id=\"acf301b\" data-element_type=\"column\" data-e-type=\"column\">\n\t\t\t<div class=\"elementor-widget-wrap elementor-element-populated\">\n\t\t\t\t\t\t<div class=\"elementor-element elementor-element-0df18c4 elementor-widget elementor-widget-heading\" data-id=\"0df18c4\" data-element_type=\"widget\" data-e-type=\"widget\" data-widget_type=\"heading.default\">\n\t\t\t\t<div class=\"elementor-widget-container\">\n\t\t\t\t\t<h2 class=\"elementor-heading-title elementor-size-default\">T\u00c9CNICOS DE LABORAT\u00d3RIO<\/h2>\t\t\t\t<\/div>\n\t\t\t\t<\/div>\n\t\t\t\t\t<\/div>\n\t\t<\/div>\n\t\t\t\t\t<\/div>\n\t\t<\/section>\n\t\t\t\t<section class=\"elementor-section elementor-top-section elementor-element elementor-element-d5d7c1b elementor-section-boxed elementor-section-height-default elementor-section-height-default\" data-id=\"d5d7c1b\" data-element_type=\"section\" data-e-type=\"section\">\n\t\t\t\t\t\t<div class=\"elementor-container elementor-column-gap-default\">\n\t\t\t\t\t<div class=\"elementor-column elementor-col-100 elementor-top-column elementor-element elementor-element-83c79b4\" data-id=\"83c79b4\" data-element_type=\"column\" data-e-type=\"column\">\n\t\t\t<div class=\"elementor-widget-wrap elementor-element-populated\">\n\t\t\t\t\t\t<div class=\"elementor-element elementor-element-2bd1a4f elementor-widget-divider--view-line elementor-widget elementor-widget-divider\" data-id=\"2bd1a4f\" data-element_type=\"widget\" data-e-type=\"widget\" data-widget_type=\"divider.default\">\n\t\t\t\t<div class=\"elementor-widget-container\">\n\t\t\t\t\t\t\t<div class=\"elementor-divider\">\n\t\t\t<span class=\"elementor-divider-separator\">\n\t\t\t\t\t\t<\/span>\n\t\t<\/div>\n\t\t\t\t\t\t<\/div>\n\t\t\t\t<\/div>\n\t\t\t\t\t<\/div>\n\t\t<\/div>\n\t\t\t\t\t<\/div>\n\t\t<\/section>\n\t\t\t\t<section class=\"elementor-section elementor-top-section elementor-element elementor-element-6c76b50 elementor-section-boxed elementor-section-height-default elementor-section-height-default\" data-id=\"6c76b50\" data-element_type=\"section\" data-e-type=\"section\">\n\t\t\t\t\t\t<div class=\"elementor-container elementor-column-gap-default\">\n\t\t\t\t\t<div class=\"elementor-column elementor-col-100 elementor-top-column elementor-element elementor-element-a37eb40\" data-id=\"a37eb40\" data-element_type=\"column\" data-e-type=\"column\">\n\t\t\t<div class=\"elementor-widget-wrap elementor-element-populated\">\n\t\t\t\t\t\t<div class=\"elementor-element elementor-element-8bdbfe8 elementor-widget elementor-widget-heading\" data-id=\"8bdbfe8\" data-element_type=\"widget\" data-e-type=\"widget\" data-widget_type=\"heading.default\">\n\t\t\t\t<div class=\"elementor-widget-container\">\n\t\t\t\t\t<h3 class=\"elementor-heading-title elementor-size-default\"><p style=\"text-align:justify\"><span style=\"font-size:13.0pt;line-height:107%;,serif\">O Curso de Engenharia El\u00e9trica possui um corpo t\u00e9cnico composto por um Engenheiro Eletricista e tr\u00eas T\u00e9cnicos Eletrot\u00e9cnicos. Suas principais fun\u00e7\u00f5es s\u00e3o auxiliar os docentes e discentes nas atividades de ensino desenvolvidas nos laborat\u00f3rios e em trabalhos de campo, desde que contemple sua \u00e1rea de atua\u00e7\u00e3o. Tamb\u00e9m se encontram dedicados na pesquisa e extens\u00e3o.<\/span><\/p><br><p style=\"text-align:justify\"><span style=\", serif;font-size: 13pt\">Corpo T\u00e9cnico de Laborat\u00f3rio:<\/span><\/p><\/h3>\t\t\t\t<\/div>\n\t\t\t\t<\/div>\n\t\t\t\t\t<\/div>\n\t\t<\/div>\n\t\t\t\t\t<\/div>\n\t\t<\/section>\n\t\t\t\t<section class=\"elementor-section elementor-top-section elementor-element elementor-element-cc1c3c6 elementor-section-boxed elementor-section-height-default elementor-section-height-default\" data-id=\"cc1c3c6\" data-element_type=\"section\" data-e-type=\"section\">\n\t\t\t\t\t\t<div class=\"elementor-container elementor-column-gap-default\">\n\t\t\t\t\t<div class=\"elementor-column elementor-col-33 elementor-top-column elementor-element elementor-element-bbbd851\" data-id=\"bbbd851\" data-element_type=\"column\" data-e-type=\"column\">\n\t\t\t<div class=\"elementor-widget-wrap\">\n\t\t\t\t\t\t\t<\/div>\n\t\t<\/div>\n\t\t\t\t<div class=\"elementor-column elementor-col-33 elementor-top-column elementor-element elementor-element-64f9c42\" data-id=\"64f9c42\" data-element_type=\"column\" data-e-type=\"column\">\n\t\t\t<div class=\"elementor-widget-wrap elementor-element-populated\">\n\t\t\t\t\t\t<div class=\"elementor-element elementor-element-224f61f elementor-widget elementor-widget-image\" data-id=\"224f61f\" data-element_type=\"widget\" data-e-type=\"widget\" data-widget_type=\"image.default\">\n\t\t\t\t<div class=\"elementor-widget-container\">\n\t\t\t\t\t\t\t\t\t\t\t\t\t\t\t<img decoding=\"async\" width=\"150\" height=\"150\" src=\"https:\/\/www2.unifap.br\/eletrica\/files\/2020\/03\/12193654_787951354644970_6737196258863303454_n-150x150.jpg\" class=\"attachment-thumbnail size-thumbnail wp-image-4944\" alt=\"\" srcset=\"https:\/\/www2.unifap.br\/eletrica\/files\/2020\/03\/12193654_787951354644970_6737196258863303454_n-150x150.jpg 150w, https:\/\/www2.unifap.br\/eletrica\/files\/2020\/03\/12193654_787951354644970_6737196258863303454_n-300x300.jpg 300w, https:\/\/www2.unifap.br\/eletrica\/files\/2020\/03\/12193654_787951354644970_6737196258863303454_n.jpg 720w\" sizes=\"(max-width: 150px) 100vw, 150px\" \/>\t\t\t\t\t\t\t\t\t\t\t\t\t\t\t<\/div>\n\t\t\t\t<\/div>\n\t\t\t\t\t<\/div>\n\t\t<\/div>\n\t\t\t\t<div class=\"elementor-column elementor-col-33 elementor-top-column elementor-element elementor-element-1a0a80b\" data-id=\"1a0a80b\" data-element_type=\"column\" data-e-type=\"column\">\n\t\t\t<div class=\"elementor-widget-wrap elementor-element-populated\">\n\t\t\t\t\t\t<div class=\"elementor-element elementor-element-66626f0 elementor-widget elementor-widget-heading\" data-id=\"66626f0\" data-element_type=\"widget\" data-e-type=\"widget\" data-widget_type=\"heading.default\">\n\t\t\t\t<div class=\"elementor-widget-container\">\n\t\t\t\t\t<h5 class=\"elementor-heading-title elementor-size-default\"><p style=\"margin: 0cm 0cm 0.0001pt;line-height: 20.25pt;background-image: initial;background-position: initial;background-size: initial;background-attachment: initial\"><em><b><span style=\"font-size: 13pt;, serif;font-style: normal\">Me.&nbsp;M\u00e1rcio&nbsp;Clei&nbsp;Silva de Oliveira<\/span><\/b><\/em><span style=\"font-size: 13pt;, serif\"><b> <\/b>(<\/span><span style=\", serif\"><span style=\"background-position: 0px 0px\"><a href=\"http:\/\/lattes.cnpq.br\/1790937651946919\" target=\"_blank\" style=\"font-size: 13pt;font-style: italic;background-position: 0px 0px\">Curriculum<\/a> <\/span><\/span><em><span style=\"font-size: 13pt;, serif;font-style: normal\"><a href=\"http:\/\/lattes.cnpq.br\/1790937651946919\" target=\"_blank\" style=\"background-position: 0px 0px\"><i>Lattes<\/i><\/a>)<\/span><\/em><\/p><p style=\"margin: 0cm 0cm 0.0001pt;line-height: 20.25pt;background-image: initial;background-position: initial;background-size: initial;background-attachment: initial\"><span style=\"font-size: 13pt;, serif\">T\u00e9cnico de Laborat\u00f3rio de Eletrot\u00e9cnica<\/span><b><span style=\", serif\"><\/span><\/b><\/p><p style=\"margin: 0cm 0cm 0.0001pt;line-height: 20.25pt;background-image: initial;background-position: initial;background-size: initial;background-attachment: initial\"><span style=\"font-size: 13pt;, serif\">E-mail:<\/span><span style=\"background-image: initial;background-position: initial;background-size: initial;background-attachment: initial\"><b><span style=\"font-size:13.0pt;,serif;color:black\">&nbsp;<\/span><\/b><\/span><span style=\"background-image: initial;background-position: initial;background-size: initial;background-attachment: initial\"><span style=\"background-position: 0px 0px\"><span style=\"font-size: 13pt;, serif\"><a href=\"mailto:marcioclei@unifap.br\" style=\"background-position: 0px 0px\">marcioclei@unifap.br<\/a><\/span><\/span><b>\n<\/b><\/span><\/p><p style=\"margin: 0cm 0cm 0.0001pt;line-height: 20.25pt;background-image: initial;background-position: initial;background-size: initial;background-attachment: initial\"><span style=\"font-size: 13pt;, serif\">Lota\u00e7\u00e3o: Laborat\u00f3rio de Energias Renov\u00e1veis<\/span><\/p><p style=\"margin: 0cm 0cm 0.0001pt;line-height: 20.25pt;background-image: initial;background-position: initial;background-size: initial;background-attachment: initial\"><span style=\"font-size: 13pt;, serif\">Supervis\u00e3o: Laborat\u00f3rio de Circuitos El\u00e9tricos e Eletr\u00f4nica e <\/span><span style=\"font-size: 13pt\">Laborat\u00f3rio de Fundamentos para Engenharia<\/span><\/p><br><br><\/h5>\t\t\t\t<\/div>\n\t\t\t\t<\/div>\n\t\t\t\t\t<\/div>\n\t\t<\/div>\n\t\t\t\t\t<\/div>\n\t\t<\/section>\n\t\t\t\t<section class=\"elementor-section elementor-top-section elementor-element elementor-element-ac44f18 elementor-section-boxed elementor-section-height-default elementor-section-height-default\" data-id=\"ac44f18\" data-element_type=\"section\" data-e-type=\"section\">\n\t\t\t\t\t\t<div class=\"elementor-container elementor-column-gap-default\">\n\t\t\t\t\t<div class=\"elementor-column elementor-col-33 elementor-top-column elementor-element elementor-element-57213f1\" data-id=\"57213f1\" data-element_type=\"column\" data-e-type=\"column\">\n\t\t\t<div class=\"elementor-widget-wrap\">\n\t\t\t\t\t\t\t<\/div>\n\t\t<\/div>\n\t\t\t\t<div class=\"elementor-column elementor-col-33 elementor-top-column elementor-element elementor-element-5658395\" data-id=\"5658395\" data-element_type=\"column\" data-e-type=\"column\">\n\t\t\t<div class=\"elementor-widget-wrap elementor-element-populated\">\n\t\t\t\t\t\t<div class=\"elementor-element elementor-element-fac54df elementor-widget elementor-widget-image\" data-id=\"fac54df\" data-element_type=\"widget\" data-e-type=\"widget\" data-widget_type=\"image.default\">\n\t\t\t\t<div class=\"elementor-widget-container\">\n\t\t\t\t\t\t\t\t\t\t\t\t\t\t\t<img decoding=\"async\" width=\"150\" height=\"150\" src=\"https:\/\/www2.unifap.br\/eletrica\/files\/2020\/03\/thumbnail_Captura-de-Tela-2020-03-23-\u00e0s-16.30.01-150x150.png\" class=\"attachment-thumbnail size-thumbnail wp-image-4945\" alt=\"\" \/>\t\t\t\t\t\t\t\t\t\t\t\t\t\t\t<\/div>\n\t\t\t\t<\/div>\n\t\t\t\t\t<\/div>\n\t\t<\/div>\n\t\t\t\t<div class=\"elementor-column elementor-col-33 elementor-top-column elementor-element elementor-element-0683fd5\" data-id=\"0683fd5\" data-element_type=\"column\" data-e-type=\"column\">\n\t\t\t<div class=\"elementor-widget-wrap elementor-element-populated\">\n\t\t\t\t\t\t<div class=\"elementor-element elementor-element-6cae309 elementor-widget elementor-widget-heading\" data-id=\"6cae309\" data-element_type=\"widget\" data-e-type=\"widget\" data-widget_type=\"heading.default\">\n\t\t\t\t<div class=\"elementor-widget-container\">\n\t\t\t\t\t<h2 class=\"elementor-heading-title elementor-size-default\"><p style=\"margin: 0cm 0cm 0.0001pt;line-height: 20.25pt;background-image: initial;background-position: initial;background-size: initial;background-attachment: initial\"><em><b><span style=\"font-size: 13pt;, serif;font-style: normal\">Me. Messias Dias da Silva<\/span>&nbsp;<\/b>(<a href=\"http:\/\/lattes.cnpq.br\/7119041398648982\" style=\"background-position: 0px 0px\"><i>Curriculum Lattes<\/i><\/a>)<\/em><b><span style=\", serif\"><\/span><\/b><\/p><p style=\"margin: 0cm 0cm 0.0001pt;line-height: 20.25pt;background-image: initial;background-position: initial;background-size: initial;background-attachment: initial\"><span style=\"font-size: 13pt;, serif\">T\u00e9cnico de Laborat\u00f3rio de Eletrot\u00e9cnica<\/span><b><span style=\", serif\"><\/span><\/b><\/p><p style=\"margin: 0cm 0cm 4pt;line-height: 20.25pt;background-image: initial;background-position: initial;background-size: initial;background-attachment: initial\"><span style=\"background-image: initial;background-position: initial;background-size: initial;background-attachment: initial\"><span style=\"font-size: 13pt;, serif\">E-mail:<\/span><\/span><span style=\"background-image: initial;background-position: initial;background-size: initial;background-attachment: initial\"><b><span style=\"font-size:13.0pt;,serif;color:black\">&nbsp;<\/span><\/b><\/span><span style=\"background-position: 0px 0px\"><span><span style=\"background-position: initial;background-image: initial;background-size: initial;background-attachment: initial\"><span><a href=\"mailto:mdsilva@unifap.br\" style=\"background-position: 0px 0px\"><span style=\"font-size: 13pt;, serif\">mdsilva@unifap.br<\/span><\/a><\/span><\/span><b><span style=\", serif\"><\/span><\/b><\/span><\/span><\/p><p style=\"margin: 0cm 0cm 0.0001pt;line-height: 20.25pt;background-image: initial;background-position: initial;background-size: initial;background-attachment: initial\"><span style=\"font-size: 13pt;, serif\">Lota\u00e7\u00e3o: Laborat\u00f3rio de Automa\u00e7\u00e3o e Controle<\/span><\/p><p style=\"margin: 0cm 0cm 0.0001pt;line-height: 20.25pt;background-image: initial;background-position: initial;background-size: initial;background-attachment: initial\"><span style=\"font-size: 13pt;, serif\">Supervis\u00e3o: Laborat\u00f3rio de Instrumenta\u00e7\u00e3o e Controle de Processos e <\/span><span style=\"font-size: 13pt\">Laborat\u00f3rio de Sistemas El\u00e9tricos de Pot\u00eancia<\/span><\/p><br><p style=\"margin: 0cm 0cm 0.0001pt;line-height: 20.25pt;background-image: initial;background-position: initial;background-size: initial;background-attachment: initial\"><span style=\"font-family: Roboto, sans-serif;font-size: 30px\"><\/span><\/p>\n<\/h2>\t\t\t\t<\/div>\n\t\t\t\t<\/div>\n\t\t\t\t\t<\/div>\n\t\t<\/div>\n\t\t\t\t\t<\/div>\n\t\t<\/section>\n\t\t\t\t<section class=\"elementor-section elementor-top-section elementor-element elementor-element-194be29 elementor-section-boxed elementor-section-height-default elementor-section-height-default\" data-id=\"194be29\" data-element_type=\"section\" data-e-type=\"section\">\n\t\t\t\t\t\t<div class=\"elementor-container elementor-column-gap-default\">\n\t\t\t\t\t<div class=\"elementor-column elementor-col-33 elementor-top-column elementor-element elementor-element-74c2aa8\" data-id=\"74c2aa8\" data-element_type=\"column\" data-e-type=\"column\">\n\t\t\t<div class=\"elementor-widget-wrap\">\n\t\t\t\t\t\t\t<\/div>\n\t\t<\/div>\n\t\t\t\t<div class=\"elementor-column elementor-col-33 elementor-top-column elementor-element elementor-element-17bb80f\" data-id=\"17bb80f\" data-element_type=\"column\" data-e-type=\"column\">\n\t\t\t<div class=\"elementor-widget-wrap elementor-element-populated\">\n\t\t\t\t\t\t<div class=\"elementor-element elementor-element-8cd42dd elementor-widget elementor-widget-image\" data-id=\"8cd42dd\" data-element_type=\"widget\" data-e-type=\"widget\" data-widget_type=\"image.default\">\n\t\t\t\t<div class=\"elementor-widget-container\">\n\t\t\t\t\t\t\t\t\t\t\t\t\t\t\t<img decoding=\"async\" width=\"150\" height=\"150\" src=\"https:\/\/www2.unifap.br\/eletrica\/files\/2020\/03\/servletrecuperafoto-3-150x150.jpg\" class=\"attachment-thumbnail size-thumbnail wp-image-4946\" alt=\"\" \/>\t\t\t\t\t\t\t\t\t\t\t\t\t\t\t<\/div>\n\t\t\t\t<\/div>\n\t\t\t\t\t<\/div>\n\t\t<\/div>\n\t\t\t\t<div class=\"elementor-column elementor-col-33 elementor-top-column elementor-element elementor-element-f36602d\" data-id=\"f36602d\" data-element_type=\"column\" data-e-type=\"column\">\n\t\t\t<div class=\"elementor-widget-wrap elementor-element-populated\">\n\t\t\t\t\t\t<div class=\"elementor-element elementor-element-779d679 elementor-widget elementor-widget-heading\" data-id=\"779d679\" data-element_type=\"widget\" data-e-type=\"widget\" data-widget_type=\"heading.default\">\n\t\t\t\t<div class=\"elementor-widget-container\">\n\t\t\t\t\t<h2 class=\"elementor-heading-title elementor-size-default\"><p class=\"MsoNormal\" style=\"margin-bottom: 0.0001pt;line-height: normal;background-image: initial;background-position: initial;background-size: initial;background-attachment: initial\"><span style=\"font-size: 13pt;, serif\"><b>Esp. Gilmar Holanda da Paix\u00e3o&nbsp;<\/b>(<a href=\"http:\/\/lattes.cnpq.br\/0547176465612143\"><i>Curriculum Lattes<\/i><\/a>)<b><br><\/b><\/span><span style=\"font-size: 13pt;, serif\">T\u00e9cnico de Laborat\u00f3rio de Eletrot\u00e9cnica<\/span><b><span style=\"font-size:22.5pt;,sans-serif;color:#1569AE\"><br><\/span><\/b><span style=\"font-size: 13pt;, serif\">E-mail:<\/span><b><span style=\"font-size:13.0pt;,serif;color:black\">&nbsp;<\/span><\/b><span class=\"MsoHyperlink\"><span style=\"font-size: 13pt;, serif\"><a href=\"mailto:gilmar.paixao@unifap.br\">gilmar.paixao@unifap.br<\/a><\/span><\/span><span class=\"MsoHyperlink\"><span style=\"font-size:13.0pt;,serif;color:#428BCA\"><\/span><\/span><\/p><p class=\"MsoNormal\" style=\"margin-bottom: 0.0001pt;line-height: normal;background-image: initial;background-position: initial;background-size: initial;background-attachment: initial\"><span style=\"font-size: 13pt;, serif\">Lota\u00e7\u00e3o: Laborat\u00f3rio de Convers\u00e3o e M\u00e1quinas El\u00e9tricas<\/span><\/p><p class=\"MsoNormal\" style=\"margin-bottom: 0.0001pt;line-height: normal;background-image: initial;background-position: initial;background-size: initial;background-attachment: initial\"><span style=\"font-size: 13pt;, serif\">Supervis\u00e3o: Laborat\u00f3rio de Eletromagnetismo, Antenas e Propaga\u00e7\u00e3o e <\/span><span style=\"font-size: 13pt\">Laborat\u00f3rio de Inform\u00e1tica II<\/span><\/p><p class=\"MsoNormal\" style=\"margin-bottom: 0.0001pt;line-height: normal;background-image: initial;background-position: initial;background-size: initial;background-attachment: initial\"><span style=\"font-size: 13pt;, serif\"><\/span><\/p><\/h2>\t\t\t\t<\/div>\n\t\t\t\t<\/div>\n\t\t\t\t\t<\/div>\n\t\t<\/div>\n\t\t\t\t\t<\/div>\n\t\t<\/section>\n\t\t\t\t<\/div>\n\t\t","protected":false},"excerpt":{"rendered":"<p>T\u00c9CNICOS DE LABORAT\u00d3RIO O Curso de Engenharia El\u00e9trica possui um corpo t\u00e9cnico composto por um Engenheiro Eletricista e tr\u00eas T\u00e9cnicos Eletrot\u00e9cnicos. Suas principais fun\u00e7\u00f5es s\u00e3o auxiliar os docentes e discentes nas atividades de ensino desenvolvidas nos laborat\u00f3rios e em trabalhos de campo, desde que contemple sua \u00e1rea de atua\u00e7\u00e3o. Tamb\u00e9m se encontram dedicados na pesquisa&hellip;<\/p>\n","protected":false},"author":2820,"featured_media":0,"parent":5164,"menu_order":2,"comment_status":"closed","ping_status":"closed","template":"fullwidth.php","meta":{"inline_featured_image":false,"ngg_post_thumbnail":0,"footnotes":""},"class_list":["post-4972","page","type-page","status-publish","hentry"],"_links":{"self":[{"href":"https:\/\/www2.unifap.br\/eletrica\/wp-json\/wp\/v2\/pages\/4972","targetHints":{"allow":["GET"]}}],"collection":[{"href":"https:\/\/www2.unifap.br\/eletrica\/wp-json\/wp\/v2\/pages"}],"about":[{"href":"https:\/\/www2.unifap.br\/eletrica\/wp-json\/wp\/v2\/types\/page"}],"author":[{"embeddable":true,"href":"https:\/\/www2.unifap.br\/eletrica\/wp-json\/wp\/v2\/users\/2820"}],"replies":[{"embeddable":true,"href":"https:\/\/www2.unifap.br\/eletrica\/wp-json\/wp\/v2\/comments?post=4972"}],"version-history":[{"count":21,"href":"https:\/\/www2.unifap.br\/eletrica\/wp-json\/wp\/v2\/pages\/4972\/revisions"}],"predecessor-version":[{"id":14152,"href":"https:\/\/www2.unifap.br\/eletrica\/wp-json\/wp\/v2\/pages\/4972\/revisions\/14152"}],"up":[{"embeddable":true,"href":"https:\/\/www2.unifap.br\/eletrica\/wp-json\/wp\/v2\/pages\/5164"}],"wp:attachment":[{"href":"https:\/\/www2.unifap.br\/eletrica\/wp-json\/wp\/v2\/media?parent=4972"}],"curies":[{"name":"wp","href":"https:\/\/api.w.org\/{rel}","templated":true}]}}