{"id":5164,"date":"2020-05-12T23:53:09","date_gmt":"2020-05-13T02:53:09","guid":{"rendered":"http:\/\/www2.unifap.br\/eletrica\/?page_id=5164"},"modified":"2023-05-05T10:12:09","modified_gmt":"2023-05-05T13:12:09","slug":"portal-administrativo","status":"publish","type":"page","link":"https:\/\/www2.unifap.br\/eletrica\/portal-administrativo\/","title":{"rendered":"Portal Administrativo"},"content":{"rendered":"\t\t<div data-elementor-type=\"wp-post\" data-elementor-id=\"5164\" class=\"elementor elementor-5164\">\n\t\t\t\t\t\t<section class=\"elementor-section elementor-top-section elementor-element elementor-element-be985b3 elementor-section-boxed elementor-section-height-default elementor-section-height-default\" data-id=\"be985b3\" data-element_type=\"section\" data-e-type=\"section\">\n\t\t\t\t\t\t<div class=\"elementor-container elementor-column-gap-default\">\n\t\t\t\t\t<div class=\"elementor-column elementor-col-100 elementor-top-column elementor-element elementor-element-a6a5922\" data-id=\"a6a5922\" data-element_type=\"column\" data-e-type=\"column\">\n\t\t\t<div class=\"elementor-widget-wrap elementor-element-populated\">\n\t\t\t\t\t\t<div class=\"elementor-element elementor-element-3bb498b elementor-widget-divider--view-line elementor-widget elementor-widget-divider\" data-id=\"3bb498b\" data-element_type=\"widget\" data-e-type=\"widget\" data-widget_type=\"divider.default\">\n\t\t\t\t<div class=\"elementor-widget-container\">\n\t\t\t\t\t\t\t<div class=\"elementor-divider\">\n\t\t\t<span class=\"elementor-divider-separator\">\n\t\t\t\t\t\t<\/span>\n\t\t<\/div>\n\t\t\t\t\t\t<\/div>\n\t\t\t\t<\/div>\n\t\t\t\t<div class=\"elementor-element elementor-element-4b4d4ea elementor-widget elementor-widget-heading\" data-id=\"4b4d4ea\" data-element_type=\"widget\" data-e-type=\"widget\" data-widget_type=\"heading.default\">\n\t\t\t\t<div class=\"elementor-widget-container\">\n\t\t\t\t\t<h1 class=\"elementor-heading-title elementor-size-xl\">PORTAL ADMINISTRATIVO<\/h1>\t\t\t\t<\/div>\n\t\t\t\t<\/div>\n\t\t\t\t<div class=\"elementor-element elementor-element-a0da3cf elementor-widget-divider--view-line elementor-widget elementor-widget-divider\" data-id=\"a0da3cf\" data-element_type=\"widget\" data-e-type=\"widget\" data-widget_type=\"divider.default\">\n\t\t\t\t<div class=\"elementor-widget-container\">\n\t\t\t\t\t\t\t<div class=\"elementor-divider\">\n\t\t\t<span class=\"elementor-divider-separator\">\n\t\t\t\t\t\t<\/span>\n\t\t<\/div>\n\t\t\t\t\t\t<\/div>\n\t\t\t\t<\/div>\n\t\t\t\t\t<\/div>\n\t\t<\/div>\n\t\t\t\t\t<\/div>\n\t\t<\/section>\n\t\t\t\t<section class=\"elementor-section elementor-top-section elementor-element elementor-element-6c1f41a elementor-section-boxed elementor-section-height-default elementor-section-height-default\" data-id=\"6c1f41a\" data-element_type=\"section\" data-e-type=\"section\">\n\t\t\t\t\t\t<div class=\"elementor-container elementor-column-gap-default\">\n\t\t\t\t\t<div class=\"elementor-column elementor-col-100 elementor-top-column elementor-element elementor-element-68642b0\" data-id=\"68642b0\" data-element_type=\"column\" data-e-type=\"column\">\n\t\t\t<div class=\"elementor-widget-wrap elementor-element-populated\">\n\t\t\t\t\t\t<section class=\"elementor-section elementor-inner-section elementor-element elementor-element-dde1d5b elementor-section-boxed elementor-section-height-default elementor-section-height-default\" data-id=\"dde1d5b\" data-element_type=\"section\" data-e-type=\"section\">\n\t\t\t\t\t\t<div class=\"elementor-container elementor-column-gap-wider\">\n\t\t\t\t\t<div class=\"elementor-column elementor-col-50 elementor-inner-column elementor-element elementor-element-14993b4\" data-id=\"14993b4\" data-element_type=\"column\" data-e-type=\"column\">\n\t\t\t<div class=\"elementor-widget-wrap elementor-element-populated\">\n\t\t\t\t\t\t<div class=\"elementor-element elementor-element-d91b857 elementor-position-left elementor-vertical-align-middle animated-slow elementor-invisible elementor-widget elementor-widget-image-box\" data-id=\"d91b857\" data-element_type=\"widget\" data-e-type=\"widget\" data-settings=\"{&quot;_animation&quot;:&quot;fadeIn&quot;}\" data-widget_type=\"image-box.default\">\n\t\t\t\t<div class=\"elementor-widget-container\">\n\t\t\t\t\t<div class=\"elementor-image-box-wrapper\"><figure class=\"elementor-image-box-img\"><a href=\"https:\/\/www2.unifap.br\/eletrica\/coordenacao\/secretaria\" tabindex=\"-1\"><img fetchpriority=\"high\" decoding=\"async\" width=\"250\" height=\"250\" src=\"https:\/\/www2.unifap.br\/eletrica\/files\/2020\/03\/quem-\u00e9-quem-e1589597059499.jpg\" class=\"attachment-full size-full wp-image-4382\" alt=\"\" \/><\/a><\/figure><div class=\"elementor-image-box-content\"><div class=\"elementor-image-box-title\"><a href=\"https:\/\/www2.unifap.br\/eletrica\/coordenacao\/secretaria\">Secretaria<\/a><\/div><p class=\"elementor-image-box-description\">Informa\u00e7\u00f5es sobre os servidores da coordena\u00e7\u00e3o<\/p><\/div><\/div>\t\t\t\t<\/div>\n\t\t\t\t<\/div>\n\t\t\t\t<div class=\"elementor-element elementor-element-5b7dd83 elementor-position-left elementor-vertical-align-middle animated-slow elementor-invisible elementor-widget elementor-widget-image-box\" data-id=\"5b7dd83\" data-element_type=\"widget\" data-e-type=\"widget\" data-settings=\"{&quot;_animation&quot;:&quot;fadeIn&quot;}\" data-widget_type=\"image-box.default\">\n\t\t\t\t<div class=\"elementor-widget-container\">\n\t\t\t\t\t<div class=\"elementor-image-box-wrapper\"><figure class=\"elementor-image-box-img\"><a href=\"http:\/\/www2.unifap.br\/eletrica\/portal-administrativo\/sobre-o-curso\/\" tabindex=\"-1\"><img decoding=\"async\" width=\"250\" height=\"250\" src=\"https:\/\/www2.unifap.br\/eletrica\/files\/2020\/04\/Site-logo-e1589585366997.png\" class=\"attachment-full size-full wp-image-5073\" alt=\"\" \/><\/a><\/figure><div class=\"elementor-image-box-content\"><div class=\"elementor-image-box-title\"><a href=\"http:\/\/www2.unifap.br\/eletrica\/portal-administrativo\/sobre-o-curso\/\">Sobre o Curso<\/a><\/div><p class=\"elementor-image-box-description\">Hist\u00f3rico do curso<\/p><\/div><\/div>\t\t\t\t<\/div>\n\t\t\t\t<\/div>\n\t\t\t\t<div class=\"elementor-element elementor-element-22f946f elementor-position-left elementor-vertical-align-middle animated-slow elementor-invisible elementor-widget elementor-widget-image-box\" data-id=\"22f946f\" data-element_type=\"widget\" data-e-type=\"widget\" data-settings=\"{&quot;_animation&quot;:&quot;fadeIn&quot;}\" data-widget_type=\"image-box.default\">\n\t\t\t\t<div class=\"elementor-widget-container\">\n\t\t\t\t\t<div class=\"elementor-image-box-wrapper\"><figure class=\"elementor-image-box-img\"><a href=\"http:\/\/www2.unifap.br\/eletrica\/6224-2\/\" tabindex=\"-1\"><img decoding=\"async\" width=\"225\" height=\"225\" src=\"https:\/\/www2.unifap.br\/eletrica\/files\/2020\/05\/avalia\u00e7\u00e3o.png\" class=\"attachment-full size-full wp-image-5178\" alt=\"\" srcset=\"https:\/\/www2.unifap.br\/eletrica\/files\/2020\/05\/avalia\u00e7\u00e3o.png 225w, https:\/\/www2.unifap.br\/eletrica\/files\/2020\/05\/avalia\u00e7\u00e3o-150x150.png 150w\" sizes=\"(max-width: 225px) 100vw, 225px\" \/><\/a><\/figure><div class=\"elementor-image-box-content\"><p class=\"elementor-image-box-title\"><a href=\"http:\/\/www2.unifap.br\/eletrica\/6224-2\/\">Avalia\u00e7\u00e3o Interna (Indicadores)<\/a><\/p><p class=\"elementor-image-box-description\">Resultados das avalia\u00e7\u00f5es de satisfa\u00e7\u00e3o<\/p><\/div><\/div>\t\t\t\t<\/div>\n\t\t\t\t<\/div>\n\t\t\t\t<div class=\"elementor-element elementor-element-832c5fd elementor-position-left elementor-vertical-align-middle animated-slow elementor-invisible elementor-widget elementor-widget-image-box\" data-id=\"832c5fd\" data-element_type=\"widget\" data-e-type=\"widget\" data-settings=\"{&quot;_animation&quot;:&quot;fadeIn&quot;}\" data-widget_type=\"image-box.default\">\n\t\t\t\t<div class=\"elementor-widget-container\">\n\t\t\t\t\t<div class=\"elementor-image-box-wrapper\"><figure class=\"elementor-image-box-img\"><a href=\"https:\/\/www2.unifap.br\/eletrica\/coordenacao\/colegiado-de-curso\/\" tabindex=\"-1\"><img loading=\"lazy\" decoding=\"async\" width=\"250\" height=\"250\" src=\"https:\/\/www2.unifap.br\/eletrica\/files\/2020\/05\/Colegiado4-e1589583466865.png\" class=\"attachment-full size-full wp-image-5252\" alt=\"\" \/><\/a><\/figure><div class=\"elementor-image-box-content\"><div class=\"elementor-image-box-title\"><a href=\"https:\/\/www2.unifap.br\/eletrica\/coordenacao\/colegiado-de-curso\/\">Colegiado de Curso<\/a><\/div><p class=\"elementor-image-box-description\">Composi\u00e7\u00e3o, calend\u00e1rio e atas de reuni\u00f5es<\/p><\/div><\/div>\t\t\t\t<\/div>\n\t\t\t\t<\/div>\n\t\t\t\t<div class=\"elementor-element elementor-element-45f2ad6 elementor-position-left elementor-vertical-align-middle animated-slow elementor-invisible elementor-widget elementor-widget-image-box\" data-id=\"45f2ad6\" data-element_type=\"widget\" data-e-type=\"widget\" data-settings=\"{&quot;_animation&quot;:&quot;fadeIn&quot;}\" data-widget_type=\"image-box.default\">\n\t\t\t\t<div class=\"elementor-widget-container\">\n\t\t\t\t\t<div class=\"elementor-image-box-wrapper\"><figure class=\"elementor-image-box-img\"><a href=\"http:\/\/www2.unifap.br\/eletrica\/portal-administrativo\/requerimentos-on-line\/\" tabindex=\"-1\"><img loading=\"lazy\" decoding=\"async\" width=\"225\" height=\"225\" src=\"https:\/\/www2.unifap.br\/eletrica\/files\/2020\/05\/requerimento.png\" class=\"attachment-full size-full wp-image-5256\" alt=\"\" srcset=\"https:\/\/www2.unifap.br\/eletrica\/files\/2020\/05\/requerimento.png 225w, https:\/\/www2.unifap.br\/eletrica\/files\/2020\/05\/requerimento-150x150.png 150w\" sizes=\"(max-width: 225px) 100vw, 225px\" \/><\/a><\/figure><div class=\"elementor-image-box-content\"><div class=\"elementor-image-box-title\"><a href=\"http:\/\/www2.unifap.br\/eletrica\/portal-administrativo\/requerimentos-on-line\/\">Requerimentos On-line<\/a><\/div><p class=\"elementor-image-box-description\">Solicita\u00e7\u00f5es direcionadas a Coordena\u00e7\u00e3o<\/p><\/div><\/div>\t\t\t\t<\/div>\n\t\t\t\t<\/div>\n\t\t\t\t<div class=\"elementor-element elementor-element-97a16be elementor-position-left elementor-vertical-align-middle animated-slow elementor-invisible elementor-widget elementor-widget-image-box\" data-id=\"97a16be\" data-element_type=\"widget\" data-e-type=\"widget\" data-settings=\"{&quot;_animation&quot;:&quot;fadeIn&quot;}\" data-widget_type=\"image-box.default\">\n\t\t\t\t<div class=\"elementor-widget-container\">\n\t\t\t\t\t<div class=\"elementor-image-box-wrapper\"><figure class=\"elementor-image-box-img\"><a href=\"http:\/\/www2.unifap.br\/eletrica\/portal-administrativo\/encontro-zero\/\" tabindex=\"-1\"><img loading=\"lazy\" decoding=\"async\" width=\"390\" height=\"410\" src=\"https:\/\/www2.unifap.br\/eletrica\/files\/2020\/05\/Encontro-Zero.jpeg\" class=\"attachment-full size-full wp-image-5358\" alt=\"\" srcset=\"https:\/\/www2.unifap.br\/eletrica\/files\/2020\/05\/Encontro-Zero.jpeg 390w, https:\/\/www2.unifap.br\/eletrica\/files\/2020\/05\/Encontro-Zero-285x300.jpeg 285w\" sizes=\"(max-width: 390px) 100vw, 390px\" \/><\/a><\/figure><div class=\"elementor-image-box-content\"><div class=\"elementor-image-box-title\"><a href=\"http:\/\/www2.unifap.br\/eletrica\/portal-administrativo\/encontro-zero\/\">Encontro Zero<\/a><\/div><p class=\"elementor-image-box-description\">Informa\u00e7\u00f5es e metas do evento <\/p><\/div><\/div>\t\t\t\t<\/div>\n\t\t\t\t<\/div>\n\t\t\t\t<div class=\"elementor-element elementor-element-aa9973d elementor-position-left elementor-vertical-align-middle animated-slow elementor-invisible elementor-widget elementor-widget-image-box\" data-id=\"aa9973d\" data-element_type=\"widget\" data-e-type=\"widget\" data-settings=\"{&quot;_animation&quot;:&quot;fadeIn&quot;}\" data-widget_type=\"image-box.default\">\n\t\t\t\t<div class=\"elementor-widget-container\">\n\t\t\t\t\t<div class=\"elementor-image-box-wrapper\"><figure class=\"elementor-image-box-img\"><a href=\"https:\/\/www2.unifap.br\/eletrica\/portal-administrativo\/portfolio\/\" tabindex=\"-1\"><img loading=\"lazy\" decoding=\"async\" width=\"150\" height=\"150\" src=\"https:\/\/www2.unifap.br\/eletrica\/files\/2022\/01\/portfolio-icon-vector-20905858-150x150.jpg\" class=\"attachment-thumbnail size-thumbnail wp-image-8487\" alt=\"\" \/><\/a><\/figure><div class=\"elementor-image-box-content\"><div class=\"elementor-image-box-title\"><a href=\"https:\/\/www2.unifap.br\/eletrica\/portal-administrativo\/portfolio\/\">Portfolio<\/a><\/div><p class=\"elementor-image-box-description\">Compila\u00e7\u00e3o dos projetos desenvolvidos pelo curso<\/p><\/div><\/div>\t\t\t\t<\/div>\n\t\t\t\t<\/div>\n\t\t\t\t\t<\/div>\n\t\t<\/div>\n\t\t\t\t<div class=\"elementor-column elementor-col-50 elementor-inner-column elementor-element elementor-element-d05404e\" data-id=\"d05404e\" data-element_type=\"column\" data-e-type=\"column\">\n\t\t\t<div class=\"elementor-widget-wrap elementor-element-populated\">\n\t\t\t\t\t\t<div class=\"elementor-element elementor-element-f4a10c6 elementor-position-left elementor-vertical-align-middle animated-slow elementor-invisible elementor-widget elementor-widget-image-box\" data-id=\"f4a10c6\" data-element_type=\"widget\" data-e-type=\"widget\" data-settings=\"{&quot;_animation&quot;:&quot;fadeIn&quot;}\" data-widget_type=\"image-box.default\">\n\t\t\t\t<div class=\"elementor-widget-container\">\n\t\t\t\t\t<div class=\"elementor-image-box-wrapper\"><figure class=\"elementor-image-box-img\"><a href=\"https:\/\/www2.unifap.br\/eletrica\/coordenacao\/tecnicos-de-laboratorio\" tabindex=\"-1\"><img loading=\"lazy\" decoding=\"async\" width=\"250\" height=\"250\" src=\"https:\/\/www2.unifap.br\/eletrica\/files\/2020\/05\/TecLab-e1589597839530.jpg\" class=\"attachment-full size-full wp-image-5179\" alt=\"\" \/><\/a><\/figure><div class=\"elementor-image-box-content\"><div class=\"elementor-image-box-title\"><a href=\"https:\/\/www2.unifap.br\/eletrica\/coordenacao\/tecnicos-de-laboratorio\">T\u00e9cnicos de Laborat\u00f3rios<\/a><\/div><p class=\"elementor-image-box-description\">Informa\u00e7\u00f5es sobre os servidores da coordena\u00e7\u00e3o<\/p><\/div><\/div>\t\t\t\t<\/div>\n\t\t\t\t<\/div>\n\t\t\t\t<div class=\"elementor-element elementor-element-a754f2e elementor-position-left elementor-vertical-align-middle animated-slow elementor-invisible elementor-widget elementor-widget-image-box\" data-id=\"a754f2e\" data-element_type=\"widget\" data-e-type=\"widget\" data-settings=\"{&quot;_animation&quot;:&quot;fadeIn&quot;}\" data-widget_type=\"image-box.default\">\n\t\t\t\t<div class=\"elementor-widget-container\">\n\t\t\t\t\t<div class=\"elementor-image-box-wrapper\"><figure class=\"elementor-image-box-img\"><a href=\"https:\/\/www2.unifap.br\/eletrica\/portal-administrativo\/documentos\/\" tabindex=\"-1\"><img loading=\"lazy\" decoding=\"async\" width=\"512\" height=\"512\" src=\"https:\/\/www2.unifap.br\/eletrica\/files\/2020\/05\/documentos.png\" class=\"attachment-full size-full wp-image-5174\" alt=\"\" srcset=\"https:\/\/www2.unifap.br\/eletrica\/files\/2020\/05\/documentos.png 512w, https:\/\/www2.unifap.br\/eletrica\/files\/2020\/05\/documentos-150x150.png 150w, https:\/\/www2.unifap.br\/eletrica\/files\/2020\/05\/documentos-300x300.png 300w\" sizes=\"(max-width: 512px) 100vw, 512px\" \/><\/a><\/figure><div class=\"elementor-image-box-content\"><div class=\"elementor-image-box-title\"><a href=\"https:\/\/www2.unifap.br\/eletrica\/portal-administrativo\/documentos\/\">Documentos<\/a><\/div><p class=\"elementor-image-box-description\">Documentos importantes do curso<\/p><\/div><\/div>\t\t\t\t<\/div>\n\t\t\t\t<\/div>\n\t\t\t\t<div class=\"elementor-element elementor-element-537889f elementor-position-left elementor-vertical-align-middle animated-slow elementor-invisible elementor-widget elementor-widget-image-box\" data-id=\"537889f\" data-element_type=\"widget\" data-e-type=\"widget\" data-settings=\"{&quot;_animation&quot;:&quot;fadeIn&quot;}\" data-widget_type=\"image-box.default\">\n\t\t\t\t<div class=\"elementor-widget-container\">\n\t\t\t\t\t<div class=\"elementor-image-box-wrapper\"><figure class=\"elementor-image-box-img\"><a href=\"https:\/\/www2.unifap.br\/eletrica\/portal-administrativo\/planejamento-2\/\" tabindex=\"-1\"><img loading=\"lazy\" decoding=\"async\" width=\"599\" height=\"601\" src=\"https:\/\/www2.unifap.br\/eletrica\/files\/2020\/10\/planejamento-estrategico.png\" class=\"attachment-full size-full wp-image-7413\" alt=\"\" srcset=\"https:\/\/www2.unifap.br\/eletrica\/files\/2020\/10\/planejamento-estrategico.png 599w, https:\/\/www2.unifap.br\/eletrica\/files\/2020\/10\/planejamento-estrategico-300x300.png 300w, https:\/\/www2.unifap.br\/eletrica\/files\/2020\/10\/planejamento-estrategico-150x150.png 150w\" sizes=\"(max-width: 599px) 100vw, 599px\" \/><\/a><\/figure><div class=\"elementor-image-box-content\"><p class=\"elementor-image-box-title\"><a href=\"https:\/\/www2.unifap.br\/eletrica\/portal-administrativo\/planejamento-2\/\">Plano de Atua\u00e7\u00e3o e Relat\u00f3rios<\/a><\/p><p class=\"elementor-image-box-description\">Plano de a\u00e7\u00e3o e relat\u00f3rios de gest\u00e3o<\/p><\/div><\/div>\t\t\t\t<\/div>\n\t\t\t\t<\/div>\n\t\t\t\t<div class=\"elementor-element elementor-element-3ef30e2 elementor-position-left elementor-vertical-align-middle animated-slow elementor-invisible elementor-widget elementor-widget-image-box\" data-id=\"3ef30e2\" data-element_type=\"widget\" data-e-type=\"widget\" data-settings=\"{&quot;_animation&quot;:&quot;fadeIn&quot;}\" data-widget_type=\"image-box.default\">\n\t\t\t\t<div class=\"elementor-widget-container\">\n\t\t\t\t\t<div class=\"elementor-image-box-wrapper\"><figure class=\"elementor-image-box-img\"><a href=\"https:\/\/www2.unifap.br\/eletrica\/coordenacao\/nde\" tabindex=\"-1\"><img loading=\"lazy\" decoding=\"async\" width=\"283\" height=\"283\" src=\"https:\/\/www2.unifap.br\/eletrica\/files\/2020\/05\/NDE6.jpg\" class=\"attachment-full size-full wp-image-5255\" alt=\"\" srcset=\"https:\/\/www2.unifap.br\/eletrica\/files\/2020\/05\/NDE6.jpg 283w, https:\/\/www2.unifap.br\/eletrica\/files\/2020\/05\/NDE6-150x150.jpg 150w\" sizes=\"(max-width: 283px) 100vw, 283px\" \/><\/a><\/figure><div class=\"elementor-image-box-content\"><p class=\"elementor-image-box-title\"><a href=\"https:\/\/www2.unifap.br\/eletrica\/coordenacao\/nde\">N\u00facleo Docente Estruturante \u2013 NDE<\/a><\/p><p class=\"elementor-image-box-description\">Composi\u00e7\u00e3o, calend\u00e1rio e atas de reuni\u00f5es<\/p><\/div><\/div>\t\t\t\t<\/div>\n\t\t\t\t<\/div>\n\t\t\t\t<div class=\"elementor-element elementor-element-74ba336 elementor-position-left elementor-vertical-align-middle animated-slow elementor-invisible elementor-widget elementor-widget-image-box\" data-id=\"74ba336\" data-element_type=\"widget\" data-e-type=\"widget\" data-settings=\"{&quot;_animation&quot;:&quot;fadeIn&quot;}\" data-widget_type=\"image-box.default\">\n\t\t\t\t<div class=\"elementor-widget-container\">\n\t\t\t\t\t<div class=\"elementor-image-box-wrapper\"><figure class=\"elementor-image-box-img\"><a href=\"https:\/\/www2.unifap.br\/eletrica\/agenda-dos-espacos-fisicos\/\" target=\"_blank\" tabindex=\"-1\"><img loading=\"lazy\" decoding=\"async\" width=\"212\" height=\"238\" src=\"https:\/\/www2.unifap.br\/eletrica\/files\/2020\/05\/agendamento.jpg\" class=\"attachment-full size-full wp-image-5175\" alt=\"\" \/><\/a><\/figure><div class=\"elementor-image-box-content\"><div class=\"elementor-image-box-title\"><a href=\"https:\/\/www2.unifap.br\/eletrica\/agenda-dos-espacos-fisicos\/\" target=\"_blank\">Agenda dos Espa\u00e7os F\u00edsicos<\/a><\/div><p class=\"elementor-image-box-description\">Agenda e informa\u00e7\u00f5es dos espa\u00e7os f\u00edsicos e laborat\u00f3rios<\/p><\/div><\/div>\t\t\t\t<\/div>\n\t\t\t\t<\/div>\n\t\t\t\t<div class=\"elementor-element elementor-element-995d8d0 elementor-position-left elementor-vertical-align-middle animated-slow elementor-invisible elementor-widget elementor-widget-image-box\" data-id=\"995d8d0\" data-element_type=\"widget\" data-e-type=\"widget\" data-settings=\"{&quot;_animation&quot;:&quot;fadeIn&quot;}\" data-widget_type=\"image-box.default\">\n\t\t\t\t<div class=\"elementor-widget-container\">\n\t\t\t\t\t<div class=\"elementor-image-box-wrapper\"><figure class=\"elementor-image-box-img\"><a href=\"https:\/\/www2.unifap.br\/eletrica\/coordenacao\/fale-conosco\/\" tabindex=\"-1\"><img loading=\"lazy\" decoding=\"async\" width=\"239\" height=\"211\" src=\"https:\/\/www2.unifap.br\/eletrica\/files\/2020\/05\/faleconosco.jpg\" class=\"attachment-full size-full wp-image-5177\" alt=\"\" \/><\/a><\/figure><div class=\"elementor-image-box-content\"><div class=\"elementor-image-box-title\"><a href=\"https:\/\/www2.unifap.br\/eletrica\/coordenacao\/fale-conosco\/\">Fale Conosco<\/a><\/div><p class=\"elementor-image-box-description\">Envie sua d\u00favida<\/p><\/div><\/div>\t\t\t\t<\/div>\n\t\t\t\t<\/div>\n\t\t\t\t<div class=\"elementor-element elementor-element-bf6388d elementor-position-left elementor-vertical-align-middle animated-slow elementor-invisible elementor-widget elementor-widget-image-box\" data-id=\"bf6388d\" data-element_type=\"widget\" data-e-type=\"widget\" data-settings=\"{&quot;_animation&quot;:&quot;fadeIn&quot;}\" data-widget_type=\"image-box.default\">\n\t\t\t\t<div class=\"elementor-widget-container\">\n\t\t\t\t\t<div class=\"elementor-image-box-wrapper\"><figure class=\"elementor-image-box-img\"><a href=\"https:\/\/www2.unifap.br\/eletrica\/portal-administrativo\/curso-de-especializacao-em-sistemas-fotovoltaicos-cesfv\/\" tabindex=\"-1\"><img loading=\"lazy\" decoding=\"async\" width=\"84\" height=\"84\" src=\"https:\/\/www2.unifap.br\/eletrica\/files\/2022\/05\/2697075-84.png\" class=\"attachment-thumbnail size-thumbnail wp-image-8908\" alt=\"\" \/><\/a><\/figure><div class=\"elementor-image-box-content\"><div class=\"elementor-image-box-title\"><a href=\"https:\/\/www2.unifap.br\/eletrica\/portal-administrativo\/curso-de-especializacao-em-sistemas-fotovoltaicos-cesfv\/\">Curso de Especializa\u00e7\u00e3o em Sistemas Fotovoltaicos - CESFV<\/a><\/div><p class=\"elementor-image-box-description\">Curso de P\u00f3s-Gradua\u00e7\u00e3o <i>Lato sensu<\/i><\/p><\/div><\/div>\t\t\t\t<\/div>\n\t\t\t\t<\/div>\n\t\t\t\t\t<\/div>\n\t\t<\/div>\n\t\t\t\t\t<\/div>\n\t\t<\/section>\n\t\t\t\t\t<\/div>\n\t\t<\/div>\n\t\t\t\t\t<\/div>\n\t\t<\/section>\n\t\t\t\t<section class=\"elementor-section elementor-top-section elementor-element elementor-element-0b52829 elementor-section-boxed elementor-section-height-default elementor-section-height-default\" data-id=\"0b52829\" data-element_type=\"section\" data-e-type=\"section\">\n\t\t\t\t\t\t<div class=\"elementor-container elementor-column-gap-default\">\n\t\t\t\t\t<div class=\"elementor-column elementor-col-100 elementor-top-column elementor-element elementor-element-1f36f88\" data-id=\"1f36f88\" data-element_type=\"column\" data-e-type=\"column\">\n\t\t\t<div class=\"elementor-widget-wrap elementor-element-populated\">\n\t\t\t\t\t\t<div class=\"elementor-element elementor-element-d7f5ac0 elementor-widget-divider--view-line elementor-widget elementor-widget-divider\" data-id=\"d7f5ac0\" data-element_type=\"widget\" data-e-type=\"widget\" data-widget_type=\"divider.default\">\n\t\t\t\t<div class=\"elementor-widget-container\">\n\t\t\t\t\t\t\t<div class=\"elementor-divider\">\n\t\t\t<span class=\"elementor-divider-separator\">\n\t\t\t\t\t\t<\/span>\n\t\t<\/div>\n\t\t\t\t\t\t<\/div>\n\t\t\t\t<\/div>\n\t\t\t\t\t<\/div>\n\t\t<\/div>\n\t\t\t\t\t<\/div>\n\t\t<\/section>\n\t\t\t\t<\/div>\n\t\t","protected":false},"excerpt":{"rendered":"<p>PORTAL ADMINISTRATIVO Secretaria Informa\u00e7\u00f5es sobre os servidores da coordena\u00e7\u00e3o Sobre o Curso Hist\u00f3rico do curso Avalia\u00e7\u00e3o Interna (Indicadores) Resultados das avalia\u00e7\u00f5es de satisfa\u00e7\u00e3o Colegiado de Curso Composi\u00e7\u00e3o, calend\u00e1rio e atas de reuni\u00f5es Requerimentos On-line Solicita\u00e7\u00f5es direcionadas a Coordena\u00e7\u00e3o Encontro Zero Informa\u00e7\u00f5es e metas do evento Portfolio Compila\u00e7\u00e3o dos projetos desenvolvidos pelo curso T\u00e9cnicos de Laborat\u00f3rios&hellip;<\/p>\n","protected":false},"author":66,"featured_media":0,"parent":0,"menu_order":1,"comment_status":"closed","ping_status":"closed","template":"elementor_header_footer","meta":{"inline_featured_image":false,"ngg_post_thumbnail":0,"footnotes":""},"class_list":["post-5164","page","type-page","status-publish","hentry"],"_links":{"self":[{"href":"https:\/\/www2.unifap.br\/eletrica\/wp-json\/wp\/v2\/pages\/5164","targetHints":{"allow":["GET"]}}],"collection":[{"href":"https:\/\/www2.unifap.br\/eletrica\/wp-json\/wp\/v2\/pages"}],"about":[{"href":"https:\/\/www2.unifap.br\/eletrica\/wp-json\/wp\/v2\/types\/page"}],"author":[{"embeddable":true,"href":"https:\/\/www2.unifap.br\/eletrica\/wp-json\/wp\/v2\/users\/66"}],"replies":[{"embeddable":true,"href":"https:\/\/www2.unifap.br\/eletrica\/wp-json\/wp\/v2\/comments?post=5164"}],"version-history":[{"count":73,"href":"https:\/\/www2.unifap.br\/eletrica\/wp-json\/wp\/v2\/pages\/5164\/revisions"}],"predecessor-version":[{"id":10678,"href":"https:\/\/www2.unifap.br\/eletrica\/wp-json\/wp\/v2\/pages\/5164\/revisions\/10678"}],"wp:attachment":[{"href":"https:\/\/www2.unifap.br\/eletrica\/wp-json\/wp\/v2\/media?parent=5164"}],"curies":[{"name":"wp","href":"https:\/\/api.w.org\/{rel}","templated":true}]}}