{"id":5395,"date":"2020-05-23T15:12:29","date_gmt":"2020-05-23T18:12:29","guid":{"rendered":"http:\/\/www2.unifap.br\/eletrica\/?page_id=5395"},"modified":"2021-07-11T16:52:19","modified_gmt":"2021-07-11T19:52:19","slug":"documentos","status":"publish","type":"page","link":"https:\/\/www2.unifap.br\/eletrica\/portal-administrativo\/documentos\/","title":{"rendered":"Documentos do curso"},"content":{"rendered":"\t\t<div data-elementor-type=\"wp-post\" data-elementor-id=\"5395\" class=\"elementor elementor-5395\">\n\t\t\t\t\t\t<section class=\"elementor-section elementor-top-section elementor-element elementor-element-26ddf47 elementor-section-boxed elementor-section-height-default elementor-section-height-default\" data-id=\"26ddf47\" data-element_type=\"section\" data-e-type=\"section\">\n\t\t\t\t\t\t<div class=\"elementor-container elementor-column-gap-default\">\n\t\t\t\t\t<div class=\"elementor-column elementor-col-100 elementor-top-column elementor-element elementor-element-4d9e207\" data-id=\"4d9e207\" data-element_type=\"column\" data-e-type=\"column\">\n\t\t\t<div class=\"elementor-widget-wrap elementor-element-populated\">\n\t\t\t\t\t\t<div class=\"elementor-element elementor-element-7656482 elementor-widget elementor-widget-text-editor\" data-id=\"7656482\" data-element_type=\"widget\" data-e-type=\"widget\" data-widget_type=\"text-editor.default\">\n\t\t\t\t<div class=\"elementor-widget-container\">\n\t\t\t\t\t\t\t\t\t<hr \/><h3 style=\"text-align: center\"><span style=\"color: #3366ff\">Documentos da UNIFAP<\/span><\/h3><hr \/>\t\t\t\t\t\t\t\t<\/div>\n\t\t\t\t<\/div>\n\t\t\t\t<div class=\"elementor-element elementor-element-4910e04 elementor-widget elementor-widget-text-editor\" data-id=\"4910e04\" data-element_type=\"widget\" data-e-type=\"widget\" data-widget_type=\"text-editor.default\">\n\t\t\t\t<div class=\"elementor-widget-container\">\n\t\t\t\t\t\t\t\t\t<p class=\"MsoNormal\" style=\"text-align: justify\"><span style=\"font-family: 'Open Sans', sans-serif;color: black;background-image: initial;background-position: initial;background-size: initial;background-attachment: initial\">Documentos relacionados ao curso de Engenharia El\u00e9trica:<\/span><\/p>\t\t\t\t\t\t\t\t<\/div>\n\t\t\t\t<\/div>\n\t\t\t\t\t<\/div>\n\t\t<\/div>\n\t\t\t\t\t<\/div>\n\t\t<\/section>\n\t\t\t\t<section class=\"elementor-section elementor-top-section elementor-element elementor-element-e0a3803 elementor-section-boxed elementor-section-height-default elementor-section-height-default\" data-id=\"e0a3803\" data-element_type=\"section\" data-e-type=\"section\">\n\t\t\t\t\t\t<div class=\"elementor-container elementor-column-gap-default\">\n\t\t\t\t\t<div class=\"elementor-column elementor-col-33 elementor-top-column elementor-element elementor-element-53f0f5d\" data-id=\"53f0f5d\" data-element_type=\"column\" data-e-type=\"column\">\n\t\t\t<div class=\"elementor-widget-wrap elementor-element-populated\">\n\t\t\t\t\t\t<div class=\"elementor-element elementor-element-95dfb0d elementor-widget elementor-widget-image\" data-id=\"95dfb0d\" data-element_type=\"widget\" data-e-type=\"widget\" data-widget_type=\"image.default\">\n\t\t\t\t<div class=\"elementor-widget-container\">\n\t\t\t\t\t\t\t\t\t\t\t\t\t\t\t\t<a href=\"https:\/\/www2.unifap.br\/eletrica\/portal-administrativo\/documentos\/ppc\/\">\n\t\t\t\t\t\t\t<img fetchpriority=\"high\" decoding=\"async\" width=\"203\" height=\"300\" src=\"https:\/\/www2.unifap.br\/eletrica\/files\/2021\/07\/PPC-203x300.jpg\" class=\"attachment-medium size-medium wp-image-8241\" alt=\"\" srcset=\"https:\/\/www2.unifap.br\/eletrica\/files\/2021\/07\/PPC-203x300.jpg 203w, https:\/\/www2.unifap.br\/eletrica\/files\/2021\/07\/PPC.jpg 574w\" sizes=\"(max-width: 203px) 100vw, 203px\" \/>\t\t\t\t\t\t\t\t<\/a>\n\t\t\t\t\t\t\t\t\t\t\t\t\t\t\t<\/div>\n\t\t\t\t<\/div>\n\t\t\t\t<div class=\"elementor-element elementor-element-3a26db7 elementor-widget elementor-widget-heading\" data-id=\"3a26db7\" data-element_type=\"widget\" data-e-type=\"widget\" data-widget_type=\"heading.default\">\n\t\t\t\t<div class=\"elementor-widget-container\">\n\t\t\t\t\t<h4 class=\"elementor-heading-title elementor-size-default\"><a href=\"https:\/\/www2.unifap.br\/eletrica\/portal-administrativo\/documentos\/ppc\/\">Projeto Pol\u00edtico Pedag\u00f3gico (PPC)<\/a><\/h4>\t\t\t\t<\/div>\n\t\t\t\t<\/div>\n\t\t\t\t\t<\/div>\n\t\t<\/div>\n\t\t\t\t<div class=\"elementor-column elementor-col-33 elementor-top-column elementor-element elementor-element-14dab15\" data-id=\"14dab15\" data-element_type=\"column\" data-e-type=\"column\">\n\t\t\t<div class=\"elementor-widget-wrap elementor-element-populated\">\n\t\t\t\t\t\t<div class=\"elementor-element elementor-element-935169a elementor-widget elementor-widget-image\" data-id=\"935169a\" data-element_type=\"widget\" data-e-type=\"widget\" data-widget_type=\"image.default\">\n\t\t\t\t<div class=\"elementor-widget-container\">\n\t\t\t\t\t\t\t\t\t\t\t\t\t\t\t\t<a href=\"http:\/\/www2.unifap.br\/eletrica\/documentos\/resolucoes\/\">\n\t\t\t\t\t\t\t<img decoding=\"async\" width=\"203\" height=\"300\" src=\"https:\/\/www2.unifap.br\/eletrica\/files\/2021\/07\/Resolu\u00e7\u00e3o-CONSU-1-203x300.jpg\" class=\"attachment-medium size-medium wp-image-8246\" alt=\"\" srcset=\"https:\/\/www2.unifap.br\/eletrica\/files\/2021\/07\/Resolu\u00e7\u00e3o-CONSU-1-203x300.jpg 203w, https:\/\/www2.unifap.br\/eletrica\/files\/2021\/07\/Resolu\u00e7\u00e3o-CONSU-1.jpg 579w\" sizes=\"(max-width: 203px) 100vw, 203px\" \/>\t\t\t\t\t\t\t\t<\/a>\n\t\t\t\t\t\t\t\t\t\t\t\t\t\t\t<\/div>\n\t\t\t\t<\/div>\n\t\t\t\t<div class=\"elementor-element elementor-element-ec4bfe3 elementor-widget elementor-widget-heading\" data-id=\"ec4bfe3\" data-element_type=\"widget\" data-e-type=\"widget\" data-widget_type=\"heading.default\">\n\t\t\t\t<div class=\"elementor-widget-container\">\n\t\t\t\t\t<h4 class=\"elementor-heading-title elementor-size-default\"><a href=\"http:\/\/www2.unifap.br\/eletrica\/documentos\/resolucoes\/\">Resolu\u00e7\u00f5es do CONSU<\/a><\/h4>\t\t\t\t<\/div>\n\t\t\t\t<\/div>\n\t\t\t\t\t<\/div>\n\t\t<\/div>\n\t\t\t\t<div class=\"elementor-column elementor-col-33 elementor-top-column elementor-element elementor-element-eb325ab\" data-id=\"eb325ab\" data-element_type=\"column\" data-e-type=\"column\">\n\t\t\t<div class=\"elementor-widget-wrap elementor-element-populated\">\n\t\t\t\t\t\t<div class=\"elementor-element elementor-element-a5c25e3 elementor-widget elementor-widget-image\" data-id=\"a5c25e3\" data-element_type=\"widget\" data-e-type=\"widget\" data-widget_type=\"image.default\">\n\t\t\t\t<div class=\"elementor-widget-container\">\n\t\t\t\t\t\t\t\t\t\t\t\t\t\t\t\t<a href=\"http:\/\/www2.unifap.br\/eletrica\/documentos\/regime-geral\/\">\n\t\t\t\t\t\t\t<img decoding=\"async\" width=\"228\" height=\"300\" src=\"https:\/\/www2.unifap.br\/eletrica\/files\/2021\/07\/Regimento-geral-228x300.jpg\" class=\"attachment-medium size-medium wp-image-8247\" alt=\"\" srcset=\"https:\/\/www2.unifap.br\/eletrica\/files\/2021\/07\/Regimento-geral-228x300.jpg 228w, https:\/\/www2.unifap.br\/eletrica\/files\/2021\/07\/Regimento-geral.jpg 679w\" sizes=\"(max-width: 228px) 100vw, 228px\" \/>\t\t\t\t\t\t\t\t<\/a>\n\t\t\t\t\t\t\t\t\t\t\t\t\t\t\t<\/div>\n\t\t\t\t<\/div>\n\t\t\t\t<div class=\"elementor-element elementor-element-5cb9146 elementor-widget elementor-widget-heading\" data-id=\"5cb9146\" data-element_type=\"widget\" data-e-type=\"widget\" data-widget_type=\"heading.default\">\n\t\t\t\t<div class=\"elementor-widget-container\">\n\t\t\t\t\t<h4 class=\"elementor-heading-title elementor-size-default\"><a href=\"http:\/\/www2.unifap.br\/eletrica\/documentos\/regime-geral\/\">Regimento Geral da UNIFAP<\/a><\/h4>\t\t\t\t<\/div>\n\t\t\t\t<\/div>\n\t\t\t\t\t<\/div>\n\t\t<\/div>\n\t\t\t\t\t<\/div>\n\t\t<\/section>\n\t\t\t\t<section class=\"elementor-section elementor-top-section elementor-element elementor-element-e6b7e27 elementor-section-boxed elementor-section-height-default elementor-section-height-default\" data-id=\"e6b7e27\" data-element_type=\"section\" data-e-type=\"section\">\n\t\t\t\t\t\t<div class=\"elementor-container elementor-column-gap-default\">\n\t\t\t\t\t<div class=\"elementor-column elementor-col-100 elementor-top-column elementor-element elementor-element-83a8a67\" data-id=\"83a8a67\" data-element_type=\"column\" data-e-type=\"column\">\n\t\t\t<div class=\"elementor-widget-wrap\">\n\t\t\t\t\t\t\t<\/div>\n\t\t<\/div>\n\t\t\t\t\t<\/div>\n\t\t<\/section>\n\t\t\t\t<\/div>\n\t\t","protected":false},"excerpt":{"rendered":"<p>Documentos da UNIFAP Documentos relacionados ao curso de Engenharia El\u00e9trica: Projeto Pol\u00edtico Pedag\u00f3gico (PPC) Resolu\u00e7\u00f5es do CONSU Regimento Geral da UNIFAP<\/p>\n","protected":false},"author":2828,"featured_media":0,"parent":5164,"menu_order":4,"comment_status":"closed","ping_status":"closed","template":"fullwidth.php","meta":{"inline_featured_image":false,"ngg_post_thumbnail":0,"footnotes":""},"class_list":["post-5395","page","type-page","status-publish","hentry"],"_links":{"self":[{"href":"https:\/\/www2.unifap.br\/eletrica\/wp-json\/wp\/v2\/pages\/5395","targetHints":{"allow":["GET"]}}],"collection":[{"href":"https:\/\/www2.unifap.br\/eletrica\/wp-json\/wp\/v2\/pages"}],"about":[{"href":"https:\/\/www2.unifap.br\/eletrica\/wp-json\/wp\/v2\/types\/page"}],"author":[{"embeddable":true,"href":"https:\/\/www2.unifap.br\/eletrica\/wp-json\/wp\/v2\/users\/2828"}],"replies":[{"embeddable":true,"href":"https:\/\/www2.unifap.br\/eletrica\/wp-json\/wp\/v2\/comments?post=5395"}],"version-history":[{"count":35,"href":"https:\/\/www2.unifap.br\/eletrica\/wp-json\/wp\/v2\/pages\/5395\/revisions"}],"predecessor-version":[{"id":8253,"href":"https:\/\/www2.unifap.br\/eletrica\/wp-json\/wp\/v2\/pages\/5395\/revisions\/8253"}],"up":[{"embeddable":true,"href":"https:\/\/www2.unifap.br\/eletrica\/wp-json\/wp\/v2\/pages\/5164"}],"wp:attachment":[{"href":"https:\/\/www2.unifap.br\/eletrica\/wp-json\/wp\/v2\/media?parent=5395"}],"curies":[{"name":"wp","href":"https:\/\/api.w.org\/{rel}","templated":true}]}}