{"id":5406,"date":"2020-05-20T20:41:29","date_gmt":"2020-05-20T23:41:29","guid":{"rendered":"http:\/\/www2.unifap.br\/eletrica\/?page_id=5406"},"modified":"2026-01-21T10:45:10","modified_gmt":"2026-01-21T13:45:10","slug":"agenda-dos-espacos-fisicos","status":"publish","type":"page","link":"https:\/\/www2.unifap.br\/eletrica\/portal-administrativo\/agenda-dos-espacos-fisicos\/","title":{"rendered":"Agenda dos Espa\u00e7os F\u00edsicos"},"content":{"rendered":"\t\t<div data-elementor-type=\"wp-post\" data-elementor-id=\"5406\" class=\"elementor elementor-5406\">\n\t\t\t\t\t\t<section class=\"elementor-section elementor-top-section elementor-element elementor-element-1124168 elementor-section-boxed elementor-section-height-default elementor-section-height-default\" data-id=\"1124168\" data-element_type=\"section\" data-e-type=\"section\">\n\t\t\t\t\t\t<div class=\"elementor-container elementor-column-gap-default\">\n\t\t\t\t\t<div class=\"elementor-column elementor-col-100 elementor-top-column elementor-element elementor-element-23b28a7\" data-id=\"23b28a7\" data-element_type=\"column\" data-e-type=\"column\">\n\t\t\t<div class=\"elementor-widget-wrap elementor-element-populated\">\n\t\t\t\t\t\t<div class=\"elementor-element elementor-element-f91d959 elementor-widget elementor-widget-heading\" data-id=\"f91d959\" data-element_type=\"widget\" data-e-type=\"widget\" data-widget_type=\"heading.default\">\n\t\t\t\t<div class=\"elementor-widget-container\">\n\t\t\t\t\t<h2 class=\"elementor-heading-title elementor-size-default\">AGENDA DE ESPA\u00c7OS F\u00cdSICOS<\/h2>\t\t\t\t<\/div>\n\t\t\t\t<\/div>\n\t\t\t\t\t<\/div>\n\t\t<\/div>\n\t\t\t\t\t<\/div>\n\t\t<\/section>\n\t\t\t\t<section class=\"elementor-section elementor-top-section elementor-element elementor-element-fb45462 elementor-section-boxed elementor-section-height-default elementor-section-height-default\" data-id=\"fb45462\" data-element_type=\"section\" data-e-type=\"section\">\n\t\t\t\t\t\t<div class=\"elementor-container elementor-column-gap-default\">\n\t\t\t\t\t<div class=\"elementor-column elementor-col-100 elementor-top-column elementor-element elementor-element-58e86d6\" data-id=\"58e86d6\" data-element_type=\"column\" data-e-type=\"column\">\n\t\t\t<div class=\"elementor-widget-wrap elementor-element-populated\">\n\t\t\t\t\t\t<div class=\"elementor-element elementor-element-44b095c elementor-widget elementor-widget-text-editor\" data-id=\"44b095c\" data-element_type=\"widget\" data-e-type=\"widget\" data-widget_type=\"text-editor.default\">\n\t\t\t\t<div class=\"elementor-widget-container\">\n\t\t\t\t\t\t\t\t\t<p>Selecione abaixo a agenda desejada.\u00a0<\/p>\t\t\t\t\t\t\t\t<\/div>\n\t\t\t\t<\/div>\n\t\t\t\t\t<\/div>\n\t\t<\/div>\n\t\t\t\t\t<\/div>\n\t\t<\/section>\n\t\t\t\t<section class=\"elementor-section elementor-top-section elementor-element elementor-element-606d097 elementor-section-boxed elementor-section-height-default elementor-section-height-default\" data-id=\"606d097\" data-element_type=\"section\" data-e-type=\"section\">\n\t\t\t\t\t\t<div class=\"elementor-container elementor-column-gap-default\">\n\t\t\t\t\t<div class=\"elementor-column elementor-col-33 elementor-top-column elementor-element elementor-element-bd66f89\" data-id=\"bd66f89\" data-element_type=\"column\" data-e-type=\"column\">\n\t\t\t<div class=\"elementor-widget-wrap elementor-element-populated\">\n\t\t\t\t\t\t<div class=\"elementor-element elementor-element-da9a769 elementor-widget elementor-widget-image\" data-id=\"da9a769\" data-element_type=\"widget\" data-e-type=\"widget\" data-widget_type=\"image.default\">\n\t\t\t\t<div class=\"elementor-widget-container\">\n\t\t\t\t\t\t\t\t\t\t\t\t<figure class=\"wp-caption\">\n\t\t\t\t\t\t\t\t\t\t\t<a href=\"https:\/\/www2.unifap.br\/eletrica\/portal-administrativo\/sala-de-reuniao\/\">\n\t\t\t\t\t\t\t<img fetchpriority=\"high\" decoding=\"async\" width=\"300\" height=\"300\" src=\"http:\/\/www2.unifap.br\/eletrica\/files\/2020\/05\/nde4-300x300.png\" class=\"attachment-medium size-medium wp-image-5208\" alt=\"\" srcset=\"http:\/\/www2.unifap.br\/eletrica\/files\/2020\/05\/nde4-300x300.png 300w, http:\/\/www2.unifap.br\/eletrica\/files\/2020\/05\/nde4-150x150.png 150w, http:\/\/www2.unifap.br\/eletrica\/files\/2020\/05\/nde4.png 550w\" sizes=\"(max-width: 300px) 100vw, 300px\" \/>\t\t\t\t\t\t\t\t<\/a>\n\t\t\t\t\t\t\t\t\t\t\t<figcaption class=\"widget-image-caption wp-caption-text\">SALA DE REUNI\u00d5ES<\/figcaption>\n\t\t\t\t\t\t\t\t\t\t<\/figure>\n\t\t\t\t\t\t\t\t\t<\/div>\n\t\t\t\t<\/div>\n\t\t\t\t\t<\/div>\n\t\t<\/div>\n\t\t\t\t<div class=\"elementor-column elementor-col-33 elementor-top-column elementor-element elementor-element-1a26eb0\" data-id=\"1a26eb0\" data-element_type=\"column\" data-e-type=\"column\">\n\t\t\t<div class=\"elementor-widget-wrap elementor-element-populated\">\n\t\t\t\t\t\t<div class=\"elementor-element elementor-element-339c5cb elementor-widget elementor-widget-image\" data-id=\"339c5cb\" data-element_type=\"widget\" data-e-type=\"widget\" data-widget_type=\"image.default\">\n\t\t\t\t<div class=\"elementor-widget-container\">\n\t\t\t\t\t\t\t\t\t\t\t\t<figure class=\"wp-caption\">\n\t\t\t\t\t\t\t\t\t\t\t<a href=\"http:\/\/www2.unifap.br\/eletrica\/portal-administrativo\/agenda-dos-espacos-fisicos\/laboratorio-de-informatica\/\">\n\t\t\t\t\t\t\t<img decoding=\"async\" width=\"300\" height=\"239\" src=\"http:\/\/www2.unifap.br\/eletrica\/files\/2020\/05\/lab_inform-e1590521388175-300x239.jpg\" class=\"attachment-medium size-medium wp-image-5859\" alt=\"\" \/>\t\t\t\t\t\t\t\t<\/a>\n\t\t\t\t\t\t\t\t\t\t\t<figcaption class=\"widget-image-caption wp-caption-text\">LABORAT\u00d3RIO DE INFORM\u00c1TICA<\/figcaption>\n\t\t\t\t\t\t\t\t\t\t<\/figure>\n\t\t\t\t\t\t\t\t\t<\/div>\n\t\t\t\t<\/div>\n\t\t\t\t\t<\/div>\n\t\t<\/div>\n\t\t\t\t<div class=\"elementor-column elementor-col-33 elementor-top-column elementor-element elementor-element-371d506\" data-id=\"371d506\" data-element_type=\"column\" data-e-type=\"column\">\n\t\t\t<div class=\"elementor-widget-wrap elementor-element-populated\">\n\t\t\t\t\t\t<div class=\"elementor-element elementor-element-dd98fa4 elementor-widget elementor-widget-image\" data-id=\"dd98fa4\" data-element_type=\"widget\" data-e-type=\"widget\" data-widget_type=\"image.default\">\n\t\t\t\t<div class=\"elementor-widget-container\">\n\t\t\t\t\t\t\t\t\t\t\t\t<figure class=\"wp-caption\">\n\t\t\t\t\t\t\t\t\t\t\t<a href=\"https:\/\/www2.unifap.br\/eletrica\/academico\/laboratorios\/laboratorio-de-sistemas-eletricos-de-potencia\/\">\n\t\t\t\t\t\t\t<img decoding=\"async\" width=\"300\" height=\"262\" src=\"http:\/\/www2.unifap.br\/eletrica\/files\/2026\/01\/LABSEP_LOGO-PRINCIPAL-300x262.png\" class=\"attachment-medium size-medium wp-image-14298\" alt=\"\" srcset=\"http:\/\/www2.unifap.br\/eletrica\/files\/2026\/01\/LABSEP_LOGO-PRINCIPAL-300x262.png 300w, http:\/\/www2.unifap.br\/eletrica\/files\/2026\/01\/LABSEP_LOGO-PRINCIPAL-1024x894.png 1024w, http:\/\/www2.unifap.br\/eletrica\/files\/2026\/01\/LABSEP_LOGO-PRINCIPAL-768x670.png 768w, http:\/\/www2.unifap.br\/eletrica\/files\/2026\/01\/LABSEP_LOGO-PRINCIPAL-1536x1341.png 1536w, http:\/\/www2.unifap.br\/eletrica\/files\/2026\/01\/LABSEP_LOGO-PRINCIPAL-2048x1788.png 2048w\" sizes=\"(max-width: 300px) 100vw, 300px\" \/>\t\t\t\t\t\t\t\t<\/a>\n\t\t\t\t\t\t\t\t\t\t\t<figcaption class=\"widget-image-caption wp-caption-text\"><\/figcaption>\n\t\t\t\t\t\t\t\t\t\t<\/figure>\n\t\t\t\t\t\t\t\t\t<\/div>\n\t\t\t\t<\/div>\n\t\t\t\t\t<\/div>\n\t\t<\/div>\n\t\t\t\t\t<\/div>\n\t\t<\/section>\n\t\t\t\t<section class=\"elementor-section elementor-top-section elementor-element elementor-element-351b5d1 elementor-section-boxed elementor-section-height-default elementor-section-height-default\" data-id=\"351b5d1\" data-element_type=\"section\" data-e-type=\"section\">\n\t\t\t\t\t\t<div class=\"elementor-container elementor-column-gap-default\">\n\t\t\t\t\t<div class=\"elementor-column elementor-col-66 elementor-top-column elementor-element elementor-element-8ae5d43\" data-id=\"8ae5d43\" data-element_type=\"column\" data-e-type=\"column\">\n\t\t\t<div class=\"elementor-widget-wrap\">\n\t\t\t\t\t\t\t<\/div>\n\t\t<\/div>\n\t\t\t\t<div class=\"elementor-column elementor-col-33 elementor-top-column elementor-element elementor-element-359a2aa\" data-id=\"359a2aa\" data-element_type=\"column\" data-e-type=\"column\">\n\t\t\t<div class=\"elementor-widget-wrap\">\n\t\t\t\t\t\t\t<\/div>\n\t\t<\/div>\n\t\t\t\t\t<\/div>\n\t\t<\/section>\n\t\t\t\t<\/div>\n\t\t","protected":false},"excerpt":{"rendered":"<p>AGENDA DE ESPA\u00c7OS F\u00cdSICOS Selecione abaixo a agenda desejada.\u00a0 SALA DE REUNI\u00d5ES LABORAT\u00d3RIO DE INFORM\u00c1TICA<\/p>\n","protected":false},"author":66,"featured_media":0,"parent":5164,"menu_order":10,"comment_status":"closed","ping_status":"closed","template":"fullwidth.php","meta":{"inline_featured_image":false,"ngg_post_thumbnail":0,"footnotes":""},"class_list":["post-5406","page","type-page","status-publish","hentry"],"_links":{"self":[{"href":"https:\/\/www2.unifap.br\/eletrica\/wp-json\/wp\/v2\/pages\/5406","targetHints":{"allow":["GET"]}}],"collection":[{"href":"https:\/\/www2.unifap.br\/eletrica\/wp-json\/wp\/v2\/pages"}],"about":[{"href":"https:\/\/www2.unifap.br\/eletrica\/wp-json\/wp\/v2\/types\/page"}],"author":[{"embeddable":true,"href":"https:\/\/www2.unifap.br\/eletrica\/wp-json\/wp\/v2\/users\/66"}],"replies":[{"embeddable":true,"href":"https:\/\/www2.unifap.br\/eletrica\/wp-json\/wp\/v2\/comments?post=5406"}],"version-history":[{"count":25,"href":"https:\/\/www2.unifap.br\/eletrica\/wp-json\/wp\/v2\/pages\/5406\/revisions"}],"predecessor-version":[{"id":14307,"href":"https:\/\/www2.unifap.br\/eletrica\/wp-json\/wp\/v2\/pages\/5406\/revisions\/14307"}],"up":[{"embeddable":true,"href":"https:\/\/www2.unifap.br\/eletrica\/wp-json\/wp\/v2\/pages\/5164"}],"wp:attachment":[{"href":"https:\/\/www2.unifap.br\/eletrica\/wp-json\/wp\/v2\/media?parent=5406"}],"curies":[{"name":"wp","href":"https:\/\/api.w.org\/{rel}","templated":true}]}}