{"id":5765,"date":"2020-05-24T22:47:33","date_gmt":"2020-05-25T01:47:33","guid":{"rendered":"http:\/\/www2.unifap.br\/eletrica\/?page_id=5765"},"modified":"2021-07-11T16:53:14","modified_gmt":"2021-07-11T19:53:14","slug":"ppc","status":"publish","type":"page","link":"https:\/\/www2.unifap.br\/eletrica\/portal-administrativo\/documentos\/ppc\/","title":{"rendered":"Projeto Pedag\u00f3gico do Curso (PPC)"},"content":{"rendered":"\t\t<div data-elementor-type=\"wp-page\" data-elementor-id=\"5765\" class=\"elementor elementor-5765\">\n\t\t\t\t\t\t<section class=\"elementor-section elementor-top-section elementor-element elementor-element-7a8469a7 elementor-section-boxed elementor-section-height-default elementor-section-height-default\" data-id=\"7a8469a7\" data-element_type=\"section\" data-e-type=\"section\">\n\t\t\t\t\t\t<div class=\"elementor-container elementor-column-gap-default\">\n\t\t\t\t\t<div class=\"elementor-column elementor-col-100 elementor-top-column elementor-element elementor-element-322bf7bc\" data-id=\"322bf7bc\" data-element_type=\"column\" data-e-type=\"column\">\n\t\t\t<div class=\"elementor-widget-wrap elementor-element-populated\">\n\t\t\t\t\t\t<div class=\"elementor-element elementor-element-13898bc elementor-widget elementor-widget-heading\" data-id=\"13898bc\" data-element_type=\"widget\" data-e-type=\"widget\" data-widget_type=\"heading.default\">\n\t\t\t\t<div class=\"elementor-widget-container\">\n\t\t\t\t\t<h2 class=\"elementor-heading-title elementor-size-default\">Projeto Pedag\u00f3gico do Curso (PPC)<\/h2>\t\t\t\t<\/div>\n\t\t\t\t<\/div>\n\t\t\t\t<div class=\"elementor-element elementor-element-413cddff elementor-widget elementor-widget-text-editor\" data-id=\"413cddff\" data-element_type=\"widget\" data-e-type=\"widget\" data-widget_type=\"text-editor.default\">\n\t\t\t\t<div class=\"elementor-widget-container\">\n\t\t\t\t\t\t\t\t\t<p style=\"text-align: left\"><a href=\"http:\/\/www2.unifap.br\/eletrica\/files\/2021\/07\/PPC_ENG_ELET_UNIFAP_2018-RES_08.2021.pdf\">PPC<\/a><\/p><p style=\"text-align: left\"><a href=\"http:\/\/www2.unifap.br\/eletrica\/files\/2021\/07\/APENDICE-A_EMENTAS_v2018.pdf\">AP\u00caNDICE A: EMENTAS<\/a><\/p><p style=\"text-align: left\"><a href=\"http:\/\/www2.unifap.br\/eletrica\/files\/2020\/05\/APENDICE_B__Regulamento_Estagio_v2018.pdf\">AP\u00caNDICE B: REGULAMENTO EST\u00c1GIO<\/a><\/p><p style=\"text-align: left\"><a href=\"http:\/\/www2.unifap.br\/eletrica\/files\/2020\/05\/APENDICE_C_REGULAMENTO_TCC-v2018.pdf\">AP\u00caNDICE C: REGULAMENTO DO TCC<\/a><\/p><p style=\"text-align: left\"><a href=\"http:\/\/www2.unifap.br\/eletrica\/files\/2020\/05\/APENDICE_D_Avaliao_da_Disciplina_v2018.pdf\">AP\u00caNDICE D: AVALIA\u00c7\u00c3O DA DISCIPLINA<\/a><\/p><p style=\"text-align: left\"><a href=\"http:\/\/www2.unifap.br\/eletrica\/files\/2020\/05\/APENDICE_E_Estatuto_Empresa_Junior_v2018.pdf\">AP\u00caNDICE E: ESTATUTO DA EMPRESA JUNIOR<\/a><\/p><p style=\"text-align: left\"><a href=\"http:\/\/www2.unifap.br\/eletrica\/files\/2020\/05\/APENDICE_F_REGULAMENTO_DE_USO_DOS_LABORATORIOS_v2018.pdf\">AP\u00caNDICE F: REGULAMENTO\u00a0 DE USO DOS LABORAT\u00d3RIOS<\/a><\/p>\t\t\t\t\t\t\t\t<\/div>\n\t\t\t\t<\/div>\n\t\t\t\t\t<\/div>\n\t\t<\/div>\n\t\t\t\t\t<\/div>\n\t\t<\/section>\n\t\t\t\t<\/div>\n\t\t","protected":false},"excerpt":{"rendered":"<p>Projeto Pedag\u00f3gico do Curso (PPC) PPC AP\u00caNDICE A: EMENTAS AP\u00caNDICE B: REGULAMENTO EST\u00c1GIO AP\u00caNDICE C: REGULAMENTO DO TCC AP\u00caNDICE D: AVALIA\u00c7\u00c3O DA DISCIPLINA AP\u00caNDICE E: ESTATUTO DA EMPRESA JUNIOR AP\u00caNDICE F: REGULAMENTO\u00a0 DE USO DOS LABORAT\u00d3RIOS<\/p>\n","protected":false},"author":2828,"featured_media":0,"parent":5395,"menu_order":1,"comment_status":"closed","ping_status":"closed","template":"fullwidth.php","meta":{"inline_featured_image":false,"ngg_post_thumbnail":0,"footnotes":""},"class_list":["post-5765","page","type-page","status-publish","hentry"],"_links":{"self":[{"href":"https:\/\/www2.unifap.br\/eletrica\/wp-json\/wp\/v2\/pages\/5765","targetHints":{"allow":["GET"]}}],"collection":[{"href":"https:\/\/www2.unifap.br\/eletrica\/wp-json\/wp\/v2\/pages"}],"about":[{"href":"https:\/\/www2.unifap.br\/eletrica\/wp-json\/wp\/v2\/types\/page"}],"author":[{"embeddable":true,"href":"https:\/\/www2.unifap.br\/eletrica\/wp-json\/wp\/v2\/users\/2828"}],"replies":[{"embeddable":true,"href":"https:\/\/www2.unifap.br\/eletrica\/wp-json\/wp\/v2\/comments?post=5765"}],"version-history":[{"count":6,"href":"https:\/\/www2.unifap.br\/eletrica\/wp-json\/wp\/v2\/pages\/5765\/revisions"}],"predecessor-version":[{"id":8254,"href":"https:\/\/www2.unifap.br\/eletrica\/wp-json\/wp\/v2\/pages\/5765\/revisions\/8254"}],"up":[{"embeddable":true,"href":"https:\/\/www2.unifap.br\/eletrica\/wp-json\/wp\/v2\/pages\/5395"}],"wp:attachment":[{"href":"https:\/\/www2.unifap.br\/eletrica\/wp-json\/wp\/v2\/media?parent=5765"}],"curies":[{"name":"wp","href":"https:\/\/api.w.org\/{rel}","templated":true}]}}