{"id":6481,"date":"2020-06-18T13:26:51","date_gmt":"2020-06-18T16:26:51","guid":{"rendered":"http:\/\/www2.unifap.br\/eletrica\/?page_id=6481"},"modified":"2023-08-28T17:16:52","modified_gmt":"2023-08-28T20:16:52","slug":"requerimentos-on-line","status":"publish","type":"page","link":"https:\/\/www2.unifap.br\/eletrica\/portal-administrativo\/requerimentos-on-line\/","title":{"rendered":"Requerimentos On-line"},"content":{"rendered":"\t\t<div data-elementor-type=\"wp-post\" data-elementor-id=\"6481\" class=\"elementor elementor-6481\">\n\t\t\t\t\t\t<section class=\"elementor-section elementor-top-section elementor-element elementor-element-b33965b elementor-section-boxed elementor-section-height-default elementor-section-height-default\" data-id=\"b33965b\" data-element_type=\"section\" data-e-type=\"section\">\n\t\t\t\t\t\t<div class=\"elementor-container elementor-column-gap-default\">\n\t\t\t\t\t<div class=\"elementor-column elementor-col-100 elementor-top-column elementor-element elementor-element-e8c3957\" data-id=\"e8c3957\" data-element_type=\"column\" data-e-type=\"column\">\n\t\t\t<div class=\"elementor-widget-wrap elementor-element-populated\">\n\t\t\t\t\t\t<div class=\"elementor-element elementor-element-67b0519 elementor-widget-divider--view-line elementor-widget elementor-widget-divider\" data-id=\"67b0519\" data-element_type=\"widget\" data-e-type=\"widget\" data-widget_type=\"divider.default\">\n\t\t\t\t<div class=\"elementor-widget-container\">\n\t\t\t\t\t\t\t<div class=\"elementor-divider\">\n\t\t\t<span class=\"elementor-divider-separator\">\n\t\t\t\t\t\t<\/span>\n\t\t<\/div>\n\t\t\t\t\t\t<\/div>\n\t\t\t\t<\/div>\n\t\t\t\t<div class=\"elementor-element elementor-element-07fd68b elementor-widget elementor-widget-heading\" data-id=\"07fd68b\" data-element_type=\"widget\" data-e-type=\"widget\" data-widget_type=\"heading.default\">\n\t\t\t\t<div class=\"elementor-widget-container\">\n\t\t\t\t\t<h2 class=\"elementor-heading-title elementor-size-default\">REQUERIMENTOS ON-LINE<\/h2>\t\t\t\t<\/div>\n\t\t\t\t<\/div>\n\t\t\t\t<div class=\"elementor-element elementor-element-1bb30b0 elementor-widget-divider--view-line elementor-widget elementor-widget-divider\" data-id=\"1bb30b0\" data-element_type=\"widget\" data-e-type=\"widget\" data-widget_type=\"divider.default\">\n\t\t\t\t<div class=\"elementor-widget-container\">\n\t\t\t\t\t\t\t<div class=\"elementor-divider\">\n\t\t\t<span class=\"elementor-divider-separator\">\n\t\t\t\t\t\t<\/span>\n\t\t<\/div>\n\t\t\t\t\t\t<\/div>\n\t\t\t\t<\/div>\n\t\t\t\t<div class=\"elementor-element elementor-element-5ff8dc8 elementor-widget elementor-widget-text-editor\" data-id=\"5ff8dc8\" data-element_type=\"widget\" data-e-type=\"widget\" data-widget_type=\"text-editor.default\">\n\t\t\t\t<div class=\"elementor-widget-container\">\n\t\t\t\t\t\t\t\t\t<p>Os Requerimentos realizados na Coordena\u00e7\u00e3o do Curso de Engenharia El\u00e9trica agora podem ser solicitados on-line.<\/p><p><strong>Selecione abaixo o requerimento desejado.<\/strong><\/p>\t\t\t\t\t\t\t\t<\/div>\n\t\t\t\t<\/div>\n\t\t\t\t\t<\/div>\n\t\t<\/div>\n\t\t\t\t\t<\/div>\n\t\t<\/section>\n\t\t\t\t<section class=\"elementor-section elementor-top-section elementor-element elementor-element-c680438 elementor-section-boxed elementor-section-height-default elementor-section-height-default\" data-id=\"c680438\" data-element_type=\"section\" data-e-type=\"section\">\n\t\t\t\t\t\t<div class=\"elementor-container elementor-column-gap-default\">\n\t\t\t\t\t<div class=\"elementor-column elementor-col-100 elementor-top-column elementor-element elementor-element-7ef82cb\" data-id=\"7ef82cb\" data-element_type=\"column\" data-e-type=\"column\">\n\t\t\t<div class=\"elementor-widget-wrap elementor-element-populated\">\n\t\t\t\t\t\t<section class=\"elementor-section elementor-inner-section elementor-element elementor-element-0f20f76 elementor-section-boxed elementor-section-height-default elementor-section-height-default\" data-id=\"0f20f76\" data-element_type=\"section\" data-e-type=\"section\">\n\t\t\t\t\t\t<div class=\"elementor-container elementor-column-gap-default\">\n\t\t\t\t\t<div class=\"elementor-column elementor-col-50 elementor-inner-column elementor-element elementor-element-aa909db\" data-id=\"aa909db\" data-element_type=\"column\" data-e-type=\"column\">\n\t\t\t<div class=\"elementor-widget-wrap elementor-element-populated\">\n\t\t\t\t\t\t<div class=\"elementor-element elementor-element-babca0a elementor-position-left elementor-vertical-align-top elementor-widget elementor-widget-image-box\" data-id=\"babca0a\" data-element_type=\"widget\" data-e-type=\"widget\" data-widget_type=\"image-box.default\">\n\t\t\t\t<div class=\"elementor-widget-container\">\n\t\t\t\t\t<div class=\"elementor-image-box-wrapper\"><figure class=\"elementor-image-box-img\"><a href=\"http:\/\/www2.unifap.br\/eletrica\/portal-administrativo\/requerimentos-on-line\/ajuste-de-matriculas\/\" tabindex=\"-1\"><img fetchpriority=\"high\" decoding=\"async\" width=\"800\" height=\"800\" src=\"http:\/\/www2.unifap.br\/eletrica\/files\/2020\/06\/matricula.png\" class=\"attachment-full size-full wp-image-6498\" alt=\"\" srcset=\"https:\/\/www2.unifap.br\/eletrica\/files\/2020\/06\/matricula.png 800w, https:\/\/www2.unifap.br\/eletrica\/files\/2020\/06\/matricula-300x300.png 300w, https:\/\/www2.unifap.br\/eletrica\/files\/2020\/06\/matricula-150x150.png 150w, https:\/\/www2.unifap.br\/eletrica\/files\/2020\/06\/matricula-768x768.png 768w\" sizes=\"(max-width: 800px) 100vw, 800px\" \/><\/a><\/figure><div class=\"elementor-image-box-content\"><h3 class=\"elementor-image-box-title\"><a href=\"http:\/\/www2.unifap.br\/eletrica\/portal-administrativo\/requerimentos-on-line\/ajuste-de-matriculas\/\">Ajustes de Matr\u00edcula<\/a><\/h3><p class=\"elementor-image-box-description\">Requerimento de Ajustes de Matr\u00edcula<\/p><\/div><\/div>\t\t\t\t<\/div>\n\t\t\t\t<\/div>\n\t\t\t\t<div class=\"elementor-element elementor-element-f6adb02 elementor-position-left elementor-vertical-align-top elementor-widget elementor-widget-image-box\" data-id=\"f6adb02\" data-element_type=\"widget\" data-e-type=\"widget\" data-widget_type=\"image-box.default\">\n\t\t\t\t<div class=\"elementor-widget-container\">\n\t\t\t\t\t<div class=\"elementor-image-box-wrapper\"><figure class=\"elementor-image-box-img\"><a href=\"https:\/\/www2.unifap.br\/eletrica\/portal-administrativo\/requerimentos-on-line\/credito-de-disciplinas\/\" tabindex=\"-1\"><img decoding=\"async\" width=\"225\" height=\"225\" src=\"http:\/\/www2.unifap.br\/eletrica\/files\/2020\/06\/credito-disciplina.png\" class=\"attachment-full size-full wp-image-6503\" alt=\"\" srcset=\"https:\/\/www2.unifap.br\/eletrica\/files\/2020\/06\/credito-disciplina.png 225w, https:\/\/www2.unifap.br\/eletrica\/files\/2020\/06\/credito-disciplina-150x150.png 150w\" sizes=\"(max-width: 225px) 100vw, 225px\" \/><\/a><\/figure><div class=\"elementor-image-box-content\"><h3 class=\"elementor-image-box-title\"><a href=\"https:\/\/www2.unifap.br\/eletrica\/portal-administrativo\/requerimentos-on-line\/credito-de-disciplinas\/\">Cr\u00e9dito de Disciplinas<\/a><\/h3><p class=\"elementor-image-box-description\">Requerimento de Cr\u00e9dito de Disciplinas<\/p><\/div><\/div>\t\t\t\t<\/div>\n\t\t\t\t<\/div>\n\t\t\t\t<div class=\"elementor-element elementor-element-8702541 elementor-position-left elementor-vertical-align-top elementor-widget elementor-widget-image-box\" data-id=\"8702541\" data-element_type=\"widget\" data-e-type=\"widget\" data-widget_type=\"image-box.default\">\n\t\t\t\t<div class=\"elementor-widget-container\">\n\t\t\t\t\t<div class=\"elementor-image-box-wrapper\"><figure class=\"elementor-image-box-img\"><a href=\"https:\/\/www2.unifap.br\/eletrica\/academico\/procedimentos-para-estagios\/\" tabindex=\"-1\"><img decoding=\"async\" width=\"512\" height=\"512\" src=\"http:\/\/www2.unifap.br\/eletrica\/files\/2020\/07\/estagio.png\" class=\"attachment-full size-full wp-image-6670\" alt=\"\" srcset=\"https:\/\/www2.unifap.br\/eletrica\/files\/2020\/07\/estagio.png 512w, https:\/\/www2.unifap.br\/eletrica\/files\/2020\/07\/estagio-300x300.png 300w, https:\/\/www2.unifap.br\/eletrica\/files\/2020\/07\/estagio-150x150.png 150w\" sizes=\"(max-width: 512px) 100vw, 512px\" \/><\/a><\/figure><div class=\"elementor-image-box-content\"><h3 class=\"elementor-image-box-title\"><a href=\"https:\/\/www2.unifap.br\/eletrica\/academico\/procedimentos-para-estagios\/\">Est\u00e1gio Supervisionado<\/a><\/h3><p class=\"elementor-image-box-description\">Requerimento de Est\u00e1gio Supervisionado<\/p><\/div><\/div>\t\t\t\t<\/div>\n\t\t\t\t<\/div>\n\t\t\t\t\t<\/div>\n\t\t<\/div>\n\t\t\t\t<div class=\"elementor-column elementor-col-50 elementor-inner-column elementor-element elementor-element-42a69bc\" data-id=\"42a69bc\" data-element_type=\"column\" data-e-type=\"column\">\n\t\t\t<div class=\"elementor-widget-wrap elementor-element-populated\">\n\t\t\t\t\t\t<div class=\"elementor-element elementor-element-5fa9737 elementor-position-left elementor-vertical-align-top elementor-widget elementor-widget-image-box\" data-id=\"5fa9737\" data-element_type=\"widget\" data-e-type=\"widget\" data-widget_type=\"image-box.default\">\n\t\t\t\t<div class=\"elementor-widget-container\">\n\t\t\t\t\t<div class=\"elementor-image-box-wrapper\"><figure class=\"elementor-image-box-img\"><a href=\"http:\/\/www2.unifap.br\/eletrica\/portal-administrativo\/requerimentos-on-line\/2a-chamada-de-avaliacoes\/\" tabindex=\"-1\"><img loading=\"lazy\" decoding=\"async\" width=\"512\" height=\"512\" src=\"http:\/\/www2.unifap.br\/eletrica\/files\/2020\/06\/segunda-chamada-site.png\" class=\"attachment-full size-full wp-image-6559\" alt=\"\" srcset=\"https:\/\/www2.unifap.br\/eletrica\/files\/2020\/06\/segunda-chamada-site.png 512w, https:\/\/www2.unifap.br\/eletrica\/files\/2020\/06\/segunda-chamada-site-300x300.png 300w, https:\/\/www2.unifap.br\/eletrica\/files\/2020\/06\/segunda-chamada-site-150x150.png 150w\" sizes=\"(max-width: 512px) 100vw, 512px\" \/><\/a><\/figure><div class=\"elementor-image-box-content\"><h3 class=\"elementor-image-box-title\"><a href=\"http:\/\/www2.unifap.br\/eletrica\/portal-administrativo\/requerimentos-on-line\/2a-chamada-de-avaliacoes\/\">2\u00aa Chamada de Avalia\u00e7\u00f5es<\/a><\/h3><p class=\"elementor-image-box-description\">Requerimento de 2\u00aa Chamada de Avalia\u00e7\u00f5es<\/p><\/div><\/div>\t\t\t\t<\/div>\n\t\t\t\t<\/div>\n\t\t\t\t<div class=\"elementor-element elementor-element-f69c2fc elementor-position-left elementor-vertical-align-top elementor-widget elementor-widget-image-box\" data-id=\"f69c2fc\" data-element_type=\"widget\" data-e-type=\"widget\" data-widget_type=\"image-box.default\">\n\t\t\t\t<div class=\"elementor-widget-container\">\n\t\t\t\t\t<div class=\"elementor-image-box-wrapper\"><figure class=\"elementor-image-box-img\"><a href=\"https:\/\/www2.unifap.br\/eletrica\/academico\/colacao-de-grau\/\" tabindex=\"-1\"><img loading=\"lazy\" decoding=\"async\" width=\"490\" height=\"490\" src=\"http:\/\/www2.unifap.br\/eletrica\/files\/2020\/06\/graduation-cap-icon-design-vector.jpg\" class=\"attachment-full size-full wp-image-6563\" alt=\"\" srcset=\"https:\/\/www2.unifap.br\/eletrica\/files\/2020\/06\/graduation-cap-icon-design-vector.jpg 490w, https:\/\/www2.unifap.br\/eletrica\/files\/2020\/06\/graduation-cap-icon-design-vector-300x300.jpg 300w, https:\/\/www2.unifap.br\/eletrica\/files\/2020\/06\/graduation-cap-icon-design-vector-150x150.jpg 150w\" sizes=\"(max-width: 490px) 100vw, 490px\" \/><\/a><\/figure><div class=\"elementor-image-box-content\"><h3 class=\"elementor-image-box-title\"><a href=\"https:\/\/www2.unifap.br\/eletrica\/academico\/colacao-de-grau\/\">Cola\u00e7\u00e3o de Grau<\/a><\/h3><p class=\"elementor-image-box-description\">Requerimento de Cola\u00e7\u00e3o de Grau<\/p><\/div><\/div>\t\t\t\t<\/div>\n\t\t\t\t<\/div>\n\t\t\t\t<div class=\"elementor-element elementor-element-09bb3ec elementor-position-left elementor-vertical-align-top elementor-widget elementor-widget-image-box\" data-id=\"09bb3ec\" data-element_type=\"widget\" data-e-type=\"widget\" data-widget_type=\"image-box.default\">\n\t\t\t\t<div class=\"elementor-widget-container\">\n\t\t\t\t\t<div class=\"elementor-image-box-wrapper\"><figure class=\"elementor-image-box-img\"><a href=\"http:\/\/www2.unifap.br\/eletrica\/academico\/aacc\/\" tabindex=\"-1\"><img loading=\"lazy\" decoding=\"async\" width=\"512\" height=\"512\" src=\"http:\/\/www2.unifap.br\/eletrica\/files\/2020\/07\/AACC3.png\" class=\"attachment-full size-full wp-image-6672\" alt=\"\" srcset=\"https:\/\/www2.unifap.br\/eletrica\/files\/2020\/07\/AACC3.png 512w, https:\/\/www2.unifap.br\/eletrica\/files\/2020\/07\/AACC3-300x300.png 300w, https:\/\/www2.unifap.br\/eletrica\/files\/2020\/07\/AACC3-150x150.png 150w\" sizes=\"(max-width: 512px) 100vw, 512px\" \/><\/a><\/figure><div class=\"elementor-image-box-content\"><h3 class=\"elementor-image-box-title\"><a href=\"http:\/\/www2.unifap.br\/eletrica\/academico\/aacc\/\">Cr\u00e9dito em AACC<\/a><\/h3><p class=\"elementor-image-box-description\">Requerimento em Cr\u00e9dito em Atividades Acad\u00eamicas Cient\u00edfico Culturais (AACC)<\/p><\/div><\/div>\t\t\t\t<\/div>\n\t\t\t\t<\/div>\n\t\t\t\t\t<\/div>\n\t\t<\/div>\n\t\t\t\t\t<\/div>\n\t\t<\/section>\n\t\t\t\t\t<\/div>\n\t\t<\/div>\n\t\t\t\t\t<\/div>\n\t\t<\/section>\n\t\t\t\t<\/div>\n\t\t","protected":false},"excerpt":{"rendered":"<p>REQUERIMENTOS ON-LINE Os Requerimentos realizados na Coordena\u00e7\u00e3o do Curso de Engenharia El\u00e9trica agora podem ser solicitados on-line. Selecione abaixo o requerimento desejado. Ajustes de Matr\u00edcula Requerimento de Ajustes de Matr\u00edcula Cr\u00e9dito de Disciplinas Requerimento de Cr\u00e9dito de Disciplinas Est\u00e1gio Supervisionado Requerimento de Est\u00e1gio Supervisionado 2\u00aa Chamada de Avalia\u00e7\u00f5es Requerimento de 2\u00aa Chamada de Avalia\u00e7\u00f5es Cola\u00e7\u00e3o&hellip;<\/p>\n","protected":false},"author":3882,"featured_media":0,"parent":5164,"menu_order":9,"comment_status":"closed","ping_status":"closed","template":"fullwidth.php","meta":{"inline_featured_image":false,"ngg_post_thumbnail":0,"footnotes":""},"class_list":["post-6481","page","type-page","status-publish","hentry"],"_links":{"self":[{"href":"https:\/\/www2.unifap.br\/eletrica\/wp-json\/wp\/v2\/pages\/6481","targetHints":{"allow":["GET"]}}],"collection":[{"href":"https:\/\/www2.unifap.br\/eletrica\/wp-json\/wp\/v2\/pages"}],"about":[{"href":"https:\/\/www2.unifap.br\/eletrica\/wp-json\/wp\/v2\/types\/page"}],"author":[{"embeddable":true,"href":"https:\/\/www2.unifap.br\/eletrica\/wp-json\/wp\/v2\/users\/3882"}],"replies":[{"embeddable":true,"href":"https:\/\/www2.unifap.br\/eletrica\/wp-json\/wp\/v2\/comments?post=6481"}],"version-history":[{"count":31,"href":"https:\/\/www2.unifap.br\/eletrica\/wp-json\/wp\/v2\/pages\/6481\/revisions"}],"predecessor-version":[{"id":11029,"href":"https:\/\/www2.unifap.br\/eletrica\/wp-json\/wp\/v2\/pages\/6481\/revisions\/11029"}],"up":[{"embeddable":true,"href":"https:\/\/www2.unifap.br\/eletrica\/wp-json\/wp\/v2\/pages\/5164"}],"wp:attachment":[{"href":"https:\/\/www2.unifap.br\/eletrica\/wp-json\/wp\/v2\/media?parent=6481"}],"curies":[{"name":"wp","href":"https:\/\/api.w.org\/{rel}","templated":true}]}}