{"id":79,"date":"2010-05-07T10:29:20","date_gmt":"2010-05-07T13:29:20","guid":{"rendered":"http:\/\/pororoca.unifap.br\/eletrica\/?page_id=79"},"modified":"2024-11-28T08:35:24","modified_gmt":"2024-11-28T11:35:24","slug":"andrey-da-costa-lopes","status":"publish","type":"page","link":"https:\/\/www2.unifap.br\/eletrica\/portal-docente\/docentes\/andrey-da-costa-lopes\/","title":{"rendered":"Prof. Dr. Andrey da Costa Lopes"},"content":{"rendered":"\t\t<div data-elementor-type=\"wp-page\" data-elementor-id=\"79\" class=\"elementor elementor-79\">\n\t\t\t\t\t\t<section class=\"elementor-section elementor-top-section elementor-element elementor-element-7ee33b0a elementor-section-boxed elementor-section-height-default elementor-section-height-default\" data-id=\"7ee33b0a\" data-element_type=\"section\" data-e-type=\"section\">\n\t\t\t\t\t\t<div class=\"elementor-container elementor-column-gap-default\">\n\t\t\t\t\t<div class=\"elementor-column elementor-col-100 elementor-top-column elementor-element elementor-element-7d29850f\" data-id=\"7d29850f\" data-element_type=\"column\" data-e-type=\"column\">\n\t\t\t<div class=\"elementor-widget-wrap elementor-element-populated\">\n\t\t\t\t\t\t<div class=\"elementor-element elementor-element-fb8cda3 elementor-position-left elementor-vertical-align-top elementor-widget elementor-widget-image-box\" data-id=\"fb8cda3\" data-element_type=\"widget\" data-e-type=\"widget\" data-widget_type=\"image-box.default\">\n\t\t\t\t<div class=\"elementor-widget-container\">\n\t\t\t\t\t<div class=\"elementor-image-box-wrapper\"><figure class=\"elementor-image-box-img\"><img fetchpriority=\"high\" decoding=\"async\" width=\"219\" height=\"300\" src=\"http:\/\/www2.unifap.br\/eletrica\/files\/2021\/04\/WhatsApp-Image-2021-04-02-at-14.55.53-219x300.jpeg\" class=\"attachment-medium size-medium wp-image-8100\" alt=\"\" srcset=\"https:\/\/www2.unifap.br\/eletrica\/files\/2021\/04\/WhatsApp-Image-2021-04-02-at-14.55.53-219x300.jpeg 219w, https:\/\/www2.unifap.br\/eletrica\/files\/2021\/04\/WhatsApp-Image-2021-04-02-at-14.55.53.jpeg 253w\" sizes=\"(max-width: 219px) 100vw, 219px\" \/><\/figure><div class=\"elementor-image-box-content\"><h1 class=\"elementor-image-box-title\">Dr. Andrey da Costa Lopes<\/h1><p class=\"elementor-image-box-description\"><p style=\"text-align:justify\"><span style=\"font-family: Arial, sans-serif;letter-spacing: 0.4pt;background-image: initial;background-position: initial;background-size: initial;background-attachment: initial\">Possui <a href=\"http:\/\/www2.unifap.br\/eletrica\/files\/2021\/04\/TCC-2004-LOPES-e-FONSECA-ESTUDO-E-APLICA\u00c7\u00c3O-DE-T\u00c9CNICAS-DE-ESPARSIDADE-NA-POO-E-VIABILIDADE-PR\u00c1TICA-DE-SUA-UTILIZA\u00c7\u00c3O-EM-PROGRAMA-PARA-AN\u00c1LISE-DE-FLUXO-DE-CARGA.pdf\" target=\"_blank\" rel=\"noopener\">Gradua\u00e7\u00e3o em Engenharia El\u00e9trica (2004)<\/a> pela Universidade Federal do Par\u00e1, Especializa\u00e7\u00e3o em Engenharia de Seguran\u00e7a do Trabalho (2009) pela Universidade da Amaz\u00f4nia, <a href=\"http:\/\/www2.unifap.br\/eletrica\/files\/2021\/04\/DISSERTACAO-LOPES-2007-UTILIZA\u00c7\u00c3O-DE-T\u00c9CNICAS-DE-RV-DESKTOP-NA-DIN\u00c2MICA-DE-OPERA\u00c7\u00c3O-DE-UMA-UHG-EM-UM-SEP.pdf\" target=\"_blank\" rel=\"noopener\">Mestrado em Engenharia El\u00e9trica (2007)<\/a> e <a href=\"http:\/\/www2.unifap.br\/eletrica\/files\/2021\/04\/DISSERTACAO-LOPES-2007-UTILIZA\u00c7\u00c3O-DE-T\u00c9CNICAS-DE-RV-DESKTOP-NA-DIN\u00c2MICA-DE-OPERA\u00c7\u00c3O-DE-UMA-UHG-EM-UM-SEP.pdf\" target=\"_blank\" rel=\"noopener\">Doutorado em Engenharia El\u00e9trica (2024)<\/a> pela Universidade Federal do Par\u00e1. Atualmente \u00e9 Professor Adjunto lotado no Colegiado de Engenharia El\u00e9trica da Universidade Federal do Amap\u00e1. Possui experi\u00eancia na \u00e1rea de Engenharia El\u00e9trica, com \u00eanfase em Sistemas El\u00e9tricos de Pot\u00eancia, atuando principalmente nos seguintes temas: An\u00e1lise e Modelagem de Recursos Energ\u00e9ticos Distribu\u00eddos.<\/span><\/p><\/div><\/div>\t\t\t\t<\/div>\n\t\t\t\t<\/div>\n\t\t\t\t\t<\/div>\n\t\t<\/div>\n\t\t\t\t\t<\/div>\n\t\t<\/section>\n\t\t\t\t<section class=\"elementor-section elementor-top-section elementor-element elementor-element-994debb elementor-section-boxed elementor-section-height-default elementor-section-height-default\" data-id=\"994debb\" data-element_type=\"section\" data-e-type=\"section\">\n\t\t\t\t\t\t<div class=\"elementor-container elementor-column-gap-default\">\n\t\t\t\t\t<div class=\"elementor-column elementor-col-100 elementor-top-column elementor-element elementor-element-6d37a26\" data-id=\"6d37a26\" data-element_type=\"column\" data-e-type=\"column\">\n\t\t\t<div class=\"elementor-widget-wrap elementor-element-populated\">\n\t\t\t\t\t\t<div class=\"elementor-element elementor-element-6e5233c elementor-widget-divider--view-line elementor-widget elementor-widget-divider\" data-id=\"6e5233c\" data-element_type=\"widget\" data-e-type=\"widget\" data-widget_type=\"divider.default\">\n\t\t\t\t<div class=\"elementor-widget-container\">\n\t\t\t\t\t\t\t<div class=\"elementor-divider\">\n\t\t\t<span class=\"elementor-divider-separator\">\n\t\t\t\t\t\t<\/span>\n\t\t<\/div>\n\t\t\t\t\t\t<\/div>\n\t\t\t\t<\/div>\n\t\t\t\t\t<\/div>\n\t\t<\/div>\n\t\t\t\t\t<\/div>\n\t\t<\/section>\n\t\t\t\t<section class=\"elementor-section elementor-top-section elementor-element elementor-element-0178023 elementor-section-boxed elementor-section-height-default elementor-section-height-default\" data-id=\"0178023\" data-element_type=\"section\" data-e-type=\"section\">\n\t\t\t\t\t\t<div class=\"elementor-container elementor-column-gap-default\">\n\t\t\t\t\t<div class=\"elementor-column elementor-col-25 elementor-top-column elementor-element elementor-element-99886b6\" data-id=\"99886b6\" data-element_type=\"column\" data-e-type=\"column\">\n\t\t\t<div class=\"elementor-widget-wrap elementor-element-populated\">\n\t\t\t\t\t\t<div class=\"elementor-element elementor-element-8bd2c99 elementor-button-info elementor-align-center elementor-widget elementor-widget-button\" data-id=\"8bd2c99\" data-element_type=\"widget\" data-e-type=\"widget\" data-widget_type=\"button.default\">\n\t\t\t\t<div class=\"elementor-widget-container\">\n\t\t\t\t\t\t\t\t\t<div class=\"elementor-button-wrapper\">\n\t\t\t\t\t<a class=\"elementor-button elementor-button-link elementor-size-md elementor-animation-grow\" href=\"http:\/\/lattes.cnpq.br\/6863741208532940\" target=\"_blank\">\n\t\t\t\t\t\t<span class=\"elementor-button-content-wrapper\">\n\t\t\t\t\t\t<span class=\"elementor-button-icon\">\n\t\t\t\t<i aria-hidden=\"true\" class=\"far fa-address-card\"><\/i>\t\t\t<\/span>\n\t\t\t\t\t\t\t\t\t<span class=\"elementor-button-text\">Curriculo Lattes<\/span>\n\t\t\t\t\t<\/span>\n\t\t\t\t\t<\/a>\n\t\t\t\t<\/div>\n\t\t\t\t\t\t\t\t<\/div>\n\t\t\t\t<\/div>\n\t\t\t\t\t<\/div>\n\t\t<\/div>\n\t\t\t\t<div class=\"elementor-column elementor-col-25 elementor-top-column elementor-element elementor-element-0a8a132\" data-id=\"0a8a132\" data-element_type=\"column\" data-e-type=\"column\">\n\t\t\t<div class=\"elementor-widget-wrap elementor-element-populated\">\n\t\t\t\t\t\t<div class=\"elementor-element elementor-element-81c4c82 elementor-button-info elementor-align-center elementor-widget elementor-widget-button\" data-id=\"81c4c82\" data-element_type=\"widget\" data-e-type=\"widget\" data-widget_type=\"button.default\">\n\t\t\t\t<div class=\"elementor-widget-container\">\n\t\t\t\t\t\t\t\t\t<div class=\"elementor-button-wrapper\">\n\t\t\t\t\t<a class=\"elementor-button elementor-button-link elementor-size-md elementor-animation-grow\" href=\"http:\/\/dgp.cnpq.br\/dgp\/espelhorh\/6863741208532940\" target=\"_blank\">\n\t\t\t\t\t\t<span class=\"elementor-button-content-wrapper\">\n\t\t\t\t\t\t<span class=\"elementor-button-icon\">\n\t\t\t\t<i aria-hidden=\"true\" class=\"far fa-address-card\"><\/i>\t\t\t<\/span>\n\t\t\t\t\t\t\t\t\t<span class=\"elementor-button-text\">Espelho do Pesquisador<\/span>\n\t\t\t\t\t<\/span>\n\t\t\t\t\t<\/a>\n\t\t\t\t<\/div>\n\t\t\t\t\t\t\t\t<\/div>\n\t\t\t\t<\/div>\n\t\t\t\t\t<\/div>\n\t\t<\/div>\n\t\t\t\t<div class=\"elementor-column elementor-col-25 elementor-top-column elementor-element elementor-element-0755ad1\" data-id=\"0755ad1\" data-element_type=\"column\" data-e-type=\"column\">\n\t\t\t<div class=\"elementor-widget-wrap elementor-element-populated\">\n\t\t\t\t\t\t<div class=\"elementor-element elementor-element-0122845 elementor-button-info elementor-align-center elementor-widget elementor-widget-button\" data-id=\"0122845\" data-element_type=\"widget\" data-e-type=\"widget\" data-widget_type=\"button.default\">\n\t\t\t\t<div class=\"elementor-widget-container\">\n\t\t\t\t\t\t\t\t\t<div class=\"elementor-button-wrapper\">\n\t\t\t\t\t<a class=\"elementor-button elementor-button-link elementor-size-md elementor-animation-grow\" href=\"http:\/\/buscatextual.cnpq.br\/buscatextual\/graficos.do?metodo=apresentar&#038;codRHCript=K4731886A0&#038;nome=Andrey%20da%20Costa%20Lopes&#038;chamadaExterna=true\" target=\"_blank\">\n\t\t\t\t\t\t<span class=\"elementor-button-content-wrapper\">\n\t\t\t\t\t\t<span class=\"elementor-button-icon\">\n\t\t\t\t<i aria-hidden=\"true\" class=\"far fa-address-card\"><\/i>\t\t\t<\/span>\n\t\t\t\t\t\t\t\t\t<span class=\"elementor-button-text\">Indicadores da Produ\u00e7\u00e3o<\/span>\n\t\t\t\t\t<\/span>\n\t\t\t\t\t<\/a>\n\t\t\t\t<\/div>\n\t\t\t\t\t\t\t\t<\/div>\n\t\t\t\t<\/div>\n\t\t\t\t\t<\/div>\n\t\t<\/div>\n\t\t\t\t<div class=\"elementor-column elementor-col-25 elementor-top-column elementor-element elementor-element-88c7e63\" data-id=\"88c7e63\" data-element_type=\"column\" data-e-type=\"column\">\n\t\t\t<div class=\"elementor-widget-wrap elementor-element-populated\">\n\t\t\t\t\t\t<div class=\"elementor-element elementor-element-f0a991f elementor-button-info elementor-align-center elementor-widget elementor-widget-button\" data-id=\"f0a991f\" data-element_type=\"widget\" data-e-type=\"widget\" data-widget_type=\"button.default\">\n\t\t\t\t<div class=\"elementor-widget-container\">\n\t\t\t\t\t\t\t\t\t<div class=\"elementor-button-wrapper\">\n\t\t\t\t\t<a class=\"elementor-button elementor-button-link elementor-size-md elementor-animation-grow\" href=\"https:\/\/sigaa.unifap.br\/sigaa\/public\/docente\/portal.jsf?siape=1753267\" target=\"_blank\">\n\t\t\t\t\t\t<span class=\"elementor-button-content-wrapper\">\n\t\t\t\t\t\t<span class=\"elementor-button-icon\">\n\t\t\t\t<i aria-hidden=\"true\" class=\"far fa-address-card\"><\/i>\t\t\t<\/span>\n\t\t\t\t\t\t\t\t\t<span class=\"elementor-button-text\">P\u00e1gina Institucional<\/span>\n\t\t\t\t\t<\/span>\n\t\t\t\t\t<\/a>\n\t\t\t\t<\/div>\n\t\t\t\t\t\t\t\t<\/div>\n\t\t\t\t<\/div>\n\t\t\t\t\t<\/div>\n\t\t<\/div>\n\t\t\t\t\t<\/div>\n\t\t<\/section>\n\t\t\t\t<section class=\"elementor-section elementor-top-section elementor-element elementor-element-f1de2ce elementor-section-boxed elementor-section-height-default elementor-section-height-default\" data-id=\"f1de2ce\" data-element_type=\"section\" data-e-type=\"section\">\n\t\t\t\t\t\t<div class=\"elementor-container elementor-column-gap-default\">\n\t\t\t\t\t<div class=\"elementor-column elementor-col-100 elementor-top-column elementor-element elementor-element-0031e4f\" data-id=\"0031e4f\" data-element_type=\"column\" data-e-type=\"column\">\n\t\t\t<div class=\"elementor-widget-wrap elementor-element-populated\">\n\t\t\t\t\t\t<div class=\"elementor-element elementor-element-65eb007 elementor-widget elementor-widget-text-editor\" data-id=\"65eb007\" data-element_type=\"widget\" data-e-type=\"widget\" data-widget_type=\"text-editor.default\">\n\t\t\t\t<div class=\"elementor-widget-container\">\n\t\t\t\t\t\t\t\t\t<p style=\"text-align: center\">E-mail: <a style=\"background-color: #ffffff\" href=\"mailto:andrey@unifap.br\">andrey@unifap.br<\/a><\/p>\t\t\t\t\t\t\t\t<\/div>\n\t\t\t\t<\/div>\n\t\t\t\t\t<\/div>\n\t\t<\/div>\n\t\t\t\t\t<\/div>\n\t\t<\/section>\n\t\t\t\t<section class=\"elementor-section elementor-top-section elementor-element elementor-element-e2115b7 elementor-section-boxed elementor-section-height-default elementor-section-height-default\" data-id=\"e2115b7\" data-element_type=\"section\" data-e-type=\"section\">\n\t\t\t\t\t\t<div class=\"elementor-container elementor-column-gap-default\">\n\t\t\t\t\t<div class=\"elementor-column elementor-col-100 elementor-top-column elementor-element elementor-element-367a4bc\" data-id=\"367a4bc\" data-element_type=\"column\" data-e-type=\"column\">\n\t\t\t<div class=\"elementor-widget-wrap elementor-element-populated\">\n\t\t\t\t\t\t<div class=\"elementor-element elementor-element-2b85eff elementor-widget-divider--view-line elementor-widget elementor-widget-divider\" data-id=\"2b85eff\" data-element_type=\"widget\" data-e-type=\"widget\" data-widget_type=\"divider.default\">\n\t\t\t\t<div class=\"elementor-widget-container\">\n\t\t\t\t\t\t\t<div class=\"elementor-divider\">\n\t\t\t<span class=\"elementor-divider-separator\">\n\t\t\t\t\t\t<\/span>\n\t\t<\/div>\n\t\t\t\t\t\t<\/div>\n\t\t\t\t<\/div>\n\t\t\t\t\t<\/div>\n\t\t<\/div>\n\t\t\t\t\t<\/div>\n\t\t<\/section>\n\t\t\t\t<section class=\"elementor-section elementor-top-section elementor-element elementor-element-f46a7ab elementor-section-boxed elementor-section-height-default elementor-section-height-default\" data-id=\"f46a7ab\" data-element_type=\"section\" data-e-type=\"section\">\n\t\t\t\t\t\t<div class=\"elementor-container elementor-column-gap-default\">\n\t\t\t\t\t<div class=\"elementor-column elementor-col-25 elementor-top-column elementor-element elementor-element-43fa8c3\" data-id=\"43fa8c3\" data-element_type=\"column\" data-e-type=\"column\">\n\t\t\t<div class=\"elementor-widget-wrap elementor-element-populated\">\n\t\t\t\t\t\t<div class=\"elementor-element elementor-element-2d915ad animated-fast elementor-invisible elementor-widget elementor-widget-image\" data-id=\"2d915ad\" data-element_type=\"widget\" data-e-type=\"widget\" data-settings=\"{&quot;_animation&quot;:&quot;fadeIn&quot;}\" data-widget_type=\"image.default\">\n\t\t\t\t<div class=\"elementor-widget-container\">\n\t\t\t\t\t\t\t\t\t\t\t\t<figure class=\"wp-caption\">\n\t\t\t\t\t\t\t\t\t\t\t<a href=\"https:\/\/sigaa.unifap.br\/sigaa\/public\/docente\/pesquisa.jsf?siape=1753267\" target=\"_blank\">\n\t\t\t\t\t\t\t<img decoding=\"async\" width=\"550\" height=\"550\" src=\"http:\/\/www2.unifap.br\/eletrica\/files\/2020\/03\/projetos-pesquisa-1024x1024.jpg\" class=\"attachment-large size-large wp-image-4738\" alt=\"\" srcset=\"http:\/\/www2.unifap.br\/eletrica\/files\/2020\/03\/projetos-pesquisa-1024x1024.jpg 1024w, http:\/\/www2.unifap.br\/eletrica\/files\/2020\/03\/projetos-pesquisa-150x150.jpg 150w, http:\/\/www2.unifap.br\/eletrica\/files\/2020\/03\/projetos-pesquisa-300x300.jpg 300w, http:\/\/www2.unifap.br\/eletrica\/files\/2020\/03\/projetos-pesquisa-768x768.jpg 768w, http:\/\/www2.unifap.br\/eletrica\/files\/2020\/03\/projetos-pesquisa.jpg 1562w\" sizes=\"(max-width: 550px) 100vw, 550px\" \/>\t\t\t\t\t\t\t\t<\/a>\n\t\t\t\t\t\t\t\t\t\t\t<figcaption class=\"widget-image-caption wp-caption-text\">Projetos de Pesquisa<\/figcaption>\n\t\t\t\t\t\t\t\t\t\t<\/figure>\n\t\t\t\t\t\t\t\t\t<\/div>\n\t\t\t\t<\/div>\n\t\t\t\t\t<\/div>\n\t\t<\/div>\n\t\t\t\t<div class=\"elementor-column elementor-col-25 elementor-top-column elementor-element elementor-element-456d39e\" data-id=\"456d39e\" data-element_type=\"column\" data-e-type=\"column\">\n\t\t\t<div class=\"elementor-widget-wrap elementor-element-populated\">\n\t\t\t\t\t\t<div class=\"elementor-element elementor-element-6c7be05 elementor-widget elementor-widget-image\" data-id=\"6c7be05\" data-element_type=\"widget\" data-e-type=\"widget\" data-widget_type=\"image.default\">\n\t\t\t\t<div class=\"elementor-widget-container\">\n\t\t\t\t\t\t\t\t\t\t\t\t<figure class=\"wp-caption\">\n\t\t\t\t\t\t\t\t\t\t\t<a href=\"https:\/\/sigaa.unifap.br\/sigaa\/public\/docente\/extensao.jsf?siape=1753267\" target=\"_blank\">\n\t\t\t\t\t\t\t<img decoding=\"async\" width=\"550\" height=\"550\" src=\"http:\/\/www2.unifap.br\/eletrica\/files\/2020\/03\/extencao-1024x1024.jpg\" class=\"attachment-large size-large wp-image-4740\" alt=\"\" srcset=\"http:\/\/www2.unifap.br\/eletrica\/files\/2020\/03\/extencao-1024x1024.jpg 1024w, http:\/\/www2.unifap.br\/eletrica\/files\/2020\/03\/extencao-150x150.jpg 150w, http:\/\/www2.unifap.br\/eletrica\/files\/2020\/03\/extencao-300x300.jpg 300w, http:\/\/www2.unifap.br\/eletrica\/files\/2020\/03\/extencao-768x768.jpg 768w, http:\/\/www2.unifap.br\/eletrica\/files\/2020\/03\/extencao.jpg 1562w\" sizes=\"(max-width: 550px) 100vw, 550px\" \/>\t\t\t\t\t\t\t\t<\/a>\n\t\t\t\t\t\t\t\t\t\t\t<figcaption class=\"widget-image-caption wp-caption-text\">Projetos de Extens\u00e3o<\/figcaption>\n\t\t\t\t\t\t\t\t\t\t<\/figure>\n\t\t\t\t\t\t\t\t\t<\/div>\n\t\t\t\t<\/div>\n\t\t\t\t\t<\/div>\n\t\t<\/div>\n\t\t\t\t<div class=\"elementor-column elementor-col-25 elementor-top-column elementor-element elementor-element-90e9832\" data-id=\"90e9832\" data-element_type=\"column\" data-e-type=\"column\">\n\t\t\t<div class=\"elementor-widget-wrap elementor-element-populated\">\n\t\t\t\t\t\t<div class=\"elementor-element elementor-element-118bf36 elementor-widget elementor-widget-image\" data-id=\"118bf36\" data-element_type=\"widget\" data-e-type=\"widget\" data-widget_type=\"image.default\">\n\t\t\t\t<div class=\"elementor-widget-container\">\n\t\t\t\t\t\t\t\t\t\t\t\t<figure class=\"wp-caption\">\n\t\t\t\t\t\t\t\t\t\t\t<a href=\"https:\/\/sigaa.unifap.br\/sigaa\/public\/docente\/disciplinas.jsf?siape=1753267\" target=\"_blank\">\n\t\t\t\t\t\t\t<img loading=\"lazy\" decoding=\"async\" width=\"225\" height=\"225\" src=\"http:\/\/www2.unifap.br\/eletrica\/files\/2021\/03\/Disciplinas-Ministradas.png\" class=\"attachment-large size-large wp-image-7828\" alt=\"\" srcset=\"http:\/\/www2.unifap.br\/eletrica\/files\/2021\/03\/Disciplinas-Ministradas.png 225w, http:\/\/www2.unifap.br\/eletrica\/files\/2021\/03\/Disciplinas-Ministradas-150x150.png 150w\" sizes=\"(max-width: 225px) 100vw, 225px\" \/>\t\t\t\t\t\t\t\t<\/a>\n\t\t\t\t\t\t\t\t\t\t\t<figcaption class=\"widget-image-caption wp-caption-text\">Disciplinas Ministradas<\/figcaption>\n\t\t\t\t\t\t\t\t\t\t<\/figure>\n\t\t\t\t\t\t\t\t\t<\/div>\n\t\t\t\t<\/div>\n\t\t\t\t\t<\/div>\n\t\t<\/div>\n\t\t\t\t<div class=\"elementor-column elementor-col-25 elementor-top-column elementor-element elementor-element-93efca8\" data-id=\"93efca8\" data-element_type=\"column\" data-e-type=\"column\">\n\t\t\t<div class=\"elementor-widget-wrap elementor-element-populated\">\n\t\t\t\t\t\t<div class=\"elementor-element elementor-element-8d78ea6 elementor-widget__width-initial elementor-widget elementor-widget-image\" data-id=\"8d78ea6\" data-element_type=\"widget\" data-e-type=\"widget\" data-widget_type=\"image.default\">\n\t\t\t\t<div class=\"elementor-widget-container\">\n\t\t\t\t\t\t\t\t\t\t\t\t<figure class=\"wp-caption\">\n\t\t\t\t\t\t\t\t\t\t\t<a href=\"https:\/\/sigaa.unifap.br\/sigaa\/public\/docente\/producao.jsf?siape=1753267\" target=\"_blank\">\n\t\t\t\t\t\t\t<img loading=\"lazy\" decoding=\"async\" width=\"512\" height=\"512\" src=\"http:\/\/www2.unifap.br\/eletrica\/files\/2021\/03\/Produ\u00e7\u00e3o-Intelectual.png\" class=\"attachment-large size-large wp-image-7829\" alt=\"\" srcset=\"http:\/\/www2.unifap.br\/eletrica\/files\/2021\/03\/Produ\u00e7\u00e3o-Intelectual.png 512w, http:\/\/www2.unifap.br\/eletrica\/files\/2021\/03\/Produ\u00e7\u00e3o-Intelectual-300x300.png 300w, http:\/\/www2.unifap.br\/eletrica\/files\/2021\/03\/Produ\u00e7\u00e3o-Intelectual-150x150.png 150w\" sizes=\"(max-width: 512px) 100vw, 512px\" \/>\t\t\t\t\t\t\t\t<\/a>\n\t\t\t\t\t\t\t\t\t\t\t<figcaption class=\"widget-image-caption wp-caption-text\">Produ\u00e7\u00e3o Intelectual<\/figcaption>\n\t\t\t\t\t\t\t\t\t\t<\/figure>\n\t\t\t\t\t\t\t\t\t<\/div>\n\t\t\t\t<\/div>\n\t\t\t\t\t<\/div>\n\t\t<\/div>\n\t\t\t\t\t<\/div>\n\t\t<\/section>\n\t\t\t\t<\/div>\n\t\t","protected":false},"excerpt":{"rendered":"<p>Dr. Andrey da Costa Lopes Possui Gradua\u00e7\u00e3o em Engenharia El\u00e9trica (2004) pela Universidade Federal do Par\u00e1, Especializa\u00e7\u00e3o em Engenharia de Seguran\u00e7a do Trabalho (2009) pela Universidade da Amaz\u00f4nia, Mestrado em Engenharia El\u00e9trica (2007) e Doutorado em Engenharia El\u00e9trica (2024) pela Universidade Federal do Par\u00e1. Atualmente \u00e9 Professor Adjunto lotado no Colegiado de Engenharia El\u00e9trica da&hellip;<\/p>\n","protected":false},"author":65,"featured_media":0,"parent":20,"menu_order":2,"comment_status":"closed","ping_status":"closed","template":"fullwidth.php","meta":{"inline_featured_image":false,"ngg_post_thumbnail":0,"footnotes":""},"class_list":["post-79","page","type-page","status-publish","hentry"],"_links":{"self":[{"href":"https:\/\/www2.unifap.br\/eletrica\/wp-json\/wp\/v2\/pages\/79","targetHints":{"allow":["GET"]}}],"collection":[{"href":"https:\/\/www2.unifap.br\/eletrica\/wp-json\/wp\/v2\/pages"}],"about":[{"href":"https:\/\/www2.unifap.br\/eletrica\/wp-json\/wp\/v2\/types\/page"}],"author":[{"embeddable":true,"href":"https:\/\/www2.unifap.br\/eletrica\/wp-json\/wp\/v2\/users\/65"}],"replies":[{"embeddable":true,"href":"https:\/\/www2.unifap.br\/eletrica\/wp-json\/wp\/v2\/comments?post=79"}],"version-history":[{"count":20,"href":"https:\/\/www2.unifap.br\/eletrica\/wp-json\/wp\/v2\/pages\/79\/revisions"}],"predecessor-version":[{"id":13811,"href":"https:\/\/www2.unifap.br\/eletrica\/wp-json\/wp\/v2\/pages\/79\/revisions\/13811"}],"up":[{"embeddable":true,"href":"https:\/\/www2.unifap.br\/eletrica\/wp-json\/wp\/v2\/pages\/20"}],"wp:attachment":[{"href":"https:\/\/www2.unifap.br\/eletrica\/wp-json\/wp\/v2\/media?parent=79"}],"curies":[{"name":"wp","href":"https:\/\/api.w.org\/{rel}","templated":true}]}}