{"id":8042,"date":"2021-03-24T17:46:40","date_gmt":"2021-03-24T20:46:40","guid":{"rendered":"http:\/\/www2.unifap.br\/eletrica\/?page_id=8042"},"modified":"2021-03-24T18:03:11","modified_gmt":"2021-03-24T21:03:11","slug":"grupos-de-pesquisa","status":"publish","type":"page","link":"https:\/\/www2.unifap.br\/eletrica\/portal-docente\/grupos-de-pesquisa\/","title":{"rendered":"Grupos de Pesquisa"},"content":{"rendered":"\t\t<div data-elementor-type=\"wp-page\" data-elementor-id=\"8042\" class=\"elementor elementor-8042\">\n\t\t\t\t\t\t<section class=\"elementor-section elementor-top-section elementor-element elementor-element-211154a elementor-section-boxed elementor-section-height-default elementor-section-height-default\" data-id=\"211154a\" data-element_type=\"section\" data-e-type=\"section\">\n\t\t\t\t\t\t<div class=\"elementor-container elementor-column-gap-default\">\n\t\t\t\t\t<div class=\"elementor-column elementor-col-100 elementor-top-column elementor-element elementor-element-73bceaa\" data-id=\"73bceaa\" data-element_type=\"column\" data-e-type=\"column\">\n\t\t\t<div class=\"elementor-widget-wrap elementor-element-populated\">\n\t\t\t\t\t\t<div class=\"elementor-element elementor-element-572b8df elementor-widget-divider--view-line elementor-widget elementor-widget-divider\" data-id=\"572b8df\" data-element_type=\"widget\" data-e-type=\"widget\" data-widget_type=\"divider.default\">\n\t\t\t\t<div class=\"elementor-widget-container\">\n\t\t\t\t\t\t\t<div class=\"elementor-divider\">\n\t\t\t<span class=\"elementor-divider-separator\">\n\t\t\t\t\t\t<\/span>\n\t\t<\/div>\n\t\t\t\t\t\t<\/div>\n\t\t\t\t<\/div>\n\t\t\t\t<div class=\"elementor-element elementor-element-0cd83f7 elementor-widget elementor-widget-heading\" data-id=\"0cd83f7\" data-element_type=\"widget\" data-e-type=\"widget\" data-widget_type=\"heading.default\">\n\t\t\t\t<div class=\"elementor-widget-container\">\n\t\t\t\t\t<h2 class=\"elementor-heading-title elementor-size-default\">GRUPOS DE PESQUISA<\/h2>\t\t\t\t<\/div>\n\t\t\t\t<\/div>\n\t\t\t\t<div class=\"elementor-element elementor-element-c0352b6 elementor-widget-divider--view-line elementor-widget elementor-widget-divider\" data-id=\"c0352b6\" data-element_type=\"widget\" data-e-type=\"widget\" data-widget_type=\"divider.default\">\n\t\t\t\t<div class=\"elementor-widget-container\">\n\t\t\t\t\t\t\t<div class=\"elementor-divider\">\n\t\t\t<span class=\"elementor-divider-separator\">\n\t\t\t\t\t\t<\/span>\n\t\t<\/div>\n\t\t\t\t\t\t<\/div>\n\t\t\t\t<\/div>\n\t\t\t\t\t<\/div>\n\t\t<\/div>\n\t\t\t\t\t<\/div>\n\t\t<\/section>\n\t\t\t\t<section class=\"elementor-section elementor-top-section elementor-element elementor-element-ea3b58e elementor-section-boxed elementor-section-height-default elementor-section-height-default\" data-id=\"ea3b58e\" data-element_type=\"section\" data-e-type=\"section\">\n\t\t\t\t\t\t<div class=\"elementor-container elementor-column-gap-default\">\n\t\t\t\t\t<div class=\"elementor-column elementor-col-100 elementor-top-column elementor-element elementor-element-7e60013\" data-id=\"7e60013\" data-element_type=\"column\" data-e-type=\"column\">\n\t\t\t<div class=\"elementor-widget-wrap elementor-element-populated\">\n\t\t\t\t\t\t<div class=\"elementor-element elementor-element-d5e39e8 elementor-widget elementor-widget-text-editor\" data-id=\"d5e39e8\" data-element_type=\"widget\" data-e-type=\"widget\" data-widget_type=\"text-editor.default\">\n\t\t\t\t<div class=\"elementor-widget-container\">\n\t\t\t\t\t\t\t\t\t<p><span style=\"color: #808080\">O Curso de Engenharia El\u00e9trica t\u00eam atuado no \u00e2mbito dos seguintes grupos de pesquisa&nbsp;<\/span><span style=\"text-align: justify\">cadastrados no CNPq<\/span><span>:<\/span><\/p>\n<p style=\"padding-left: 80px\"><span style=\"color: #808080\">1.&nbsp;<\/span><a style=\"background-color: #ffffff;text-align: justify\" href=\"http:\/\/dgp.cnpq.br\/dgp\/espelhogrupo\/6974846075402947\">Estudos em Sistemas de Energia<\/a>;<\/p>\n<p style=\"padding-left: 80px\">2.&nbsp;<a style=\"background-color: #ffffff;text-align: justify\" href=\"http:\/\/dgp.cnpq.br\/dgp\/espelhogrupo\/4152823272848671\">Intelig\u00eancia Artificial Aplicada<\/a>; e<\/p>\n<p style=\"text-align: justify;padding-left: 80px\">3.&nbsp;<a style=\"background-color: #ffffff;text-align: justify\" href=\"http:\/\/dgp.cnpq.br\/dgp\/espelhogrupo\/7126888842881492\" target=\"_blank\" rel=\"noopener\">Geof\u00edsica Aplicada<\/a>.<\/p>\n<p><\/p>\n<p><br><\/p>\t\t\t\t\t\t\t\t<\/div>\n\t\t\t\t<\/div>\n\t\t\t\t\t<\/div>\n\t\t<\/div>\n\t\t\t\t\t<\/div>\n\t\t<\/section>\n\t\t\t\t<\/div>\n\t\t","protected":false},"excerpt":{"rendered":"<p>GRUPOS DE PESQUISA O Curso de Engenharia El\u00e9trica t\u00eam atuado no \u00e2mbito dos seguintes grupos de pesquisa&nbsp;cadastrados no CNPq: 1.&nbsp;Estudos em Sistemas de Energia; 2.&nbsp;Intelig\u00eancia Artificial Aplicada; e 3.&nbsp;Geof\u00edsica Aplicada.<\/p>\n","protected":false},"author":2820,"featured_media":0,"parent":4736,"menu_order":2,"comment_status":"closed","ping_status":"closed","template":"fullwidth.php","meta":{"inline_featured_image":false,"ngg_post_thumbnail":0,"footnotes":""},"class_list":["post-8042","page","type-page","status-publish","hentry"],"_links":{"self":[{"href":"https:\/\/www2.unifap.br\/eletrica\/wp-json\/wp\/v2\/pages\/8042","targetHints":{"allow":["GET"]}}],"collection":[{"href":"https:\/\/www2.unifap.br\/eletrica\/wp-json\/wp\/v2\/pages"}],"about":[{"href":"https:\/\/www2.unifap.br\/eletrica\/wp-json\/wp\/v2\/types\/page"}],"author":[{"embeddable":true,"href":"https:\/\/www2.unifap.br\/eletrica\/wp-json\/wp\/v2\/users\/2820"}],"replies":[{"embeddable":true,"href":"https:\/\/www2.unifap.br\/eletrica\/wp-json\/wp\/v2\/comments?post=8042"}],"version-history":[{"count":3,"href":"https:\/\/www2.unifap.br\/eletrica\/wp-json\/wp\/v2\/pages\/8042\/revisions"}],"predecessor-version":[{"id":8047,"href":"https:\/\/www2.unifap.br\/eletrica\/wp-json\/wp\/v2\/pages\/8042\/revisions\/8047"}],"up":[{"embeddable":true,"href":"https:\/\/www2.unifap.br\/eletrica\/wp-json\/wp\/v2\/pages\/4736"}],"wp:attachment":[{"href":"https:\/\/www2.unifap.br\/eletrica\/wp-json\/wp\/v2\/media?parent=8042"}],"curies":[{"name":"wp","href":"https:\/\/api.w.org\/{rel}","templated":true}]}}