{"id":8512,"date":"2022-01-12T12:55:57","date_gmt":"2022-01-12T15:55:57","guid":{"rendered":"http:\/\/www2.unifap.br\/eletrica\/?page_id=8512"},"modified":"2022-02-10T15:17:45","modified_gmt":"2022-02-10T18:17:45","slug":"orientadores-externos-de-tcc","status":"publish","type":"page","link":"https:\/\/www2.unifap.br\/eletrica\/academico\/tcc\/orientadores-externos-de-tcc\/","title":{"rendered":"Orientadores Externos de TCC"},"content":{"rendered":"\t\t<div data-elementor-type=\"wp-page\" data-elementor-id=\"8512\" class=\"elementor elementor-8512\">\n\t\t\t\t\t\t<section class=\"elementor-section elementor-top-section elementor-element elementor-element-5698f33 elementor-section-boxed elementor-section-height-default elementor-section-height-default\" data-id=\"5698f33\" data-element_type=\"section\" data-e-type=\"section\">\n\t\t\t\t\t\t<div class=\"elementor-container elementor-column-gap-default\">\n\t\t\t\t\t<div class=\"elementor-column elementor-col-100 elementor-top-column elementor-element elementor-element-d38ad30\" data-id=\"d38ad30\" data-element_type=\"column\" data-e-type=\"column\">\n\t\t\t<div class=\"elementor-widget-wrap elementor-element-populated\">\n\t\t\t\t\t\t<div class=\"elementor-element elementor-element-c414cd3 elementor-widget-divider--view-line elementor-widget elementor-widget-divider\" data-id=\"c414cd3\" data-element_type=\"widget\" data-e-type=\"widget\" data-widget_type=\"divider.default\">\n\t\t\t\t<div class=\"elementor-widget-container\">\n\t\t\t\t\t\t\t<div class=\"elementor-divider\">\n\t\t\t<span class=\"elementor-divider-separator\">\n\t\t\t\t\t\t<\/span>\n\t\t<\/div>\n\t\t\t\t\t\t<\/div>\n\t\t\t\t<\/div>\n\t\t\t\t\t<\/div>\n\t\t<\/div>\n\t\t\t\t\t<\/div>\n\t\t<\/section>\n\t\t\t\t<section class=\"elementor-section elementor-top-section elementor-element elementor-element-85fc46f elementor-section-boxed elementor-section-height-default elementor-section-height-default\" data-id=\"85fc46f\" data-element_type=\"section\" data-e-type=\"section\">\n\t\t\t\t\t\t<div class=\"elementor-container elementor-column-gap-default\">\n\t\t\t\t\t<div class=\"elementor-column elementor-col-100 elementor-top-column elementor-element elementor-element-cd38c81\" data-id=\"cd38c81\" data-element_type=\"column\" data-e-type=\"column\">\n\t\t\t<div class=\"elementor-widget-wrap elementor-element-populated\">\n\t\t\t\t\t\t<div class=\"elementor-element elementor-element-04baca9 elementor-widget elementor-widget-heading\" data-id=\"04baca9\" data-element_type=\"widget\" data-e-type=\"widget\" data-widget_type=\"heading.default\">\n\t\t\t\t<div class=\"elementor-widget-container\">\n\t\t\t\t\t<h2 class=\"elementor-heading-title elementor-size-default\">ORIENTADORES EXTERNOS DE TCC<\/h2>\t\t\t\t<\/div>\n\t\t\t\t<\/div>\n\t\t\t\t<div class=\"elementor-element elementor-element-d71d541 elementor-widget-divider--view-line elementor-widget elementor-widget-divider\" data-id=\"d71d541\" data-element_type=\"widget\" data-e-type=\"widget\" data-widget_type=\"divider.default\">\n\t\t\t\t<div class=\"elementor-widget-container\">\n\t\t\t\t\t\t\t<div class=\"elementor-divider\">\n\t\t\t<span class=\"elementor-divider-separator\">\n\t\t\t\t\t\t<\/span>\n\t\t<\/div>\n\t\t\t\t\t\t<\/div>\n\t\t\t\t<\/div>\n\t\t\t\t\t<\/div>\n\t\t<\/div>\n\t\t\t\t\t<\/div>\n\t\t<\/section>\n\t\t\t\t<section class=\"elementor-section elementor-top-section elementor-element elementor-element-d183aca elementor-section-boxed elementor-section-height-default elementor-section-height-default\" data-id=\"d183aca\" data-element_type=\"section\" data-e-type=\"section\">\n\t\t\t\t\t\t<div class=\"elementor-container elementor-column-gap-default\">\n\t\t\t\t\t<div class=\"elementor-column elementor-col-100 elementor-top-column elementor-element elementor-element-28f1810\" data-id=\"28f1810\" data-element_type=\"column\" data-e-type=\"column\">\n\t\t\t<div class=\"elementor-widget-wrap elementor-element-populated\">\n\t\t\t\t\t\t<div class=\"elementor-element elementor-element-f47e241 elementor-widget elementor-widget-text-editor\" data-id=\"f47e241\" data-element_type=\"widget\" data-e-type=\"widget\" data-widget_type=\"text-editor.default\">\n\t\t\t\t<div class=\"elementor-widget-container\">\n\t\t\t\t\t\t\t\t\t<p style=\"text-align: justify\">O Art. 6\u00ba da <a href=\"http:\/\/www2.unifap.br\/eletrica\/files\/2022\/01\/Resolu\u00e7\u00e3o-11-08-TCC-Regulamento-de-TCC.pdf\" target=\"_blank\" rel=\"noopener\">Resolu\u00e7\u00e3o N.\u00ba 11\/2088 &#8211; CONSU\/UNIFAP<\/a> permite que a orienta\u00e7\u00e3o seja realizada por professor n\u00e3o pertencente ao quadro de pessoal da UNIFAP, desde que ocorra previamente seu credenciamento. No Curso de Engenharia El\u00e9trica o credenciamento \u00e9 realizado por meio de solicita\u00e7\u00e3o na Secretaria da Coordena\u00e7\u00e3o do Curso ou por e-mail (<a href=\"mailto:eletrica@unifap.br\">eletrica@unifap.br<\/a>) contendo a c\u00f3pia dos seguintes documentos e informa\u00e7\u00f5es:<\/p><p style=\"padding-left: 40px\"><b>1.<\/b>\u00a0Documento de Identifica\u00e7\u00e3o;<\/p><p style=\"padding-left: 40px\"><b>2. <\/b>Diploma\u00a0(Gradua\u00e7\u00e3o e P\u00f3s-Gradua\u00e7\u00e3o);<\/p><p style=\"padding-left: 40px\"><b>3.<\/b> E-mail;<\/p><p style=\"padding-left: 40px\"><b>4. <\/b>Telefone;<\/p><p style=\"padding-left: 40px\"><b>5.<\/b> \u00c1rea de atua\u00e7\u00e3o;<\/p><p style=\"padding-left: 40px\"><b>6.<\/b>\u00a0Curr\u00edculo Lattes.<\/p><p style=\"text-align: justify\">Abaixo segue a lista de orientadores externos credenciados no Curso de Engenharia El\u00e9trica:<\/p><div><table><tbody><tr><td width=\"42\"><strong>ORD<\/strong><\/td><td width=\"232\"><strong>NOME<\/strong><\/td><td width=\"164\"><strong>ATA<\/strong><\/td><\/tr><tr><td width=\"42\"><strong>1<\/strong><\/td><td width=\"232\"><a href=\"https:\/\/br.linkedin.com\/in\/gil-brand%C3%A3o-967b9318\" target=\"_blank\" rel=\"noopener\">Gil Mauricio Brand\u00e3o<\/a><\/td><td width=\"164\"><a href=\"https:\/\/www2.unifap.br\/eletrica\/files\/2020\/02\/Ata-de-Reuni%c3%a3o-011.pdf\" target=\"_blank\" rel=\"noopener\">Ata de Reuni\u00e3o 11\/2018<\/a><\/td><\/tr><tr><td width=\"42\"><strong>2<\/strong><\/td><td width=\"232\">Emerson Zelazowski<\/td><td width=\"164\"><a href=\"https:\/\/www2.unifap.br\/eletrica\/files\/2020\/02\/Ata-de-Reuni%c3%a3o-011.pdf\" target=\"_blank\" rel=\"noopener\">Ata de Reuni\u00e3o 11\/2018<\/a><\/td><\/tr><tr><td width=\"42\"><strong>3<\/strong><\/td><td width=\"232\"><a href=\"https:\/\/br.linkedin.com\/in\/andre-zelazowski\">Andr\u00e9 Zelazowski<\/a><\/td><td width=\"164\"><a href=\"https:\/\/www2.unifap.br\/eletrica\/files\/2020\/02\/Ata-de-Reuni%c3%a3o-011.pdf\" target=\"_blank\" rel=\"noopener\">Ata de Reuni\u00e3o 11\/2018<\/a><\/td><\/tr><tr><td width=\"42\"><strong>4<\/strong><\/td><td width=\"232\"><a href=\"http:\/\/lattes.cnpq.br\/9316680095962509\">Coracy da Silva Fonseca<\/a><\/td><td width=\"164\"><a href=\"https:\/\/www2.unifap.br\/eletrica\/files\/2020\/02\/Ata-de-Reuni%c3%a3o-011.pdf\" target=\"_blank\" rel=\"noopener\">Ata de Reuni\u00e3o 11\/2018<\/a><\/td><\/tr><tr><td width=\"42\"><strong>5<\/strong><\/td><td width=\"232\"><a href=\"http:\/\/lattes.cnpq.br\/4733058012364664\">Edward Aires da Silva<\/a><\/td><td width=\"164\"><a href=\"https:\/\/www2.unifap.br\/eletrica\/files\/2020\/02\/Ata-de-Reuni%c3%a3o-04.pdf\" target=\"_blank\" rel=\"noopener\">Ata de Reuni\u00e3o 04\/2019<\/a><\/td><\/tr><tr><td width=\"42\"><strong>6<\/strong><\/td><td width=\"232\"><a href=\"http:\/\/lattes.cnpq.br\/1387940926475083\">Danilo de Santana Pena<\/a><\/td><td width=\"164\"><a href=\"https:\/\/www2.unifap.br\/eletrica\/files\/2020\/02\/Ata-de-Reuni%c3%a3o-04.pdf\" target=\"_blank\" rel=\"noopener\">Ata de Reuni\u00e3o 04\/2019<\/a><\/td><\/tr><tr><td width=\"42\"><strong>7<\/strong><\/td><td width=\"232\"><a href=\"http:\/\/lattes.cnpq.br\/4404258127886209\">Oriana Comesanha e Silva<\/a><\/td><td width=\"164\"><a href=\"https:\/\/www2.unifap.br\/eletrica\/files\/2020\/02\/Ata-de-Reuni%c3%a3o-04.pdf\" target=\"_blank\" rel=\"noopener\">Ata de Reuni\u00e3o 04\/2019<\/a><\/td><\/tr><tr><td width=\"42\"><strong>8<\/strong><\/td><td width=\"232\"><a href=\"http:\/\/lattes.cnpq.br\/2580696185627481\">Amanda Monteiro Pinto Barros<\/a><\/td><td width=\"164\"><a href=\"https:\/\/www2.unifap.br\/eletrica\/files\/2020\/02\/Ata-de-Reuni%c3%a3o-04.pdf\" target=\"_blank\" rel=\"noopener\">Ata de Reuni\u00e3o 04\/2019<\/a><\/td><\/tr><tr><td width=\"42\"><strong>9<\/strong><\/td><td width=\"232\"><a href=\"http:\/\/lattes.cnpq.br\/0612708881662162\">Marcelo Jos\u00e9 de Oliveira<\/a><\/td><td width=\"164\"><a href=\"https:\/\/www2.unifap.br\/eletrica\/files\/2020\/02\/Ata-de-Reuni%c3%a3o-05.pdf\" target=\"_blank\" rel=\"noopener\">Ata de Reuni\u00e3o 05\/2019<\/a><\/td><\/tr><tr><td width=\"42\"><strong>10<\/strong><\/td><td width=\"232\"><a href=\"http:\/\/lattes.cnpq.br\/4253882576972411\">Eng\u00ba Paulo Roberto Moutinho de Vilhena<\/a><\/td><td width=\"164\"><a href=\"https:\/\/www2.unifap.br\/eletrica\/files\/2020\/02\/Ata-de-Reuni%c3%a3o-05.pdf\" target=\"_blank\" rel=\"noopener\">Ata de Reuni\u00e3o 05\/2019<\/a><\/td><\/tr><tr><td width=\"42\"><strong>11<\/strong><\/td><td width=\"232\"><a href=\"http:\/\/lattes.cnpq.br\/1790937651946919\">Marcio Clei Silva de Oliveira<\/a><\/td><td width=\"164\"><a href=\"https:\/\/www2.unifap.br\/eletrica\/files\/2020\/02\/Ata-de-Reuni%c3%a3o-05.pdf\" target=\"_blank\" rel=\"noopener\">Ata de Reuni\u00e3o 05\/2019<\/a><\/td><\/tr><tr><td width=\"42\"><strong>12<\/strong><\/td><td width=\"232\"><a href=\"http:\/\/lattes.cnpq.br\/0547176465612143\">Gilmar Holanda da Paix\u00e3o<\/a><\/td><td width=\"164\"><a href=\"https:\/\/www2.unifap.br\/eletrica\/files\/2020\/02\/Ata-de-Reuni%c3%a3o-05.pdf\" target=\"_blank\" rel=\"noopener\">Ata de Reuni\u00e3o 05\/2019<\/a><\/td><\/tr><tr><td width=\"42\"><strong>13<\/strong><\/td><td width=\"232\"><a href=\"http:\/\/lattes.cnpq.br\/8684617451618535\">Eng. Jo\u00e3o Ricardo Brito Pinheiro<\/a><\/td><td width=\"164\"><a href=\"https:\/\/www2.unifap.br\/eletrica\/files\/2020\/02\/Ata-de-Reuni%c3%a3o-05.pdf\" target=\"_blank\" rel=\"noopener\">Ata de Reuni\u00e3o 05\/2019<\/a><\/td><\/tr><tr><td width=\"42\"><strong>14<\/strong><\/td><td width=\"232\">Eng. Vladimir Soukhovetskii<\/td><td width=\"164\"><a href=\"https:\/\/www2.unifap.br\/eletrica\/files\/2020\/02\/ATA-DA-REUNI%c3%83O-001-2020.pdf\">Ata de Reuni\u00e3o 01\/2020<\/a><\/td><\/tr><tr><td width=\"42\"><strong>15<\/strong><\/td><td width=\"232\"><a href=\"http:\/\/lattes.cnpq.br\/2143286763248356\">Jucicleber Francisco da Silva Castro<\/a><\/td><td width=\"164\"><a href=\"https:\/\/www2.unifap.br\/eletrica\/files\/2020\/07\/Ata-de-Reuniao_05_2020-assinada-alunos.pdf\">Ata de Reuni\u00e3o 05\/2020<\/a><\/td><\/tr><tr><td width=\"42\"><strong>16<\/strong><\/td><td width=\"232\"><a href=\"http:\/\/lattes.cnpq.br\/1620965313513584\">Luiz Eduardo Moreira de Jesus<\/a><\/td><td width=\"164\"><a href=\"https:\/\/www2.unifap.br\/eletrica\/files\/2020\/07\/Ata-de-Reuniao_05_2020-assinada-alunos.pdf\">Ata de Reuni\u00e3o 05\/2020<\/a><\/td><\/tr><tr><td width=\"42\"><strong>17<\/strong><\/td><td width=\"232\">Miguel Carri\u00f3n Ruiz Peinado<\/td><td width=\"164\"><a href=\"https:\/\/www2.unifap.br\/eletrica\/files\/2021\/04\/Ata-de-Reuniao_04_2021-assinada.pdf\">Ata de Reuni\u00e3o 03\/2021<\/a><\/td><\/tr><tr><td width=\"42\"><strong>18<\/strong><\/td><td width=\"232\"><a href=\"http:\/\/lattes.cnpq.br\/3386249951714088\">Prof. Dr. Wilson Negr\u00e3o Mac\u00eado<\/a><\/td><td width=\"164\"><a href=\"https:\/\/www2.unifap.br\/eletrica\/files\/2021\/04\/Ata-de-Reuniao_04_2021-assinada.pdf\">Ata de Reuni\u00e3o 03\/2021<\/a><\/td><\/tr><tr><td width=\"42\"><strong>19<\/strong><\/td><td width=\"232\"><a href=\"http:\/\/lattes.cnpq.br\/8593411805728012\">Eng. Piedy Del Mar Agamez Arias<\/a><\/td><td width=\"164\"><a href=\"https:\/\/www2.unifap.br\/eletrica\/files\/2021\/04\/Ata-de-Reuniao_04_2021-assinada.pdf\">Ata de Reuni\u00e3o 03\/2021<\/a><\/td><\/tr><tr><td width=\"42\"><strong>20<\/strong><\/td><td width=\"232\"><a href=\"http:\/\/lattes.cnpq.br\/2346225757219922\">Eng. Esp. Hugo Pinheiro da Silva<\/a><\/td><td width=\"164\"><a href=\"https:\/\/www2.unifap.br\/eletrica\/files\/2021\/09\/Ata-de-Reuniao_07_2021-assinada.pdf\">Ata de Reuni\u00e3o 07\/2021<\/a><\/td><\/tr><tr><td width=\"42\"><strong>21<\/strong><\/td><td width=\"232\"><a href=\"http:\/\/lattes.cnpq.br\/5320722154620304\">Me. Raphael Souza Costa Ar\u00eade<\/a><\/td><td width=\"164\"><a href=\"https:\/\/www2.unifap.br\/eletrica\/files\/2022\/01\/Ata-de-Reuniao_01_2022-12.01.2022.pdf\">Ata de Reuni\u00e3o 01\/2022<\/a><\/td><\/tr><tr><td width=\"42\"><strong>22<\/strong><\/td><td width=\"232\"><a href=\"http:\/\/lattes.cnpq.br\/1790937651946919\">Me. Marcio Clei de Oliveira<\/a><\/td><td width=\"164\"><a href=\"https:\/\/www2.unifap.br\/eletrica\/files\/2022\/01\/Ata-de-Reuniao_01_2022-12.01.2022.pdf\">Ata de Reuni\u00e3o 01\/2022<\/a><\/td><\/tr><tr><td width=\"42\"><strong>23<\/strong><\/td><td width=\"232\"><a href=\"http:\/\/lattes.cnpq.br\/1867888815243812\">Eng. Ma. Camila J\u00e9ssica Sampaio dos Santos<\/a><\/td><td width=\"164\"><a href=\"https:\/\/www2.unifap.br\/eletrica\/files\/2022\/01\/Ata-de-Reuniao_01_2022-12.01.2022.pdf\">Ata de Reuni\u00e3o 01\/2022<\/a><\/td><\/tr><tr><td width=\"42\"><strong>24<\/strong><\/td><td width=\"232\"><a href=\"http:\/\/lattes.cnpq.br\/7119041398648982\">Messias Dias da Silva<\/a><\/td><td width=\"164\"><a href=\"https:\/\/www2.unifap.br\/eletrica\/files\/2020\/02\/Ata-de-Reuni%c3%a3o-04.pdf\" target=\"_blank\" rel=\"noopener\">Ata de Reuni\u00e3o 04\/2019<\/a><\/td><\/tr><\/tbody><\/table><\/div>\t\t\t\t\t\t\t\t<\/div>\n\t\t\t\t<\/div>\n\t\t\t\t\t<\/div>\n\t\t<\/div>\n\t\t\t\t\t<\/div>\n\t\t<\/section>\n\t\t\t\t<\/div>\n\t\t","protected":false},"excerpt":{"rendered":"<p>ORIENTADORES EXTERNOS DE TCC O Art. 6\u00ba da Resolu\u00e7\u00e3o N.\u00ba 11\/2088 &#8211; CONSU\/UNIFAP permite que a orienta\u00e7\u00e3o seja realizada por professor n\u00e3o pertencente ao quadro de pessoal da UNIFAP, desde que ocorra previamente seu credenciamento. No Curso de Engenharia El\u00e9trica o credenciamento \u00e9 realizado por meio de solicita\u00e7\u00e3o na Secretaria da Coordena\u00e7\u00e3o do Curso ou&hellip;<\/p>\n","protected":false},"author":2820,"featured_media":0,"parent":2467,"menu_order":1,"comment_status":"closed","ping_status":"closed","template":"fullwidth.php","meta":{"inline_featured_image":false,"ngg_post_thumbnail":0,"footnotes":""},"class_list":["post-8512","page","type-page","status-publish","hentry"],"_links":{"self":[{"href":"https:\/\/www2.unifap.br\/eletrica\/wp-json\/wp\/v2\/pages\/8512","targetHints":{"allow":["GET"]}}],"collection":[{"href":"https:\/\/www2.unifap.br\/eletrica\/wp-json\/wp\/v2\/pages"}],"about":[{"href":"https:\/\/www2.unifap.br\/eletrica\/wp-json\/wp\/v2\/types\/page"}],"author":[{"embeddable":true,"href":"https:\/\/www2.unifap.br\/eletrica\/wp-json\/wp\/v2\/users\/2820"}],"replies":[{"embeddable":true,"href":"https:\/\/www2.unifap.br\/eletrica\/wp-json\/wp\/v2\/comments?post=8512"}],"version-history":[{"count":27,"href":"https:\/\/www2.unifap.br\/eletrica\/wp-json\/wp\/v2\/pages\/8512\/revisions"}],"predecessor-version":[{"id":8599,"href":"https:\/\/www2.unifap.br\/eletrica\/wp-json\/wp\/v2\/pages\/8512\/revisions\/8599"}],"up":[{"embeddable":true,"href":"https:\/\/www2.unifap.br\/eletrica\/wp-json\/wp\/v2\/pages\/2467"}],"wp:attachment":[{"href":"https:\/\/www2.unifap.br\/eletrica\/wp-json\/wp\/v2\/media?parent=8512"}],"curies":[{"name":"wp","href":"https:\/\/api.w.org\/{rel}","templated":true}]}}