{"id":8774,"date":"2022-04-10T19:11:55","date_gmt":"2022-04-10T22:11:55","guid":{"rendered":"https:\/\/www2.unifap.br\/eletrica\/?page_id=8774"},"modified":"2022-08-09T16:32:38","modified_gmt":"2022-08-09T19:32:38","slug":"moises_sales","status":"publish","type":"page","link":"https:\/\/www2.unifap.br\/eletrica\/portal-docente\/docentes\/moises_sales\/","title":{"rendered":"Prof. Me. Mois\u00e9s Hamss\u00e9s Sales de Sousa"},"content":{"rendered":"\t\t<div data-elementor-type=\"wp-page\" data-elementor-id=\"8774\" class=\"elementor elementor-8774\">\n\t\t\t\t\t\t<section class=\"elementor-section elementor-top-section elementor-element elementor-element-4e91c615 elementor-section-boxed elementor-section-height-default elementor-section-height-default\" data-id=\"4e91c615\" data-element_type=\"section\" data-e-type=\"section\">\n\t\t\t\t\t\t<div class=\"elementor-container elementor-column-gap-default\">\n\t\t\t\t\t<div class=\"elementor-column elementor-col-100 elementor-top-column elementor-element elementor-element-614819e2\" data-id=\"614819e2\" data-element_type=\"column\" data-e-type=\"column\">\n\t\t\t<div class=\"elementor-widget-wrap elementor-element-populated\">\n\t\t\t\t\t\t<div class=\"elementor-element elementor-element-b7f2fac elementor-position-left elementor-vertical-align-top elementor-widget elementor-widget-image-box\" data-id=\"b7f2fac\" data-element_type=\"widget\" data-e-type=\"widget\" data-widget_type=\"image-box.default\">\n\t\t\t\t<div class=\"elementor-widget-container\">\n\t\t\t\t\t<div class=\"elementor-image-box-wrapper\"><figure class=\"elementor-image-box-img\"><img fetchpriority=\"high\" decoding=\"async\" width=\"300\" height=\"265\" src=\"https:\/\/www2.unifap.br\/eletrica\/files\/2022\/04\/Moises-Sales.jpg\" class=\"attachment-medium size-medium wp-image-8803\" alt=\"\" \/><\/figure><div class=\"elementor-image-box-content\"><h1 class=\"elementor-image-box-title\">Me. Mois\u00e9s Hamss\u00e9s Sales de Sousa<\/h1><p class=\"elementor-image-box-description\"><p style=\"text-align:justify\"><span style=\"font-family: Arial, sans-serif;letter-spacing: 0.4pt;background-image: initial;background-position: initial;background-size: initial;background-attachment: initial\">Possui <a href=\"https:\/\/sigaa.unifap.br\/sigaa\/verProducao?idProducao=174630&amp;key=6d3cb7a8e46aaaa59724ac0268e24d94\">Gradua\u00e7\u00e3o em Engenharia El\u00e9trica (2016)<\/a> pela Universidade Federal do Amap\u00e1 (UNIFAP) e T\u00e9cnica em Eletr\u00f4nica Industrial pela Escola T\u00e9cnica Redentorista de Campina Grande (2005). Tem experi\u00eancia em experi\u00eancia na \u00e1rea de Engenharia El\u00e9trica, com \u00eanfase em m\u00e1quinas el\u00e9tricas aplicadas a convers\u00e3o de energia, atuando principalmente nos seguintes temas: otimiza\u00e7\u00e3o de sistemas el\u00e9tricos, automa\u00e7\u00e3o e controle de processos industriais, motores de indu\u00e7\u00e3o trif\u00e1sico, efici\u00eancia energ\u00e9tica. Possui <a href=\"https:\/\/repositorio.ifpb.edu.br\/xmlui\/handle\/177683\/1015\">Mestrado em Engenharia El\u00e9trica (2020)<\/a> pelo Instituto Federal de Educa\u00e7\u00e3o, Ci\u00eancia e Tecnologia da Para\u00edba (IFPB). Desenvolvendo pesquisas e trabalhos na \u00e1rea de sistemas de energia e processamento digital de sinais, sendo o trabalho de disserta\u00e7\u00e3o aplicado \u00e0 detec\u00e7\u00e3o de harm\u00f4nicas com o uso de hardware embarcado, atua nas modalidades de ensino t\u00e9cnico profissionalizante, superior e educa\u00e7\u00e3o b\u00e1sica com a vertente na pedagogia de projetos integradores, eletricidade industrial bem como ensino de ci\u00eancias.<\/span><\/p><\/div><\/div>\t\t\t\t<\/div>\n\t\t\t\t<\/div>\n\t\t\t\t\t<\/div>\n\t\t<\/div>\n\t\t\t\t\t<\/div>\n\t\t<\/section>\n\t\t\t\t<section class=\"elementor-section elementor-top-section elementor-element elementor-element-68d01e9 elementor-section-boxed elementor-section-height-default elementor-section-height-default\" data-id=\"68d01e9\" data-element_type=\"section\" data-e-type=\"section\">\n\t\t\t\t\t\t<div class=\"elementor-container elementor-column-gap-default\">\n\t\t\t\t\t<div class=\"elementor-column elementor-col-100 elementor-top-column elementor-element elementor-element-0738850\" data-id=\"0738850\" data-element_type=\"column\" data-e-type=\"column\">\n\t\t\t<div class=\"elementor-widget-wrap elementor-element-populated\">\n\t\t\t\t\t\t<div class=\"elementor-element elementor-element-e8e18fe elementor-widget-divider--view-line elementor-widget elementor-widget-divider\" data-id=\"e8e18fe\" data-element_type=\"widget\" data-e-type=\"widget\" data-widget_type=\"divider.default\">\n\t\t\t\t<div class=\"elementor-widget-container\">\n\t\t\t\t\t\t\t<div class=\"elementor-divider\">\n\t\t\t<span class=\"elementor-divider-separator\">\n\t\t\t\t\t\t<\/span>\n\t\t<\/div>\n\t\t\t\t\t\t<\/div>\n\t\t\t\t<\/div>\n\t\t\t\t\t<\/div>\n\t\t<\/div>\n\t\t\t\t\t<\/div>\n\t\t<\/section>\n\t\t\t\t<section class=\"elementor-section elementor-top-section elementor-element elementor-element-929e872 elementor-section-boxed elementor-section-height-default elementor-section-height-default\" data-id=\"929e872\" data-element_type=\"section\" data-e-type=\"section\">\n\t\t\t\t\t\t<div class=\"elementor-container elementor-column-gap-default\">\n\t\t\t\t\t<div class=\"elementor-column elementor-col-25 elementor-top-column elementor-element elementor-element-097f90d\" data-id=\"097f90d\" data-element_type=\"column\" data-e-type=\"column\">\n\t\t\t<div class=\"elementor-widget-wrap elementor-element-populated\">\n\t\t\t\t\t\t<div class=\"elementor-element elementor-element-fc4c983 elementor-button-info elementor-align-center elementor-widget elementor-widget-button\" data-id=\"fc4c983\" data-element_type=\"widget\" data-e-type=\"widget\" data-widget_type=\"button.default\">\n\t\t\t\t<div class=\"elementor-widget-container\">\n\t\t\t\t\t\t\t\t\t<div class=\"elementor-button-wrapper\">\n\t\t\t\t\t<a class=\"elementor-button elementor-button-link elementor-size-md elementor-animation-grow\" href=\"http:\/\/lattes.cnpq.br\/1906331389705166\" target=\"_blank\">\n\t\t\t\t\t\t<span class=\"elementor-button-content-wrapper\">\n\t\t\t\t\t\t<span class=\"elementor-button-icon\">\n\t\t\t\t<i aria-hidden=\"true\" class=\"far fa-address-card\"><\/i>\t\t\t<\/span>\n\t\t\t\t\t\t\t\t\t<span class=\"elementor-button-text\">Curriculo Lattes<\/span>\n\t\t\t\t\t<\/span>\n\t\t\t\t\t<\/a>\n\t\t\t\t<\/div>\n\t\t\t\t\t\t\t\t<\/div>\n\t\t\t\t<\/div>\n\t\t\t\t\t<\/div>\n\t\t<\/div>\n\t\t\t\t<div class=\"elementor-column elementor-col-25 elementor-top-column elementor-element elementor-element-b39b2e5\" data-id=\"b39b2e5\" data-element_type=\"column\" data-e-type=\"column\">\n\t\t\t<div class=\"elementor-widget-wrap elementor-element-populated\">\n\t\t\t\t\t\t<div class=\"elementor-element elementor-element-9c2cdef elementor-button-info elementor-align-center elementor-widget elementor-widget-button\" data-id=\"9c2cdef\" data-element_type=\"widget\" data-e-type=\"widget\" data-widget_type=\"button.default\">\n\t\t\t\t<div class=\"elementor-widget-container\">\n\t\t\t\t\t\t\t\t\t<div class=\"elementor-button-wrapper\">\n\t\t\t\t\t<a class=\"elementor-button elementor-button-link elementor-size-md elementor-animation-grow\" href=\"http:\/\/dgp.cnpq.br\/dgp\/espelhorh\/1906331389705166\" target=\"_blank\">\n\t\t\t\t\t\t<span class=\"elementor-button-content-wrapper\">\n\t\t\t\t\t\t<span class=\"elementor-button-icon\">\n\t\t\t\t<i aria-hidden=\"true\" class=\"far fa-address-card\"><\/i>\t\t\t<\/span>\n\t\t\t\t\t\t\t\t\t<span class=\"elementor-button-text\">Espelho do Pesquisador<\/span>\n\t\t\t\t\t<\/span>\n\t\t\t\t\t<\/a>\n\t\t\t\t<\/div>\n\t\t\t\t\t\t\t\t<\/div>\n\t\t\t\t<\/div>\n\t\t\t\t\t<\/div>\n\t\t<\/div>\n\t\t\t\t<div class=\"elementor-column elementor-col-25 elementor-top-column elementor-element elementor-element-8637ed4\" data-id=\"8637ed4\" data-element_type=\"column\" data-e-type=\"column\">\n\t\t\t<div class=\"elementor-widget-wrap elementor-element-populated\">\n\t\t\t\t\t\t<div class=\"elementor-element elementor-element-52ab007 elementor-button-info elementor-align-center elementor-widget elementor-widget-button\" data-id=\"52ab007\" data-element_type=\"widget\" data-e-type=\"widget\" data-widget_type=\"button.default\">\n\t\t\t\t<div class=\"elementor-widget-container\">\n\t\t\t\t\t\t\t\t\t<div class=\"elementor-button-wrapper\">\n\t\t\t\t\t<a class=\"elementor-button elementor-button-link elementor-size-md elementor-animation-grow\" href=\"http:\/\/buscatextual.cnpq.br\/buscatextual\/graficos.do?metodo=apresentar&#038;codRHCript=K4423449T5&#038;nome=Moises%20Hamsses%20Sales%20de%20Sousa&#038;chamadaExterna=true\" target=\"_blank\">\n\t\t\t\t\t\t<span class=\"elementor-button-content-wrapper\">\n\t\t\t\t\t\t<span class=\"elementor-button-icon\">\n\t\t\t\t<i aria-hidden=\"true\" class=\"far fa-address-card\"><\/i>\t\t\t<\/span>\n\t\t\t\t\t\t\t\t\t<span class=\"elementor-button-text\">Indicadores da Produ\u00e7\u00e3o<\/span>\n\t\t\t\t\t<\/span>\n\t\t\t\t\t<\/a>\n\t\t\t\t<\/div>\n\t\t\t\t\t\t\t\t<\/div>\n\t\t\t\t<\/div>\n\t\t\t\t\t<\/div>\n\t\t<\/div>\n\t\t\t\t<div class=\"elementor-column elementor-col-25 elementor-top-column elementor-element elementor-element-b798f01\" data-id=\"b798f01\" data-element_type=\"column\" data-e-type=\"column\">\n\t\t\t<div class=\"elementor-widget-wrap elementor-element-populated\">\n\t\t\t\t\t\t<div class=\"elementor-element elementor-element-17363fe elementor-button-info elementor-align-center elementor-widget elementor-widget-button\" data-id=\"17363fe\" data-element_type=\"widget\" data-e-type=\"widget\" data-widget_type=\"button.default\">\n\t\t\t\t<div class=\"elementor-widget-container\">\n\t\t\t\t\t\t\t\t\t<div class=\"elementor-button-wrapper\">\n\t\t\t\t\t<a class=\"elementor-button elementor-button-link elementor-size-md elementor-animation-grow\" href=\"https:\/\/sigaa.unifap.br\/sigaa\/public\/docente\/portal.jsf?siape=3283389\" target=\"_blank\">\n\t\t\t\t\t\t<span class=\"elementor-button-content-wrapper\">\n\t\t\t\t\t\t<span class=\"elementor-button-icon\">\n\t\t\t\t<i aria-hidden=\"true\" class=\"far fa-address-card\"><\/i>\t\t\t<\/span>\n\t\t\t\t\t\t\t\t\t<span class=\"elementor-button-text\">P\u00e1gina Institucional<\/span>\n\t\t\t\t\t<\/span>\n\t\t\t\t\t<\/a>\n\t\t\t\t<\/div>\n\t\t\t\t\t\t\t\t<\/div>\n\t\t\t\t<\/div>\n\t\t\t\t\t<\/div>\n\t\t<\/div>\n\t\t\t\t\t<\/div>\n\t\t<\/section>\n\t\t\t\t<section class=\"elementor-section elementor-top-section elementor-element elementor-element-3e9f7c7 elementor-section-boxed elementor-section-height-default elementor-section-height-default\" data-id=\"3e9f7c7\" data-element_type=\"section\" data-e-type=\"section\">\n\t\t\t\t\t\t<div class=\"elementor-container elementor-column-gap-default\">\n\t\t\t\t\t<div class=\"elementor-column elementor-col-100 elementor-top-column elementor-element elementor-element-a32f6c5\" data-id=\"a32f6c5\" data-element_type=\"column\" data-e-type=\"column\">\n\t\t\t<div class=\"elementor-widget-wrap elementor-element-populated\">\n\t\t\t\t\t\t<div class=\"elementor-element elementor-element-cc4e5f8 elementor-widget elementor-widget-text-editor\" data-id=\"cc4e5f8\" data-element_type=\"widget\" data-e-type=\"widget\" data-widget_type=\"text-editor.default\">\n\t\t\t\t<div class=\"elementor-widget-container\">\n\t\t\t\t\t\t\t\t\t<p style=\"text-align: center\">E-mail: <a style=\"background-color: #ffffff\" href=\"mailto:sales.moises@unifap.br\">sales.moises@unifap.br<\/a>\u00a0<\/p>\t\t\t\t\t\t\t\t<\/div>\n\t\t\t\t<\/div>\n\t\t\t\t\t<\/div>\n\t\t<\/div>\n\t\t\t\t\t<\/div>\n\t\t<\/section>\n\t\t\t\t<section class=\"elementor-section elementor-top-section elementor-element elementor-element-51c6126 elementor-section-boxed elementor-section-height-default elementor-section-height-default\" data-id=\"51c6126\" data-element_type=\"section\" data-e-type=\"section\">\n\t\t\t\t\t\t<div class=\"elementor-container elementor-column-gap-default\">\n\t\t\t\t\t<div class=\"elementor-column elementor-col-100 elementor-top-column elementor-element elementor-element-f5a867c\" data-id=\"f5a867c\" data-element_type=\"column\" data-e-type=\"column\">\n\t\t\t<div class=\"elementor-widget-wrap elementor-element-populated\">\n\t\t\t\t\t\t<div class=\"elementor-element elementor-element-f4d152a elementor-widget-divider--view-line elementor-widget elementor-widget-divider\" data-id=\"f4d152a\" data-element_type=\"widget\" data-e-type=\"widget\" data-widget_type=\"divider.default\">\n\t\t\t\t<div class=\"elementor-widget-container\">\n\t\t\t\t\t\t\t<div class=\"elementor-divider\">\n\t\t\t<span class=\"elementor-divider-separator\">\n\t\t\t\t\t\t<\/span>\n\t\t<\/div>\n\t\t\t\t\t\t<\/div>\n\t\t\t\t<\/div>\n\t\t\t\t\t<\/div>\n\t\t<\/div>\n\t\t\t\t\t<\/div>\n\t\t<\/section>\n\t\t\t\t<section class=\"elementor-section elementor-top-section elementor-element elementor-element-53d3439 elementor-section-boxed elementor-section-height-default elementor-section-height-default\" data-id=\"53d3439\" data-element_type=\"section\" data-e-type=\"section\">\n\t\t\t\t\t\t<div class=\"elementor-container elementor-column-gap-default\">\n\t\t\t\t\t<div class=\"elementor-column elementor-col-25 elementor-top-column elementor-element elementor-element-ac56eeb\" data-id=\"ac56eeb\" data-element_type=\"column\" data-e-type=\"column\">\n\t\t\t<div class=\"elementor-widget-wrap elementor-element-populated\">\n\t\t\t\t\t\t<div class=\"elementor-element elementor-element-bd80f5a animated-fast elementor-widget elementor-widget-image\" data-id=\"bd80f5a\" data-element_type=\"widget\" data-e-type=\"widget\" data-settings=\"{&quot;_animation&quot;:&quot;none&quot;}\" data-widget_type=\"image.default\">\n\t\t\t\t<div class=\"elementor-widget-container\">\n\t\t\t\t\t\t\t\t\t\t\t\t<figure class=\"wp-caption\">\n\t\t\t\t\t\t\t\t\t\t\t<a href=\"https:\/\/sigaa.unifap.br\/sigaa\/public\/docente\/pesquisa.jsf?siape=3283389\" target=\"_blank\">\n\t\t\t\t\t\t\t<img decoding=\"async\" width=\"550\" height=\"550\" src=\"https:\/\/www2.unifap.br\/eletrica\/files\/2020\/03\/projetos-pesquisa-1024x1024.jpg\" class=\"attachment-large size-large wp-image-4738\" alt=\"\" srcset=\"https:\/\/www2.unifap.br\/eletrica\/files\/2020\/03\/projetos-pesquisa-1024x1024.jpg 1024w, https:\/\/www2.unifap.br\/eletrica\/files\/2020\/03\/projetos-pesquisa-150x150.jpg 150w, https:\/\/www2.unifap.br\/eletrica\/files\/2020\/03\/projetos-pesquisa-300x300.jpg 300w, https:\/\/www2.unifap.br\/eletrica\/files\/2020\/03\/projetos-pesquisa-768x768.jpg 768w, https:\/\/www2.unifap.br\/eletrica\/files\/2020\/03\/projetos-pesquisa.jpg 1562w\" sizes=\"(max-width: 550px) 100vw, 550px\" \/>\t\t\t\t\t\t\t\t<\/a>\n\t\t\t\t\t\t\t\t\t\t\t<figcaption class=\"widget-image-caption wp-caption-text\">Projetos de Pesquisa<\/figcaption>\n\t\t\t\t\t\t\t\t\t\t<\/figure>\n\t\t\t\t\t\t\t\t\t<\/div>\n\t\t\t\t<\/div>\n\t\t\t\t\t<\/div>\n\t\t<\/div>\n\t\t\t\t<div class=\"elementor-column elementor-col-25 elementor-top-column elementor-element elementor-element-d4fe185\" data-id=\"d4fe185\" data-element_type=\"column\" data-e-type=\"column\">\n\t\t\t<div class=\"elementor-widget-wrap elementor-element-populated\">\n\t\t\t\t\t\t<div class=\"elementor-element elementor-element-f07331f elementor-widget elementor-widget-image\" data-id=\"f07331f\" data-element_type=\"widget\" data-e-type=\"widget\" data-widget_type=\"image.default\">\n\t\t\t\t<div class=\"elementor-widget-container\">\n\t\t\t\t\t\t\t\t\t\t\t\t<figure class=\"wp-caption\">\n\t\t\t\t\t\t\t\t\t\t\t<a href=\"https:\/\/sigaa.unifap.br\/sigaa\/public\/docente\/extensao.jsf?siape=3283389\" target=\"_blank\">\n\t\t\t\t\t\t\t<img decoding=\"async\" width=\"550\" height=\"550\" src=\"https:\/\/www2.unifap.br\/eletrica\/files\/2020\/03\/extencao-1024x1024.jpg\" class=\"attachment-large size-large wp-image-4740\" alt=\"\" srcset=\"https:\/\/www2.unifap.br\/eletrica\/files\/2020\/03\/extencao-1024x1024.jpg 1024w, https:\/\/www2.unifap.br\/eletrica\/files\/2020\/03\/extencao-150x150.jpg 150w, https:\/\/www2.unifap.br\/eletrica\/files\/2020\/03\/extencao-300x300.jpg 300w, https:\/\/www2.unifap.br\/eletrica\/files\/2020\/03\/extencao-768x768.jpg 768w, https:\/\/www2.unifap.br\/eletrica\/files\/2020\/03\/extencao.jpg 1562w\" sizes=\"(max-width: 550px) 100vw, 550px\" \/>\t\t\t\t\t\t\t\t<\/a>\n\t\t\t\t\t\t\t\t\t\t\t<figcaption class=\"widget-image-caption wp-caption-text\">Projetos de Extens\u00e3o<\/figcaption>\n\t\t\t\t\t\t\t\t\t\t<\/figure>\n\t\t\t\t\t\t\t\t\t<\/div>\n\t\t\t\t<\/div>\n\t\t\t\t\t<\/div>\n\t\t<\/div>\n\t\t\t\t<div class=\"elementor-column elementor-col-25 elementor-top-column elementor-element elementor-element-a57dd9b\" data-id=\"a57dd9b\" data-element_type=\"column\" data-e-type=\"column\">\n\t\t\t<div class=\"elementor-widget-wrap elementor-element-populated\">\n\t\t\t\t\t\t<div class=\"elementor-element elementor-element-41ed3de elementor-widget elementor-widget-image\" data-id=\"41ed3de\" data-element_type=\"widget\" data-e-type=\"widget\" data-widget_type=\"image.default\">\n\t\t\t\t<div class=\"elementor-widget-container\">\n\t\t\t\t\t\t\t\t\t\t\t\t<figure class=\"wp-caption\">\n\t\t\t\t\t\t\t\t\t\t\t<a href=\"https:\/\/sigaa.unifap.br\/sigaa\/public\/docente\/disciplinas.jsf?siape=3283389\" target=\"_blank\">\n\t\t\t\t\t\t\t<img loading=\"lazy\" decoding=\"async\" width=\"225\" height=\"225\" src=\"https:\/\/www2.unifap.br\/eletrica\/files\/2021\/03\/Disciplinas-Ministradas.png\" class=\"attachment-large size-large wp-image-7828\" alt=\"\" srcset=\"https:\/\/www2.unifap.br\/eletrica\/files\/2021\/03\/Disciplinas-Ministradas.png 225w, https:\/\/www2.unifap.br\/eletrica\/files\/2021\/03\/Disciplinas-Ministradas-150x150.png 150w\" sizes=\"(max-width: 225px) 100vw, 225px\" \/>\t\t\t\t\t\t\t\t<\/a>\n\t\t\t\t\t\t\t\t\t\t\t<figcaption class=\"widget-image-caption wp-caption-text\">Disciplinas Ministradas<\/figcaption>\n\t\t\t\t\t\t\t\t\t\t<\/figure>\n\t\t\t\t\t\t\t\t\t<\/div>\n\t\t\t\t<\/div>\n\t\t\t\t\t<\/div>\n\t\t<\/div>\n\t\t\t\t<div class=\"elementor-column elementor-col-25 elementor-top-column elementor-element elementor-element-00eb9ae\" data-id=\"00eb9ae\" data-element_type=\"column\" data-e-type=\"column\">\n\t\t\t<div class=\"elementor-widget-wrap elementor-element-populated\">\n\t\t\t\t\t\t<div class=\"elementor-element elementor-element-40e12de elementor-widget elementor-widget-image\" data-id=\"40e12de\" data-element_type=\"widget\" data-e-type=\"widget\" data-widget_type=\"image.default\">\n\t\t\t\t<div class=\"elementor-widget-container\">\n\t\t\t\t\t\t\t\t\t\t\t\t<figure class=\"wp-caption\">\n\t\t\t\t\t\t\t\t\t\t\t<a href=\"https:\/\/sigaa.unifap.br\/sigaa\/public\/docente\/producao.jsf?siape=3283389\" target=\"_blank\">\n\t\t\t\t\t\t\t<img loading=\"lazy\" decoding=\"async\" width=\"512\" height=\"512\" src=\"https:\/\/www2.unifap.br\/eletrica\/files\/2021\/03\/Produ\u00e7\u00e3o-Intelectual.png\" class=\"attachment-large size-large wp-image-7829\" alt=\"\" srcset=\"https:\/\/www2.unifap.br\/eletrica\/files\/2021\/03\/Produ\u00e7\u00e3o-Intelectual.png 512w, https:\/\/www2.unifap.br\/eletrica\/files\/2021\/03\/Produ\u00e7\u00e3o-Intelectual-300x300.png 300w, https:\/\/www2.unifap.br\/eletrica\/files\/2021\/03\/Produ\u00e7\u00e3o-Intelectual-150x150.png 150w\" sizes=\"(max-width: 512px) 100vw, 512px\" \/>\t\t\t\t\t\t\t\t<\/a>\n\t\t\t\t\t\t\t\t\t\t\t<figcaption class=\"widget-image-caption wp-caption-text\">Produ\u00e7\u00e3o Intelectual<\/figcaption>\n\t\t\t\t\t\t\t\t\t\t<\/figure>\n\t\t\t\t\t\t\t\t\t<\/div>\n\t\t\t\t<\/div>\n\t\t\t\t\t<\/div>\n\t\t<\/div>\n\t\t\t\t\t<\/div>\n\t\t<\/section>\n\t\t\t\t<section class=\"elementor-section elementor-top-section elementor-element elementor-element-b6f672c elementor-section-boxed elementor-section-height-default elementor-section-height-default\" data-id=\"b6f672c\" data-element_type=\"section\" data-e-type=\"section\">\n\t\t\t\t\t\t<div class=\"elementor-container elementor-column-gap-default\">\n\t\t\t\t\t<div class=\"elementor-column elementor-col-100 elementor-top-column elementor-element elementor-element-c0b1587\" data-id=\"c0b1587\" data-element_type=\"column\" data-e-type=\"column\">\n\t\t\t<div class=\"elementor-widget-wrap elementor-element-populated\">\n\t\t\t\t\t\t<div class=\"elementor-element elementor-element-2eb92ab elementor-widget-divider--view-line elementor-widget elementor-widget-divider\" data-id=\"2eb92ab\" data-element_type=\"widget\" data-e-type=\"widget\" data-widget_type=\"divider.default\">\n\t\t\t\t<div class=\"elementor-widget-container\">\n\t\t\t\t\t\t\t<div class=\"elementor-divider\">\n\t\t\t<span class=\"elementor-divider-separator\">\n\t\t\t\t\t\t<\/span>\n\t\t<\/div>\n\t\t\t\t\t\t<\/div>\n\t\t\t\t<\/div>\n\t\t\t\t\t<\/div>\n\t\t<\/div>\n\t\t\t\t\t<\/div>\n\t\t<\/section>\n\t\t\t\t<section class=\"elementor-section elementor-top-section elementor-element elementor-element-9c95366 elementor-section-boxed elementor-section-height-default elementor-section-height-default\" data-id=\"9c95366\" data-element_type=\"section\" data-e-type=\"section\">\n\t\t\t\t\t\t<div class=\"elementor-container elementor-column-gap-default\">\n\t\t\t\t\t<div class=\"elementor-column elementor-col-100 elementor-top-column elementor-element elementor-element-9ce12d2\" data-id=\"9ce12d2\" data-element_type=\"column\" data-e-type=\"column\">\n\t\t\t<div class=\"elementor-widget-wrap\">\n\t\t\t\t\t\t\t<\/div>\n\t\t<\/div>\n\t\t\t\t\t<\/div>\n\t\t<\/section>\n\t\t\t\t<\/div>\n\t\t","protected":false},"excerpt":{"rendered":"<p>Me. Mois\u00e9s Hamss\u00e9s Sales de Sousa Possui Gradua\u00e7\u00e3o em Engenharia El\u00e9trica (2016) pela Universidade Federal do Amap\u00e1 (UNIFAP) e T\u00e9cnica em Eletr\u00f4nica Industrial pela Escola T\u00e9cnica Redentorista de Campina Grande (2005). Tem experi\u00eancia em experi\u00eancia na \u00e1rea de Engenharia El\u00e9trica, com \u00eanfase em m\u00e1quinas el\u00e9tricas aplicadas a convers\u00e3o de energia, atuando principalmente nos seguintes temas:&hellip;<\/p>\n","protected":false},"author":2820,"featured_media":0,"parent":20,"menu_order":15,"comment_status":"closed","ping_status":"closed","template":"fullwidth.php","meta":{"inline_featured_image":false,"ngg_post_thumbnail":0,"footnotes":""},"class_list":["post-8774","page","type-page","status-publish","hentry"],"_links":{"self":[{"href":"https:\/\/www2.unifap.br\/eletrica\/wp-json\/wp\/v2\/pages\/8774","targetHints":{"allow":["GET"]}}],"collection":[{"href":"https:\/\/www2.unifap.br\/eletrica\/wp-json\/wp\/v2\/pages"}],"about":[{"href":"https:\/\/www2.unifap.br\/eletrica\/wp-json\/wp\/v2\/types\/page"}],"author":[{"embeddable":true,"href":"https:\/\/www2.unifap.br\/eletrica\/wp-json\/wp\/v2\/users\/2820"}],"replies":[{"embeddable":true,"href":"https:\/\/www2.unifap.br\/eletrica\/wp-json\/wp\/v2\/comments?post=8774"}],"version-history":[{"count":47,"href":"https:\/\/www2.unifap.br\/eletrica\/wp-json\/wp\/v2\/pages\/8774\/revisions"}],"predecessor-version":[{"id":9230,"href":"https:\/\/www2.unifap.br\/eletrica\/wp-json\/wp\/v2\/pages\/8774\/revisions\/9230"}],"up":[{"embeddable":true,"href":"https:\/\/www2.unifap.br\/eletrica\/wp-json\/wp\/v2\/pages\/20"}],"wp:attachment":[{"href":"https:\/\/www2.unifap.br\/eletrica\/wp-json\/wp\/v2\/media?parent=8774"}],"curies":[{"name":"wp","href":"https:\/\/api.w.org\/{rel}","templated":true}]}}