{"id":974,"date":"2011-08-25T11:07:25","date_gmt":"2011-08-25T14:07:25","guid":{"rendered":"http:\/\/pororoca.unifap.br\/eletrica\/?page_id=974"},"modified":"2023-11-09T17:10:10","modified_gmt":"2023-11-09T20:10:10","slug":"aacc","status":"publish","type":"page","link":"https:\/\/www2.unifap.br\/eletrica\/academico\/aacc\/","title":{"rendered":"AACC"},"content":{"rendered":"\t\t<div data-elementor-type=\"wp-page\" data-elementor-id=\"974\" class=\"elementor elementor-974\">\n\t\t\t\t\t\t<section class=\"elementor-section elementor-top-section elementor-element elementor-element-50e235a elementor-section-boxed elementor-section-height-default elementor-section-height-default\" data-id=\"50e235a\" data-element_type=\"section\" data-e-type=\"section\">\n\t\t\t\t\t\t<div class=\"elementor-container elementor-column-gap-default\">\n\t\t\t\t\t<div class=\"elementor-column elementor-col-100 elementor-top-column elementor-element elementor-element-d8f9ef7\" data-id=\"d8f9ef7\" data-element_type=\"column\" data-e-type=\"column\">\n\t\t\t<div class=\"elementor-widget-wrap elementor-element-populated\">\n\t\t\t\t\t\t<div class=\"elementor-element elementor-element-c7ab485 elementor-widget-divider--view-line elementor-widget elementor-widget-divider\" data-id=\"c7ab485\" data-element_type=\"widget\" data-e-type=\"widget\" data-widget_type=\"divider.default\">\n\t\t\t\t<div class=\"elementor-widget-container\">\n\t\t\t\t\t\t\t<div class=\"elementor-divider\">\n\t\t\t<span class=\"elementor-divider-separator\">\n\t\t\t\t\t\t<\/span>\n\t\t<\/div>\n\t\t\t\t\t\t<\/div>\n\t\t\t\t<\/div>\n\t\t\t\t<div class=\"elementor-element elementor-element-e51715f elementor-widget elementor-widget-heading\" data-id=\"e51715f\" data-element_type=\"widget\" data-e-type=\"widget\" data-widget_type=\"heading.default\">\n\t\t\t\t<div class=\"elementor-widget-container\">\n\t\t\t\t\t<h2 class=\"elementor-heading-title elementor-size-default\">AACC<br>(Atividades Acad\u00eamico Cient\u00edfico Culturais)<\/h2>\t\t\t\t<\/div>\n\t\t\t\t<\/div>\n\t\t\t\t<div class=\"elementor-element elementor-element-bd16b53 elementor-widget-divider--view-line elementor-widget elementor-widget-divider\" data-id=\"bd16b53\" data-element_type=\"widget\" data-e-type=\"widget\" data-widget_type=\"divider.default\">\n\t\t\t\t<div class=\"elementor-widget-container\">\n\t\t\t\t\t\t\t<div class=\"elementor-divider\">\n\t\t\t<span class=\"elementor-divider-separator\">\n\t\t\t\t\t\t<\/span>\n\t\t<\/div>\n\t\t\t\t\t\t<\/div>\n\t\t\t\t<\/div>\n\t\t\t\t\t<\/div>\n\t\t<\/div>\n\t\t\t\t\t<\/div>\n\t\t<\/section>\n\t\t\t\t<section class=\"elementor-section elementor-top-section elementor-element elementor-element-28c7c1f elementor-section-boxed elementor-section-height-default elementor-section-height-default\" data-id=\"28c7c1f\" data-element_type=\"section\" data-e-type=\"section\">\n\t\t\t\t\t\t<div class=\"elementor-container elementor-column-gap-default\">\n\t\t\t\t\t<div class=\"elementor-column elementor-col-100 elementor-top-column elementor-element elementor-element-f12b294\" data-id=\"f12b294\" data-element_type=\"column\" data-e-type=\"column\">\n\t\t\t<div class=\"elementor-widget-wrap elementor-element-populated\">\n\t\t\t\t\t\t<div class=\"elementor-element elementor-element-1339b19 elementor-widget-divider--view-line elementor-widget elementor-widget-divider\" data-id=\"1339b19\" data-element_type=\"widget\" data-e-type=\"widget\" data-widget_type=\"divider.default\">\n\t\t\t\t<div class=\"elementor-widget-container\">\n\t\t\t\t\t\t\t<div class=\"elementor-divider\">\n\t\t\t<span class=\"elementor-divider-separator\">\n\t\t\t\t\t\t<\/span>\n\t\t<\/div>\n\t\t\t\t\t\t<\/div>\n\t\t\t\t<\/div>\n\t\t\t\t\t<\/div>\n\t\t<\/div>\n\t\t\t\t\t<\/div>\n\t\t<\/section>\n\t\t\t\t<section class=\"elementor-section elementor-top-section elementor-element elementor-element-e9e7b8b elementor-section-boxed elementor-section-height-default elementor-section-height-default\" data-id=\"e9e7b8b\" data-element_type=\"section\" data-e-type=\"section\">\n\t\t\t\t\t\t<div class=\"elementor-container elementor-column-gap-default\">\n\t\t\t\t\t<div class=\"elementor-column elementor-col-100 elementor-top-column elementor-element elementor-element-43a5c05\" data-id=\"43a5c05\" data-element_type=\"column\" data-e-type=\"column\">\n\t\t\t<div class=\"elementor-widget-wrap elementor-element-populated\">\n\t\t\t\t\t\t<div class=\"elementor-element elementor-element-734afbb elementor-widget elementor-widget-heading\" data-id=\"734afbb\" data-element_type=\"widget\" data-e-type=\"widget\" data-widget_type=\"heading.default\">\n\t\t\t\t<div class=\"elementor-widget-container\">\n\t\t\t\t\t<h2 class=\"elementor-heading-title elementor-size-medium\">COORDENA\u00c7\u00c3O DE AACC<\/h2>\t\t\t\t<\/div>\n\t\t\t\t<\/div>\n\t\t\t\t<div class=\"elementor-element elementor-element-fdf7f79 elementor-widget elementor-widget-text-editor\" data-id=\"fdf7f79\" data-element_type=\"widget\" data-e-type=\"widget\" data-widget_type=\"text-editor.default\">\n\t\t\t\t<div class=\"elementor-widget-container\">\n\t\t\t\t\t\t\t\t\t<p><strong><a href=\"https:\/\/www2.unifap.br\/eletrica\/portal-docente\/docentes\/prof%c2%aa-kellen-gomes\/\">Prof.\u00aa Ma. Kellen Gomes<\/a><\/strong><\/p><p><a href=\"https:\/\/www2.unifap.br\/eletrica\/files\/2022\/02\/Portaria-N-0124.2022-Coordena%c3%a7%c3%a3o-de-AACC.pdf\" target=\"_blank\" rel=\"noopener\">PORTARIA N\u00ba 0124\/2022<\/a><\/p><p>E-mail: <a href=\"mailto:eletrica.aacc@unifap.br\">eletrica.aacc@unifap.br<\/a><\/p>\t\t\t\t\t\t\t\t<\/div>\n\t\t\t\t<\/div>\n\t\t\t\t\t<\/div>\n\t\t<\/div>\n\t\t\t\t\t<\/div>\n\t\t<\/section>\n\t\t\t\t<section class=\"elementor-section elementor-top-section elementor-element elementor-element-7785f77 elementor-section-boxed elementor-section-height-default elementor-section-height-default\" data-id=\"7785f77\" data-element_type=\"section\" data-e-type=\"section\">\n\t\t\t\t\t\t<div class=\"elementor-container elementor-column-gap-default\">\n\t\t\t\t\t<div class=\"elementor-column elementor-col-100 elementor-top-column elementor-element elementor-element-95d1977\" data-id=\"95d1977\" data-element_type=\"column\" data-e-type=\"column\">\n\t\t\t<div class=\"elementor-widget-wrap elementor-element-populated\">\n\t\t\t\t\t\t<div class=\"elementor-element elementor-element-eedfae1 elementor-widget-divider--view-line elementor-widget elementor-widget-divider\" data-id=\"eedfae1\" data-element_type=\"widget\" data-e-type=\"widget\" data-widget_type=\"divider.default\">\n\t\t\t\t<div class=\"elementor-widget-container\">\n\t\t\t\t\t\t\t<div class=\"elementor-divider\">\n\t\t\t<span class=\"elementor-divider-separator\">\n\t\t\t\t\t\t<\/span>\n\t\t<\/div>\n\t\t\t\t\t\t<\/div>\n\t\t\t\t<\/div>\n\t\t\t\t\t<\/div>\n\t\t<\/div>\n\t\t\t\t\t<\/div>\n\t\t<\/section>\n\t\t\t\t<section class=\"elementor-section elementor-top-section elementor-element elementor-element-9b6773c elementor-section-boxed elementor-section-height-default elementor-section-height-default\" data-id=\"9b6773c\" data-element_type=\"section\" data-e-type=\"section\">\n\t\t\t\t\t\t<div class=\"elementor-container elementor-column-gap-default\">\n\t\t\t\t\t<div class=\"elementor-column elementor-col-100 elementor-top-column elementor-element elementor-element-326ec34\" data-id=\"326ec34\" data-element_type=\"column\" data-e-type=\"column\">\n\t\t\t<div class=\"elementor-widget-wrap elementor-element-populated\">\n\t\t\t\t\t\t<div class=\"elementor-element elementor-element-31a2153 elementor-widget elementor-widget-heading\" data-id=\"31a2153\" data-element_type=\"widget\" data-e-type=\"widget\" data-widget_type=\"heading.default\">\n\t\t\t\t<div class=\"elementor-widget-container\">\n\t\t\t\t\t<h2 class=\"elementor-heading-title elementor-size-default\">PROCEDIMENTOS PARA CR\u00c9DITO EM AACC<\/h2>\t\t\t\t<\/div>\n\t\t\t\t<\/div>\n\t\t\t\t\t<\/div>\n\t\t<\/div>\n\t\t\t\t\t<\/div>\n\t\t<\/section>\n\t\t\t\t<section class=\"elementor-section elementor-top-section elementor-element elementor-element-14af71df elementor-section-boxed elementor-section-height-default elementor-section-height-default\" data-id=\"14af71df\" data-element_type=\"section\" data-e-type=\"section\">\n\t\t\t\t\t\t<div class=\"elementor-container elementor-column-gap-default\">\n\t\t\t\t\t<div class=\"elementor-column elementor-col-100 elementor-top-column elementor-element elementor-element-76ad2aed\" data-id=\"76ad2aed\" data-element_type=\"column\" data-e-type=\"column\">\n\t\t\t<div class=\"elementor-widget-wrap elementor-element-populated\">\n\t\t\t\t\t\t<div class=\"elementor-element elementor-element-1838a15a elementor-widget elementor-widget-text-editor\" data-id=\"1838a15a\" data-element_type=\"widget\" data-e-type=\"widget\" data-widget_type=\"text-editor.default\">\n\t\t\t\t<div class=\"elementor-widget-container\">\n\t\t\t\t\t\t\t\t\t<p><span style=\"text-align: justify\">\u00a0<\/span>Dever\u00e3o, ser realizadas Atividades Complementares, tais como trabalhos de inicia\u00e7\u00e3o cient\u00edfica, projetos multidisciplinares, visitas t\u00e9cnicas, trabalhos em equipe, desenvolvimento de prot\u00f3tipos, monitorias, participa\u00e7\u00e3o em empresas juniores, eventos cient\u00edficos e outras atividades empreendedoras. Estas atividades dever\u00e3o totalizar, no m\u00ednimo, 210 horas de carga hor\u00e1ria e dever\u00e3o ser concebidas ao longo de todo o curso de acordo com o normatizado na tabela a seguir.<\/p><table border=\"0\" width=\"520\" cellspacing=\"0\" cellpadding=\"0\"><tbody><tr><td style=\"text-align: justify\" colspan=\"2\" rowspan=\"3\" valign=\"bottom\" width=\"520\"><table border=\"1\" width=\"601\" cellspacing=\"0\" cellpadding=\"0\"><tbody><tr><td colspan=\"2\" width=\"601\"><p align=\"center\"><b>Atividades Acad\u00eamico Cient\u00edfico Culturais \u2013 AACC<\/b><\/p><\/td><\/tr><tr><td width=\"453\"><b>Nome<\/b><\/td><td width=\"148\"><b>Carga<br \/>Hor\u00e1ria<br \/>M\u00e1xima (h)<\/b><\/td><\/tr><tr><td width=\"453\">Cursos livres\/ mini-curso (\u00e1rea afim)<\/td><td width=\"148\">150<\/td><\/tr><tr><td width=\"453\">Empresa J\u00fanior<\/td><td width=\"148\">150<\/td><\/tr><tr><td width=\"453\">Est\u00e1gio n\u00e3o obrigat\u00f3rio<\/td><td width=\"148\">150<\/td><\/tr><tr><td width=\"453\">Inicia\u00e7\u00e3o Cient\u00edfica (com apresenta\u00e7\u00e3o de trabalhos em Congresso de Inicia\u00e7\u00e3o Cient\u00edfica com rela\u00e7\u00e3o direta a \u00e1rea de conhecimento do curso, Produ\u00e7\u00e3o e\/ou publica\u00e7\u00e3o de textos t\u00e9cnicos e cient\u00edficos com supervis\u00e3o). P*&amp;D. Extens\u00e3o universit\u00e1ria<\/td><td width=\"148\">150<\/td><\/tr><tr><td width=\"453\">Organiza\u00e7\u00f5es Estudantis (Centro Acad\u00eamico, Representante Discente, etc.).<\/td><td width=\"148\">20h por semestreNo m\u00e1ximo 2 Semestres<\/td><\/tr><tr><td width=\"453\">Participa\u00e7\u00e3o em projeto de pesquisa ou extens\u00e3o devidamente registrado na UNIFAP<\/td><td width=\"148\">40h por SemestreNo m\u00e1ximo 2 Semestres<\/td><\/tr><tr><td width=\"453\">Participa\u00e7\u00e3o em Equipes de Competi\u00e7\u00f5es Acad\u00eamica<\/td><td width=\"148\">150<\/td><\/tr><tr><td width=\"453\">Participa\u00e7\u00e3o\/Organiza\u00e7\u00e3o de Eventos (Congressos, Semanas de Engenharia El\u00e9trica, etc., Workshops, presen\u00e7a em defesas de Projeto de Gradua\u00e7\u00e3o, Teses, cursos, palestras e apresenta\u00e7\u00f5es, etc.).<\/td><td width=\"148\">150<\/td><\/tr><tr><td width=\"453\">Programa de Educa\u00e7\u00e3o Tutorial &#8211; PET<\/td><td width=\"148\">150<\/td><\/tr><tr><td width=\"453\">Curso de Idiomas em L\u00edngua Estrangeira<\/td><td width=\"148\">100<\/td><\/tr><tr><td width=\"453\">Ministrante de disciplina, curso, mini-curso, treinamento ou oficinas oferecidas em \u00e1rea afim.<\/td><td width=\"148\">90<\/td><\/tr><tr><td width=\"453\">Atividades Multidisciplinar<\/td><td width=\"148\">90<\/td><\/tr><tr><td width=\"453\">Atividades de Interc\u00e2mbio (n\u00e3o computadas no hist\u00f3rico)<\/td><td width=\"148\">90<\/td><\/tr><tr><td width=\"453\">Atividades de Monitoria<\/td><td width=\"148\">105<\/td><\/tr><tr><td width=\"453\">Visitas T\u00e9cnicas (supervisionadas)<\/td><td width=\"148\">60<\/td><\/tr><tr><td width=\"453\">Cursos livres\/ mini-curso (\u00e1rea n\u00e3o afim)<\/td><td width=\"148\">30<\/td><\/tr><tr><td width=\"453\">Trabalhos Comunit\u00e1rios\/ONG<\/td><td width=\"148\">30<\/td><\/tr><\/tbody><\/table><\/td><\/tr><\/tbody><\/table><p>\u00a0Caso, a carga hor\u00e1ria seja cumprida o aluno ser\u00e1 aprovado na disciplina com nota 10,00 (dez), caso contr\u00e1rio, o mesmo ser\u00e1 reprovado com nota 0,00 (zero).<\/p>\t\t\t\t\t\t\t\t<\/div>\n\t\t\t\t<\/div>\n\t\t\t\t<div class=\"elementor-element elementor-element-01eb0e3 elementor-widget elementor-widget-heading\" data-id=\"01eb0e3\" data-element_type=\"widget\" data-e-type=\"widget\" data-widget_type=\"heading.default\">\n\t\t\t\t<div class=\"elementor-widget-container\">\n\t\t\t\t\t<h2 class=\"elementor-heading-title elementor-size-medium\">ATEN\u00c7\u00c3O AOS PRAZOS! <\/h2>\t\t\t\t<\/div>\n\t\t\t\t<\/div>\n\t\t\t\t<div class=\"elementor-element elementor-element-3723127 elementor-widget elementor-widget-text-editor\" data-id=\"3723127\" data-element_type=\"widget\" data-e-type=\"widget\" data-widget_type=\"text-editor.default\">\n\t\t\t\t<div class=\"elementor-widget-container\">\n\t\t\t\t\t\t\t\t\t<p>As solicita\u00e7\u00f5es de cr\u00e9dito em AACC dever\u00e3o ser realizadas ao longo do semestre obedecendo o calend\u00e1rio Acad\u00eamico vigente.&nbsp;<\/p><p>N\u00e3o ser\u00e3o avaliadas solicita\u00e7\u00f5es enviadas durante o periodo de recesso acad\u00eamico.<\/p>\t\t\t\t\t\t\t\t<\/div>\n\t\t\t\t<\/div>\n\t\t\t\t\t<\/div>\n\t\t<\/div>\n\t\t\t\t\t<\/div>\n\t\t<\/section>\n\t\t\t\t<section class=\"elementor-section elementor-top-section elementor-element elementor-element-eddc693 elementor-section-boxed elementor-section-height-default elementor-section-height-default\" data-id=\"eddc693\" data-element_type=\"section\" data-e-type=\"section\">\n\t\t\t\t\t\t<div class=\"elementor-container elementor-column-gap-default\">\n\t\t\t\t\t<div class=\"elementor-column elementor-col-100 elementor-top-column elementor-element elementor-element-6bb62fc\" data-id=\"6bb62fc\" data-element_type=\"column\" data-e-type=\"column\">\n\t\t\t<div class=\"elementor-widget-wrap elementor-element-populated\">\n\t\t\t\t\t\t<div class=\"elementor-element elementor-element-a419b41 elementor-widget-divider--view-line elementor-widget elementor-widget-divider\" data-id=\"a419b41\" data-element_type=\"widget\" data-e-type=\"widget\" data-widget_type=\"divider.default\">\n\t\t\t\t<div class=\"elementor-widget-container\">\n\t\t\t\t\t\t\t<div class=\"elementor-divider\">\n\t\t\t<span class=\"elementor-divider-separator\">\n\t\t\t\t\t\t<\/span>\n\t\t<\/div>\n\t\t\t\t\t\t<\/div>\n\t\t\t\t<\/div>\n\t\t\t\t<div class=\"elementor-element elementor-element-0657570 elementor-view-default elementor-position-block-start elementor-mobile-position-block-start elementor-widget elementor-widget-icon-box\" data-id=\"0657570\" data-element_type=\"widget\" data-e-type=\"widget\" data-widget_type=\"icon-box.default\">\n\t\t\t\t<div class=\"elementor-widget-container\">\n\t\t\t\t\t\t\t<div class=\"elementor-icon-box-wrapper\">\n\n\t\t\t\t\t\t<div class=\"elementor-icon-box-icon\">\n\t\t\t\t<a href=\"https:\/\/forms.gle\/EyWoPi9XkJq5JtjJ6\" class=\"elementor-icon\" tabindex=\"-1\" aria-label=\"Requerimento On-line Cr\u00e9dito em AACC\">\n\t\t\t\t<i aria-hidden=\"true\" class=\"fas fa-file-invoice\"><\/i>\t\t\t\t<\/a>\n\t\t\t<\/div>\n\t\t\t\n\t\t\t\t\t\t<div class=\"elementor-icon-box-content\">\n\n\t\t\t\t\t\t\t\t\t<h3 class=\"elementor-icon-box-title\">\n\t\t\t\t\t\t<a href=\"https:\/\/forms.gle\/EyWoPi9XkJq5JtjJ6\" >\n\t\t\t\t\t\t\tRequerimento On-line Cr\u00e9dito em AACC\t\t\t\t\t\t<\/a>\n\t\t\t\t\t<\/h3>\n\t\t\t\t\n\t\t\t\t\t\t\t\t\t<p class=\"elementor-icon-box-description\">\n\t\t\t\t\t\t<span>Clique no link acima para acessar o requerimento on-line de Cr\u00e9dito em AACC<\/span>\t\t\t\t\t<\/p>\n\t\t\t\t\n\t\t\t<\/div>\n\t\t\t\n\t\t<\/div>\n\t\t\t\t\t\t<\/div>\n\t\t\t\t<\/div>\n\t\t\t\t<div class=\"elementor-element elementor-element-ef00470 elementor-widget-divider--view-line elementor-widget elementor-widget-divider\" data-id=\"ef00470\" data-element_type=\"widget\" data-e-type=\"widget\" data-widget_type=\"divider.default\">\n\t\t\t\t<div class=\"elementor-widget-container\">\n\t\t\t\t\t\t\t<div class=\"elementor-divider\">\n\t\t\t<span class=\"elementor-divider-separator\">\n\t\t\t\t\t\t<\/span>\n\t\t<\/div>\n\t\t\t\t\t\t<\/div>\n\t\t\t\t<\/div>\n\t\t\t\t\t<\/div>\n\t\t<\/div>\n\t\t\t\t\t<\/div>\n\t\t<\/section>\n\t\t\t\t<section class=\"elementor-section elementor-top-section elementor-element elementor-element-831be16 elementor-section-boxed elementor-section-height-default elementor-section-height-default\" data-id=\"831be16\" data-element_type=\"section\" data-e-type=\"section\">\n\t\t\t\t\t\t<div class=\"elementor-container elementor-column-gap-default\">\n\t\t\t\t\t<div class=\"elementor-column elementor-col-100 elementor-top-column elementor-element elementor-element-f532dae\" data-id=\"f532dae\" data-element_type=\"column\" data-e-type=\"column\">\n\t\t\t<div class=\"elementor-widget-wrap elementor-element-populated\">\n\t\t\t\t\t\t<div class=\"elementor-element elementor-element-63c9622 elementor-widget elementor-widget-text-editor\" data-id=\"63c9622\" data-element_type=\"widget\" data-e-type=\"widget\" data-widget_type=\"text-editor.default\">\n\t\t\t\t<div class=\"elementor-widget-container\">\n\t\t\t\t\t\t\t\t\t<p><strong>Em caso de d\u00favidas, atente para os procedimentos da sua solicita\u00e7\u00e3o de Cr\u00e9dito em AACC abaixo!<\/strong><\/p>\t\t\t\t\t\t\t\t<\/div>\n\t\t\t\t<\/div>\n\t\t\t\t<div class=\"elementor-element elementor-element-5b27939 elementor-widget elementor-widget-image\" data-id=\"5b27939\" data-element_type=\"widget\" data-e-type=\"widget\" data-widget_type=\"image.default\">\n\t\t\t\t<div class=\"elementor-widget-container\">\n\t\t\t\t\t\t\t\t\t\t\t\t\t\t\t<img fetchpriority=\"high\" decoding=\"async\" width=\"894\" height=\"919\" src=\"https:\/\/www2.unifap.br\/eletrica\/files\/2023\/11\/Capturar-1.jpg\" class=\"attachment-full size-full wp-image-12427\" alt=\"\" srcset=\"https:\/\/www2.unifap.br\/eletrica\/files\/2023\/11\/Capturar-1.jpg 894w, https:\/\/www2.unifap.br\/eletrica\/files\/2023\/11\/Capturar-1-292x300.jpg 292w, https:\/\/www2.unifap.br\/eletrica\/files\/2023\/11\/Capturar-1-768x789.jpg 768w\" sizes=\"(max-width: 894px) 100vw, 894px\" \/>\t\t\t\t\t\t\t\t\t\t\t\t\t\t\t<\/div>\n\t\t\t\t<\/div>\n\t\t\t\t\t<\/div>\n\t\t<\/div>\n\t\t\t\t\t<\/div>\n\t\t<\/section>\n\t\t\t\t<section class=\"elementor-section elementor-top-section elementor-element elementor-element-5e87422 elementor-section-boxed elementor-section-height-default elementor-section-height-default\" data-id=\"5e87422\" data-element_type=\"section\" data-e-type=\"section\">\n\t\t\t\t\t\t<div class=\"elementor-container elementor-column-gap-default\">\n\t\t\t\t\t<div class=\"elementor-column elementor-col-100 elementor-top-column elementor-element elementor-element-ac99daa\" data-id=\"ac99daa\" data-element_type=\"column\" data-e-type=\"column\">\n\t\t\t<div class=\"elementor-widget-wrap elementor-element-populated\">\n\t\t\t\t\t\t<div class=\"elementor-element elementor-element-658f9d4 elementor-widget-divider--view-line elementor-widget elementor-widget-divider\" data-id=\"658f9d4\" data-element_type=\"widget\" data-e-type=\"widget\" data-widget_type=\"divider.default\">\n\t\t\t\t<div class=\"elementor-widget-container\">\n\t\t\t\t\t\t\t<div class=\"elementor-divider\">\n\t\t\t<span class=\"elementor-divider-separator\">\n\t\t\t\t\t\t<\/span>\n\t\t<\/div>\n\t\t\t\t\t\t<\/div>\n\t\t\t\t<\/div>\n\t\t\t\t\t<\/div>\n\t\t<\/div>\n\t\t\t\t\t<\/div>\n\t\t<\/section>\n\t\t\t\t<\/div>\n\t\t","protected":false},"excerpt":{"rendered":"<p>AACC(Atividades Acad\u00eamico Cient\u00edfico Culturais) COORDENA\u00c7\u00c3O DE AACC Prof.\u00aa Ma. Kellen Gomes PORTARIA N\u00ba 0124\/2022 E-mail: eletrica.aacc@unifap.br PROCEDIMENTOS PARA CR\u00c9DITO EM AACC \u00a0Dever\u00e3o, ser realizadas Atividades Complementares, tais como trabalhos de inicia\u00e7\u00e3o cient\u00edfica, projetos multidisciplinares, visitas t\u00e9cnicas, trabalhos em equipe, desenvolvimento de prot\u00f3tipos, monitorias, participa\u00e7\u00e3o em empresas juniores, eventos cient\u00edficos e outras atividades empreendedoras. Estas atividades&hellip;<\/p>\n","protected":false},"author":66,"featured_media":0,"parent":4597,"menu_order":11,"comment_status":"closed","ping_status":"closed","template":"fullwidth.php","meta":{"inline_featured_image":false,"ngg_post_thumbnail":0,"footnotes":""},"class_list":["post-974","page","type-page","status-publish","hentry"],"_links":{"self":[{"href":"https:\/\/www2.unifap.br\/eletrica\/wp-json\/wp\/v2\/pages\/974","targetHints":{"allow":["GET"]}}],"collection":[{"href":"https:\/\/www2.unifap.br\/eletrica\/wp-json\/wp\/v2\/pages"}],"about":[{"href":"https:\/\/www2.unifap.br\/eletrica\/wp-json\/wp\/v2\/types\/page"}],"author":[{"embeddable":true,"href":"https:\/\/www2.unifap.br\/eletrica\/wp-json\/wp\/v2\/users\/66"}],"replies":[{"embeddable":true,"href":"https:\/\/www2.unifap.br\/eletrica\/wp-json\/wp\/v2\/comments?post=974"}],"version-history":[{"count":31,"href":"https:\/\/www2.unifap.br\/eletrica\/wp-json\/wp\/v2\/pages\/974\/revisions"}],"predecessor-version":[{"id":12434,"href":"https:\/\/www2.unifap.br\/eletrica\/wp-json\/wp\/v2\/pages\/974\/revisions\/12434"}],"up":[{"embeddable":true,"href":"https:\/\/www2.unifap.br\/eletrica\/wp-json\/wp\/v2\/pages\/4597"}],"wp:attachment":[{"href":"https:\/\/www2.unifap.br\/eletrica\/wp-json\/wp\/v2\/media?parent=974"}],"curies":[{"name":"wp","href":"https:\/\/api.w.org\/{rel}","templated":true}]}}