{"id":103,"date":"2015-10-06T11:42:17","date_gmt":"2015-10-06T11:42:17","guid":{"rendered":"http:\/\/www2.unifap.br\/enfermagem-oiapoque\/?page_id=103"},"modified":"2022-05-18T20:14:08","modified_gmt":"2022-05-18T20:14:08","slug":"apresentacao","status":"publish","type":"page","link":"https:\/\/www2.unifap.br\/enfermagem-oiapoque\/apresentacao\/","title":{"rendered":"Apresenta\u00e7\u00e3o"},"content":{"rendered":"<p style=\"text-align: left;padding-left: 40px\">O curso de Enfermagem no Brasil foi criado oficialmente em 1950, obtendo reconhecimento pela Lei n\u00ba 1.254-50. Seu curr\u00edculo m\u00ednimo obedece a Resolu\u00e7\u00e3o do Conselho Federal de Educa\u00e7\u00e3o. Sua exist\u00eancia e pr\u00e1tica no Estado do Amap\u00e1 fixaram-se atrav\u00e9s do Decreto 98.997 de 02 de Mar\u00e7o de 1990, que institui de acordo com o disposto no Artigo 1\u00ba da Lei n\u00ba 7.530 de 29 de Agosto de 1986, a Funda\u00e7\u00e3o Universidade Federal do Amap\u00e1-UNIFAP e portaria do Minist\u00e9rio da Educa\u00e7\u00e3o n\u00ba 863 de 10 de Setembro de 1990, que aprova o estatuto da Funda\u00e7\u00e3o Universidade Federal do Amap\u00e1, o que garantiu a cria\u00e7\u00e3o do Curso de Licenciatura e Bacharelado em Enfermagem o campus Marco Zero em Macap\u00e1, com Carga Hor\u00e1ria Total: 5000 h, Carga Hor\u00e1ria Te\u00f3rica: 2.415h, Carga Hor\u00e1ria Pr\u00e1tica: 2.385h, Dura\u00e7\u00e3o do curso: 10 Semestres (05 anos), tendo ocorrido o primeiro vestibular (processo seletivo) em 1991 com o ingresso de 50 alunos, iniciando, portanto a primeira<br \/>\nturma de graduandos.<\/p>\n<p style=\"text-align: left;padding-left: 40px\">A enfermagem de acordo com sua fun\u00e7\u00e3o cumpre papel social em cada uma das diferentes \u00e1reas do conhecimento: na assist\u00eancia \u00e0 sa\u00fade individual, sa\u00fade da fam\u00edlia, na sa\u00fade da comunidade e do ambiente, no campo do ensino e da pesquisa. Com isso a pr\u00e1tica profissional envolve um conjunto de processos t\u00e9cnicos de ordem espacial e temporal, sujeitos<br \/>\na frequentes mudan\u00e7as.<\/p>\n<p style=\"text-align: left;padding-left: 40px\">Ao considerar o ser humano como sujeito do processo hist\u00f3rico, focaliza-se aspectos em que a hist\u00f3ria, a pol\u00edtica, a economia, a antropologia, a psicologia, a filosofia, a sociologia, o meio ambiente, dentre outras corroborar\u00e1 \u00e0 forma\u00e7\u00e3o do enfermeiro para desenvolver an\u00e1lise cr\u00edtica e reflexiva, que envolve o campo da sa\u00fade, educa\u00e7\u00e3o e o atendimento individual e coletivo<\/p>\n<p style=\"text-align: left;padding-left: 40px\">Diante deste entendimento, considerando a necessidade de forma\u00e7\u00e3o de Enfermeiros na regi\u00e3o norte do estado do Amap\u00e1, em 2013 o curso de Bacharelado em Enfermagem foi implantado no Campus Binacional Oiapoque, localizado na Rodovia BR-156, n\u00ba 3051, Bairro Universidade, na cidade de Oiapoque- AP CEP: 68.980-000, munic\u00edpio com forte presen\u00e7a ind\u00edgena. O curso atende principalmente alunos da regi\u00e3o, o que inclui os moradores de Oiapoque e cidades pr\u00f3ximas, visto que o campus n\u00e3o possui infra-estrutura para atender acad\u00eamicos que dependam de aux\u00edlios como moradia e restaurante universit\u00e1rio que s\u00e3o comuns em diferentes IFES. O ingresso dos alunos ocorre atrav\u00e9s de processo seletivo anual e quando existirem vagas dispon\u00edveis atrav\u00e9s do lan\u00e7amento de Edital P\u00fablico para Processo Seletivo Simplificado (Vestibulinho) pelo Departamento de Processo Seletivo (DEPSEC).<\/p>\n<p><a href=\"http:\/\/www2.unifap.br\/enfermagem-oiapoque\/files\/2022\/05\/dados-do-curso-.jpg\"><img fetchpriority=\"high\" decoding=\"async\" class=\"alignnone size-full wp-image-1086\" src=\"http:\/\/www2.unifap.br\/enfermagem-oiapoque\/files\/2022\/05\/dados-do-curso-.jpg\" alt=\"\" width=\"826\" height=\"700\"><\/a><\/p>\n<p style=\"padding-left: 40px\">&nbsp;<\/p>\n","protected":false},"excerpt":{"rendered":"<p>O curso de Enfermagem no Brasil foi criado oficialmente em 1950, obtendo reconhecimento pela Lei n\u00ba 1.254-50. Seu curr\u00edculo m\u00ednimo obedece a Resolu\u00e7\u00e3o do Conselho Federal de Educa\u00e7\u00e3o. Sua exist\u00eancia e pr\u00e1tica no Estado do Amap\u00e1 fixaram-se atrav\u00e9s do Decreto&hellip; <\/p>\n<p><a href=\"https:\/\/www2.unifap.br\/enfermagem-oiapoque\/apresentacao\/\" class=\"readmore-button\">Continue Reading<\/a><\/p>\n","protected":false},"author":765,"featured_media":0,"parent":0,"menu_order":0,"comment_status":"closed","ping_status":"closed","template":"","meta":{"inline_featured_image":false,"ngg_post_thumbnail":0,"footnotes":""},"class_list":["post-103","page","type-page","status-publish","hentry"],"_links":{"self":[{"href":"https:\/\/www2.unifap.br\/enfermagem-oiapoque\/wp-json\/wp\/v2\/pages\/103","targetHints":{"allow":["GET"]}}],"collection":[{"href":"https:\/\/www2.unifap.br\/enfermagem-oiapoque\/wp-json\/wp\/v2\/pages"}],"about":[{"href":"https:\/\/www2.unifap.br\/enfermagem-oiapoque\/wp-json\/wp\/v2\/types\/page"}],"author":[{"embeddable":true,"href":"https:\/\/www2.unifap.br\/enfermagem-oiapoque\/wp-json\/wp\/v2\/users\/765"}],"replies":[{"embeddable":true,"href":"https:\/\/www2.unifap.br\/enfermagem-oiapoque\/wp-json\/wp\/v2\/comments?post=103"}],"version-history":[{"count":7,"href":"https:\/\/www2.unifap.br\/enfermagem-oiapoque\/wp-json\/wp\/v2\/pages\/103\/revisions"}],"predecessor-version":[{"id":1087,"href":"https:\/\/www2.unifap.br\/enfermagem-oiapoque\/wp-json\/wp\/v2\/pages\/103\/revisions\/1087"}],"wp:attachment":[{"href":"https:\/\/www2.unifap.br\/enfermagem-oiapoque\/wp-json\/wp\/v2\/media?parent=103"}],"curies":[{"name":"wp","href":"https:\/\/api.w.org\/{rel}","templated":true}]}}