{"id":1059,"date":"2022-05-13T18:11:07","date_gmt":"2022-05-13T18:11:07","guid":{"rendered":"https:\/\/www2.unifap.br\/enfermagem-oiapoque\/?page_id=1059"},"modified":"2025-11-11T20:13:37","modified_gmt":"2025-11-11T20:13:37","slug":"selecao-de-preceptores","status":"publish","type":"page","link":"https:\/\/www2.unifap.br\/enfermagem-oiapoque\/selecao-de-preceptores\/","title":{"rendered":"Processos Seletivos"},"content":{"rendered":"<p><strong>Edital 01\/2025 &#8211; Afirma\/SUS Campus Binacional<\/strong><\/p>\n<p><a href=\"http:\/\/www2.unifap.br\/enfermagem-oiapoque\/files\/2025\/11\/Edital_AfirmaSUS_-_Campus_Binacional_28129_assinado.pdf\">Edital AfirmaSUS<\/a><\/p>\n<p><a href=\"http:\/\/www2.unifap.br\/enfermagem-oiapoque\/files\/2025\/11\/Projeto-AfirmaSUS-Campus-Binacional.pdf\">Projeto AfirmaSUS &#8211; Campus Binacional<\/a><\/p>\n<p><a href=\"http:\/\/www2.unifap.br\/enfermagem-oiapoque\/files\/2025\/11\/portaria-2025-11-05T044415.666.pdf\">Portaria CLAA<\/a><\/p>\n<p><a href=\"http:\/\/www2.unifap.br\/enfermagem-oiapoque\/files\/2025\/11\/Incricoes_Homologadas_AFIRMASUS_-_Campus_Oiapoque_assinado.pdf\">Inscri\u00e7\u00f5es Homologadas<\/a><\/p>\n<p><a href=\"http:\/\/www2.unifap.br\/enfermagem-oiapoque\/files\/2025\/11\/Convocacao-para-entrevistas.pdf\">Convoca\u00e7\u00e3o para entrevistas<\/a><\/p>\n<p><a href=\"http:\/\/www2.unifap.br\/enfermagem-oiapoque\/files\/2025\/11\/Resultado_Preliminar_-_AfirmaSUS_assinado.pdf\">Resultado Preliminar<\/a><\/p>\n<p>&nbsp;<\/p>\n<p><strong>Edital 01\/2025 &#8211; Sele\u00e7\u00e3o de Preceptores Curso de Enfermagem<\/strong><\/p>\n<p><a href=\"http:\/\/www2.unifap.br\/enfermagem-oiapoque\/files\/2025\/01\/Edital-Preceptoria-Enfermagem-2025.pdf\">Edital Preceptoria Enfermagem 2025<\/a><\/p>\n<p><a href=\"http:\/\/www2.unifap.br\/enfermagem-oiapoque\/files\/2025\/01\/Retificacao-N.-1-Edital-Preceptoria-Enfermagem-2025.pdf\">Retifica\u00e7\u00e3o N. 1 Edital Preceptoria Enfermagem 2025<\/a><\/p>\n<p><a href=\"http:\/\/www2.unifap.br\/enfermagem-oiapoque\/files\/2025\/02\/Resultado-Analise-do-Curriculo.pdf\">Resultado An\u00e1lise do Curr\u00edculo 2025<\/a><\/p>\n<p><a href=\"http:\/\/www2.unifap.br\/enfermagem-oiapoque\/files\/2025\/01\/COMUNICADO.pdf\">COMUNICADO<\/a><\/p>\n<p><strong>Edital 01\/2024 &#8211; Sele\u00e7\u00e3o de Preceptores Curso de Enfermagem<\/strong><\/p>\n<p><a href=\"http:\/\/www2.unifap.br\/enfermagem-oiapoque\/files\/2024\/04\/Edital-Preceptoria-Enfermagem-2024.pdf\">Edital Preceptoria Enfermagem 2024<\/a><\/p>\n<p><a href=\"http:\/\/www2.unifap.br\/enfermagem-oiapoque\/files\/2024\/04\/Resultado-Analise-do-Curriculo.pdf\">Resultado An\u00e1lise do Curr\u00edculo 2024<\/a><\/p>\n<p><a href=\"http:\/\/www2.unifap.br\/enfermagem-oiapoque\/files\/2024\/05\/Cronograma-de-Entrevista.pdf\">Cronograma de Entrevista 2024<\/a><\/p>\n<p><a href=\"http:\/\/www2.unifap.br\/enfermagem-oiapoque\/files\/2024\/05\/Resultado-Entrevista.pdf\">Resultado Entrevista 2024<\/a><\/p>\n<p><strong>Edital 01\/2023 &#8211; Sele\u00e7\u00e3o de Preceptores Curso de Enfermagem<\/strong><\/p>\n<p><a href=\"http:\/\/www2.unifap.br\/enfermagem-oiapoque\/files\/2023\/04\/Edital-Preceptoria-Enfermagem-2023.pdf\">Edital Preceptoria Enfermagem 2023<\/a><\/p>\n<p><a href=\"http:\/\/www2.unifap.br\/enfermagem-oiapoque\/files\/2023\/04\/Resultado-Analise-do-Curriculo-2023.pdf\">Resultado An\u00e1lise do Curriculo 2023<\/a><\/p>\n<p><a href=\"http:\/\/www2.unifap.br\/enfermagem-oiapoque\/files\/2023\/04\/Cronograma-de-Entrevista-2023.pdf\">Cronograma de Entrevista 2023<\/a><\/p>\n<p><a href=\"http:\/\/www2.unifap.br\/enfermagem-oiapoque\/files\/2023\/06\/Resultado-Entrevista-2023.pdf\">Resultado Entrevista 2023<\/a><\/p>\n<p><a href=\"http:\/\/www2.unifap.br\/enfermagem-oiapoque\/files\/2023\/06\/Resultado-Final-2023.pdf\">Resultado Final 2023<\/a><\/p>\n<p>&nbsp;<\/p>\n<p><strong>Edital 01\/2022 &#8211; Sele\u00e7\u00e3o de Preceptores Curso de Enfermagem<\/strong><\/p>\n<p><a href=\"http:\/\/www2.unifap.br\/enfermagem-oiapoque\/files\/2022\/05\/Edital-Preceptoria-Enfermagem-2022.pdf\">Edital Preceptoria Enfermagem 2022<\/a><\/p>\n<p><a href=\"http:\/\/www2.unifap.br\/enfermagem-oiapoque\/files\/2022\/05\/Retificacao-01-Edital-Preceptoria-2022.pdf\">Retifica\u00e7\u00e3o 01 &#8211; Edital Preceptoria 2022<\/a><\/p>\n<p><a href=\"http:\/\/www2.unifap.br\/enfermagem-oiapoque\/files\/2022\/06\/Resultado-Analise-do-Curriculo.pdf\">Resultado An\u00e1lise do Curriculo<\/a><\/p>\n<p><a href=\"http:\/\/www2.unifap.br\/enfermagem-oiapoque\/files\/2022\/06\/Cronograma-de-Entrevista.pdf\">Cronograma de Entrevista<\/a><\/p>\n<p><a href=\"http:\/\/www2.unifap.br\/enfermagem-oiapoque\/files\/2022\/06\/Resultado-Entrevista.pdf\">Resultado Entrevista<\/a><\/p>\n<p><a href=\"http:\/\/www2.unifap.br\/enfermagem-oiapoque\/files\/2022\/06\/Resultado-Final.pdf\">Resultado Final<\/a><\/p>\n","protected":false},"excerpt":{"rendered":"<p>Edital 01\/2025 &#8211; Afirma\/SUS Campus Binacional Edital AfirmaSUS Projeto AfirmaSUS &#8211; Campus Binacional Portaria CLAA Inscri\u00e7\u00f5es Homologadas Convoca\u00e7\u00e3o para entrevistas Resultado Preliminar &nbsp; Edital 01\/2025 &#8211; Sele\u00e7\u00e3o de Preceptores Curso de Enfermagem Edital Preceptoria Enfermagem 2025 Retifica\u00e7\u00e3o N. 1 Edital&hellip; <\/p>\n<p><a href=\"https:\/\/www2.unifap.br\/enfermagem-oiapoque\/selecao-de-preceptores\/\" class=\"readmore-button\">Continue Reading<\/a><\/p>\n","protected":false},"author":3918,"featured_media":0,"parent":0,"menu_order":14,"comment_status":"closed","ping_status":"closed","template":"","meta":{"inline_featured_image":false,"ngg_post_thumbnail":0,"footnotes":""},"class_list":["post-1059","page","type-page","status-publish","hentry"],"_links":{"self":[{"href":"https:\/\/www2.unifap.br\/enfermagem-oiapoque\/wp-json\/wp\/v2\/pages\/1059","targetHints":{"allow":["GET"]}}],"collection":[{"href":"https:\/\/www2.unifap.br\/enfermagem-oiapoque\/wp-json\/wp\/v2\/pages"}],"about":[{"href":"https:\/\/www2.unifap.br\/enfermagem-oiapoque\/wp-json\/wp\/v2\/types\/page"}],"author":[{"embeddable":true,"href":"https:\/\/www2.unifap.br\/enfermagem-oiapoque\/wp-json\/wp\/v2\/users\/3918"}],"replies":[{"embeddable":true,"href":"https:\/\/www2.unifap.br\/enfermagem-oiapoque\/wp-json\/wp\/v2\/comments?post=1059"}],"version-history":[{"count":29,"href":"https:\/\/www2.unifap.br\/enfermagem-oiapoque\/wp-json\/wp\/v2\/pages\/1059\/revisions"}],"predecessor-version":[{"id":1324,"href":"https:\/\/www2.unifap.br\/enfermagem-oiapoque\/wp-json\/wp\/v2\/pages\/1059\/revisions\/1324"}],"wp:attachment":[{"href":"https:\/\/www2.unifap.br\/enfermagem-oiapoque\/wp-json\/wp\/v2\/media?parent=1059"}],"curies":[{"name":"wp","href":"https:\/\/api.w.org\/{rel}","templated":true}]}}