{"id":106,"date":"2015-10-06T11:46:30","date_gmt":"2015-10-06T11:46:30","guid":{"rendered":"http:\/\/www2.unifap.br\/enfermagem-oiapoque\/?page_id=106"},"modified":"2023-04-21T15:00:56","modified_gmt":"2023-04-21T15:00:56","slug":"coordenacao","status":"publish","type":"page","link":"https:\/\/www2.unifap.br\/enfermagem-oiapoque\/coordenacao\/","title":{"rendered":"Coordena\u00e7\u00e3o"},"content":{"rendered":"<p><strong>C0ordenador:<\/strong> Prof. Me. Paulo Cezar Gon\u00e7alves da Silva &#8211; <a href=\"http:\/\/www2.unifap.br\/enfermagem-oiapoque\/files\/2022\/03\/Portaria-Coordenador-de-Curso.pdf\">Portaria Coordenador de Curso<\/a><em><br \/>\n<\/em><\/p>\n<p><strong>Coordena\u00e7\u00e3o de Est\u00e1gio: <\/strong>Prof. Me. Heluza Monteiro de Oliveira &#8211; <a href=\"http:\/\/www2.unifap.br\/enfermagem-oiapoque\/files\/2022\/08\/Portaria-Coordenacao-Estagio.pdf\">Portaria Coordena\u00e7\u00e3o Est\u00e1gio<\/a><\/p>\n<p><strong>Coordena\u00e7\u00e3o Laborat\u00f3rio de Morfofisiologia:&nbsp;<\/strong>Prof. Dra. Lu\u00edsa Ant\u00f4nia Campos Barros &#8211; <a href=\"http:\/\/www2.unifap.br\/enfermagem-oiapoque\/files\/2022\/03\/Portaria-Coordena\u00e7\u00e3o-Lab-Morfofisiologia.pdf\">Portaria Coordena\u00e7\u00e3o Lab Morfofisiologia<\/a><\/p>\n<p><strong>Coordena\u00e7\u00e3o Laborat\u00f3rio de Enfermagem: <\/strong>Prof. Me. Heluza Monteiro de Oliveira &#8211; <a href=\"http:\/\/www2.unifap.br\/enfermagem-oiapoque\/files\/2022\/08\/Portaria-Coordenacao-Laboratorio-Enfermagem.pdf\">Portaria Coordena\u00e7\u00e3o Laborat\u00f3rio Enfermagem<\/a><\/p>\n<p><strong>PLANO DE A\u00c7\u00c3O DA COORDENA\u00c7\u00c3O<\/strong><\/p>\n<p><a href=\"http:\/\/www2.unifap.br\/enfermagem-oiapoque\/files\/2022\/03\/Plano-de-A\u00e7\u00e3o-do-Coordenador-2022.pdf\">Plano de A\u00e7\u00e3o do Coordenador 2022<\/a><\/p>\n<p>&nbsp;<\/p>\n<p><strong>Hor\u00e1rio de Atendimento (Atrav\u00e9s de Contato Telef\u00f4nico: (21) 96919-8434):<\/strong><\/p>\n<p>&nbsp;<\/p>\n<p><a href=\"http:\/\/www2.unifap.br\/enfermagem-oiapoque\/files\/2021\/06\/WhatsApp-Image-2021-03-03-at-17.41.57-1.jpeg\"><img fetchpriority=\"high\" decoding=\"async\" class=\"size-medium wp-image-888 aligncenter\" src=\"http:\/\/www2.unifap.br\/enfermagem-oiapoque\/files\/2021\/06\/WhatsApp-Image-2021-03-03-at-17.41.57-1-300x300.jpeg\" alt=\"\" width=\"300\" height=\"300\" srcset=\"https:\/\/www2.unifap.br\/enfermagem-oiapoque\/files\/2021\/06\/WhatsApp-Image-2021-03-03-at-17.41.57-1-300x300.jpeg 300w, https:\/\/www2.unifap.br\/enfermagem-oiapoque\/files\/2021\/06\/WhatsApp-Image-2021-03-03-at-17.41.57-1-1024x1024.jpeg 1024w, https:\/\/www2.unifap.br\/enfermagem-oiapoque\/files\/2021\/06\/WhatsApp-Image-2021-03-03-at-17.41.57-1-150x150.jpeg 150w, https:\/\/www2.unifap.br\/enfermagem-oiapoque\/files\/2021\/06\/WhatsApp-Image-2021-03-03-at-17.41.57-1-768x768.jpeg 768w, https:\/\/www2.unifap.br\/enfermagem-oiapoque\/files\/2021\/06\/WhatsApp-Image-2021-03-03-at-17.41.57-1-70x70.jpeg 70w, https:\/\/www2.unifap.br\/enfermagem-oiapoque\/files\/2021\/06\/WhatsApp-Image-2021-03-03-at-17.41.57-1.jpeg 1080w\" sizes=\"(max-width: 300px) 100vw, 300px\" \/><\/a><\/p>\n<p>* Estes hor\u00e1rios poder\u00e3o sofrer altera\u00e7\u00e3o na medida que for necess\u00e1ria a presen\u00e7a do coordenador ou vice em atividades externas \u00e0 Universidade e em reuni\u00f5es agendadas em espa\u00e7os da Universidade.<\/p>\n<p><strong>E-mail:<\/strong> enfbinacional@unifap.br<\/p>\n<p><strong>Endere\u00e7o:<\/strong> Rodovia BR-156, n\u00ba 3.051 \u2013 Bairro Universidade \u2013 Oiapoque-AP. CEP: 68.980-000.<\/p>\n","protected":false},"excerpt":{"rendered":"<p>C0ordenador: Prof. Me. Paulo Cezar Gon\u00e7alves da Silva &#8211; Portaria Coordenador de Curso Coordena\u00e7\u00e3o de Est\u00e1gio: Prof. Me. Heluza Monteiro de Oliveira &#8211; Portaria Coordena\u00e7\u00e3o Est\u00e1gio Coordena\u00e7\u00e3o Laborat\u00f3rio de Morfofisiologia:&nbsp;Prof. Dra. Lu\u00edsa Ant\u00f4nia Campos Barros &#8211; Portaria Coordena\u00e7\u00e3o Lab Morfofisiologia&hellip; <\/p>\n<p><a href=\"https:\/\/www2.unifap.br\/enfermagem-oiapoque\/coordenacao\/\" class=\"readmore-button\">Continue Reading<\/a><\/p>\n","protected":false},"author":765,"featured_media":0,"parent":0,"menu_order":1,"comment_status":"closed","ping_status":"closed","template":"","meta":{"inline_featured_image":false,"ngg_post_thumbnail":0,"footnotes":""},"class_list":["post-106","page","type-page","status-publish","hentry"],"_links":{"self":[{"href":"https:\/\/www2.unifap.br\/enfermagem-oiapoque\/wp-json\/wp\/v2\/pages\/106","targetHints":{"allow":["GET"]}}],"collection":[{"href":"https:\/\/www2.unifap.br\/enfermagem-oiapoque\/wp-json\/wp\/v2\/pages"}],"about":[{"href":"https:\/\/www2.unifap.br\/enfermagem-oiapoque\/wp-json\/wp\/v2\/types\/page"}],"author":[{"embeddable":true,"href":"https:\/\/www2.unifap.br\/enfermagem-oiapoque\/wp-json\/wp\/v2\/users\/765"}],"replies":[{"embeddable":true,"href":"https:\/\/www2.unifap.br\/enfermagem-oiapoque\/wp-json\/wp\/v2\/comments?post=106"}],"version-history":[{"count":21,"href":"https:\/\/www2.unifap.br\/enfermagem-oiapoque\/wp-json\/wp\/v2\/pages\/106\/revisions"}],"predecessor-version":[{"id":1198,"href":"https:\/\/www2.unifap.br\/enfermagem-oiapoque\/wp-json\/wp\/v2\/pages\/106\/revisions\/1198"}],"wp:attachment":[{"href":"https:\/\/www2.unifap.br\/enfermagem-oiapoque\/wp-json\/wp\/v2\/media?parent=106"}],"curies":[{"name":"wp","href":"https:\/\/api.w.org\/{rel}","templated":true}]}}