{"id":1112,"date":"2022-06-04T19:53:52","date_gmt":"2022-06-04T19:53:52","guid":{"rendered":"https:\/\/www2.unifap.br\/enfermagem-oiapoque\/?page_id=1112"},"modified":"2022-07-08T13:12:52","modified_gmt":"2022-07-08T13:12:52","slug":"bolsas-de-apoio-estudantil","status":"publish","type":"page","link":"https:\/\/www2.unifap.br\/enfermagem-oiapoque\/bolsas-de-apoio-estudantil\/","title":{"rendered":"Bolsas de Apoio Estudantil"},"content":{"rendered":"<p><strong>Processo Seletivo Bolsas de Extens\u00e3o 2022 &#8211; VAGAS REMANESCENTES 02<\/strong><\/p>\n<p><a href=\"http:\/\/www2.unifap.br\/enfermagem-oiapoque\/files\/2022\/06\/Edital-Extensao-CCECBIN-REMANESCENTE-02.pdf\">Edital Extens\u00e3o CCECBIN &#8211; REMANESCENTE 02<\/a><\/p>\n<p><a href=\"http:\/\/www2.unifap.br\/enfermagem-oiapoque\/files\/2022\/07\/Homologacao-das-Inscricoes.pdf\">Homologa\u00e7\u00e3o das Inscri\u00e7\u00f5es<\/a><\/p>\n<p><a href=\"http:\/\/www2.unifap.br\/enfermagem-oiapoque\/files\/2022\/07\/Resultado-do-Memorial-Escrito.pdf\">Resultado do Memorial Escrito<\/a><\/p>\n<p><a href=\"http:\/\/www2.unifap.br\/enfermagem-oiapoque\/files\/2022\/07\/Resultado-da-Entrevista.pdf\">Resultado da Entrevista<\/a><\/p>\n<p>&nbsp;<\/p>\n<p><strong>Processo Seletivo Bolsas de Extens\u00e3o 2022 &#8211; VAGAS REMANESCENTES<\/strong><\/p>\n<p><a href=\"http:\/\/www2.unifap.br\/enfermagem-oiapoque\/files\/2022\/06\/Edital-Extensao-Remanescente-CCECBIN.pdf\">Edital Extens\u00e3o Remanescente CCECBIN<\/a><\/p>\n<p><a href=\"http:\/\/www2.unifap.br\/enfermagem-oiapoque\/files\/2022\/06\/Homologacao-das-Inscricoes-1.pdf\">Homologa\u00e7\u00e3o das Inscri\u00e7\u00f5es<\/a><\/p>\n<p><a href=\"http:\/\/www2.unifap.br\/enfermagem-oiapoque\/files\/2022\/06\/Resultado-das-Entrevistas.pdf\">Resultado das Entrevistas<\/a><\/p>\n<p>&nbsp;<\/p>\n<p><strong>Processo Seletivo Bolsas de Extens\u00e3o 2022<\/strong><\/p>\n<p><a href=\"http:\/\/www2.unifap.br\/enfermagem-oiapoque\/files\/2022\/06\/Edital-Extensao-CCECBIN-2022.pdf\">Edital Extens\u00e3o CCECBIN 2022<\/a><\/p>\n<p><a href=\"http:\/\/www2.unifap.br\/enfermagem-oiapoque\/files\/2022\/06\/Homologacao-das-Inscricoes.pdf\">Homologa\u00e7\u00e3o das Inscri\u00e7\u00f5es<\/a><\/p>\n<p><a href=\"http:\/\/www2.unifap.br\/enfermagem-oiapoque\/files\/2022\/06\/Resultado-do-Memorial-Escrito.pdf\">Resultado do Memorial Escrito<\/a><\/p>\n<p><a href=\"http:\/\/www2.unifap.br\/enfermagem-oiapoque\/files\/2022\/06\/Resultado-da-Entrevista.pdf\">Resultado da Entrevista<\/a><\/p>\n","protected":false},"excerpt":{"rendered":"<p>Processo Seletivo Bolsas de Extens\u00e3o 2022 &#8211; VAGAS REMANESCENTES 02 Edital Extens\u00e3o CCECBIN &#8211; REMANESCENTE 02 Homologa\u00e7\u00e3o das Inscri\u00e7\u00f5es Resultado do Memorial Escrito Resultado da Entrevista &nbsp; Processo Seletivo Bolsas de Extens\u00e3o 2022 &#8211; VAGAS REMANESCENTES Edital Extens\u00e3o Remanescente CCECBIN&hellip; <\/p>\n<p><a href=\"https:\/\/www2.unifap.br\/enfermagem-oiapoque\/bolsas-de-apoio-estudantil\/\" class=\"readmore-button\">Continue Reading<\/a><\/p>\n","protected":false},"author":3918,"featured_media":0,"parent":0,"menu_order":15,"comment_status":"closed","ping_status":"closed","template":"","meta":{"inline_featured_image":false,"ngg_post_thumbnail":0,"footnotes":""},"class_list":["post-1112","page","type-page","status-publish","hentry"],"_links":{"self":[{"href":"https:\/\/www2.unifap.br\/enfermagem-oiapoque\/wp-json\/wp\/v2\/pages\/1112","targetHints":{"allow":["GET"]}}],"collection":[{"href":"https:\/\/www2.unifap.br\/enfermagem-oiapoque\/wp-json\/wp\/v2\/pages"}],"about":[{"href":"https:\/\/www2.unifap.br\/enfermagem-oiapoque\/wp-json\/wp\/v2\/types\/page"}],"author":[{"embeddable":true,"href":"https:\/\/www2.unifap.br\/enfermagem-oiapoque\/wp-json\/wp\/v2\/users\/3918"}],"replies":[{"embeddable":true,"href":"https:\/\/www2.unifap.br\/enfermagem-oiapoque\/wp-json\/wp\/v2\/comments?post=1112"}],"version-history":[{"count":7,"href":"https:\/\/www2.unifap.br\/enfermagem-oiapoque\/wp-json\/wp\/v2\/pages\/1112\/revisions"}],"predecessor-version":[{"id":1141,"href":"https:\/\/www2.unifap.br\/enfermagem-oiapoque\/wp-json\/wp\/v2\/pages\/1112\/revisions\/1141"}],"wp:attachment":[{"href":"https:\/\/www2.unifap.br\/enfermagem-oiapoque\/wp-json\/wp\/v2\/media?parent=1112"}],"curies":[{"name":"wp","href":"https:\/\/api.w.org\/{rel}","templated":true}]}}