{"id":112,"date":"2015-10-06T11:49:11","date_gmt":"2015-10-06T11:49:11","guid":{"rendered":"http:\/\/www2.unifap.br\/enfermagem-oiapoque\/?page_id=112"},"modified":"2024-04-19T19:24:29","modified_gmt":"2024-04-19T19:24:29","slug":"docentes-2","status":"publish","type":"page","link":"https:\/\/www2.unifap.br\/enfermagem-oiapoque\/docentes-2\/","title":{"rendered":"Docentes"},"content":{"rendered":"<p><strong><a href=\"http:\/\/www2.unifap.br\/enfermagem-oiapoque\/files\/2021\/06\/WhatsApp-Image-2021-05-10-at-18.04.50.jpeg\"><img decoding=\"async\" class=\"wp-image-891 alignleft\" src=\"http:\/\/www2.unifap.br\/enfermagem-oiapoque\/files\/2021\/06\/WhatsApp-Image-2021-05-10-at-18.04.50-225x300.jpeg\" alt=\"\" width=\"110\" height=\"147\" srcset=\"https:\/\/www2.unifap.br\/enfermagem-oiapoque\/files\/2021\/06\/WhatsApp-Image-2021-05-10-at-18.04.50-225x300.jpeg 225w, https:\/\/www2.unifap.br\/enfermagem-oiapoque\/files\/2021\/06\/WhatsApp-Image-2021-05-10-at-18.04.50.jpeg 700w\" sizes=\"(max-width: 110px) 100vw, 110px\" \/><\/a>Prof. Me. Paulo Cezar Gon\u00e7alves da Silva<\/strong><\/p>\n<p style=\"text-align: justify\">Atualmente o Coordenador do Curso, possui gradua\u00e7\u00e3o em Enfermagem pela Universidade do Grande Rio (2010). Especializa\u00e7\u00e3o em Enfermagem na Aten\u00e7\u00e3o a Sa\u00fade da Mulher pela FIOCRUZ (2011). Especializa\u00e7\u00e3o em Infectologia pela FIOCRUZ (2012). Mestrado em Sa\u00fade e Tecnologia no Espa\u00e7o Hospitalar pela Universidade Federal do Estado do Rio de Janeiro &#8211; UNIRIO (2018). Doutorado em Enfermagem pela Universidade Federal do Rio de Janeiro &#8211; UFRJ (2024). Possui experi\u00eancia cl\u00ednica na Aten\u00e7\u00e3o B\u00e1sica, Aten\u00e7\u00e3o Especializada, Maternidade, Cl\u00ednica Cir\u00fargica Ginecol\u00f3gica, Ger\u00eancia e Administra\u00e7\u00e3o em todos os n\u00edveis de aten\u00e7\u00e3o e na doc\u00eancia de ensino t\u00e9cnico e superior. \u00c9 membro do Grupo de Pesquisa de Tecnologias e Concep\u00e7\u00f5es para Sistematiza\u00e7\u00e3o da Assist\u00eancia de Enfermagem &#8211; TECCONSAE\/UFRJ. Professor Efetivo da Universidade Federal do Amap\u00e1 desde Agosto de 2020.&nbsp;<\/p>\n<p>Titula\u00e7\u00e3o: Doutor em Enfermagem<\/p>\n<p><a href=\"http:\/\/lattes.cnpq.br\/0797096927816021\">http:\/\/lattes.cnpq.br\/0797096927816021<\/a><\/p>\n<p>E-mail: pcrj03@yahoo.com.br<\/p>\n<p>&nbsp;<\/p>\n<p><strong><a href=\"http:\/\/www2.unifap.br\/enfermagem-oiapoque\/files\/2015\/10\/benedito.jpg\"><img decoding=\"async\" class=\"alignleft size-thumbnail wp-image-182\" src=\"http:\/\/www2.unifap.br\/enfermagem-oiapoque\/files\/2015\/10\/benedito-150x150.jpg\" alt=\"Benedito\" width=\"150\" height=\"150\" srcset=\"https:\/\/www2.unifap.br\/enfermagem-oiapoque\/files\/2015\/10\/benedito-150x150.jpg 150w, https:\/\/www2.unifap.br\/enfermagem-oiapoque\/files\/2015\/10\/benedito-70x70.jpg 70w\" sizes=\"(max-width: 150px) 100vw, 150px\" \/><\/a>Prof. Me. Benedito de Souza Guimar\u00e3es Junior<\/strong><\/p>\n<p style=\"text-align: justify\">Mestrado em Ci\u00eancias Farmac\u00eauticas (Biologia Farmac\u00eautica) UNIFAP (2015), Especialista em Sa\u00fade Publica com \u00canfase em Sa\u00fade da Fam\u00edlia IBPEX (2013) e Graduado em Bacharelado e Licenciatura em Enfermagem (2011) pela Universidade Federal do Amap\u00e1. Ministra as disciplinas: Fisiologia e Biof\u00edsica, Imunologia, Farmacologia, Introdu\u00e7\u00e3o a enfermagem e Enfermagem cir\u00fargica, atuou como bolsista da Universidade de Bras\u00edlia no Projeto Vidas Paralelas. Membro do grupo de pesquisa Bioativos Amaz\u00f4nicos. Desempenha pesquisas com plantas medicinais em toxidade aguda e atividade hipoglicemiante e pesquisa clinica em doen\u00e7as cr\u00f4nicas n\u00e3o transmiss\u00edveis (Hipertens\u00e3o e Diabetes). Professor Efetivo da Universidade Federal do Amap\u00e1 desde Janeiro de 2015.&nbsp;<\/p>\n<p style=\"text-align: justify\">Titula\u00e7\u00e3o: Mestre em Ci\u00eancias Farmac\u00eauticas<\/p>\n<p><a href=\"http:\/\/lattes.cnpq.br\/4340634600010737\">http:\/\/lattes.cnpq.br\/4340634600010737<\/a><\/p>\n<p>E-mail: beneditosguimaraes@gmail.com<\/p>\n<p>&nbsp;<\/p>\n<p><strong><a href=\"http:\/\/www2.unifap.br\/enfermagem-oiapoque\/files\/2021\/06\/120194445_10220938105755883_1657592465407391816_o.jpg\"><img decoding=\"async\" class=\" wp-image-893 alignleft\" src=\"http:\/\/www2.unifap.br\/enfermagem-oiapoque\/files\/2021\/06\/120194445_10220938105755883_1657592465407391816_o-298x300.jpg\" alt=\"\" width=\"150\" height=\"151\" srcset=\"https:\/\/www2.unifap.br\/enfermagem-oiapoque\/files\/2021\/06\/120194445_10220938105755883_1657592465407391816_o-298x300.jpg 298w, https:\/\/www2.unifap.br\/enfermagem-oiapoque\/files\/2021\/06\/120194445_10220938105755883_1657592465407391816_o-1016x1024.jpg 1016w, https:\/\/www2.unifap.br\/enfermagem-oiapoque\/files\/2021\/06\/120194445_10220938105755883_1657592465407391816_o-150x150.jpg 150w, https:\/\/www2.unifap.br\/enfermagem-oiapoque\/files\/2021\/06\/120194445_10220938105755883_1657592465407391816_o-768x774.jpg 768w, https:\/\/www2.unifap.br\/enfermagem-oiapoque\/files\/2021\/06\/120194445_10220938105755883_1657592465407391816_o-70x70.jpg 70w, https:\/\/www2.unifap.br\/enfermagem-oiapoque\/files\/2021\/06\/120194445_10220938105755883_1657592465407391816_o.jpg 1080w\" sizes=\"(max-width: 150px) 100vw, 150px\" \/><\/a>Prof\u00aa. Me. Heluza Monteiro de Oliveira<\/strong><\/p>\n<p style=\"text-align: justify\">Professora efetiva da Universidade Federal do Amap\u00e1 \u2013 UNIFAP, atua como Supervisora de Est\u00e1gio em Aten\u00e7\u00e3o Hospitalar. Mestre Pediatria em Aten\u00e7\u00e3o \u00e0 Sa\u00fade da Crian\u00e7a e do Adolescente do programa de p\u00f3s-gradua\u00e7\u00e3o da Universidade Federal De Ci\u00eancias Da Sa\u00fade De Porto Alegre \u2013 UFCSPA. Especialista em Gest\u00e3o em Sa\u00fade pela Universidade Federal do Amap\u00e1- UNIFAP. Enfermeira formada pelo curso de Bacharelado e Licenciatura Plena em Enfermagem pela Universidade Federal do Amap\u00e1- UNIFAP. Professora Efetiva da Universidade Federal do Amap\u00e1 desde Julho de 2016.&nbsp;&nbsp;<\/p>\n<p style=\"text-align: justify\">Titula\u00e7\u00e3o: Mestre em Pediatria: Aten\u00e7\u00e3o a sa\u00fade da Crian\u00e7a e do Adolescente.<\/p>\n<p style=\"text-align: justify\"><a href=\"http:\/\/lattes.cnpq.br\/9595997591856672\">http:\/\/lattes.cnpq.br\/9595997591856672<\/a><\/p>\n<p style=\"text-align: justify\">E-mail: <a href=\"mailto:heluza.monteiro@unifap.br\">heluza.monteiro@unifap.br<\/a><\/p>\n<p>&nbsp;<\/p>\n<p style=\"text-align: justify\"><strong><a href=\"http:\/\/www2.unifap.br\/enfermagem-oiapoque\/files\/2021\/06\/Foto-Enfermagem-scaled.jpg\"><img loading=\"lazy\" decoding=\"async\" class=\" wp-image-895 alignleft\" src=\"http:\/\/www2.unifap.br\/enfermagem-oiapoque\/files\/2021\/06\/Foto-Enfermagem-300x215.jpg\" alt=\"\" width=\"151\" height=\"108\" srcset=\"https:\/\/www2.unifap.br\/enfermagem-oiapoque\/files\/2021\/06\/Foto-Enfermagem-300x215.jpg 300w, https:\/\/www2.unifap.br\/enfermagem-oiapoque\/files\/2021\/06\/Foto-Enfermagem-1024x733.jpg 1024w, https:\/\/www2.unifap.br\/enfermagem-oiapoque\/files\/2021\/06\/Foto-Enfermagem-768x550.jpg 768w, https:\/\/www2.unifap.br\/enfermagem-oiapoque\/files\/2021\/06\/Foto-Enfermagem-1536x1100.jpg 1536w, https:\/\/www2.unifap.br\/enfermagem-oiapoque\/files\/2021\/06\/Foto-Enfermagem-2048x1466.jpg 2048w\" sizes=\"(max-width: 151px) 100vw, 151px\" \/><\/a>Prof\u00aa.&nbsp; Dr\u00aa. Lu\u00edsa Ant\u00f4nia Campos Barros<\/strong><\/p>\n<p style=\"text-align: justify\">Possui gradua\u00e7\u00e3o em Ci\u00eancias Biol\u00f3gicas (Bacharelado e Licenciatura) pela Universidade Federal de Vi\u00e7osa (2008). Especializa\u00e7\u00e3o em Conhecimentos Tradicionais e Pr\u00e1ticas Escolares na Educa\u00e7\u00e3o B\u00e1sica (2019). Mestrado em Gen\u00e9tica e Melhoramento pela UFV (2010). Doutorado em Gen\u00e9tica e Melhoramento pela Universidade Federal de Vi\u00e7osa (2014). Atualmente \u00e9 professora do curso de Enfermagem da Universidade Federal do Amap\u00e1 &#8211; Campus Binacional do Oiapoque e ministra disciplinas da \u00e1rea de Ci\u00eancias Biol\u00f3gicas. Tem experi\u00eancia na \u00e1rea de Gen\u00e9tica, com \u00eanfase em Gen\u00e9tica Animal atuando principalmente nos seguintes temas: Citogen\u00e9tica, Formicidae, Evolu\u00e7\u00e3o Cromoss\u00f4mica, rDNA, FISH, Conhecimentos tradicionais, Etnomirmecologia e Rela\u00e7\u00f5es raciais. Professora Efetiva da Universidade Federal do Amap\u00e1 desde Agosto de 2015.&nbsp;<\/p>\n<p>Titula\u00e7\u00e3o: Doutorado em Gen\u00e9tica e Melhoramento<\/p>\n<p><a href=\"http:\/\/lattes.cnpq.br\/3102759229194899\">http:\/\/lattes.cnpq.br\/3102759229194899<\/a><\/p>\n<p>E-mail: luufv@yahoo.com.br<\/p>\n<p>&nbsp;<\/p>\n<p><strong><a href=\"http:\/\/www2.unifap.br\/enfermagem-oiapoque\/files\/2021\/06\/IMG-20200120-WA0101.jpg\"><img loading=\"lazy\" decoding=\"async\" class=\" wp-image-897 alignleft\" src=\"http:\/\/www2.unifap.br\/enfermagem-oiapoque\/files\/2021\/06\/IMG-20200120-WA0101-243x300.jpg\" alt=\"\" width=\"150\" height=\"185\" srcset=\"https:\/\/www2.unifap.br\/enfermagem-oiapoque\/files\/2021\/06\/IMG-20200120-WA0101-243x300.jpg 243w, https:\/\/www2.unifap.br\/enfermagem-oiapoque\/files\/2021\/06\/IMG-20200120-WA0101.jpg 592w\" sizes=\"(max-width: 150px) 100vw, 150px\" \/><\/a>Prof. Dr. Luiz Armando Vidal Ramos<\/strong><\/p>\n<p style=\"text-align: justify\">Possui Gradua\u00e7\u00e3o em Fisioterapia pela Faculdade Est\u00e1cio Macap\u00e1 (2009) e Gradua\u00e7\u00e3o em Direito pela Universidade Federal do Amap\u00e1 &#8211; UNIFAP (2018). Doutorado em Ci\u00eancias da Reabilita\u00e7\u00e3o pela Universidade de S\u00e3o Paulo &#8211; USP (2021) e Mestrado em Ci\u00eancias da Reabilita\u00e7\u00e3o pela Universidade de S\u00e3o Paulo &#8211; USP (2012) desenvolvidos no Departamento de Fisioterapia, Fonoaudiologia e Terapia Ocupacional (FOFITO-USP). Especialista em Fisioterapia Ortop\u00e9dica e Desportiva pela Universidade Cidade de S\u00e3o Paulo &#8211; UNICID (2011), e P\u00f3s-Graduado em Gest\u00e3o P\u00fablica pela Funda\u00e7\u00e3o Escola de Sociologia e Pol\u00edtica de S\u00e3o Paulo &#8211; FESPSP (2012). Atualmente \u00e9 Professor Efetivo da Universidade Federal do Amap\u00e1 &#8211; UNIFAP ministrando a Disciplina de Anatomia Humana. Tem experi\u00eancia na \u00e1rea de Pesquisa em Fisioterapia e Gest\u00e3o P\u00fablica, atuando principalmente nos seguintes temas: Metodologia da Pesquisa, Anatomia Sist\u00eamica, Anatomia do Aparelho Locomotor, Neuroanatomia Humana e Sa\u00fade P\u00fablica&#8221;. Professor Efetivo da Universidade Federal do Amap\u00e1 desde Outubro de 2013.<\/p>\n<p>Titula\u00e7\u00e3o: Doutor em Ci\u00eancias da Reabilita\u00e7\u00e3o&nbsp;<\/p>\n<p><a href=\"http:\/\/lattes.cnpq.br\/0043049362083400\">http:\/\/lattes.cnpq.br\/0043049362083400<\/a><\/p>\n<p>E-mail: <a href=\"mailto:luiz.ramos@unifap.br\">luiz.ramos@unifap.br<\/a><\/p>\n<p>&nbsp;<\/p>\n<p><strong><a href=\"http:\/\/www2.unifap.br\/enfermagem-oiapoque\/files\/2021\/06\/RENATA-FOTO.jpg\"><img loading=\"lazy\" decoding=\"async\" class=\" wp-image-899 alignleft\" src=\"http:\/\/www2.unifap.br\/enfermagem-oiapoque\/files\/2021\/06\/RENATA-FOTO-300x300.jpg\" alt=\"\" width=\"150\" height=\"150\" srcset=\"https:\/\/www2.unifap.br\/enfermagem-oiapoque\/files\/2021\/06\/RENATA-FOTO-300x300.jpg 300w, https:\/\/www2.unifap.br\/enfermagem-oiapoque\/files\/2021\/06\/RENATA-FOTO-1024x1024.jpg 1024w, https:\/\/www2.unifap.br\/enfermagem-oiapoque\/files\/2021\/06\/RENATA-FOTO-150x150.jpg 150w, https:\/\/www2.unifap.br\/enfermagem-oiapoque\/files\/2021\/06\/RENATA-FOTO-768x768.jpg 768w, https:\/\/www2.unifap.br\/enfermagem-oiapoque\/files\/2021\/06\/RENATA-FOTO-70x70.jpg 70w, https:\/\/www2.unifap.br\/enfermagem-oiapoque\/files\/2021\/06\/RENATA-FOTO.jpg 1200w\" sizes=\"(max-width: 150px) 100vw, 150px\" \/><\/a>Prof\u00aa. Esp. Renata Sim\u00f5es Monteiro<\/strong><\/p>\n<p style=\"text-align: justify\">Professora auxiliar da Universidade Federal do Amap\u00e1 (UNIFAP), Campus Binacional Oiapoque. Bacharela em Enfermagem pelo Instituto Esperan\u00e7a de Ensino Superior (IESPES). Especialista em Ortopedia e Traumatologia pela Universidade do Estado do Par\u00e1 (UEPA). Especialista em Programa Sa\u00fade da Fam\u00edlia pelo IESPES. Mestre em Enfermagem pela Universidade Federal do Rio de Janeiro &#8211; UFRJ. Atual Coordenadora de Est\u00e1gio Supervisionado Hospitalar e tamb\u00e9m Coordenadora do Laborat\u00f3rio Pr\u00e1ticas de Enfermagem (LAPEN). Membro do Grupo de Pesquisa em Sa\u00fade P\u00fablica da fronteira franco-brasileira, colaborando na pesquisa sobre o perfil de interna\u00e7\u00e3o por Covid-19 em Macap\u00e1. Pesquisadora da \u00e1rea de doen\u00e7as cr\u00f4nicas n\u00e3o-transmiss\u00edveis com \u00eanfase em Hipertens\u00e3o e Diabetes. Professora Efetiva da Universidade Federal do Amap\u00e1 desde Abril de 2017.&nbsp;<\/p>\n<p style=\"text-align: justify\">Titula\u00e7\u00e3o: Mestre em Enfermagem.<\/p>\n<p style=\"text-align: justify\"><a href=\"http:\/\/lattes.cnpq.br\/6590690714916966\">http:\/\/lattes.cnpq.br\/6590690714916966<\/a><\/p>\n<p style=\"text-align: justify\">E-mail: renata10@unifap.br<\/p>\n<p>&nbsp;<\/p>\n<p><strong><a href=\"http:\/\/www2.unifap.br\/enfermagem-oiapoque\/files\/2022\/03\/WhatsApp-Image-2022-03-05-at-08.00.42.jpeg\"><img loading=\"lazy\" decoding=\"async\" class=\" wp-image-1036 alignleft\" src=\"http:\/\/www2.unifap.br\/enfermagem-oiapoque\/files\/2022\/03\/WhatsApp-Image-2022-03-05-at-08.00.42-273x300.jpeg\" alt=\"\" width=\"165\" height=\"181\" srcset=\"https:\/\/www2.unifap.br\/enfermagem-oiapoque\/files\/2022\/03\/WhatsApp-Image-2022-03-05-at-08.00.42-273x300.jpeg 273w, https:\/\/www2.unifap.br\/enfermagem-oiapoque\/files\/2022\/03\/WhatsApp-Image-2022-03-05-at-08.00.42-930x1024.jpeg 930w, https:\/\/www2.unifap.br\/enfermagem-oiapoque\/files\/2022\/03\/WhatsApp-Image-2022-03-05-at-08.00.42-768x845.jpeg 768w, https:\/\/www2.unifap.br\/enfermagem-oiapoque\/files\/2022\/03\/WhatsApp-Image-2022-03-05-at-08.00.42.jpeg 1163w\" sizes=\"(max-width: 165px) 100vw, 165px\" \/><\/a>Prof\u00aa. Me. Scheilla Cristina da Silva<\/strong><\/p>\n<p style=\"text-align: justify\">Possui gradua\u00e7\u00e3o em Enfermagem pela Universidade Federal do Paran\u00e1- (2007) e mestrando em Ci\u00eancias da Sa\u00fade pela Universidade Estadual de Montes Claros- (2010). Atualmente cursando o doutorado em Sa\u00fade Coletiva na Universidade Federal de Santa Catarina. Atuou como enfermeira e gerente do N\u00facleo de Servi\u00e7os T\u00e9cnicos do Hospital Estadual de Oiapoque. Atualmente Professora Assistente do Curso de Gradua\u00e7\u00e3o em Enfermagem da Universidade Federal do Amap\u00e1 Campus Binacional do Oiapoque. Tem experi\u00eancia na \u00e1rea de Enfermagem, com \u00eanfase em enfermagem, atuando principalmente nos seguintes temas: Idoso, Enfermagem, Cuidado, Doen\u00e7a de Alzheimer e Cuidadores. Professora Efetiva da Universidade Federal do Amap\u00e1 desde Janeiro de 2018.<\/p>\n<p><a href=\"http:\/\/lattes.cnpq.br\/5309532689517591\">http:\/\/lattes.cnpq.br\/5309532689517591<\/a><\/p>\n<p>Email:<a href=\"scheilla_cristina@unifap.br\">scheilla_cristina@unifap.br<\/a><\/p>\n<p>&nbsp;<\/p>\n<p style=\"text-align: justify\"><a href=\"http:\/\/www2.unifap.br\/enfermagem-oiapoque\/files\/2021\/06\/WhatsApp-Image-2021-06-19-at-21.24.26.jpeg\"><img loading=\"lazy\" decoding=\"async\" class=\" wp-image-904 alignleft\" src=\"http:\/\/www2.unifap.br\/enfermagem-oiapoque\/files\/2021\/06\/WhatsApp-Image-2021-06-19-at-21.24.26-225x300.jpeg\" alt=\"\" width=\"150\" height=\"200\" srcset=\"https:\/\/www2.unifap.br\/enfermagem-oiapoque\/files\/2021\/06\/WhatsApp-Image-2021-06-19-at-21.24.26-225x300.jpeg 225w, https:\/\/www2.unifap.br\/enfermagem-oiapoque\/files\/2021\/06\/WhatsApp-Image-2021-06-19-at-21.24.26.jpeg 768w\" sizes=\"(max-width: 150px) 100vw, 150px\" \/><\/a> <strong>Prof\u00aa. Me.<\/strong><b>&nbsp;<\/b><b>Veridiana Barreto do Nascimento<\/b><\/p>\n<p style=\"text-align: justify\">Doutoranda em Sociedade Natureza e desenvolvimento pela a Universidade Federal do Oeste do Par\u00e1(2019-2023), Mestre em ci\u00eancias da sa\u00fade pela Universidade de S\u00e3o Paulo, especialista em Sa\u00fade e Seguran\u00e7a no trabalho, com gradua\u00e7\u00e3o em Enfermagem tenho experi\u00eancia nas \u00e1reas: Sa\u00fade Hospitalar como docente do ensino superior nos campos pr\u00e1ticos de sa\u00fade da crian\u00e7a-pediatria, urg\u00eancia e emerg\u00eancia, cl\u00ednica cir\u00fargica e centro cir\u00fargico; Em Sa\u00fade Coletiva dentro da aten\u00e7\u00e3o b\u00e1sica em regi\u00f5es quilombolas com capacita\u00e7\u00f5es para promotores volunt\u00e1rios de sa\u00fade, capacita\u00e7\u00f5es para jovens e adultos (agente comunit\u00e1rio de sa\u00fade, auxiliar de seguran\u00e7a e sa\u00fade no trabalho, auxiliar de consult\u00f3rio odontol\u00f3gico e atendente de farm\u00e1cia); E em Sa\u00fade e Seguran\u00e7a no trabalho com treinamento de primeiros socorros e seguran\u00e7a ocupacional. \u00e1reas de pesquisa: popula\u00e7\u00e3o quilombola, vulnerabilidade e HIV\/Aids, Professora Efetiva da Universidade Federal do Amap\u00e1 desde Julho de 2016.<\/p>\n<p style=\"text-align: justify\">Titula\u00e7\u00e3o: Mestre em Ci\u00eancias da Sa\u00fade.<\/p>\n<p style=\"text-align: justify\"><a href=\"http:\/\/lattes.cnpq.br\/3822457196323867\">http:\/\/lattes.cnpq.br\/3822457196323867<\/a><\/p>\n<p style=\"text-align: justify\">E-mail: <a href=\"mailto:veridiana.nascimento@unifap.br\">veridiana.nascimento@unifap.br<\/a><\/p>\n","protected":false},"excerpt":{"rendered":"<p>Prof. Me. Paulo Cezar Gon\u00e7alves da Silva Atualmente o Coordenador do Curso, possui gradua\u00e7\u00e3o em Enfermagem pela Universidade do Grande Rio (2010). Especializa\u00e7\u00e3o em Enfermagem na Aten\u00e7\u00e3o a Sa\u00fade da Mulher pela FIOCRUZ (2011). Especializa\u00e7\u00e3o em Infectologia pela FIOCRUZ (2012).&hellip; <\/p>\n<p><a href=\"https:\/\/www2.unifap.br\/enfermagem-oiapoque\/docentes-2\/\" class=\"readmore-button\">Continue Reading<\/a><\/p>\n","protected":false},"author":765,"featured_media":0,"parent":0,"menu_order":2,"comment_status":"closed","ping_status":"closed","template":"","meta":{"inline_featured_image":false,"ngg_post_thumbnail":0,"footnotes":""},"class_list":["post-112","page","type-page","status-publish","hentry"],"_links":{"self":[{"href":"https:\/\/www2.unifap.br\/enfermagem-oiapoque\/wp-json\/wp\/v2\/pages\/112","targetHints":{"allow":["GET"]}}],"collection":[{"href":"https:\/\/www2.unifap.br\/enfermagem-oiapoque\/wp-json\/wp\/v2\/pages"}],"about":[{"href":"https:\/\/www2.unifap.br\/enfermagem-oiapoque\/wp-json\/wp\/v2\/types\/page"}],"author":[{"embeddable":true,"href":"https:\/\/www2.unifap.br\/enfermagem-oiapoque\/wp-json\/wp\/v2\/users\/765"}],"replies":[{"embeddable":true,"href":"https:\/\/www2.unifap.br\/enfermagem-oiapoque\/wp-json\/wp\/v2\/comments?post=112"}],"version-history":[{"count":61,"href":"https:\/\/www2.unifap.br\/enfermagem-oiapoque\/wp-json\/wp\/v2\/pages\/112\/revisions"}],"predecessor-version":[{"id":1244,"href":"https:\/\/www2.unifap.br\/enfermagem-oiapoque\/wp-json\/wp\/v2\/pages\/112\/revisions\/1244"}],"wp:attachment":[{"href":"https:\/\/www2.unifap.br\/enfermagem-oiapoque\/wp-json\/wp\/v2\/media?parent=112"}],"curies":[{"name":"wp","href":"https:\/\/api.w.org\/{rel}","templated":true}]}}