{"id":115,"date":"2015-10-06T11:51:10","date_gmt":"2015-10-06T11:51:10","guid":{"rendered":"http:\/\/www2.unifap.br\/enfermagem-oiapoque\/?page_id=115"},"modified":"2022-05-18T18:07:36","modified_gmt":"2022-05-18T18:07:36","slug":"projetos-de-pesquisa-2","status":"publish","type":"page","link":"https:\/\/www2.unifap.br\/enfermagem-oiapoque\/projetos-de-pesquisa-2\/","title":{"rendered":"Projetos de Pesquisa"},"content":{"rendered":"<p style=\"text-align: center\"><strong>PROJETOS DE PESQUISA DESENVOLVIDOS NO COLEGIADO DO CURSO DE ENFERMAGEM<\/strong><\/p>\n<p style=\"text-align: center\"><strong>(ATUALIZA\u00c7\u00c3O: JULHO 2021)<\/strong><\/p>\n<table style=\"height: 6525px\" width=\"727\">\n<tbody>\n<tr>\n<td width=\"189\"><strong>T\u00cdTULO <\/strong><\/td>\n<td width=\"189\"><strong>OBJETIVO <\/strong><\/td>\n<td width=\"189\"><strong>COORDENADOR <\/strong><\/td>\n<\/tr>\n<tr>\n<td width=\"189\">A RELA\u00c7\u00c3O ENTRE MORBIDADE MATERNA GRAVE E O MODELO TE\u00d3RICO DOS TR\u00caS ATRASOS: UMA REVIS\u00c3O SISTEM\u00c1TICA<\/td>\n<td width=\"189\">Trata-se de uma revis\u00e3o sistem\u00e1tica acerca da rela\u00e7\u00e3o entre o modelo te\u00f3rico dos Tr\u00eas Atrasos e a ocorr\u00eancia de morbidade materna grave.<\/p>\n<p>&nbsp;<\/td>\n<td width=\"189\">Lise Maria Carvalho Mendes<\/td>\n<\/tr>\n<tr>\n<td width=\"189\">BUSCA TARDIA PELOS SERVI\u00c7OS DE SA\u00daDE: REPRESENTA\u00c7\u00d5ES SOCIAIS DE MULHERES COM MORBIDADE MATERNA GRAVE<\/td>\n<td width=\"189\">Compreender as representa\u00e7\u00f5es sociais elaboradas por mulheres sobre a busca tardia aos servi\u00e7os de sa\u00fade durante epis\u00f3dios de MMG no \u00faltimo ciclo grav\u00eddico puerperal. M\u00e9todo: M\u00e9todo misto de pesquisa, com sequenciamento quan-quali, prospectivo, a ser realizado em Macap\u00e1-AP. Participar\u00e3o do estudo mulheres sobreviventes a epis\u00f3dios de Morbidade Materna Grave. Ser\u00e1 aplicado um question\u00e1rio contendo dados sociodemogr\u00e1ficos, cl\u00ednicos, laboratoriais, desfechos perinatais e atrasos no recebimento da assist\u00eancia obst\u00e9trica adequada sobre o \u00faltimo ciclo grav\u00eddico puerperal. \u00c0s sobreviventes a epis\u00f3dios de MMG em que seja identificado algum tipo de atraso obst\u00e9trico durante o itiner\u00e1rio terap\u00eautico ser\u00e1 realizada a quest\u00e3o norteadora: Quais fatores influenciaram a busca tardia pelo servi\u00e7o de sa\u00fade? Que buscar\u00e1 compreender as representa\u00e7\u00f5es sociais destas mulheres frente aos atrasos no recebimento de cuidados obst\u00e9tricos adequados.? Que buscar\u00e1 compreender as representa\u00e7\u00f5es sociais destas mulheres frente aos atrasos no recebimento de cuidados obst\u00e9tricos adequados. Os dados ser\u00e3o analisados por meio da an\u00e1lise multivariada de regress\u00e3o log\u00edstica e categorias tem\u00e1ticas, analisadas \u00e0 luz da teoria das Representa\u00e7\u00f5es Sociais. A presente pesquisa seguir\u00e1 as normas para pesquisas envolvendo seres humanos, estabelecidas pela Resolu\u00e7\u00e3o 466\/12 do Conselho Nacional de Sa\u00fade. A coleta de dados obteve aprova\u00e7\u00e3o do Comit\u00ea de \u00c9tica da Universidade de S\u00e3o Paulo.<\/p>\n<p>&nbsp;<\/td>\n<td width=\"189\">Lise Maria Carvalho Mendes<\/td>\n<\/tr>\n<tr>\n<td width=\"189\">CITOGEN\u00c9TICA DE FORMIGAS CULTIVADORAS DE FUNGO (FORMICIDAE: MYRMICINAE: ATTINI) E LEVANTAMENTO DESSAS FORMIGAS NO ESTADO DO AMAP\u00c1<\/p>\n<p>&nbsp;<\/td>\n<td width=\"189\">Descrever os cari\u00f3tipos de esp\u00e9cies formigas cultivadoras de fungo (subtribo Attina) e comparar com dados da literatura al\u00e9m de fazer o levantamento dessas formigas no estado do Amap\u00e1.<\/td>\n<td width=\"189\">Lu\u00edsa Ant\u00f4nia Campos Barros<\/p>\n<p>&nbsp;<\/td>\n<\/tr>\n<tr>\n<td width=\"189\">ENTRE O OURO E O EURO: TRAJET\u00d3RIA DE VIDA DE MULHERES NO GARIMPO<\/td>\n<td width=\"189\">Conhecer as pr\u00e1ticas de sa\u00fade sexual e reprodutiva de mulheres brasileiras que exercem atividades laborais em \u00e1reas de garimpagem. Metodologia: estudo qualitativo, a ser realizado com mulheres que trabalham em garimpos da fronteira franco-brasileira atrav\u00e9s de entrevistas n\u00e3o diretivas, a serem gravadas e transcritas na \u00edntegra, organizadas a partir da An\u00e1lise de Conte\u00fado.<\/td>\n<td width=\"189\">Lise Maria Carvalho Mendes<\/td>\n<\/tr>\n<tr>\n<td width=\"189\">ESTRATIFICA\u00c7\u00c3O DE RISCO CARDIOVASCULAR NA ATEN\u00c7\u00c3O PRIM\u00c1RIA DE OIAPOQUE-AP<\/td>\n<td width=\"189\">Avaliar o risco cardiovascular de pacientes hipertensos atendidos nas Unidades B\u00e1sicas de Sa\u00fade de Oiapoque.<\/td>\n<td width=\"189\">Renata Sim\u00f5es Monteiro<\/p>\n<p>Colaboradores: Paulo Cezar Gon\u00e7alves da Silva e Scheilla Cristina da Silva<\/td>\n<\/tr>\n<tr>\n<td width=\"189\">ESTUDO CITOGEN\u00c9TICO DE ESP\u00c9CIES BRASILEIRAS DE FORMIGAS CORTADEIRAS (FORMICIDAE: MYRMICINAE) E LEVANTAMENTO DESTAS FORMIGAS NO NORTE DO ESTADO DO AMAP\u00c1<\/p>\n<p>&nbsp;<\/td>\n<td width=\"189\">Estudar citogeneticamente algumas esp\u00e9cies brasileiras de formigas cortadeiras e fazer o levantamento destas esp\u00e9cies no norte do Estado do Amap\u00e1 com o intuito de enriquecer os conhecimentos citogen\u00e9ticos e da distribui\u00e7\u00e3o deste grupo peculiar de formigas.<\/td>\n<td width=\"189\">Lu\u00edsa Ant\u00f4nia Campos Barros<\/p>\n<p>&nbsp;<\/td>\n<\/tr>\n<tr>\n<td width=\"189\">ESTUDO DA MIRMECOFAUNA ARBOR\u00cdCOLA EM OIAPOQUE-AP: UM ESTUDO PRELIMINAR<\/p>\n<p>&nbsp;<\/td>\n<td width=\"189\">Realizar o levantamento da mirmecofauna arbor\u00edcola em Oiapoque.<\/p>\n<p>&nbsp;<\/td>\n<td width=\"189\">Hilton Jeferson Alves Cardoso de Aguiar<\/p>\n<p>Colaboradora: Lu\u00edsa Ant\u00f4nia Campos Barros<\/p>\n<p>&nbsp;<\/td>\n<\/tr>\n<tr>\n<td width=\"189\">ESTUDOS CITOGEN\u00c9TICOS DE FORMIGAS (HYMENOPTERA: FORMICIDAE) DO AMAP\u00c1 E DA REGI\u00c3O DO ESCUDO DAS GUIANAS.<\/p>\n<p>&nbsp;<\/td>\n<td width=\"189\">Estudar citogeneticamente popula\u00e7\u00f5es de formigas, por meio de diferentes t\u00e9cnicas para a compreens\u00e3o taxon\u00f4mica e evolutiva de grupos de esp\u00e9cies do Amap\u00e1 e da Guiana Francesa em colabora\u00e7\u00e3o com pesquisadores da Guiana Francesa.<\/p>\n<p>&nbsp;<\/td>\n<td width=\"189\">Hilton Jeferson Alves Cardoso de Aguiar<\/p>\n<p>Colaboradora: Lu\u00edsa Ant\u00f4nia Campos Barros<\/p>\n<p>&nbsp;<\/td>\n<\/tr>\n<tr>\n<td width=\"189\">IDENTIFICA\u00c7\u00c3O DE DE DIFICULDADES E D\u00daVIDAS ENFRENTADAS POR PRIMIGESTAS DURANTE O PR\u00c9-NATAL SOB A VIS\u00c3O DO<\/p>\n<p>ENFERMEIRO<\/td>\n<td width=\"189\">Identificar as dificuldades e d\u00favidas enfrentadas por primigestas durante o pr\u00e9-natal a partir da \u00f3tica dos enfermeiros.<\/td>\n<td width=\"189\">N\u00e1dia Cristine Coelho Eugenio<\/p>\n<p>Colaborador: Heluza Monteiro de Oliveira<\/td>\n<\/tr>\n<tr>\n<td width=\"189\">NASCER NO BRASIL 2: INQU\u00c9RITO NACIONAL SOBRE PERDAS FETAIS, PARTOS E NASCIMENTOS (AMAP\u00c1)<\/td>\n<td width=\"189\">A aten\u00e7\u00e3o ao pr\u00e9-natal, parto e nascimento tem sido objeto de diversas pol\u00edticas p\u00fablicas no Brasil, visando reduzir a morbimortalidade materna e infantil e melhorar a qualidade da aten\u00e7\u00e3o \u00e0 sa\u00fade da mulher e da crian\u00e7a. O estudo \u201cNascer no Brasil II: inqu\u00e9rito nacional sobre perdas fetais, partos e nascimentos\u201d, \u00e9 a segunda edi\u00e7\u00e3o do estudo \u201cNascer no Brasil: inqu\u00e9rito nacional sobre parto e nascimento\u201d. O primeiro estudo acompanhou 23.894 pu\u00e9rperas em 266 estabelecimentos de sa\u00fade p\u00fablicos, conveniados ao SUS, e privados, que realizaram mais de 500 partos por ano, entre fevereiro de 2011 e outubro de 2012. Nesta nova edi\u00e7\u00e3o, o estudo ser\u00e1 ampliado, incluindo maternidades com menos de 500 partos por ano, e tamb\u00e9m o tema das perdas fetais precoces, n\u00e3o abordado no estudo anterior. Ser\u00e3o acompanhadas 24. 255 mulheres, que ingressarem no sistema de sa\u00fade para o parto ou por perda fetal precoce, em 465 maternidades em todo o Brasil. Este novo estudo permitir\u00e1, ainda, analisar a evolu\u00e7\u00e3o da aten\u00e7\u00e3o ao parto e nascimento em maternidades p\u00fablicas e privadas do pa\u00eds. Al\u00e9m do estudo principal sobre perdas fetais, partos e nascimentos outros temas como morbimortalidade materna e perinatal, COVID-19 na gesta\u00e7\u00e3o e transtornos emocionais paternos ser\u00e3o investigados.<\/p>\n<p>&nbsp;<\/td>\n<td width=\"189\">Lise Maria Carvalho Mendes<\/td>\n<\/tr>\n<tr>\n<td width=\"189\">O PERFIL DO CONSUMO DE ANTIBI\u00d3TICOS E DAS POSS\u00cdVEIS INTERA\u00c7\u00d5ES MEDICAMENTOSAS EM IDOSOS<\/p>\n<p>&nbsp;<\/td>\n<td width=\"189\">Avaliar o perfil de consumo de antibi\u00f3ticos e poss\u00edveis intera\u00e7\u00f5es medicamentosas entre idosos atendidos nas UBS do munic\u00edpio de Oiapoque-AP, classificar os medicamentos utilizados quanto a classe farmacol\u00f3gica e via de administra\u00e7\u00e3o e associar os antimicrobianos mais prescritos \u00e0s rea\u00e7\u00f5es mais frequentes descritas na literatura para pacientes idosos.<\/td>\n<td width=\"189\">Rafael Pires Moreira<\/td>\n<\/tr>\n<tr>\n<td width=\"189\">O PERFIL DO CONSUMO DE ANTIBI\u00d3TICOS E DAS POSS\u00cdVEIS INTERA\u00c7\u00d5ES MEDICAMENTOSAS EM CRIAN\u00c7AS ATENDIDAS EM UNIDADES B\u00c1SICAS DE SA\u00daDE DE OIAPOQUE<\/p>\n<p>&nbsp;<\/td>\n<td width=\"189\">Avaliar perfil do uso de antibi\u00f3ticos em crian\u00e7as de 0 \u00e0 12 anos frente ao tratamento as principais infec\u00e7\u00f5es e identificar as poss\u00edveis intera\u00e7\u00f5es medicamentosas.<\/p>\n<p>&nbsp;<\/td>\n<td width=\"189\">Rafael Pires Moreira<\/td>\n<\/tr>\n<tr>\n<td width=\"189\">PERFIL DA MORTALIDADE INFANTIL EM MUNIC\u00cdPIO DE FRONTEIRA NO AMAP\u00c1, 2015-2019.<\/td>\n<td width=\"189\">Caracterizar o perfil da mortalidade infantil no munic\u00edpio de Oiapoque-AP, no per\u00edodo de 2015 \u2013 2019.<\/td>\n<td width=\"189\">Heluza Monteiro de Oliveira<\/p>\n<p>Colaborador: Jardel Pacheco Queiroz<\/td>\n<\/tr>\n<tr>\n<td width=\"189\">PR\u00c1TICAS AGR\u00cdCOLAS E A DIVERSIDADE TAXON\u00d4MICA DE FORMIGAS EM \u00c1REAS DO ESTADO DO AMAP\u00c1 E DA GUIANA FRANCESA<\/p>\n<p>&nbsp;<\/td>\n<td width=\"189\">Compreender a import\u00e2ncia da rela\u00e7\u00e3o entre as pr\u00e1ticas agr\u00edcolas e a emerg\u00eancia de esp\u00e9cies de formigas pragas e sua dispers\u00e3o na regi\u00e3o Franco-Brasileira.<\/td>\n<td width=\"189\">Lu\u00edsa Ant\u00f4nia Campos Barros<\/p>\n<p>&nbsp;<\/td>\n<\/tr>\n<\/tbody>\n<\/table>\n","protected":false},"excerpt":{"rendered":"<p>PROJETOS DE PESQUISA DESENVOLVIDOS NO COLEGIADO DO CURSO DE ENFERMAGEM (ATUALIZA\u00c7\u00c3O: JULHO 2021) T\u00cdTULO OBJETIVO COORDENADOR A RELA\u00c7\u00c3O ENTRE MORBIDADE MATERNA GRAVE E O MODELO TE\u00d3RICO DOS TR\u00caS ATRASOS: UMA REVIS\u00c3O SISTEM\u00c1TICA Trata-se de uma revis\u00e3o sistem\u00e1tica acerca da rela\u00e7\u00e3o&hellip; <\/p>\n<p><a href=\"https:\/\/www2.unifap.br\/enfermagem-oiapoque\/projetos-de-pesquisa-2\/\" class=\"readmore-button\">Continue Reading<\/a><\/p>\n","protected":false},"author":765,"featured_media":0,"parent":0,"menu_order":7,"comment_status":"closed","ping_status":"closed","template":"","meta":{"inline_featured_image":false,"ngg_post_thumbnail":0,"footnotes":""},"class_list":["post-115","page","type-page","status-publish","hentry"],"_links":{"self":[{"href":"https:\/\/www2.unifap.br\/enfermagem-oiapoque\/wp-json\/wp\/v2\/pages\/115","targetHints":{"allow":["GET"]}}],"collection":[{"href":"https:\/\/www2.unifap.br\/enfermagem-oiapoque\/wp-json\/wp\/v2\/pages"}],"about":[{"href":"https:\/\/www2.unifap.br\/enfermagem-oiapoque\/wp-json\/wp\/v2\/types\/page"}],"author":[{"embeddable":true,"href":"https:\/\/www2.unifap.br\/enfermagem-oiapoque\/wp-json\/wp\/v2\/users\/765"}],"replies":[{"embeddable":true,"href":"https:\/\/www2.unifap.br\/enfermagem-oiapoque\/wp-json\/wp\/v2\/comments?post=115"}],"version-history":[{"count":11,"href":"https:\/\/www2.unifap.br\/enfermagem-oiapoque\/wp-json\/wp\/v2\/pages\/115\/revisions"}],"predecessor-version":[{"id":911,"href":"https:\/\/www2.unifap.br\/enfermagem-oiapoque\/wp-json\/wp\/v2\/pages\/115\/revisions\/911"}],"wp:attachment":[{"href":"https:\/\/www2.unifap.br\/enfermagem-oiapoque\/wp-json\/wp\/v2\/media?parent=115"}],"curies":[{"name":"wp","href":"https:\/\/api.w.org\/{rel}","templated":true}]}}