{"id":215,"date":"2015-11-03T19:17:03","date_gmt":"2015-11-03T19:17:03","guid":{"rendered":"http:\/\/www2.unifap.br\/enfermagem-oiapoque\/?page_id=215"},"modified":"2026-03-21T16:50:06","modified_gmt":"2026-03-21T16:50:06","slug":"calendario-academico","status":"publish","type":"page","link":"https:\/\/www2.unifap.br\/enfermagem-oiapoque\/calendario-academico\/","title":{"rendered":"Calend\u00e1rio Acad\u00eamico"},"content":{"rendered":"<p><a href=\"http:\/\/www2.unifap.br\/enfermagem-oiapoque\/files\/2026\/03\/RES.36._2025_-_CONSU_-_Aprova_o_Calendrio_Acadmico-2026.pdf\">Calend\u00e1rio 2026<\/a><\/p>\n<p><a href=\"http:\/\/www2.unifap.br\/enfermagem-oiapoque\/files\/2025\/01\/CALENDARIO_ACADEMICO_2024_-_2025_assinado.pdf\">Calend\u00e1rio 2024 e 2025<\/a><\/p>\n<p><a href=\"http:\/\/www2.unifap.br\/enfermagem-oiapoque\/files\/2023\/06\/RES._7.2023_-_CONSU_-_Aprova_o_Calendrio_Acadmico_2023_-_aplicado__Graduao_-2.pdf\">Calend\u00e1rio 2023<\/a><\/p>\n","protected":false},"excerpt":{"rendered":"<p>Calend\u00e1rio 2026 Calend\u00e1rio 2024 e 2025 Calend\u00e1rio 2023<\/p>\n","protected":false},"author":765,"featured_media":0,"parent":0,"menu_order":5,"comment_status":"closed","ping_status":"closed","template":"","meta":{"inline_featured_image":false,"ngg_post_thumbnail":0,"footnotes":""},"class_list":["post-215","page","type-page","status-publish","hentry"],"_links":{"self":[{"href":"https:\/\/www2.unifap.br\/enfermagem-oiapoque\/wp-json\/wp\/v2\/pages\/215","targetHints":{"allow":["GET"]}}],"collection":[{"href":"https:\/\/www2.unifap.br\/enfermagem-oiapoque\/wp-json\/wp\/v2\/pages"}],"about":[{"href":"https:\/\/www2.unifap.br\/enfermagem-oiapoque\/wp-json\/wp\/v2\/types\/page"}],"author":[{"embeddable":true,"href":"https:\/\/www2.unifap.br\/enfermagem-oiapoque\/wp-json\/wp\/v2\/users\/765"}],"replies":[{"embeddable":true,"href":"https:\/\/www2.unifap.br\/enfermagem-oiapoque\/wp-json\/wp\/v2\/comments?post=215"}],"version-history":[{"count":14,"href":"https:\/\/www2.unifap.br\/enfermagem-oiapoque\/wp-json\/wp\/v2\/pages\/215\/revisions"}],"predecessor-version":[{"id":1341,"href":"https:\/\/www2.unifap.br\/enfermagem-oiapoque\/wp-json\/wp\/v2\/pages\/215\/revisions\/1341"}],"wp:attachment":[{"href":"https:\/\/www2.unifap.br\/enfermagem-oiapoque\/wp-json\/wp\/v2\/media?parent=215"}],"curies":[{"name":"wp","href":"https:\/\/api.w.org\/{rel}","templated":true}]}}