{"id":978,"date":"2022-01-23T11:26:33","date_gmt":"2022-01-23T11:26:33","guid":{"rendered":"http:\/\/www2.unifap.br\/enfermagem-oiapoque\/?page_id=978"},"modified":"2023-04-21T15:17:41","modified_gmt":"2023-04-21T15:17:41","slug":"atas-das-reunioes-do-nde","status":"publish","type":"page","link":"https:\/\/www2.unifap.br\/enfermagem-oiapoque\/atas-das-reunioes-do-nde\/","title":{"rendered":"ATAS das Reuni\u00f5es do NDE"},"content":{"rendered":"<p style=\"text-align: center\"><strong>(ATUALIZA\u00c7\u00c3O: ABRIL 2023)<\/strong><\/p>\n<p style=\"text-align: center\"><strong><a href=\"http:\/\/www2.unifap.br\/enfermagem-oiapoque\/files\/2022\/08\/Portaria-NDE.pdf\">PORTARIA NDE<\/a><\/strong><\/p>\n<p>&nbsp;<\/p>\n<p><strong>Atas(Reuni\u00f5es 2023)<\/strong><\/p>\n<p><a href=\"http:\/\/www2.unifap.br\/enfermagem-oiapoque\/files\/2023\/04\/21-DE-MARCO-DE-2023.pdf\">21 DE MAR\u00c7O DE 2023<\/a><\/p>\n<p><a href=\"http:\/\/www2.unifap.br\/enfermagem-oiapoque\/files\/2023\/04\/03-DE-MARCO-DE-2023.pdf\">03 DE MAR\u00c7O DE 2023<\/a><\/p>\n<p>&nbsp;<\/p>\n<p><strong>Atas(Reuni\u00f5es 2022)<\/strong><\/p>\n<p><a href=\"http:\/\/www2.unifap.br\/enfermagem-oiapoque\/files\/2023\/04\/07-DE-NOVEMBRO-DE-2022.pdf\">07 DE NOVEMBRO DE 2022<\/a><\/p>\n<p><a href=\"http:\/\/www2.unifap.br\/enfermagem-oiapoque\/files\/2023\/01\/ATA-NDE-14-de-OUTUBRO-DE-2022.pdf\">14 de OUTUBRO DE 2022<\/a><\/p>\n<p><a href=\"http:\/\/www2.unifap.br\/enfermagem-oiapoque\/files\/2023\/04\/07-DE-OUTUBRO-DE-2022.pdf\">07 DE OUTUBRO DE 2022<\/a><\/p>\n<p><a href=\"http:\/\/www2.unifap.br\/enfermagem-oiapoque\/files\/2023\/01\/ATA-NDE-25-DE-AGOSTO-DE-2022.pdf\">25 DE AGOSTO DE 2022<\/a><\/p>\n<p><a href=\"http:\/\/www2.unifap.br\/enfermagem-oiapoque\/files\/2023\/01\/ATA-NDE-06-DE-AGOSTO-DE-2022.pdf\">06 DE AGOSTO DE 2022<\/a><\/p>\n<p><a href=\"http:\/\/www2.unifap.br\/enfermagem-oiapoque\/files\/2023\/01\/ATA-NDE-18-DE-JULHO-DE-2022.pdf\">18 DE JULHO DE 2022<\/a><\/p>\n<p><a href=\"http:\/\/www2.unifap.br\/enfermagem-oiapoque\/files\/2023\/01\/ATA-NDE-20-DE-MAIO-DE-2022.pdf\">20 DE MAIO DE 2022<\/a><\/p>\n<p><a href=\"http:\/\/www2.unifap.br\/enfermagem-oiapoque\/files\/2022\/05\/28-DE-MARCO-DE-2022.pdf\">28 DE MAR\u00c7O DE 2022<\/a><\/p>\n<p><a href=\"http:\/\/www2.unifap.br\/enfermagem-oiapoque\/files\/2022\/03\/ATA-21-DE-JANEIRO-DE-2022.pdf\">21 DE JANEIRO DE 2022<\/a><\/p>\n<p><strong>Atas(Reuni\u00f5es 2021)<\/strong><\/p>\n<p><a href=\"http:\/\/www2.unifap.br\/enfermagem-oiapoque\/files\/2022\/03\/ATA-17-DE-DEZEMBRO-DE-2021.pdf\">17 DE DEZEMBRO DE 2021<\/a><\/p>\n<p><a href=\"http:\/\/www2.unifap.br\/enfermagem-oiapoque\/files\/2022\/03\/ATA-21-DE-OUTUBRO-DE-2021.pdf\">21 DE OUTUBRO DE 2021<\/a><\/p>\n<p><a href=\"http:\/\/www2.unifap.br\/enfermagem-oiapoque\/files\/2022\/01\/23-de-Setembro-de-2021.pdf\">23 de Setembro de 2021<\/a><\/p>\n<p><a href=\"http:\/\/www2.unifap.br\/enfermagem-oiapoque\/files\/2022\/01\/25-de-Agosto-de-2021.pdf\">25 de Agosto de 2021<\/a><\/p>\n<p><a href=\"http:\/\/www2.unifap.br\/enfermagem-oiapoque\/files\/2022\/01\/21-de-Julho-de-2021.pdf\">21 de Julho de 2021<\/a><\/p>\n<p><a href=\"http:\/\/www2.unifap.br\/enfermagem-oiapoque\/files\/2022\/01\/11-de-Junho-de-2021.pdf\">11 de Junho de 2021<\/a><\/p>\n<p><a href=\"http:\/\/www2.unifap.br\/enfermagem-oiapoque\/files\/2022\/01\/20-de-Maio-de-2021.pdf\">20 de Maio de 2021<\/a><\/p>\n<p><a href=\"http:\/\/www2.unifap.br\/enfermagem-oiapoque\/files\/2022\/01\/16-de-Abril-de-2021.pdf\">16 de Abril de 2021<\/a><\/p>\n<p><a href=\"http:\/\/www2.unifap.br\/enfermagem-oiapoque\/files\/2022\/01\/18-de-Mar\u00e7o-de-2021.pdf\">18 de Mar\u00e7o de 2021<\/a><\/p>\n","protected":false},"excerpt":{"rendered":"<p>(ATUALIZA\u00c7\u00c3O: ABRIL 2023) PORTARIA NDE &nbsp; Atas(Reuni\u00f5es 2023) 21 DE MAR\u00c7O DE 2023 03 DE MAR\u00c7O DE 2023 &nbsp; Atas(Reuni\u00f5es 2022) 07 DE NOVEMBRO DE 2022 14 de OUTUBRO DE 2022 07 DE OUTUBRO DE 2022 25 DE AGOSTO DE&hellip; <\/p>\n<p><a href=\"https:\/\/www2.unifap.br\/enfermagem-oiapoque\/atas-das-reunioes-do-nde\/\" class=\"readmore-button\">Continue Reading<\/a><\/p>\n","protected":false},"author":3918,"featured_media":0,"parent":0,"menu_order":12,"comment_status":"closed","ping_status":"closed","template":"","meta":{"inline_featured_image":false,"ngg_post_thumbnail":0,"footnotes":""},"class_list":["post-978","page","type-page","status-publish","hentry"],"_links":{"self":[{"href":"https:\/\/www2.unifap.br\/enfermagem-oiapoque\/wp-json\/wp\/v2\/pages\/978","targetHints":{"allow":["GET"]}}],"collection":[{"href":"https:\/\/www2.unifap.br\/enfermagem-oiapoque\/wp-json\/wp\/v2\/pages"}],"about":[{"href":"https:\/\/www2.unifap.br\/enfermagem-oiapoque\/wp-json\/wp\/v2\/types\/page"}],"author":[{"embeddable":true,"href":"https:\/\/www2.unifap.br\/enfermagem-oiapoque\/wp-json\/wp\/v2\/users\/3918"}],"replies":[{"embeddable":true,"href":"https:\/\/www2.unifap.br\/enfermagem-oiapoque\/wp-json\/wp\/v2\/comments?post=978"}],"version-history":[{"count":11,"href":"https:\/\/www2.unifap.br\/enfermagem-oiapoque\/wp-json\/wp\/v2\/pages\/978\/revisions"}],"predecessor-version":[{"id":1202,"href":"https:\/\/www2.unifap.br\/enfermagem-oiapoque\/wp-json\/wp\/v2\/pages\/978\/revisions\/1202"}],"wp:attachment":[{"href":"https:\/\/www2.unifap.br\/enfermagem-oiapoque\/wp-json\/wp\/v2\/media?parent=978"}],"curies":[{"name":"wp","href":"https:\/\/api.w.org\/{rel}","templated":true}]}}