{"id":1132,"date":"2021-01-18T15:45:20","date_gmt":"2021-01-18T15:45:20","guid":{"rendered":"http:\/\/www2.unifap.br\/enfermagem\/?page_id=1132"},"modified":"2022-12-14T23:23:43","modified_gmt":"2022-12-14T23:23:43","slug":"monitoria-voluntaria-e-estagio-extracurricular","status":"publish","type":"page","link":"https:\/\/www2.unifap.br\/enfermagem\/ambienteacademico\/monitoria-voluntaria-e-estagio-extracurricular\/","title":{"rendered":"Est\u00e1gio extracurricular"},"content":{"rendered":"<pre><span style=\"color: #0000ff\"><a style=\"color: #0000ff\" href=\"http:\/\/www2.unifap.br\/enfermagem\/files\/2022\/03\/Normatizacao_Extracurricular_verao-com-capa.pdf\">Normatiza\u00e7\u00e3o de est\u00e1gio extracurricular<\/a><\/span>\r\n\r\n<a href=\"http:\/\/www2.unifap.br\/enfermagem\/files\/2021\/01\/Termo-de-Compromisso-de-Est\u00e1gio-N\u00e3o-Obrigat\u00f3rio1-2.doc\" target=\"_blank\" rel=\"noopener noreferrer\"><span style=\"color: #0000ff\">Termo de Compromisso de Est\u00e1gio<\/span> <\/a><\/pre>\n<pre><span style=\"color: #000000\">OBS.: Caso n\u00e3o consiga baixar os arquivos, <strong>tente com a janela an\u00f4nima<\/strong>, clique com o bot\u00e3o direito e atualize a p\u00e1gina.<\/span><\/pre>\n","protected":false},"excerpt":{"rendered":"<p>Normatiza\u00e7\u00e3o de est\u00e1gio extracurricular Termo de Compromisso de Est\u00e1gio OBS.: Caso n\u00e3o consiga baixar os arquivos, tente com a janela an\u00f4nima, clique com o bot\u00e3o direito e atualize a p\u00e1gina.<\/p>\n","protected":false},"author":3847,"featured_media":0,"parent":91,"menu_order":0,"comment_status":"closed","ping_status":"closed","template":"","meta":{"inline_featured_image":false,"ngg_post_thumbnail":0,"footnotes":""},"class_list":["post-1132","page","type-page","status-publish","hentry"],"_links":{"self":[{"href":"https:\/\/www2.unifap.br\/enfermagem\/wp-json\/wp\/v2\/pages\/1132","targetHints":{"allow":["GET"]}}],"collection":[{"href":"https:\/\/www2.unifap.br\/enfermagem\/wp-json\/wp\/v2\/pages"}],"about":[{"href":"https:\/\/www2.unifap.br\/enfermagem\/wp-json\/wp\/v2\/types\/page"}],"author":[{"embeddable":true,"href":"https:\/\/www2.unifap.br\/enfermagem\/wp-json\/wp\/v2\/users\/3847"}],"replies":[{"embeddable":true,"href":"https:\/\/www2.unifap.br\/enfermagem\/wp-json\/wp\/v2\/comments?post=1132"}],"version-history":[{"count":16,"href":"https:\/\/www2.unifap.br\/enfermagem\/wp-json\/wp\/v2\/pages\/1132\/revisions"}],"predecessor-version":[{"id":2913,"href":"https:\/\/www2.unifap.br\/enfermagem\/wp-json\/wp\/v2\/pages\/1132\/revisions\/2913"}],"up":[{"embeddable":true,"href":"https:\/\/www2.unifap.br\/enfermagem\/wp-json\/wp\/v2\/pages\/91"}],"wp:attachment":[{"href":"https:\/\/www2.unifap.br\/enfermagem\/wp-json\/wp\/v2\/media?parent=1132"}],"curies":[{"name":"wp","href":"https:\/\/api.w.org\/{rel}","templated":true}]}}