{"id":1162,"date":"2021-01-22T00:57:09","date_gmt":"2021-01-22T00:57:09","guid":{"rendered":"http:\/\/www2.unifap.br\/enfermagem\/?page_id=1162"},"modified":"2022-04-02T17:14:38","modified_gmt":"2022-04-02T17:14:38","slug":"lamabe","status":"publish","type":"page","link":"https:\/\/www2.unifap.br\/enfermagem\/laboratorios-e-salas\/lamabe\/","title":{"rendered":"LABORAT\u00d3RIO DE MANUSEIO DE MATERIAIS BIOL\u00d3GICOS EM ENFERMAGEM &#8211; LAMABE"},"content":{"rendered":"<p style=\"text-align: justify\">O <strong>LABORAT\u00d3RIO DE MANUSEIO DE MATERIAIS BIOL\u00d3GICOS EM ENFERMAGEM &#8211; LAMABE <\/strong>Localizado no Campus Marco Zero, pr\u00e9dio do DCBS\/UNIFAP e est\u00e1 vinculado ao Curso de Bacharelado em Enfermagem. Tem como objetivos apresentar aos docentes, discentes e t\u00e9cnicos dos cursos da \u00e1rea da sa\u00fade, as normas b\u00e1sicas definidas institucionalmente para o acesso aos laborat\u00f3rios de estrutura e fun\u00e7\u00e3o, e aos laborat\u00f3rios de habilidades, com vistas a realiza\u00e7\u00e3o de aulas pr\u00e1ticas ou de momentos de estudos em conformidade com padr\u00f5es de biosseguran\u00e7a; informar \u00e0 comunidade acad\u00eamica, em particular das \u00e1reas da sa\u00fade, sobre postura e principais procedimentos a se adotar nos laborat\u00f3rios, visando proteger discentes, t\u00e9cnicos e professores de riscos e acidentes; promover a facilita\u00e7\u00e3o dos trabalhos do coordenador, professor e pessoal t\u00e9cnico, por meio da especifica\u00e7\u00e3o das respectivas atribui\u00e7\u00f5es. O <strong>LAMABE <\/strong>\u00e9 um laborat\u00f3rio multiusu\u00e1rio com finalidade que realiza coletas, registro, prepara\u00e7\u00f5es e an\u00e1lises de materiais biol\u00f3gicos (sangue, soro, plasma, urina, fezes, secre\u00e7\u00f5es, culturas bacteriol\u00f3gicas e f\u00fangicas); manipula\u00e7\u00e3o de produtos qu\u00edmicos, preparo de reagentes, montagem de execu\u00e7\u00e3o de aulas pr\u00e1ticas; manuseio de materiais biol\u00f3gicos em condi\u00e7\u00f5es adequadas utilizando as t\u00e9cnicas de biosseguran\u00e7a para execu\u00e7\u00e3o dos testes pr\u00e1ticos; acompanhamento e execu\u00e7\u00e3o de atividades de extens\u00e3o, auxilio na execu\u00e7\u00e3o de pesquisas e trabalhos de conclus\u00e3o de curso e projetos; lavagem e esteriliza\u00e7\u00e3o de vidrarias; agendamento, prepara\u00e7\u00e3o de aux\u00edlio em aulas pr\u00e1ticas dos professores dos cursos de ci\u00eancias biol\u00f3gicas da sa\u00fade; realiza\u00e7\u00e3o de atividades administrativas.<\/p>\n<pre style=\"text-align: justify\"><a href=\"http:\/\/www2.unifap.br\/enfermagem\/files\/2022\/03\/Regulamento_LAMABE_versao-com-capa.pdf\">Regulamento LAMABE<\/a>\r\n\r\n<a href=\"http:\/\/www2.unifap.br\/enfermagem\/files\/2021\/12\/Portaria_Janiele_Coord_LABAC.pdf\">Portaria Coordenadora<\/a><\/pre>\n","protected":false},"excerpt":{"rendered":"<p>O LABORAT\u00d3RIO DE MANUSEIO DE MATERIAIS BIOL\u00d3GICOS EM ENFERMAGEM &#8211; LAMABE Localizado no Campus Marco Zero, pr\u00e9dio do DCBS\/UNIFAP e est\u00e1 vinculado ao Curso de Bacharelado em Enfermagem. Tem como objetivos apresentar aos docentes, discentes e t\u00e9cnicos dos cursos da \u00e1rea da sa\u00fade, as normas b\u00e1sicas definidas institucionalmente para o \u2026 <a class=\"continue-reading-link\" href=\"https:\/\/www2.unifap.br\/enfermagem\/laboratorios-e-salas\/lamabe\/\"> Continue Lendo <span class=\"meta-nav\">&rarr; <\/span><\/a><\/p>\n","protected":false},"author":3847,"featured_media":0,"parent":1159,"menu_order":0,"comment_status":"closed","ping_status":"closed","template":"","meta":{"inline_featured_image":false,"ngg_post_thumbnail":0,"footnotes":""},"class_list":["post-1162","page","type-page","status-publish","hentry"],"_links":{"self":[{"href":"https:\/\/www2.unifap.br\/enfermagem\/wp-json\/wp\/v2\/pages\/1162","targetHints":{"allow":["GET"]}}],"collection":[{"href":"https:\/\/www2.unifap.br\/enfermagem\/wp-json\/wp\/v2\/pages"}],"about":[{"href":"https:\/\/www2.unifap.br\/enfermagem\/wp-json\/wp\/v2\/types\/page"}],"author":[{"embeddable":true,"href":"https:\/\/www2.unifap.br\/enfermagem\/wp-json\/wp\/v2\/users\/3847"}],"replies":[{"embeddable":true,"href":"https:\/\/www2.unifap.br\/enfermagem\/wp-json\/wp\/v2\/comments?post=1162"}],"version-history":[{"count":22,"href":"https:\/\/www2.unifap.br\/enfermagem\/wp-json\/wp\/v2\/pages\/1162\/revisions"}],"predecessor-version":[{"id":2438,"href":"https:\/\/www2.unifap.br\/enfermagem\/wp-json\/wp\/v2\/pages\/1162\/revisions\/2438"}],"up":[{"embeddable":true,"href":"https:\/\/www2.unifap.br\/enfermagem\/wp-json\/wp\/v2\/pages\/1159"}],"wp:attachment":[{"href":"https:\/\/www2.unifap.br\/enfermagem\/wp-json\/wp\/v2\/media?parent=1162"}],"curies":[{"name":"wp","href":"https:\/\/api.w.org\/{rel}","templated":true}]}}