{"id":1168,"date":"2021-01-22T00:58:30","date_gmt":"2021-01-22T00:58:30","guid":{"rendered":"http:\/\/www2.unifap.br\/enfermagem\/?page_id=1168"},"modified":"2022-03-26T21:54:26","modified_gmt":"2022-03-26T21:54:26","slug":"laboratorio-de-estudos-morfofisiologicos-e-parasitarios-lemp","status":"publish","type":"page","link":"https:\/\/www2.unifap.br\/enfermagem\/laboratorios-e-salas\/laboratorio-de-estudos-morfofisiologicos-e-parasitarios-lemp\/","title":{"rendered":"LABORAT\u00d3RIO DE ESTUDOS MORFOFISIOL\u00d3GICOS E PARASIT\u00c1RIOS &#8211; LEMP"},"content":{"rendered":"<p style=\"text-align: justify\">O <strong>LABORAT\u00d3RIO DE ESTUDOS MORFOFISI\u00d3LOGICOS E PARASIT\u00c1RIOS <\/strong>est\u00e1 localizado no Campus Marco Zero, pr\u00e9dio do DCBS\/UNIFAP e est\u00e1 vinculado ao Curso de Bacharelado em Enfermagem. Este tem como objetivo apoiar as atividades de ensino, pesquisa e extens\u00e3o, na \u00e1rea das ci\u00eancias morfofisiol\u00f3gicas e parasit\u00e1rias, assim como, dar suporte \u00e0s aulas pr\u00e1ticas das disciplinas dos cursos do Departamento de Ci\u00eancias Biol\u00f3gicas e da Sa\u00fade: Ci\u00eancias Biol\u00f3gicas, Enfermagem, Farm\u00e1cia, Fisioterapia e Medicina.<\/p>\n<pre><a href=\"http:\/\/www2.unifap.br\/enfermagem\/files\/2022\/03\/Regulamento_LEMP_versao-com-capa.pdf\">Regulamento LEMP<\/a>\r\n\r\n<a href=\"http:\/\/www2.unifap.br\/enfermagem\/files\/2021\/11\/Portaria_SilviaElena_Coord_LEMPIS.pdf\" target=\"_blank\" rel=\"noopener noreferrer\">Portaria Coordenadora<\/a><\/pre>\n","protected":false},"excerpt":{"rendered":"<p>O LABORAT\u00d3RIO DE ESTUDOS MORFOFISI\u00d3LOGICOS E PARASIT\u00c1RIOS est\u00e1 localizado no Campus Marco Zero, pr\u00e9dio do DCBS\/UNIFAP e est\u00e1 vinculado ao Curso de Bacharelado em Enfermagem. Este tem como objetivo apoiar as atividades de ensino, pesquisa e extens\u00e3o, na \u00e1rea das ci\u00eancias morfofisiol\u00f3gicas e parasit\u00e1rias, assim como, dar suporte \u00e0s aulas \u2026 <a class=\"continue-reading-link\" href=\"https:\/\/www2.unifap.br\/enfermagem\/laboratorios-e-salas\/laboratorio-de-estudos-morfofisiologicos-e-parasitarios-lemp\/\"> Continue Lendo <span class=\"meta-nav\">&rarr; <\/span><\/a><\/p>\n","protected":false},"author":3847,"featured_media":0,"parent":1159,"menu_order":0,"comment_status":"closed","ping_status":"closed","template":"","meta":{"inline_featured_image":false,"ngg_post_thumbnail":0,"footnotes":""},"class_list":["post-1168","page","type-page","status-publish","hentry"],"_links":{"self":[{"href":"https:\/\/www2.unifap.br\/enfermagem\/wp-json\/wp\/v2\/pages\/1168","targetHints":{"allow":["GET"]}}],"collection":[{"href":"https:\/\/www2.unifap.br\/enfermagem\/wp-json\/wp\/v2\/pages"}],"about":[{"href":"https:\/\/www2.unifap.br\/enfermagem\/wp-json\/wp\/v2\/types\/page"}],"author":[{"embeddable":true,"href":"https:\/\/www2.unifap.br\/enfermagem\/wp-json\/wp\/v2\/users\/3847"}],"replies":[{"embeddable":true,"href":"https:\/\/www2.unifap.br\/enfermagem\/wp-json\/wp\/v2\/comments?post=1168"}],"version-history":[{"count":9,"href":"https:\/\/www2.unifap.br\/enfermagem\/wp-json\/wp\/v2\/pages\/1168\/revisions"}],"predecessor-version":[{"id":2253,"href":"https:\/\/www2.unifap.br\/enfermagem\/wp-json\/wp\/v2\/pages\/1168\/revisions\/2253"}],"up":[{"embeddable":true,"href":"https:\/\/www2.unifap.br\/enfermagem\/wp-json\/wp\/v2\/pages\/1159"}],"wp:attachment":[{"href":"https:\/\/www2.unifap.br\/enfermagem\/wp-json\/wp\/v2\/media?parent=1168"}],"curies":[{"name":"wp","href":"https:\/\/api.w.org\/{rel}","templated":true}]}}