{"id":1172,"date":"2021-01-22T01:02:01","date_gmt":"2021-01-22T01:02:01","guid":{"rendered":"http:\/\/www2.unifap.br\/enfermagem\/?page_id=1172"},"modified":"2022-03-26T22:10:12","modified_gmt":"2022-03-26T22:10:12","slug":"laboratorio-de-semiologia-e-semiotecnica-em-enfermagem-labssenf","status":"publish","type":"page","link":"https:\/\/www2.unifap.br\/enfermagem\/laboratorios-e-salas\/laboratorio-de-semiologia-e-semiotecnica-em-enfermagem-labssenf\/","title":{"rendered":"LABORAT\u00d3RIO DE SEMIOLOGIA E SEMIOT\u00c9CNICA EM ENFERMAGEM &#8211; LABSSENF"},"content":{"rendered":"<p style=\"text-align: justify\">O <strong>LABORAT\u00d3RIO DE SEMIOLOGIA E SEMIOT\u00c9CNICA&nbsp;<\/strong><strong>DE ENFERMAGEM <\/strong>est\u00e1 localizado no segundo piso do Bloco de Enfermagem, campus Marco Zero do Equador, e tem como objetivo servir como suporte ao desenvolvimento curricular do curso de Bacharelado em Enfermagem; possibilitar aos discentes atividades pr\u00e1ticas que possam contribuir para a sua aprendizagem; apoiar o ensino pr\u00e1tico das disciplinas na \u00e1rea espec\u00edfica de Semiologia; simular o ambiente hospitalar; habilitar os discentes, dentro de seu futuro \u00e2mbito profissional, para desenvolverem as t\u00e9cnicas: conforto, movimenta\u00e7\u00e3o, imobiliza\u00e7\u00e3o, conten\u00e7\u00e3o mec\u00e2nica, transporte de paciente, processamento de materiais hospitalares, cateterismo vesical de al\u00edvio e demora, coleta de exames, higiene corp\u00f3rea, administra\u00e7\u00e3o de alimento ao paciente, administra\u00e7\u00e3o de medica\u00e7\u00f5es (SC, ID, IM, EV), manuten\u00e7\u00e3o da integridade da pele, arruma\u00e7\u00e3o de leito, aplica\u00e7\u00e3o de calor e frio, oxigenoterapia, nebuliza\u00e7\u00e3o, aspira\u00e7\u00e3o das vias a\u00e9reas, atividade de manuten\u00e7\u00e3o de um ambiente seguro, administra\u00e7\u00e3o de medica\u00e7\u00f5es via oral e t\u00f3pica, coloca\u00e7\u00e3o de ataduras, elimina\u00e7\u00f5es intestinais, cal\u00e7ar luvas, admiss\u00e3o e transfer\u00eancia de paciente unidade de interna\u00e7\u00e3o, antropometria, monitoriza\u00e7\u00e3o de sinais vitais e simula\u00e7\u00e3o de atendimentos, em n\u00edvel individual e coletivo, e nos diferentes cen\u00e1rios da pr\u00e1tica profissional.<\/p>\n<p style=\"text-align: justify\">O <strong>LABSSENF<\/strong> tem a tem a miss\u00e3o de promover por meio da simula\u00e7\u00e3o real\u00edstica e da realiza\u00e7\u00e3o de procedimentos fundamentais, a qualifica\u00e7\u00e3o do ensino pr\u00e1tico e do desenvolvimento profissional no \u00e2mbito do Curso de Bacharelado em Enfermagem.<\/p>\n<pre><a href=\"http:\/\/www2.unifap.br\/enfermagem\/files\/2022\/03\/Regulamento_LABSSENF_versao-com-capa-1.pdf\">Regulamento LABSSENF<\/a>\r\n\r\n<a href=\"http:\/\/www2.unifap.br\/enfermagem\/files\/2021\/11\/Portaria_D\u00e9bora_Coord_LABSSENF.pdf\" target=\"_blank\" rel=\"noopener noreferrer\">Portaria Coordenadora<\/a><\/pre>\n","protected":false},"excerpt":{"rendered":"<p>O LABORAT\u00d3RIO DE SEMIOLOGIA E SEMIOT\u00c9CNICA&nbsp;DE ENFERMAGEM est\u00e1 localizado no segundo piso do Bloco de Enfermagem, campus Marco Zero do Equador, e tem como objetivo servir como suporte ao desenvolvimento curricular do curso de Bacharelado em Enfermagem; possibilitar aos discentes atividades pr\u00e1ticas que possam contribuir para a sua aprendizagem; apoiar \u2026 <a class=\"continue-reading-link\" href=\"https:\/\/www2.unifap.br\/enfermagem\/laboratorios-e-salas\/laboratorio-de-semiologia-e-semiotecnica-em-enfermagem-labssenf\/\"> Continue Lendo <span class=\"meta-nav\">&rarr; <\/span><\/a><\/p>\n","protected":false},"author":3847,"featured_media":0,"parent":1159,"menu_order":0,"comment_status":"closed","ping_status":"closed","template":"","meta":{"inline_featured_image":false,"ngg_post_thumbnail":0,"footnotes":""},"class_list":["post-1172","page","type-page","status-publish","hentry"],"_links":{"self":[{"href":"https:\/\/www2.unifap.br\/enfermagem\/wp-json\/wp\/v2\/pages\/1172","targetHints":{"allow":["GET"]}}],"collection":[{"href":"https:\/\/www2.unifap.br\/enfermagem\/wp-json\/wp\/v2\/pages"}],"about":[{"href":"https:\/\/www2.unifap.br\/enfermagem\/wp-json\/wp\/v2\/types\/page"}],"author":[{"embeddable":true,"href":"https:\/\/www2.unifap.br\/enfermagem\/wp-json\/wp\/v2\/users\/3847"}],"replies":[{"embeddable":true,"href":"https:\/\/www2.unifap.br\/enfermagem\/wp-json\/wp\/v2\/comments?post=1172"}],"version-history":[{"count":12,"href":"https:\/\/www2.unifap.br\/enfermagem\/wp-json\/wp\/v2\/pages\/1172\/revisions"}],"predecessor-version":[{"id":2259,"href":"https:\/\/www2.unifap.br\/enfermagem\/wp-json\/wp\/v2\/pages\/1172\/revisions\/2259"}],"up":[{"embeddable":true,"href":"https:\/\/www2.unifap.br\/enfermagem\/wp-json\/wp\/v2\/pages\/1159"}],"wp:attachment":[{"href":"https:\/\/www2.unifap.br\/enfermagem\/wp-json\/wp\/v2\/media?parent=1172"}],"curies":[{"name":"wp","href":"https:\/\/api.w.org\/{rel}","templated":true}]}}