{"id":1174,"date":"2021-01-22T01:02:39","date_gmt":"2021-01-22T01:02:39","guid":{"rendered":"http:\/\/www2.unifap.br\/enfermagem\/?page_id=1174"},"modified":"2021-01-30T14:13:25","modified_gmt":"2021-01-30T14:13:25","slug":"laboratorio-materno-infantil-e-da-familia-lamaif","status":"publish","type":"page","link":"https:\/\/www2.unifap.br\/enfermagem\/laboratorios-e-salas\/laboratorio-materno-infantil-e-da-familia-lamaif\/","title":{"rendered":"LABORAT\u00d3RIO MATERNO INFANTIL E DA FAM\u00cdLIA &#8211; LAMAIF"},"content":{"rendered":"<p style=\"text-align: justify\">Tem como objetivo desenvolver habilidades na \u00e1rea de Enfermagem Materno Infantil, atrav\u00e9s do ensino, pesquisa e extens\u00e3o, possibilitando a execu\u00e7\u00e3o de aulas em unidades laboratoriais nas depend\u00eancias da Universidade, para demonstra\u00e7\u00e3o de pr\u00e1ticas de cuidados e procedimentos assistenciais que envolvem o ensino da gradua\u00e7\u00e3o em enfermagem.<\/p>\n<p style=\"text-align: justify\">Respons\u00e1vel pelo laborat\u00f3rio: Prof\u00aa Nely Dayse Santos da Mata<\/p>\n","protected":false},"excerpt":{"rendered":"<p>Tem como objetivo desenvolver habilidades na \u00e1rea de Enfermagem Materno Infantil, atrav\u00e9s do ensino, pesquisa e extens\u00e3o, possibilitando a execu\u00e7\u00e3o de aulas em unidades laboratoriais nas depend\u00eancias da Universidade, para demonstra\u00e7\u00e3o de pr\u00e1ticas de cuidados e procedimentos assistenciais que envolvem o ensino da gradua\u00e7\u00e3o em enfermagem. Respons\u00e1vel pelo laborat\u00f3rio: Prof\u00aa \u2026 <a class=\"continue-reading-link\" href=\"https:\/\/www2.unifap.br\/enfermagem\/laboratorios-e-salas\/laboratorio-materno-infantil-e-da-familia-lamaif\/\"> Continue Lendo <span class=\"meta-nav\">&rarr; <\/span><\/a><\/p>\n","protected":false},"author":3847,"featured_media":0,"parent":1159,"menu_order":0,"comment_status":"closed","ping_status":"closed","template":"","meta":{"inline_featured_image":false,"ngg_post_thumbnail":0,"footnotes":""},"class_list":["post-1174","page","type-page","status-publish","hentry"],"_links":{"self":[{"href":"https:\/\/www2.unifap.br\/enfermagem\/wp-json\/wp\/v2\/pages\/1174","targetHints":{"allow":["GET"]}}],"collection":[{"href":"https:\/\/www2.unifap.br\/enfermagem\/wp-json\/wp\/v2\/pages"}],"about":[{"href":"https:\/\/www2.unifap.br\/enfermagem\/wp-json\/wp\/v2\/types\/page"}],"author":[{"embeddable":true,"href":"https:\/\/www2.unifap.br\/enfermagem\/wp-json\/wp\/v2\/users\/3847"}],"replies":[{"embeddable":true,"href":"https:\/\/www2.unifap.br\/enfermagem\/wp-json\/wp\/v2\/comments?post=1174"}],"version-history":[{"count":6,"href":"https:\/\/www2.unifap.br\/enfermagem\/wp-json\/wp\/v2\/pages\/1174\/revisions"}],"predecessor-version":[{"id":1228,"href":"https:\/\/www2.unifap.br\/enfermagem\/wp-json\/wp\/v2\/pages\/1174\/revisions\/1228"}],"up":[{"embeddable":true,"href":"https:\/\/www2.unifap.br\/enfermagem\/wp-json\/wp\/v2\/pages\/1159"}],"wp:attachment":[{"href":"https:\/\/www2.unifap.br\/enfermagem\/wp-json\/wp\/v2\/media?parent=1174"}],"curies":[{"name":"wp","href":"https:\/\/api.w.org\/{rel}","templated":true}]}}