{"id":1180,"date":"2021-01-22T01:59:26","date_gmt":"2021-01-22T01:59:26","guid":{"rendered":"http:\/\/www2.unifap.br\/enfermagem\/?page_id=1180"},"modified":"2021-01-30T14:26:44","modified_gmt":"2021-01-30T14:26:44","slug":"telessaude","status":"publish","type":"page","link":"https:\/\/www2.unifap.br\/enfermagem\/laboratorios-e-salas\/telessaude\/","title":{"rendered":"TELESSA\u00daDE"},"content":{"rendered":"<p style=\"text-align: justify\"><strong>Da localiza\u00e7\u00e3o:<\/strong> Est\u00e1 situado no bloco do Curso de Enfermagem, com sala de 40m<sup>2 <\/sup>com suporte de 35 computadores, um televisor de 42 polegadas, 1 quadro inteligente, e uma sala de 2m<sup>2<\/sup> para secretaria do ambiente. \u00c9 utilizado por diferentes cursos da Universidade, sendo as \u00a0atividades realizadas neste ambiente a de Teleducac\u0327a\u0303o e Teleconsultoria.<\/p>\n<p style=\"text-align: justify\"><strong>Do Funcionamento:<\/strong> Funciona com quatro estagi\u00e1rios, sendo que dois no per\u00edodo de tempo manh\u00e3 e dois a tarde, em que a fun\u00e7\u00e3o de atender os encaminhamentos chamados e direcionar aos professores respons\u00e1veis pelo tipo de atendimento que ser\u00e1 efetuado (Teleducac\u0327a\u0303o e Teleconsultoria). Para o servi\u00e7o de teleduca\u00e7\u00e3o \u00e9 programado e agendado com os dados da atividade e per\u00edodo de tempo que acontecer\u00e1. Para o servi\u00e7o de teleconsultoria se faz agendamento para as situa\u00e7\u00f5es de esclarecimentos e repasse de conhecimentos em determinadas \u00e1reas de sa\u00fade, buscando entre o grupo de especialistas o que ira fazer a teleconsultoria . Acontece conforme a situa\u00e7\u00e3o de urg\u00eancia que requer cada situa\u00e7\u00e3o chamada na rede e o recurso dispon\u00edvel.<\/p>\n<p style=\"text-align: justify\"><strong>Na Teleducac\u0327a\u0303o <\/strong>em sa\u00fade h\u00e1 produ\u00e7\u00e3o de aulas, cursos de curta dura\u00e7\u00e3o, treinamentos realizados de forma remota, participa\u00e7\u00e3o teleconfer\u00eancias local e nacional. Utiliza-se como estrat\u00e9gia para a implementa\u00e7\u00e3o do Programa de Educa\u00e7\u00e3o Permanente realizado pelo Sistema \u00danico de Sa\u00fade (SUS), o que facilita amplia\u00e7\u00e3o de conhecimentos de forma \u00e1gil e pr\u00e1tica, permitindo a socializa\u00e7\u00e3o dos conhecimentos em sa\u00fade, quebrando obst\u00e1culos geogr\u00e1ficos para que um v\u00e1rios profissionais de sa\u00fade tenham acesso as diferentes estrat\u00e9gias de teleduca\u00e7\u00e3o.<\/p>\n<p style=\"text-align: justify\">Embora, o programa esteja vinculado ao Curso de Enfermagem, h\u00e1 utiliza\u00e7\u00e3o por outros cursos que n\u00e3o s\u00e3o da \u00e1rea da sa\u00fade, no quesito de teleconfer\u00eancias.<\/p>\n<p style=\"text-align: justify\"><strong>Na Teleconsultoria, <\/strong>esta modalidade est\u00e1 sendo utilizada desde mar\u00e7o com a ocorr\u00eancia da pandemia por Covid-19, em que o programa de promo\u00e7\u00e3o da sa\u00fade para pessoas com Diabetes Mellitus, h\u00e1 esclarecimento de d\u00favidas sobre situa\u00e7\u00f5es ou condi\u00e7\u00f5es que envolvem a\u00e7\u00f5es e condutas de profissionais de sa\u00fade, bem como esclarecimento de d\u00favidas de usu\u00e1rios dos servi\u00e7os de sa\u00fade (UBS UNIFAP), em tem\u00e1tica educa\u00e7\u00e3o em sa\u00fade na orienta\u00e7\u00e3o (profissionais ou usu\u00e1rio do servi\u00e7o de sa\u00fade), SOS minhas d\u00favidas destinado a responder sobre sa\u00fade da pessoa com diabetes e hipertens\u00e3o, em rela\u00e7\u00e3o a cuidados e tratamentos medicamentoso: insulinoterapia, antidiab\u00e9ticos orais, anti-hipertensivos, e n\u00e3o medicamentoso: atividade f\u00edsica (educador f\u00edsico), alimenta\u00e7\u00e3o (nutricionista). Tamb\u00e9m acontece teleconsulta profissional (nutri\u00e7\u00e3o, psicologia, educa\u00e7\u00e3o f\u00edsica, enfermagem) com envio de prescri\u00e7\u00e3o via e-mail ou whatsapp. Os casos detectados como emerg\u00eancia se marca presencial (com todas as medidas de prote\u00e7\u00e3o cumpridas) para avalia\u00e7\u00e3o, com isso h\u00e1 pr\u00e1tica do telemonitoramento, em especial as pessoas com doen\u00e7a cr\u00f4nica que foram infectadas pelo covid-19.<\/p>\n<p>&nbsp;<\/p>\n<p>Respons\u00e1vel: Francineide Pereira da Silva Pena<\/p>\n","protected":false},"excerpt":{"rendered":"<p>Da localiza\u00e7\u00e3o: Est\u00e1 situado no bloco do Curso de Enfermagem, com sala de 40m2 com suporte de 35 computadores, um televisor de 42 polegadas, 1 quadro inteligente, e uma sala de 2m2 para secretaria do ambiente. \u00c9 utilizado por diferentes cursos da Universidade, sendo as \u00a0atividades realizadas neste ambiente a \u2026 <a class=\"continue-reading-link\" href=\"https:\/\/www2.unifap.br\/enfermagem\/laboratorios-e-salas\/telessaude\/\"> Continue Lendo <span class=\"meta-nav\">&rarr; <\/span><\/a><\/p>\n","protected":false},"author":3847,"featured_media":0,"parent":1159,"menu_order":0,"comment_status":"closed","ping_status":"closed","template":"","meta":{"inline_featured_image":false,"ngg_post_thumbnail":0,"footnotes":""},"class_list":["post-1180","page","type-page","status-publish","hentry"],"_links":{"self":[{"href":"https:\/\/www2.unifap.br\/enfermagem\/wp-json\/wp\/v2\/pages\/1180","targetHints":{"allow":["GET"]}}],"collection":[{"href":"https:\/\/www2.unifap.br\/enfermagem\/wp-json\/wp\/v2\/pages"}],"about":[{"href":"https:\/\/www2.unifap.br\/enfermagem\/wp-json\/wp\/v2\/types\/page"}],"author":[{"embeddable":true,"href":"https:\/\/www2.unifap.br\/enfermagem\/wp-json\/wp\/v2\/users\/3847"}],"replies":[{"embeddable":true,"href":"https:\/\/www2.unifap.br\/enfermagem\/wp-json\/wp\/v2\/comments?post=1180"}],"version-history":[{"count":5,"href":"https:\/\/www2.unifap.br\/enfermagem\/wp-json\/wp\/v2\/pages\/1180\/revisions"}],"predecessor-version":[{"id":1232,"href":"https:\/\/www2.unifap.br\/enfermagem\/wp-json\/wp\/v2\/pages\/1180\/revisions\/1232"}],"up":[{"embeddable":true,"href":"https:\/\/www2.unifap.br\/enfermagem\/wp-json\/wp\/v2\/pages\/1159"}],"wp:attachment":[{"href":"https:\/\/www2.unifap.br\/enfermagem\/wp-json\/wp\/v2\/media?parent=1180"}],"curies":[{"name":"wp","href":"https:\/\/api.w.org\/{rel}","templated":true}]}}