{"id":1358,"date":"2021-07-15T15:46:40","date_gmt":"2021-07-15T15:46:40","guid":{"rendered":"http:\/\/www2.unifap.br\/enfermagem\/?page_id=1358"},"modified":"2022-04-02T16:47:46","modified_gmt":"2022-04-02T16:47:46","slug":"convenios","status":"publish","type":"page","link":"https:\/\/www2.unifap.br\/enfermagem\/documentos-normativos\/convenios\/","title":{"rendered":"Conv\u00eanios"},"content":{"rendered":"<pre><span style=\"color: #000000\">Prefeitura Municipal de Macap\u00e1 - est\u00e1gio obrigat\u00f3rio: <span style=\"color: #0000ff\"><a style=\"color: #0000ff\" href=\"http:\/\/www2.unifap.br\/enfermagem\/files\/2021\/07\/Conv\u00eanio-PMM-est\u00e1gio-obrigat\u00f3rio-1.pdf\" target=\"_blank\" rel=\"noopener noreferrer\">Conv\u00eanio-PMM est\u00e1gio obrigat\u00f3rio<\/a><\/span>\r\n\r\nPrefeitura Municipal de Macap\u00e1 - est\u00e1gio n\u00e3o-obrigat\u00f3rio: <span style=\"color: #0000ff\"><a style=\"color: #0000ff\" href=\"http:\/\/www2.unifap.br\/enfermagem\/files\/2021\/07\/Conv\u00eanio-PMM-est\u00e1gio-N\u00e3o-obrigat\u00f3rio.pdf\" target=\"_blank\" rel=\"noopener noreferrer\">Conv\u00eanio-PMM est\u00e1gio N\u00e3o obrigat\u00f3rio<\/a><\/span>\r\n\r\nSecretaria Estadual de Sa\u00fade - est\u00e1gio obrigat\u00f3rio: <span style=\"color: #0000ff\"><a style=\"color: #0000ff\" href=\"http:\/\/www2.unifap.br\/enfermagem\/files\/2021\/07\/Conv\u00eanio-Est\u00e1gio-SESA-obrigat\u00f3rio.pdf\" target=\"_blank\" rel=\"noopener noreferrer\">Conv\u00eanio-Est\u00e1gio-SESA-obrigat\u00f3rio<\/a><\/span>\r\n\r\nSecretaria Estadual de Sa\u00fade - est\u00e1gio n\u00e3o-obrigat\u00f3rio: <span style=\"color: #0000ff\"><a style=\"color: #0000ff\" href=\"http:\/\/www2.unifap.br\/enfermagem\/files\/2021\/07\/Conv\u00eanio-Est\u00e1g-SESA-N\u00e3o-obrig.pdf\" target=\"_blank\" rel=\"noopener noreferrer\">Conv\u00eanio-Est\u00e1gio-SESA N\u00e3o obrig<\/a><\/span>\r\n\r\nPrefeitura Municipal de Santana - est\u00e1gio obrigat\u00f3rio: <span style=\"color: #0000ff\"><a style=\"color: #0000ff\" href=\"http:\/\/www2.unifap.br\/enfermagem\/files\/2021\/07\/Conv\u00eanio-est\u00e1g-PMS.pdf\" target=\"_blank\" rel=\"noopener noreferrer\">Conv\u00eanio-Est\u00e1gio PMS<\/a><\/span>\r\n\r\nPrefeitura Municipal de Santana - est\u00e1gio n\u00e3o-obrigat\u00f3rio: <span style=\"color: #0000ff\"><a style=\"color: #0000ff\" href=\"http:\/\/www2.unifap.br\/enfermagem\/files\/2021\/07\/Conv\u00eanio-est\u00e1g-N\u00e3o-Obrig-PMS.pdf\" target=\"_blank\" rel=\"noopener noreferrer\">Conv\u00eanio-Est\u00e1gio-N\u00e3o-Obrig-PMS<\/a><\/span>\r\n\r\nHospital S\u00e3o Camilo - <span style=\"color: #0000ff\"><a style=\"color: #0000ff\" href=\"http:\/\/www2.unifap.br\/enfermagem\/files\/2021\/07\/convnio_de_estgio_UNIFAP-SO_CAMILO_2019.pdf\" target=\"_blank\" rel=\"noopener noreferrer\">convnio_de_estgio_UNIFAP-SO_CAMILO_2019<\/a><\/span>\r\n\r\nSuperintend\u00eancia de Vigil\u00e2ncia de Sa\u00fade do Amap\u00e1:<span style=\"color: #0000ff\"> <a style=\"color: #0000ff\" href=\"http:\/\/www2.unifap.br\/enfermagem\/files\/2021\/07\/Termo-de-Conv\u00eanio-Superintend\u00eancia-de-Vigil\u00e2ncia-de-Sa\u00fade-do-Amap\u00e1-e-a-UNIFAP-3.pdf\" target=\"_blank\" rel=\"noopener noreferrer\">Termo de Conv\u00eanio Superintend\u00eancia de Vigil\u00e2ncia de Sa\u00fade do Amap\u00e1 e a UNIFAP<\/a>\r\n<\/span><\/span><\/pre>\n<p>&nbsp;<\/p>\n<p>&nbsp;<\/p>\n<p>&nbsp;<\/p>\n<p>&nbsp;<\/p>\n<p>&nbsp;<\/p>\n","protected":false},"excerpt":{"rendered":"<p>Prefeitura Municipal de Macap\u00e1 &#8211; est\u00e1gio obrigat\u00f3rio: Conv\u00eanio-PMM est\u00e1gio obrigat\u00f3rio Prefeitura Municipal de Macap\u00e1 &#8211; est\u00e1gio n\u00e3o-obrigat\u00f3rio: Conv\u00eanio-PMM est\u00e1gio N\u00e3o obrigat\u00f3rio Secretaria Estadual de Sa\u00fade &#8211; est\u00e1gio obrigat\u00f3rio: Conv\u00eanio-Est\u00e1gio-SESA-obrigat\u00f3rio Secretaria Estadual de Sa\u00fade &#8211; est\u00e1gio n\u00e3o-obrigat\u00f3rio: Conv\u00eanio-Est\u00e1gio-SESA N\u00e3o obrig Prefeitura Municipal de Santana &#8211; est\u00e1gio obrigat\u00f3rio: Conv\u00eanio-Est\u00e1gio PMS Prefeitura Municipal \u2026 <a class=\"continue-reading-link\" href=\"https:\/\/www2.unifap.br\/enfermagem\/documentos-normativos\/convenios\/\"> Continue Lendo <span class=\"meta-nav\">&rarr; <\/span><\/a><\/p>\n","protected":false},"author":3847,"featured_media":0,"parent":853,"menu_order":0,"comment_status":"closed","ping_status":"closed","template":"","meta":{"inline_featured_image":false,"ngg_post_thumbnail":0,"footnotes":""},"class_list":["post-1358","page","type-page","status-publish","hentry"],"_links":{"self":[{"href":"https:\/\/www2.unifap.br\/enfermagem\/wp-json\/wp\/v2\/pages\/1358","targetHints":{"allow":["GET"]}}],"collection":[{"href":"https:\/\/www2.unifap.br\/enfermagem\/wp-json\/wp\/v2\/pages"}],"about":[{"href":"https:\/\/www2.unifap.br\/enfermagem\/wp-json\/wp\/v2\/types\/page"}],"author":[{"embeddable":true,"href":"https:\/\/www2.unifap.br\/enfermagem\/wp-json\/wp\/v2\/users\/3847"}],"replies":[{"embeddable":true,"href":"https:\/\/www2.unifap.br\/enfermagem\/wp-json\/wp\/v2\/comments?post=1358"}],"version-history":[{"count":4,"href":"https:\/\/www2.unifap.br\/enfermagem\/wp-json\/wp\/v2\/pages\/1358\/revisions"}],"predecessor-version":[{"id":2423,"href":"https:\/\/www2.unifap.br\/enfermagem\/wp-json\/wp\/v2\/pages\/1358\/revisions\/2423"}],"up":[{"embeddable":true,"href":"https:\/\/www2.unifap.br\/enfermagem\/wp-json\/wp\/v2\/pages\/853"}],"wp:attachment":[{"href":"https:\/\/www2.unifap.br\/enfermagem\/wp-json\/wp\/v2\/media?parent=1358"}],"curies":[{"name":"wp","href":"https:\/\/api.w.org\/{rel}","templated":true}]}}