{"id":1455,"date":"2021-09-17T00:16:06","date_gmt":"2021-09-17T00:16:06","guid":{"rendered":"http:\/\/www2.unifap.br\/enfermagem\/?page_id=1455"},"modified":"2022-04-02T17:32:16","modified_gmt":"2022-04-02T17:32:16","slug":"estagio-supervisionado","status":"publish","type":"page","link":"https:\/\/www2.unifap.br\/enfermagem\/ambienteacademico\/estagio-supervisionado\/","title":{"rendered":"Est\u00e1gio Supervisionado"},"content":{"rendered":"<pre><span style=\"color: #0000ff\"><a style=\"color: #0000ff\" href=\"http:\/\/www2.unifap.br\/enfermagem\/files\/2022\/03\/Normatizacao_Estagios_praticas_versao-com-capa.pdf\">Normatiza\u00e7\u00e3o de est\u00e1gio supervisionado e pr\u00e1ticas de disciplinas<\/a><\/span>\r\n\r\n<span style=\"color: #0000ff\"><a style=\"color: #0000ff\" href=\"http:\/\/www2.unifap.br\/enfermagem\/files\/2021\/09\/INSTRUMENTO-DE-AVALIA\u00c7\u00c3O_EST\u00c1GIO.pdf\" target=\"_blank\" rel=\"noopener noreferrer\">Instrumento de avalia\u00e7\u00e3o de est\u00e1gio supervisionado<\/a><\/span>\r\n\r\n<span style=\"color: #0000ff\"><a style=\"color: #0000ff\" href=\"http:\/\/www2.unifap.br\/enfermagem\/files\/2021\/09\/Termo-de-Compromisso-de-Est\u00e1gio-Pr\u00e1tica.doc\" target=\"_blank\" rel=\"noopener noreferrer\">Termo de Compromisso de Est\u00e1gio-Pr\u00e1tica_vers\u00e3o completa<\/a><\/span>\r\n\r\n<span style=\"color: #0000ff\"><a style=\"color: #0000ff\" href=\"http:\/\/www2.unifap.br\/enfermagem\/files\/2022\/03\/Termo-de-Compromisso-de-Est\u00e1gio-Pr\u00e1tica_curto.doc\">Termo de Compromisso de Est\u00e1gio-Pr\u00e1tica_vers\u00e3o curta<\/a><\/span><\/pre>\n<pre><span style=\"color: #000000\">OBS.: Caso n\u00e3o consiga baixar os arquivos, <strong>tente com a janela an\u00f4nima<\/strong>, clique com o bot\u00e3o direito e atualize a p\u00e1gina.<\/span><\/pre>\n","protected":false},"excerpt":{"rendered":"<p>Normatiza\u00e7\u00e3o de est\u00e1gio supervisionado e pr\u00e1ticas de disciplinas Instrumento de avalia\u00e7\u00e3o de est\u00e1gio supervisionado Termo de Compromisso de Est\u00e1gio-Pr\u00e1tica_vers\u00e3o completa Termo de Compromisso de Est\u00e1gio-Pr\u00e1tica_vers\u00e3o curta OBS.: Caso n\u00e3o consiga baixar os arquivos, tente com a janela an\u00f4nima, clique com o bot\u00e3o direito e atualize a p\u00e1gina.<\/p>\n","protected":false},"author":3847,"featured_media":0,"parent":91,"menu_order":0,"comment_status":"closed","ping_status":"closed","template":"","meta":{"inline_featured_image":false,"ngg_post_thumbnail":0,"footnotes":""},"class_list":["post-1455","page","type-page","status-publish","hentry"],"_links":{"self":[{"href":"https:\/\/www2.unifap.br\/enfermagem\/wp-json\/wp\/v2\/pages\/1455","targetHints":{"allow":["GET"]}}],"collection":[{"href":"https:\/\/www2.unifap.br\/enfermagem\/wp-json\/wp\/v2\/pages"}],"about":[{"href":"https:\/\/www2.unifap.br\/enfermagem\/wp-json\/wp\/v2\/types\/page"}],"author":[{"embeddable":true,"href":"https:\/\/www2.unifap.br\/enfermagem\/wp-json\/wp\/v2\/users\/3847"}],"replies":[{"embeddable":true,"href":"https:\/\/www2.unifap.br\/enfermagem\/wp-json\/wp\/v2\/comments?post=1455"}],"version-history":[{"count":15,"href":"https:\/\/www2.unifap.br\/enfermagem\/wp-json\/wp\/v2\/pages\/1455\/revisions"}],"predecessor-version":[{"id":2449,"href":"https:\/\/www2.unifap.br\/enfermagem\/wp-json\/wp\/v2\/pages\/1455\/revisions\/2449"}],"up":[{"embeddable":true,"href":"https:\/\/www2.unifap.br\/enfermagem\/wp-json\/wp\/v2\/pages\/91"}],"wp:attachment":[{"href":"https:\/\/www2.unifap.br\/enfermagem\/wp-json\/wp\/v2\/media?parent=1455"}],"curies":[{"name":"wp","href":"https:\/\/api.w.org\/{rel}","templated":true}]}}