{"id":1459,"date":"2021-09-18T20:40:41","date_gmt":"2021-09-18T20:40:41","guid":{"rendered":"http:\/\/www2.unifap.br\/enfermagem\/?page_id=1459"},"modified":"2023-01-22T13:21:26","modified_gmt":"2023-01-22T13:21:26","slug":"tcc","status":"publish","type":"page","link":"https:\/\/www2.unifap.br\/enfermagem\/ambienteacademico\/tcc\/","title":{"rendered":"TCC"},"content":{"rendered":"<pre><span style=\"color: #0000ff\"><a style=\"color: #0000ff\" href=\"http:\/\/www2.unifap.br\/enfermagem\/files\/2022\/03\/Normatizacao_TCC_versao-com-capa.pdf\">Normatiza\u00e7\u00e3o de TCC<\/a>\r\n<a style=\"color: #0000ff\" href=\"http:\/\/www2.unifap.br\/enfermagem\/files\/2023\/01\/Ficha-de-inscricao.pdf\">Ficha de inscri\u00e7\u00e3o de TCC<\/a>\r\n_______________\r\n<a href=\"http:\/\/www2.unifap.br\/enfermagem\/files\/2022\/12\/AVALIACAO-TCC.pdf\"><span style=\"color: #0000ff\">Ficha de avalia\u00e7\u00e3o_TCC<\/span><\/a>\r\n<a style=\"color: #0000ff\" href=\"http:\/\/www2.unifap.br\/enfermagem\/files\/2022\/02\/Ficha-de-Avalia\u00e7\u00e3o-Artigo.pdf\">Ficha de avalia\u00e7\u00e3o_Artigo<\/a>\r\n<a href=\"http:\/\/www2.unifap.br\/enfermagem\/files\/2023\/01\/ATA-DE-DEFESA.pdf\"><span style=\"color: #0000ff\">Ata de defesa de TCC\/Artigo<\/span><\/a>\r\n_______________\r\n<a style=\"color: #0000ff\" href=\"http:\/\/www2.unifap.br\/enfermagem\/files\/2021\/10\/TERMO-DE-ADIMPL\u00caNCIA-DE-CORRE\u00c7\u00d5ES-DO-TCC.pdf\" target=\"_blank\" rel=\"noopener noreferrer\">Termo de adimpl\u00eancia de corre\u00e7\u00f5es do TCC\/Artigo<\/a>\r\n<a style=\"color: #0000ff\" href=\"http:\/\/www2.unifap.br\/enfermagem\/files\/2021\/10\/DECLARAO-DE-AUTORIA-E-AUTORIZAO-PARA-PUBLICAO_ATUAL.pdf\">Declara\u00e7\u00e3o de autoria e autoriza\u00e7\u00e3o para publica\u00e7\u00e3o<\/a><\/span><\/pre>\n<pre><span style=\"color: #000000\">OBS.: Caso n\u00e3o consiga baixar os arquivos, <strong>tente com a janela an\u00f4nima<\/strong>, clique com o bot\u00e3o direito e atualize a p\u00e1gina.\r\n<strong>Para converter o arquivo de PDF para WORD, utilize o site <span style=\"color: #0000ff\">https:\/\/www.ilovepdf.com\/pt<\/span><\/strong><\/span><\/pre>\n","protected":false},"excerpt":{"rendered":"<p>Normatiza\u00e7\u00e3o de TCC Ficha de inscri\u00e7\u00e3o de TCC _______________ Ficha de avalia\u00e7\u00e3o_TCC Ficha de avalia\u00e7\u00e3o_Artigo Ata de defesa de TCC\/Artigo _______________ Termo de adimpl\u00eancia de corre\u00e7\u00f5es do TCC\/Artigo Declara\u00e7\u00e3o de autoria e autoriza\u00e7\u00e3o para publica\u00e7\u00e3o OBS.: Caso n\u00e3o consiga baixar os arquivos, tente com a janela an\u00f4nima, clique com o \u2026 <a class=\"continue-reading-link\" href=\"https:\/\/www2.unifap.br\/enfermagem\/ambienteacademico\/tcc\/\"> Continue Lendo <span class=\"meta-nav\">&rarr; <\/span><\/a><\/p>\n","protected":false},"author":3847,"featured_media":0,"parent":91,"menu_order":0,"comment_status":"closed","ping_status":"closed","template":"","meta":{"inline_featured_image":false,"ngg_post_thumbnail":0,"footnotes":""},"class_list":["post-1459","page","type-page","status-publish","hentry"],"_links":{"self":[{"href":"https:\/\/www2.unifap.br\/enfermagem\/wp-json\/wp\/v2\/pages\/1459","targetHints":{"allow":["GET"]}}],"collection":[{"href":"https:\/\/www2.unifap.br\/enfermagem\/wp-json\/wp\/v2\/pages"}],"about":[{"href":"https:\/\/www2.unifap.br\/enfermagem\/wp-json\/wp\/v2\/types\/page"}],"author":[{"embeddable":true,"href":"https:\/\/www2.unifap.br\/enfermagem\/wp-json\/wp\/v2\/users\/3847"}],"replies":[{"embeddable":true,"href":"https:\/\/www2.unifap.br\/enfermagem\/wp-json\/wp\/v2\/comments?post=1459"}],"version-history":[{"count":49,"href":"https:\/\/www2.unifap.br\/enfermagem\/wp-json\/wp\/v2\/pages\/1459\/revisions"}],"predecessor-version":[{"id":2967,"href":"https:\/\/www2.unifap.br\/enfermagem\/wp-json\/wp\/v2\/pages\/1459\/revisions\/2967"}],"up":[{"embeddable":true,"href":"https:\/\/www2.unifap.br\/enfermagem\/wp-json\/wp\/v2\/pages\/91"}],"wp:attachment":[{"href":"https:\/\/www2.unifap.br\/enfermagem\/wp-json\/wp\/v2\/media?parent=1459"}],"curies":[{"name":"wp","href":"https:\/\/api.w.org\/{rel}","templated":true}]}}