{"id":1490,"date":"2021-09-29T20:11:14","date_gmt":"2021-09-29T20:11:14","guid":{"rendered":"http:\/\/www2.unifap.br\/enfermagem\/?page_id=1490"},"modified":"2023-07-19T22:22:27","modified_gmt":"2023-07-19T22:22:27","slug":"concessao-de-creditos-ou-equivalencia-de-disciplinas","status":"publish","type":"page","link":"https:\/\/www2.unifap.br\/enfermagem\/ambienteacademico\/concessao-de-creditos-ou-equivalencia-de-disciplinas\/","title":{"rendered":"Concess\u00e3o de cr\u00e9ditos ou equival\u00eancia de disciplinas"},"content":{"rendered":"<p>O discente poder\u00e1 requerer a an\u00e1lise da equival\u00eancia de cr\u00e9ditos entre disciplinas conclu\u00eddas em outros cursos com as disciplinas&nbsp;do Curso de Enfermagem. O discente deve enviar requerimento&nbsp;<strong>(modelo dispon\u00edvel em ambiente acad\u00eamico\/requerimentos) <\/strong>atrav\u00e9s do&nbsp;e-mail<strong>&nbsp;<\/strong><span style=\"color: #0000ff\"><strong>enfermagem@unifap.br<\/strong><\/span>&nbsp;para an\u00e1lise do Coordenador de Curso.&nbsp;<strong>Se houver a compatibilidade de conte\u00fado e carga hor\u00e1ria, a documenta\u00e7\u00e3o ser\u00e1 encaminhada para o parecer final do&nbsp;docente respons\u00e1vel pela disciplina<\/strong>, em conformidade com o&nbsp;Regimento Geral da UNIFAP.<\/p>\n<h4><span style=\"color: #000000\"><strong>Fonte:<\/strong> <span style=\"color: #0000ff\"><a style=\"color: #0000ff\" href=\"http:\/\/www2.unifap.br\/enfermagem\/files\/2020\/02\/REGIMENTO-GERAL-UNIFAP.pdf\">Regimento geral da UNIFAP<\/a><\/span><\/span><\/h4>\n","protected":false},"excerpt":{"rendered":"<p>O discente poder\u00e1 requerer a an\u00e1lise da equival\u00eancia de cr\u00e9ditos entre disciplinas conclu\u00eddas em outros cursos com as disciplinas&nbsp;do Curso de Enfermagem. O discente deve enviar requerimento&nbsp;(modelo dispon\u00edvel em ambiente acad\u00eamico\/requerimentos) atrav\u00e9s do&nbsp;e-mail&nbsp;enfermagem@unifap.br&nbsp;para an\u00e1lise do Coordenador de Curso.&nbsp;Se houver a compatibilidade de conte\u00fado e carga hor\u00e1ria, a documenta\u00e7\u00e3o ser\u00e1 encaminhada \u2026 <a class=\"continue-reading-link\" href=\"https:\/\/www2.unifap.br\/enfermagem\/ambienteacademico\/concessao-de-creditos-ou-equivalencia-de-disciplinas\/\"> Continue Lendo <span class=\"meta-nav\">&rarr; <\/span><\/a><\/p>\n","protected":false},"author":3847,"featured_media":0,"parent":91,"menu_order":0,"comment_status":"closed","ping_status":"closed","template":"","meta":{"inline_featured_image":false,"ngg_post_thumbnail":0,"footnotes":""},"class_list":["post-1490","page","type-page","status-publish","hentry"],"_links":{"self":[{"href":"https:\/\/www2.unifap.br\/enfermagem\/wp-json\/wp\/v2\/pages\/1490","targetHints":{"allow":["GET"]}}],"collection":[{"href":"https:\/\/www2.unifap.br\/enfermagem\/wp-json\/wp\/v2\/pages"}],"about":[{"href":"https:\/\/www2.unifap.br\/enfermagem\/wp-json\/wp\/v2\/types\/page"}],"author":[{"embeddable":true,"href":"https:\/\/www2.unifap.br\/enfermagem\/wp-json\/wp\/v2\/users\/3847"}],"replies":[{"embeddable":true,"href":"https:\/\/www2.unifap.br\/enfermagem\/wp-json\/wp\/v2\/comments?post=1490"}],"version-history":[{"count":24,"href":"https:\/\/www2.unifap.br\/enfermagem\/wp-json\/wp\/v2\/pages\/1490\/revisions"}],"predecessor-version":[{"id":3336,"href":"https:\/\/www2.unifap.br\/enfermagem\/wp-json\/wp\/v2\/pages\/1490\/revisions\/3336"}],"up":[{"embeddable":true,"href":"https:\/\/www2.unifap.br\/enfermagem\/wp-json\/wp\/v2\/pages\/91"}],"wp:attachment":[{"href":"https:\/\/www2.unifap.br\/enfermagem\/wp-json\/wp\/v2\/media?parent=1490"}],"curies":[{"name":"wp","href":"https:\/\/api.w.org\/{rel}","templated":true}]}}