{"id":1520,"date":"2021-10-10T12:55:36","date_gmt":"2021-10-10T12:55:36","guid":{"rendered":"http:\/\/www2.unifap.br\/enfermagem\/?page_id=1520"},"modified":"2022-12-14T23:26:44","modified_gmt":"2022-12-14T23:26:44","slug":"monitoria-voluntaria","status":"publish","type":"page","link":"https:\/\/www2.unifap.br\/enfermagem\/ambienteacademico\/monitoria-voluntaria\/","title":{"rendered":"Monitoria volunt\u00e1ria"},"content":{"rendered":"<pre><span style=\"color: #0000ff\"><a style=\"color: #0000ff\" href=\"http:\/\/www2.unifap.br\/enfermagem\/files\/2022\/10\/Normativa_para_monitoria_voluntaria_capa_assinado.pdf\">Normatiza\u00e7\u00e3o de monitoria volunt\u00e1ria<\/a><\/span><\/pre>\n","protected":false},"excerpt":{"rendered":"<p>Normatiza\u00e7\u00e3o de monitoria volunt\u00e1ria<\/p>\n","protected":false},"author":3847,"featured_media":0,"parent":91,"menu_order":0,"comment_status":"closed","ping_status":"closed","template":"","meta":{"inline_featured_image":false,"ngg_post_thumbnail":0,"footnotes":""},"class_list":["post-1520","page","type-page","status-publish","hentry"],"_links":{"self":[{"href":"https:\/\/www2.unifap.br\/enfermagem\/wp-json\/wp\/v2\/pages\/1520","targetHints":{"allow":["GET"]}}],"collection":[{"href":"https:\/\/www2.unifap.br\/enfermagem\/wp-json\/wp\/v2\/pages"}],"about":[{"href":"https:\/\/www2.unifap.br\/enfermagem\/wp-json\/wp\/v2\/types\/page"}],"author":[{"embeddable":true,"href":"https:\/\/www2.unifap.br\/enfermagem\/wp-json\/wp\/v2\/users\/3847"}],"replies":[{"embeddable":true,"href":"https:\/\/www2.unifap.br\/enfermagem\/wp-json\/wp\/v2\/comments?post=1520"}],"version-history":[{"count":37,"href":"https:\/\/www2.unifap.br\/enfermagem\/wp-json\/wp\/v2\/pages\/1520\/revisions"}],"predecessor-version":[{"id":2915,"href":"https:\/\/www2.unifap.br\/enfermagem\/wp-json\/wp\/v2\/pages\/1520\/revisions\/2915"}],"up":[{"embeddable":true,"href":"https:\/\/www2.unifap.br\/enfermagem\/wp-json\/wp\/v2\/pages\/91"}],"wp:attachment":[{"href":"https:\/\/www2.unifap.br\/enfermagem\/wp-json\/wp\/v2\/media?parent=1520"}],"curies":[{"name":"wp","href":"https:\/\/api.w.org\/{rel}","templated":true}]}}