{"id":1945,"date":"2022-01-07T23:33:46","date_gmt":"2022-01-07T23:33:46","guid":{"rendered":"http:\/\/www2.unifap.br\/enfermagem\/?page_id=1945"},"modified":"2024-05-24T16:59:45","modified_gmt":"2024-05-24T16:59:45","slug":"atas-2024","status":"publish","type":"page","link":"https:\/\/www2.unifap.br\/enfermagem\/cronograma-e-atas\/atas-2024\/","title":{"rendered":"ATAS 2024"},"content":{"rendered":"<table>\n<tbody>\n<tr>\n<td colspan=\"3\" width=\"425\">\n<h3 style=\"text-align: center\"><strong>REUNI\u00d5ES DO ANO 2024<\/strong><\/h3>\n<\/td>\n<\/tr>\n<tr>\n<td width=\"142\">\n<h4 style=\"text-align: left\"><strong><span style=\"color: #000000\">COLEGIADO<\/span><\/strong><\/h4>\n<\/td>\n<td style=\"text-align: left\" width=\"142\">\n<h4><strong><span style=\"color: #000000\">PEDAG\u00d3GICA<\/span><\/strong><\/h4>\n<\/td>\n<td width=\"142\">\n<h4 style=\"text-align: left\"><strong><span style=\"color: #000000\">NDE<\/span><\/strong><\/h4>\n<\/td>\n<\/tr>\n<tr>\n<td width=\"142\"><em>N\u00e3o Houve<\/em><\/td>\n<td width=\"142\"><strong><a href=\"http:\/\/www2.unifap.br\/enfermagem\/files\/2024\/02\/22.01.2024-REUNIAO-PEDAGOGICA-ORDINARIA.pdf\">22 JAN<\/a><\/strong><\/td>\n<td width=\"142\"><em>N\u00e3o Houve<\/em><\/td>\n<\/tr>\n<tr>\n<td width=\"142\"><strong><a href=\"http:\/\/www2.unifap.br\/enfermagem\/files\/2024\/02\/20-FEV-1.pdf\">20 FEV<\/a><\/strong><\/td>\n<td width=\"142\"><strong><em><a href=\"http:\/\/www2.unifap.br\/enfermagem\/files\/2024\/02\/REUNIAO-PEDAGOGICA-07-02-2024.pdf\">07 FEV<\/a><\/em><\/strong><\/td>\n<td width=\"142\"><a href=\"http:\/\/www2.unifap.br\/enfermagem\/files\/2024\/03\/29-NDE-FEVEREIRO-24.docx.pdf\"><strong>29 FEV<\/strong><\/a><\/td>\n<\/tr>\n<tr>\n<td width=\"142\"><em>MAR<\/em><\/td>\n<td width=\"142\"><em>MAR<\/em><\/td>\n<td width=\"142\"><em>MAR<\/em><\/td>\n<\/tr>\n<tr>\n<td width=\"142\"><strong><em><a href=\"http:\/\/www2.unifap.br\/enfermagem\/files\/2024\/04\/REUNIAO-25-04-2024.pdf\">25 ABR<\/a><\/em><\/strong><\/td>\n<td width=\"142\"><em>N\u00e3o Houve<\/em><\/td>\n<td width=\"142\"><em>N\u00e3o Houve<\/em><\/td>\n<\/tr>\n<tr>\n<td width=\"142\"><em>MAI<\/em><\/td>\n<td width=\"142\"><em>MAI<\/em><\/td>\n<td width=\"142\"><strong><em><a href=\"http:\/\/www2.unifap.br\/enfermagem\/files\/2024\/05\/NDE_16_MAI_2024.docx.pdf\">16 MAI<\/a><\/em><\/strong><\/td>\n<\/tr>\n<tr>\n<td width=\"142\"><em>JUN<\/em><\/td>\n<td width=\"142\"><em>JUN<\/em><\/td>\n<td width=\"142\"><em>JUN<\/em><\/td>\n<\/tr>\n<tr>\n<td width=\"142\"><em>JUL<\/em><\/td>\n<td width=\"142\"><em>JUL<\/em><\/td>\n<td width=\"142\"><em>JUL<\/em><\/td>\n<\/tr>\n<tr>\n<td width=\"142\"><em>AGO<\/em><\/td>\n<td width=\"142\"><em>AGO<\/em><\/td>\n<td width=\"142\"><em>AGO<\/em><\/td>\n<\/tr>\n<tr>\n<td width=\"142\"><em>SET<\/em><\/td>\n<td width=\"142\"><em>OSET<\/em><\/td>\n<td width=\"142\"><em>SET<\/em><\/td>\n<\/tr>\n<tr>\n<td width=\"142\"><em>OUT<\/em><\/td>\n<td width=\"142\"><em>OUT<\/em><\/td>\n<td width=\"142\"><em>OUT<\/em><\/td>\n<\/tr>\n<tr>\n<td width=\"142\"><em>NOV<\/em><\/td>\n<td width=\"142\"><em>NOV<\/em><\/td>\n<td width=\"142\"><em>NOV<\/em><\/td>\n<\/tr>\n<tr>\n<td width=\"142\"><em>DEZ<\/em><\/td>\n<td width=\"142\"><em>DEZ<\/em><\/td>\n<td width=\"142\"><em>DEZ<\/em><\/td>\n<\/tr>\n<\/tbody>\n<\/table>\n","protected":false},"excerpt":{"rendered":"<p>REUNI\u00d5ES DO ANO 2024 COLEGIADO PEDAG\u00d3GICA NDE N\u00e3o Houve 22 JAN N\u00e3o Houve 20 FEV 07 FEV 29 FEV MAR MAR MAR 25 ABR N\u00e3o Houve N\u00e3o Houve MAI MAI 16 MAI JUN JUN JUN JUL JUL JUL AGO AGO AGO SET OSET SET OUT OUT OUT NOV NOV NOV \u2026 <a class=\"continue-reading-link\" href=\"https:\/\/www2.unifap.br\/enfermagem\/cronograma-e-atas\/atas-2024\/\"> Continue Lendo <span class=\"meta-nav\">&rarr; <\/span><\/a><\/p>\n","protected":false},"author":3927,"featured_media":0,"parent":873,"menu_order":0,"comment_status":"closed","ping_status":"closed","template":"","meta":{"inline_featured_image":false,"ngg_post_thumbnail":0,"footnotes":""},"class_list":["post-1945","page","type-page","status-publish","hentry"],"_links":{"self":[{"href":"https:\/\/www2.unifap.br\/enfermagem\/wp-json\/wp\/v2\/pages\/1945","targetHints":{"allow":["GET"]}}],"collection":[{"href":"https:\/\/www2.unifap.br\/enfermagem\/wp-json\/wp\/v2\/pages"}],"about":[{"href":"https:\/\/www2.unifap.br\/enfermagem\/wp-json\/wp\/v2\/types\/page"}],"author":[{"embeddable":true,"href":"https:\/\/www2.unifap.br\/enfermagem\/wp-json\/wp\/v2\/users\/3927"}],"replies":[{"embeddable":true,"href":"https:\/\/www2.unifap.br\/enfermagem\/wp-json\/wp\/v2\/comments?post=1945"}],"version-history":[{"count":184,"href":"https:\/\/www2.unifap.br\/enfermagem\/wp-json\/wp\/v2\/pages\/1945\/revisions"}],"predecessor-version":[{"id":3678,"href":"https:\/\/www2.unifap.br\/enfermagem\/wp-json\/wp\/v2\/pages\/1945\/revisions\/3678"}],"up":[{"embeddable":true,"href":"https:\/\/www2.unifap.br\/enfermagem\/wp-json\/wp\/v2\/pages\/873"}],"wp:attachment":[{"href":"https:\/\/www2.unifap.br\/enfermagem\/wp-json\/wp\/v2\/media?parent=1945"}],"curies":[{"name":"wp","href":"https:\/\/api.w.org\/{rel}","templated":true}]}}