{"id":2008,"date":"2022-01-08T18:38:16","date_gmt":"2022-01-08T18:38:16","guid":{"rendered":"http:\/\/www2.unifap.br\/enfermagem\/?page_id=2008"},"modified":"2022-01-11T18:54:13","modified_gmt":"2022-01-11T18:54:13","slug":"abono-de-faltas-exercicios-domiciliares-e-segunda-chamada","status":"publish","type":"page","link":"https:\/\/www2.unifap.br\/enfermagem\/ambienteacademico\/abono-de-faltas-exercicios-domiciliares-e-segunda-chamada\/","title":{"rendered":"Abono de faltas, exerc\u00edcios domiciliares e segunda chamada"},"content":{"rendered":"<h3><strong>ABONO DE FALTAS E EXERC\u00cdCIOS DOMICILIARES&nbsp;<\/strong><\/h3>\n<p style=\"margin: 0cm;text-align: justify\"><strong><span style=\"font-size: 10.0pt;font-family: 'Trebuchet MS',sans-serif\">a) RESERVISTA:<\/span><\/strong><span style=\"font-size: 10.0pt;font-family: 'Trebuchet MS',sans-serif\"> O Decreto-lei N\u00ba 715\/69 assegura o abono de faltas para todo <u>convocado matriculado em \u00d3rg\u00e3o de Forma\u00e7\u00e3o de Reserva ou reservista<\/u> que seja obrigado a faltar a suas atividades civis por for\u00e7a de exerc\u00edcio ou manobra, exerc\u00edcio de apresenta\u00e7\u00e3o das reservas ou cerim\u00f4nias c\u00edvicas. O Decreto N\u00ba 85.587\/80 estende esta justificativa para o <u>Oficial ou Aspirante-a-Oficial da Reserva<\/u>, convocado para o servi\u00e7o ativo, desde que apresente o devido comprovante. <u>A lei n\u00e3o ampara o militar de carreira<\/u>; portanto suas faltas, mesmo que independentes de sua vontade, n\u00e3o ter\u00e3o direito a abono.<\/span> <strong><span style=\"font-size: 10.0pt;font-family: 'Trebuchet MS',sans-serif\">b) REPRESENTANTE DO CONAES: <\/span><\/strong><span style=\"font-size: 10.0pt;font-family: 'Trebuchet MS',sans-serif\">O aluno que comprovar <u>participa\u00e7\u00e3o em reuni\u00f5es como represente da Comiss\u00e3o Nacional de Avalia\u00e7\u00e3o da Educa\u00e7\u00e3o Superior &#8211; CONAES<\/u> em hor\u00e1rio coincidente com as atividades acad\u00eamicas, nos termos do art. 7\u00ba da Lei N\u00ba 10.861\/2004, tem direito ao abono de faltas<\/span><span style=\"font-size: 10.0pt;font-family: 'Trebuchet MS',sans-serif\">. <\/span><strong><span style=\"font-size: 10.0pt;font-family: 'Trebuchet MS',sans-serif\">c) CONVIC\u00c7\u00c3O RELIGIOSA:<\/span><\/strong><span style=\"font-size: 10.0pt;font-family: 'Trebuchet MS',sans-serif\"> A Lei N\u00ba 13.796\/2019 fixou alternativas \u00e0 aplica\u00e7\u00e3o de provas e \u00e0 frequ\u00eancia a aulas realizadas em dia de <b>guarda religiosa<\/b>. Ao aluno regularmente matriculado em institui\u00e7\u00e3o de ensino p\u00fablica ou privada, de qualquer n\u00edvel, \u00e9 assegurado, no exerc\u00edcio da <u>liberdade de consci\u00eancia e de cren\u00e7a<\/u>, o direito de, mediante pr\u00e9vio e motivado requerimento, ausentar-se de prova ou de aula marcada para dia em que, segundo os preceitos de sua religi\u00e3o, seja vedado o exerc\u00edcio de tais atividades, devendo-se lhe atribuir uma das seguintes presta\u00e7\u00f5es alternativas:<\/span> <em><span style=\"font-size: 8.0pt;font-family: 'Trebuchet MS',sans-serif\">I &#8211; prova ou aula de reposi\u00e7\u00e3o, conforme o caso, a ser realizada em data alternativa, no turno de estudo do aluno ou em outro hor\u00e1rio agendado com sua anu\u00eancia expressa\u037e<\/span><\/em> <em><span style=\"font-size: 8.0pt;font-family: 'Trebuchet MS',sans-serif\">II &#8211; trabalho escrito ou outra modalidade de atividade de pesquisa, com tema, objetivo e data de entrega definidos pela institui\u00e7\u00e3o de ensino.<\/span><\/em> <em><span style=\"font-size: 8.0pt;font-family: 'Trebuchet MS',sans-serif\">\u00a7 1\u00ba A presta\u00e7\u00e3o alternativa dever\u00e1 observar os par\u00e2metros curriculares e o plano de aula do dia da aus\u00eancia do aluno.<\/span><\/em> <em><span style=\"font-size: 8.0pt;font-family: 'Trebuchet MS',sans-serif\">\u00a7 2\u00ba O cumprimento das formas de presta\u00e7\u00e3o alternativa de que trata este artigo substituir\u00e1 a obriga\u00e7\u00e3o original para todos os efeitos, inclusive o registro de frequ\u00eancia.<\/span><\/em> <strong><span style=\"font-size: 10.0pt;font-family: 'Trebuchet MS',sans-serif\">d) SITUA\u00c7\u00d5ES ESPECIAIS:<\/span><\/strong><span style=\"font-size: 10.0pt;font-family: 'Trebuchet MS',sans-serif\"> <strong><span style=\"font-family: 'Trebuchet MS',sans-serif;font-weight: normal\">Para os casos de <u>alunas que se encontrem no 8\u00ba (oitavo) m\u00eas de gesta\u00e7\u00e3o e durante 3 (tr\u00eas) meses (Lei n\u00ba 6.202\/1975)<\/u>, e ainda para <u>os portadores de afec\u00e7\u00f5es cong\u00eanitas ou adquiridas ou traumatismos ou condi\u00e7\u00f5es m\u00f3rbidas (Decreto-lei N\u00ba 1.044\/1969)<\/u>, adotar-se-\u00e1 o <u>regime de compensa\u00e7\u00e3o de faltas atrav\u00e9s de exerc\u00edcios domiciliares<\/u>, desde que se verifique a conserva\u00e7\u00e3o das condi\u00e7\u00f5es intelectuais e emocionais necess\u00e1rias para o prosseguimento das atividades acad\u00eamicas em novos moldes, e <u>o per\u00edodo de aus\u00eancia \u00e0s aulas n\u00e3o ultrapasse o m\u00e1ximo admiss\u00edvel<\/u>, em cada caso, para a continuidade do processo pedag\u00f3gico. <u>Nesses casos, n\u00e3o h\u00e1 abono de faltas<\/u>. A presen\u00e7a \u00e0s aulas \u00e9 substitu\u00edda por exerc\u00edcios domiciliares durante o prazo estabelecido em atestado m\u00e9dico. A concess\u00e3o dos exerc\u00edcios domiciliares n\u00e3o \u00e9 autom\u00e1tica. O aluno deve requerer e a IES poder\u00e1 ou n\u00e3o conceder, desde que a dura\u00e7\u00e3o de tais exerc\u00edcios n\u00e3o ultrapasse o m\u00e1ximo ainda admiss\u00edvel. Al\u00e9m disso, <\/span><\/strong><\/span><span style=\"font-size: 10.0pt;font-family: 'Trebuchet MS',sans-serif\"><strong><span style=\"font-family: 'Trebuchet MS',sans-serif;font-weight: normal\">as atividades pr\u00e1ticas, realizadas em laborat\u00f3rios ou em campo, ou est\u00e1gios profissionais, realizados em situa\u00e7\u00f5es reais, n\u00e3o podem ser contemplados nos exerc\u00edcios domiciliares, pois essas atividades n\u00e3o t\u00eam como ser efetivadas em domic\u00edlio ou no estabelecimento em que esteja internado o (a) aluno (a). Nessas situa\u00e7\u00f5es, o trancamento de matr\u00edcula \u00e9 a medida adequada, que deve ser recomendada ao estudante.<\/span><\/strong><\/span><\/p>\n<p style=\"margin: 0cm;text-align: justify\"><strong><span style=\"font-size: 10.0pt;font-family: 'Trebuchet MS',sans-serif\">Para todos os outros casos, qualquer falta do aluno, independente do motivo, deve ser considerada e lan\u00e7ada no di\u00e1rio.<\/span><\/strong><\/p>\n<pre><strong><span style=\"font-size: 10.0pt;font-family: 'Trebuchet MS',sans-serif\">Fonte:\r\n<\/span><\/strong><strong><span style=\"font-size: 10.0pt;font-family: 'Trebuchet MS',sans-serif\"><a href=\"http:\/\/www2.unifap.br\/enfermagem\/files\/2022\/01\/Nota-t\u00e9cnica-01-2015_DLE_COEG_PROGRAD-Abono-de-Faltas.pdf\">Nota t\u00e9cnica N\u00ba01-2015_DLE_COEG_PROGRAD-Abono-de-Faltas<\/a><\/span><\/strong>\r\n\r\n<a href=\"http:\/\/www2.unifap.br\/enfermagem\/files\/2022\/01\/Lei-N\u00ba-13.796_2019_Convic\u00e7\u00e3o-religiosa.pdf\"><strong>Lei N\u00ba13.796_2019_Convic\u00e7\u00e3o religiosa<\/strong><\/a><\/pre>\n<h3><strong>SEGUNDA CHAMADA<\/strong><\/h3>\n<p style=\"text-align: justify\"><strong><span style=\"font-size: 10.0pt;font-family: 'Trebuchet MS',sans-serif\">Ser\u00e1 atendido no recurso de segunda chamada o aluno que vier a perder a avalia\u00e7\u00e3o pelos seguintes motivos:<\/span><\/strong><\/p>\n<p style=\"text-align: justify\"><strong><span style=\"font-size: 10.0pt;font-family: 'Trebuchet MS',sans-serif;font-weight: normal\">I &#8211; Doen\u00e7a, comprovada por atestado m\u00e9dico. <\/span><\/strong><strong><span style=\"font-size: 10.0pt;font-family: 'Trebuchet MS',sans-serif;font-weight: normal\">II &#8211; Licen\u00e7a maternidade e a paternidade, comprovada por atestado m\u00e9dico ou pela certid\u00e3o de nascimento da crian\u00e7a. <\/span><\/strong><strong><span style=\"font-size: 10.0pt;font-family: 'Trebuchet MS',sans-serif;font-weight: normal\">III &#8211; Viagem imperiosa, provocada por demanda particular ou de trabalho, comprovada atrav\u00e9s de bilhete de passagem ou declara\u00e7\u00e3o de viagem emitida pelo chefe imediato. <\/span><\/strong><strong><span style=\"font-size: 10.0pt;font-family: 'Trebuchet MS',sans-serif;font-weight: normal\">IV &#8211; Atendimento a ordens judiciais ou militares, comprovada atrav\u00e9s do termo de convocat\u00f3ria, subscrito pela autoridade competente. <\/span><\/strong><strong><span style=\"font-size: 10.0pt;font-family: 'Trebuchet MS',sans-serif;font-weight: normal\">V &#8211; Participa\u00e7\u00e3o em evento cient\u00edfico, cultural ou desportivo, comprovado atrav\u00e9s da ficha de inscri\u00e7\u00e3o.<\/span><\/strong><\/p>\n<p style=\"text-align: justify\"><strong><span style=\"font-size: 10.0pt;font-family: 'Trebuchet MS',sans-serif;font-weight: normal\">O deferimento do pedido de segunda chamada exige abertura de requerimento pr\u00f3prio, encaminhado \u00e0 Coordena\u00e7\u00e3o do Curso, <\/span><\/strong><strong><span style=\"font-size: 10.0pt;font-family: 'Trebuchet MS',sans-serif\">at\u00e9 5 (cinco) dias \u00fateis<\/span><\/strong><strong><span style=\"font-size: 10.0pt;font-family: 'Trebuchet MS',sans-serif;font-weight: normal\"> ap\u00f3s a realiza\u00e7\u00e3o da avalia\u00e7\u00e3o em car\u00e1ter de primeira chamada, devidamente instru\u00eddo com indica\u00e7\u00e3o do nome do professor\/disciplina\/turma\/avalia\u00e7\u00e3o realizada\/e o comprovante da aus\u00eancia.&nbsp;<\/span><\/strong><strong><span style=\"font-size: 10.0pt;font-family: 'Trebuchet MS',sans-serif;font-weight: normal\">A an\u00e1lise do m\u00e9rito sobre o pedido de segunda chamada \u00e9 de responsabilidade do professor da disciplina, e mediante deferimento, a avalia\u00e7\u00e3o de segunda chamada dever\u00e1 ser aplicada em <\/span><\/strong><strong><span style=\"font-size: 10.0pt;font-family: 'Trebuchet MS',sans-serif\">at\u00e9 15 (quinze) dias \u00fateis da decis\u00e3o em favor do aluno<\/span><\/strong><\/p>\n<pre><strong><span style=\"font-size: 10.0pt;font-family: 'Trebuchet MS',sans-serif\">Fonte:<\/span><\/strong>\r\n<a href=\"http:\/\/www2.unifap.br\/enfermagem\/files\/2022\/01\/Resolu\u00e7\u00e3o-N\u00ba26_2011_CONSU_Sistem\u00e1tica-de-avalia\u00e7\u00e3o.pdf\">Resolu\u00e7\u00e3o N\u00ba26_2011_CONSU_Sistem\u00e1tica-de-avalia\u00e7\u00e3o<\/a>\r\n<\/pre>\n","protected":false},"excerpt":{"rendered":"<p>ABONO DE FALTAS E EXERC\u00cdCIOS DOMICILIARES&nbsp; a) RESERVISTA: O Decreto-lei N\u00ba 715\/69 assegura o abono de faltas para todo convocado matriculado em \u00d3rg\u00e3o de Forma\u00e7\u00e3o de Reserva ou reservista que seja obrigado a faltar a suas atividades civis por for\u00e7a de exerc\u00edcio ou manobra, exerc\u00edcio de apresenta\u00e7\u00e3o das reservas ou \u2026 <a class=\"continue-reading-link\" href=\"https:\/\/www2.unifap.br\/enfermagem\/ambienteacademico\/abono-de-faltas-exercicios-domiciliares-e-segunda-chamada\/\"> Continue Lendo <span class=\"meta-nav\">&rarr; <\/span><\/a><\/p>\n","protected":false},"author":3927,"featured_media":0,"parent":91,"menu_order":0,"comment_status":"closed","ping_status":"closed","template":"","meta":{"inline_featured_image":false,"ngg_post_thumbnail":0,"footnotes":""},"class_list":["post-2008","page","type-page","status-publish","hentry"],"_links":{"self":[{"href":"https:\/\/www2.unifap.br\/enfermagem\/wp-json\/wp\/v2\/pages\/2008","targetHints":{"allow":["GET"]}}],"collection":[{"href":"https:\/\/www2.unifap.br\/enfermagem\/wp-json\/wp\/v2\/pages"}],"about":[{"href":"https:\/\/www2.unifap.br\/enfermagem\/wp-json\/wp\/v2\/types\/page"}],"author":[{"embeddable":true,"href":"https:\/\/www2.unifap.br\/enfermagem\/wp-json\/wp\/v2\/users\/3927"}],"replies":[{"embeddable":true,"href":"https:\/\/www2.unifap.br\/enfermagem\/wp-json\/wp\/v2\/comments?post=2008"}],"version-history":[{"count":23,"href":"https:\/\/www2.unifap.br\/enfermagem\/wp-json\/wp\/v2\/pages\/2008\/revisions"}],"predecessor-version":[{"id":2046,"href":"https:\/\/www2.unifap.br\/enfermagem\/wp-json\/wp\/v2\/pages\/2008\/revisions\/2046"}],"up":[{"embeddable":true,"href":"https:\/\/www2.unifap.br\/enfermagem\/wp-json\/wp\/v2\/pages\/91"}],"wp:attachment":[{"href":"https:\/\/www2.unifap.br\/enfermagem\/wp-json\/wp\/v2\/media?parent=2008"}],"curies":[{"name":"wp","href":"https:\/\/api.w.org\/{rel}","templated":true}]}}