{"id":3818,"date":"2025-09-11T14:27:33","date_gmt":"2025-09-11T14:27:33","guid":{"rendered":"https:\/\/www2.unifap.br\/enfermagem\/?page_id=3818"},"modified":"2025-09-11T14:34:48","modified_gmt":"2025-09-11T14:34:48","slug":"proece-mestrado","status":"publish","type":"page","link":"https:\/\/www2.unifap.br\/enfermagem\/proece-mestrado\/","title":{"rendered":"PROECE &#8211; Mestrado"},"content":{"rendered":"\t\t<div data-elementor-type=\"wp-page\" data-elementor-id=\"3818\" class=\"elementor elementor-3818\">\n\t\t\t\t\t\t<section class=\"elementor-section elementor-top-section elementor-element elementor-element-9d94545 elementor-section-boxed elementor-section-height-default elementor-section-height-default\" data-id=\"9d94545\" data-element_type=\"section\" data-e-type=\"section\">\n\t\t\t\t\t\t<div class=\"elementor-container elementor-column-gap-default\">\n\t\t\t\t\t<div class=\"elementor-column elementor-col-100 elementor-top-column elementor-element elementor-element-3408615\" data-id=\"3408615\" data-element_type=\"column\" data-e-type=\"column\">\n\t\t\t<div class=\"elementor-widget-wrap elementor-element-populated\">\n\t\t\t\t\t\t<div class=\"elementor-element elementor-element-0067617 elementor-widget elementor-widget-text-editor\" data-id=\"0067617\" data-element_type=\"widget\" data-e-type=\"widget\" data-widget_type=\"text-editor.default\">\n\t\t\t\t<div class=\"elementor-widget-container\">\n\t\t\t\t\t\t\t\t\t<p style=\"text-align: left\">Clique na imagem abaixo e conhe\u00e7a o <strong>PROECE (PROGRAMA DE P\u00d3S-GRADUA\u00c7\u00c3O EM ENFERMAGEM PARA O CUIDAR-EDUCAR)!<\/strong><\/p>\t\t\t\t\t\t\t\t<\/div>\n\t\t\t\t<\/div>\n\t\t\t\t\t<\/div>\n\t\t<\/div>\n\t\t\t\t\t<\/div>\n\t\t<\/section>\n\t\t\t\t<section class=\"elementor-section elementor-top-section elementor-element elementor-element-7047f8b elementor-section-boxed elementor-section-height-default elementor-section-height-default\" data-id=\"7047f8b\" data-element_type=\"section\" data-e-type=\"section\">\n\t\t\t\t\t\t<div class=\"elementor-container elementor-column-gap-default\">\n\t\t\t\t\t<div class=\"elementor-column elementor-col-100 elementor-top-column elementor-element elementor-element-55c983c\" data-id=\"55c983c\" data-element_type=\"column\" data-e-type=\"column\">\n\t\t\t<div class=\"elementor-widget-wrap elementor-element-populated\">\n\t\t\t\t\t\t<div class=\"elementor-element elementor-element-685031e elementor-widget elementor-widget-image\" data-id=\"685031e\" data-element_type=\"widget\" data-e-type=\"widget\" data-widget_type=\"image.default\">\n\t\t\t\t<div class=\"elementor-widget-container\">\n\t\t\t\t\t\t\t\t\t\t\t\t\t\t\t\t<a href=\"https:\/\/www2.unifap.br\/proece\/\">\n\t\t\t\t\t\t\t<img fetchpriority=\"high\" decoding=\"async\" width=\"800\" height=\"247\" src=\"https:\/\/www2.unifap.br\/enfermagem\/files\/2025\/09\/PROECE-01-Sem-Fundo-01-1024x316.png\" class=\"attachment-large size-large wp-image-3825\" alt=\"\" srcset=\"https:\/\/www2.unifap.br\/enfermagem\/files\/2025\/09\/PROECE-01-Sem-Fundo-01-1024x316.png 1024w, https:\/\/www2.unifap.br\/enfermagem\/files\/2025\/09\/PROECE-01-Sem-Fundo-01-300x93.png 300w, https:\/\/www2.unifap.br\/enfermagem\/files\/2025\/09\/PROECE-01-Sem-Fundo-01-768x237.png 768w, https:\/\/www2.unifap.br\/enfermagem\/files\/2025\/09\/PROECE-01-Sem-Fundo-01-1536x474.png 1536w, https:\/\/www2.unifap.br\/enfermagem\/files\/2025\/09\/PROECE-01-Sem-Fundo-01-2048x633.png 2048w, https:\/\/www2.unifap.br\/enfermagem\/files\/2025\/09\/PROECE-01-Sem-Fundo-01-150x46.png 150w, https:\/\/www2.unifap.br\/enfermagem\/files\/2025\/09\/PROECE-01-Sem-Fundo-01-250x77.png 250w\" sizes=\"(max-width: 800px) 100vw, 800px\" \/>\t\t\t\t\t\t\t\t<\/a>\n\t\t\t\t\t\t\t\t\t\t\t\t\t\t\t<\/div>\n\t\t\t\t<\/div>\n\t\t\t\t\t<\/div>\n\t\t<\/div>\n\t\t\t\t\t<\/div>\n\t\t<\/section>\n\t\t\t\t<\/div>\n\t\t","protected":false},"excerpt":{"rendered":"<p>Clique na imagem abaixo e conhe\u00e7a o PROECE (PROGRAMA DE P\u00d3S-GRADUA\u00c7\u00c3O EM ENFERMAGEM PARA O CUIDAR-EDUCAR)!<\/p>\n","protected":false},"author":3927,"featured_media":0,"parent":0,"menu_order":0,"comment_status":"closed","ping_status":"closed","template":"","meta":{"inline_featured_image":false,"ngg_post_thumbnail":0,"footnotes":""},"class_list":["post-3818","page","type-page","status-publish","hentry"],"_links":{"self":[{"href":"https:\/\/www2.unifap.br\/enfermagem\/wp-json\/wp\/v2\/pages\/3818","targetHints":{"allow":["GET"]}}],"collection":[{"href":"https:\/\/www2.unifap.br\/enfermagem\/wp-json\/wp\/v2\/pages"}],"about":[{"href":"https:\/\/www2.unifap.br\/enfermagem\/wp-json\/wp\/v2\/types\/page"}],"author":[{"embeddable":true,"href":"https:\/\/www2.unifap.br\/enfermagem\/wp-json\/wp\/v2\/users\/3927"}],"replies":[{"embeddable":true,"href":"https:\/\/www2.unifap.br\/enfermagem\/wp-json\/wp\/v2\/comments?post=3818"}],"version-history":[{"count":7,"href":"https:\/\/www2.unifap.br\/enfermagem\/wp-json\/wp\/v2\/pages\/3818\/revisions"}],"predecessor-version":[{"id":3828,"href":"https:\/\/www2.unifap.br\/enfermagem\/wp-json\/wp\/v2\/pages\/3818\/revisions\/3828"}],"wp:attachment":[{"href":"https:\/\/www2.unifap.br\/enfermagem\/wp-json\/wp\/v2\/media?parent=3818"}],"curies":[{"name":"wp","href":"https:\/\/api.w.org\/{rel}","templated":true}]}}